{"id":18532,"date":"2019-05-09T12:04:53","date_gmt":"2019-05-09T12:04:53","guid":{"rendered":"http:\/\/fovarosikeptar.hu\/?page_id=18532"},"modified":"2019-06-14T09:58:36","modified_gmt":"2019-06-14T09:58:36","slug":"lajos-barta-survival-strategies","status":"publish","type":"page","link":"https:\/\/fovarosikeptar.hu\/en\/exhibitions-2019-oratorio\/lajos-barta-survival-strategies\/","title":{"rendered":"Lajos Barta \u2013 Survival Strategies"},"content":{"rendered":"<p>[vc_row css_animation=&#8221;&#8221; row_type=&#8221;row&#8221; use_row_as_full_screen_section=&#8221;no&#8221; type=&#8221;grid&#8221; angled_section=&#8221;no&#8221; text_align=&#8221;left&#8221; background_image_as_pattern=&#8221;without_pattern&#8221; padding_top=&#8221;25&#8243; padding_bottom=&#8221;25&#8243; css=&#8221;.vc_custom_1414057161418{margin-top: 0px !important;}&#8221;][vc_column css=&#8221;.vc_custom_1413446275149{margin-top: 0px !important;margin-bottom: 0px !important;padding-top: 0px !important;padding-bottom: 0px !important;}&#8221;][vc_column_text]<\/p>\n<h2 class=\"muvesz-m\">Lajos Barta \u2013 Survival Strategies<\/h2>\n<p class=\"datum-r\" style=\"margin-top: 15px;\">30 May 2019 \u2013 22 September 2019 | Oratory<\/p>\n<p class=\"curator\">Curators:<br \/>\nM\u00e1ria \u00c1rvai, Zs\u00f3ka Leposa, Ulrich Winkler<\/p>\n<p class=\"curator\">Graphic design:<br \/>\nZolt\u00e1n Szmolka<\/p>\n<p>[\/vc_column_text][vc_separator type=&#8221;transparent&#8221; up=&#8221;10&#8243;][\/vc_column][\/vc_row][vc_row css_animation=&#8221;&#8221; row_type=&#8221;row&#8221; use_row_as_full_screen_section=&#8221;no&#8221; type=&#8221;grid&#8221; angled_section=&#8221;no&#8221; text_align=&#8221;left&#8221; background_image_as_pattern=&#8221;without_pattern&#8221; padding_top=&#8221;10&#8243;][vc_column width=&#8221;3\/4&#8243; css=&#8221;.vc_custom_1413446334543{margin-top: 0px !important;margin-bottom: 20px !important;padding-top: 0px !important;padding-bottom: 0px !important;}&#8221;][vc_column_text]LAJOS BARTA (1899\u20131986), a sculptor informed by European tendencies from an early age on, found his artistic voice, his mature, abstract style only in the latter half of the 1940s. At which point he was almost fifty and has already survived forced labour service, the holocaust, and World War II. As a member of the artist group European School, alongside his partner Endre Rozsda, freedom was but a fleeting moment for him. With socialist realism gaining ground, from 1947 onwards, abstraction was ousted from the official art scene. In order to make ends meet, Barta was taking official commissions for public sculptures in the socialist realist style and went his own way secretly: drawing sketches for sculptures and experimenting with forms. After 1956, Hungarian cultural policy was marked by a d\u00e9tente, a fact evident in Barta\u2019s several public works realized at the time, all verging on the abstract. Artistic fulfilment, however, still eluded him in the 60s, and in 1965, he moved to Cologne. In the last twenty years of his life \u2013 circa half of the active years considering the length of the mature period of the artist \u2013, he could work freely and was able to make a living from his art. His abstract ideas of shape took form in large-scale public sculptures in Germany.[\/vc_column_text][vc_separator type=&#8221;transparent&#8221; up=&#8221;20&#8243; down=&#8221;20&#8243;][vc_single_image image=&#8221;18462&#8243; img_size=&#8221;full&#8221; alignment=&#8221;center&#8221; qode_css_animation=&#8221;element_from_fade&#8221; el_class=&#8221;allo-kep&#8221;][vc_column_text]<\/p>\n<p class=\"kepalairas-1\">Lajos Barta<\/p>\n<p class=\"kepalairas-2\"><em>Untitled<\/em> (<em>Dance Competition<\/em>), 1948, pencil, paper | King St. Stephen Museum<\/p>\n<p>[\/vc_column_text][vc_separator type=&#8221;transparent&#8221; up=&#8221;5&#8243;][vc_column_text css=&#8221;.vc_custom_1557404538299{margin-top: 25px !important;}&#8221;]Not to display the oeuvre in its entirety but rather to present focal points and crucial phases of Barta\u2019s career to the public in the light of his artistic strategies is the aim of this exhibition. It tries to answer the question: How did, in the given historical situation and under certain (cultural-)political circumstances, Barta comply with the expectations and retain his artistic integrity and autonomy at the same time. In addition to the drawings and sculptures, the exhibition sheds light on the historical context of the works and offers insight into the complex interplay between art and authority. Supplemented by the accompanying catalogue, it examines what kinds of artistic strategies arise in Bartha\u2019s oeuvre from the constant attempts at adaptation \u2013 to heteronormative society, to an artworld stifling experiments in abstraction, and, later, to the home country of his choice.[\/vc_column_text][vc_separator type=&#8221;transparent&#8221; up=&#8221;20&#8243; down=&#8221;20&#8243;][vc_column_text css=&#8221;.vc_custom_1557404811431{margin-top: 25px !important;}&#8221;]Alongside material from Hungarian public and private collections numerous works from German collections are on display previously not seen by the Hungarian public.[\/vc_column_text][vc_column_text css=&#8221;.vc_custom_1557404836238{margin-top: 25px !important;}&#8221;]The exhibition and the bilingual catalogue are realized in a collaboration between Kiscelli M\u00fazeum \u2013 F\u0151v\u00e1rosi K\u00e9pt\u00e1r, Martin-Lantzsch-N\u00f6tzel-Stiftung K\u00f6ln, and Goethe Institute Budapest.[\/vc_column_text][vc_separator type=&#8221;transparent&#8221; up=&#8221;20&#8243; down=&#8221;20&#8243;][vc_single_image image=&#8221;18468&#8243; img_size=&#8221;full&#8221; alignment=&#8221;center&#8221; qode_css_animation=&#8221;element_from_fade&#8221;][vc_separator type=&#8221;transparent&#8221; up=&#8221;5&#8243;][vc_column_text]<\/p>\n<p class=\"kepalairas-1\">Lajos Barta<\/p>\n<p class=\"kepalairas-2\"><em>Force,<\/em> 1957, bronze on wooden pedestal | King St. Stephen Museum<\/p>\n<p>[\/vc_column_text][vc_separator type=&#8221;transparent&#8221; up=&#8221;20&#8243; down=&#8221;20&#8243;][\/vc_column][vc_column width=&#8221;1\/4&#8243;][\/vc_column][\/vc_row][vc_row css_animation=&#8221;&#8221; row_type=&#8221;row&#8221; use_row_as_full_screen_section=&#8221;no&#8221; type=&#8221;grid&#8221; anchor=&#8221;bl2&#8243; angled_section=&#8221;no&#8221; text_align=&#8221;left&#8221; background_image_as_pattern=&#8221;without_pattern&#8221; padding_top=&#8221;10&#8243;][vc_column width=&#8221;1\/2&#8243; css=&#8221;.vc_custom_1413446334543{margin-top: 0px !important;margin-bottom: 20px !important;padding-top: 0px !important;padding-bottom: 0px !important;}&#8221;][vc_separator type=&#8221;transparent&#8221; up=&#8221;20&#8243;][vc_single_image image=&#8221;18474&#8243; img_size=&#8221;full&#8221; alignment=&#8221;center&#8221; onclick=&#8221;link_image&#8221; qode_css_animation=&#8221;&#8221;][vc_separator type=&#8221;transparent&#8221; up=&#8221;5&#8243;][vc_column_text]<\/p>\n<p class=\"kepalairas-1\">Lajos Barta<\/p>\n<p class=\"kepalairas-2\"><em>Self-Portrait from 1923,<\/em> 1923, pencil, charcoal, paper | King St. Stephen Museum<\/p>\n<p>[\/vc_column_text][vc_separator type=&#8221;transparent&#8221; up=&#8221;20&#8243; down=&#8221;20&#8243;][\/vc_column][vc_column width=&#8221;1\/2&#8243;][vc_column_text css=&#8221;.vc_custom_1557404887102{margin-top: 25px !important;}&#8221;]<strong>Barta Lajos (1899\u20131986)<\/strong><br \/>\nIn 1911, he studies under ceramist Richard Zutt at the Hungarian Royal Institute of Arts and Crafts and later as a private pupil under Ede Telcs. In 1936, he enrols at Vilmos Aba Nov\u00e1k\u2019s private school, embarking on a field-trip to Vienna and Italy with his brother Istv\u00e1n from 1920 to 1923. Between 1925-1927 and 1938-1943, he lives in Paris with Endre Rozsda. Returns to Budapest in 1943, must go into hiding during the holocaust. Member of the European School between 1946 and 1948, executes public sculptures in the style of socialist realism from 1949 onwards while secretly also pursuing consequent endeavours in abstraction and Surrealism. In 1965, he moves to the Federal Republic of Germany where, until his death, he lived in Cologne with frequent visits to Paris (1970\u20131974). Starting out as a representative of art nouveau, his work is hallmarked by Classicism until the mid 1930s. Acquaintance with Endre Rozsda in c. 1935\u20131936, after which the majority of his earlier work is destroyed; during his second stay in Paris he encounters Surrealism. He works on crude figures of grotesque animality and, for the first time in 1943, non-figurative pieces. As a member of the European School, his sculpting is characterized by soft, organic, seemingly malleable forms modelling absurd states of balance and suggesting the rhythm of vegetative existence along the lines of the light-hearted abstraction of Hans Arp. In the 50s, he continues his non-figurative studio-series, variations on the dynamic-rhythmic interpenetration of elements and, simultaneously, submits to official competitions socialist realist entries. Settling down in Germany, he receives commissions for portraits on the one hand, and proceeds with his organic and non-figurative, apparently gravity defying sculptural work indebted to the classical avant-garde, a few of which he could execute large-scale. His estate was acquired by the King St. Stephen Museum Sz\u00e9kesfeh\u00e9rv\u00e1r in 1986, that is, a legacy which combined the rigorous forms of Constructivism with poetic subtlety and followed, in many respects, in the footsteps of Arp and Calder as far as sculptural ideas are concerned.[\/vc_column_text][vc_separator type=&#8221;transparent&#8221; down=&#8221;5&#8243;][\/vc_column][\/vc_row][vc_row css_animation=&#8221;&#8221; row_type=&#8221;row&#8221; use_row_as_full_screen_section=&#8221;no&#8221; type=&#8221;grid&#8221; angled_section=&#8221;no&#8221; text_align=&#8221;left&#8221; background_image_as_pattern=&#8221;without_pattern&#8221; padding_top=&#8221;0&#8243; padding_bottom=&#8221;25&#8243;][vc_column][vc_separator type=&#8221;transparent&#8221; up=&#8221;25&#8243;]<div class=\"us_shortcode \"><div class=\"us_wrapper us_share_buttons us_tar us_skin_default\" data-text=\"F\u0151v\u00e1rosi K\u00e9pt\u00e1r\" data-url=\"http:\/\/fovarosikeptar.hu\/en\/wp-json\/wp\/v2\/pages\/18532\" data-ajaxnetworks=\"facebook,google,pinterest\"><div class=\"us_facebook us_first us_button\"><a class=\"us_box\" href=\"#\"><div class=\"us_share\"><i class=\"us-icon-facebook\"><\/i><\/div><div class=\"us_count\"><\/div><\/a><\/div><div class=\"us_google us_button\"><a class=\"us_box\" href=\"#\"><div class=\"us_share\"><i class=\"us-icon-google\"><\/i><\/div><div class=\"us_count\"><\/div><\/a><\/div><div class=\"us_wrapper us_modal mfp-hide\" id=\"us-modal-pII0S\" data-url=\"http:\/\/fovarosikeptar.hu\/en\/wp-json\/wp\/v2\/pages\/18532\" data-text=\"F\u0151v\u00e1rosi K\u00e9pt\u00e1r\"><div class=\"us_heading\">Share on Pinterest<\/div><div class=\"us_pinterest_no_images alert alert-danger\">There are no images.<\/div><\/div><div class=\"us_pinterest us_last us_button\"><a class=\"us_box\" href=\"#\" data-href=\"#us-modal-pII0S\"><div class=\"us_share\"><i class=\"us-icon-pinterest\"><\/i><\/div><div class=\"us_count\"><\/div><\/a><\/div><\/div><\/div>[vc_separator type=&#8221;transparent&#8221; up=&#8221;35&#8243;][vc_separator type=&#8221;transparent&#8221; up=&#8221;25&#8243;][\/vc_column][\/vc_row]<\/p>\n","protected":false},"excerpt":{"rendered":"<p>[vc_row css_animation=&#8221;&#8221; row_type=&#8221;row&#8221; use_row_as_full_screen_section=&#8221;no&#8221; type=&#8221;grid&#8221; angled_section=&#8221;no&#8221; text_align=&#8221;left&#8221; background_image_as_pattern=&#8221;without_pattern&#8221; padding_top=&#8221;25&#8243; padding_bottom=&#8221;25&#8243; css=&#8221;.vc_custom_1414057161418{margin-top: 0px !important;}&#8221;][vc_column css=&#8221;.vc_custom_1413446275149{margin-top: 0px !important;margin-bottom: 0px !important;padding-top: 0px !important;padding-bottom: 0px !important;}&#8221;][vc_column_text] Lajos Barta \u2013 Survival Strategies 30 May 2019 \u2013 22 September 2019 | Oratory Curators: M\u00e1ria \u00c1rvai, Zs\u00f3ka Leposa, Ulrich Winkler Graphic design:&#8230;<\/p>\n","protected":false},"author":5,"featured_media":0,"parent":18577,"menu_order":0,"comment_status":"closed","ping_status":"closed","template":"","meta":[],"yoast_head":"<!-- This site is optimized with the Yoast SEO plugin v16.8 - https:\/\/yoast.com\/wordpress\/plugins\/seo\/ -->\n<title>Lajos Barta \u2013 Survival Strategies - F\u0151v\u00e1rosi K\u00e9pt\u00e1r<\/title>\n<meta name=\"robots\" content=\"index, follow, max-snippet:-1, max-image-preview:large, max-video-preview:-1\" \/>\n<link rel=\"canonical\" href=\"https:\/\/fovarosikeptar.hu\/en\/exhibitions-2019-oratorio\/lajos-barta-survival-strategies\/\" \/>\n<meta property=\"og:locale\" content=\"en_US\" \/>\n<meta property=\"og:type\" content=\"article\" \/>\n<meta property=\"og:title\" content=\"Lajos Barta \u2013 Survival Strategies - F\u0151v\u00e1rosi K\u00e9pt\u00e1r\" \/>\n<meta property=\"og:description\" content=\"[vc_row css_animation=&#8221;&#8221; row_type=&#8221;row&#8221; use_row_as_full_screen_section=&#8221;no&#8221; type=&#8221;grid&#8221; angled_section=&#8221;no&#8221; text_align=&#8221;left&#8221; background_image_as_pattern=&#8221;without_pattern&#8221; padding_top=&#8221;25&#8243; padding_bottom=&#8221;25&#8243; css=&#8221;.vc_custom_1414057161418{margin-top: 0px !important;}&#8221;][vc_column css=&#8221;.vc_custom_1413446275149{margin-top: 0px !important;margin-bottom: 0px !important;padding-top: 0px !important;padding-bottom: 0px !important;}&#8221;][vc_column_text] Lajos Barta \u2013 Survival Strategies 30 May 2019 \u2013 22 September 2019 | Oratory Curators: M\u00e1ria \u00c1rvai, Zs\u00f3ka Leposa, Ulrich Winkler Graphic design:...\" \/>\n<meta property=\"og:url\" content=\"https:\/\/fovarosikeptar.hu\/en\/exhibitions-2019-oratorio\/lajos-barta-survival-strategies\/\" \/>\n<meta property=\"og:site_name\" content=\"F\u0151v\u00e1rosi K\u00e9pt\u00e1r\" \/>\n<meta property=\"article:modified_time\" content=\"2019-06-14T09:58:36+00:00\" \/>\n<meta name=\"twitter:card\" content=\"summary_large_image\" \/>\n<meta name=\"twitter:label1\" content=\"Est. reading time\" \/>\n\t<meta name=\"twitter:data1\" content=\"6 minutes\" \/>\n<script type=\"application\/ld+json\" class=\"yoast-schema-graph\">{\"@context\":\"https:\/\/schema.org\",\"@graph\":[{\"@type\":\"WebSite\",\"@id\":\"https:\/\/fovarosikeptar.hu\/#website\",\"url\":\"https:\/\/fovarosikeptar.hu\/\",\"name\":\"F\\u0151v\\u00e1rosi K\\u00e9pt\\u00e1r\",\"description\":\"Kiscelli M\\u00fazeum\",\"potentialAction\":[{\"@type\":\"SearchAction\",\"target\":{\"@type\":\"EntryPoint\",\"urlTemplate\":\"https:\/\/fovarosikeptar.hu\/?s={search_term_string}\"},\"query-input\":\"required name=search_term_string\"}],\"inLanguage\":\"en-US\"},{\"@type\":\"WebPage\",\"@id\":\"https:\/\/fovarosikeptar.hu\/en\/exhibitions-2019-oratorio\/lajos-barta-survival-strategies\/#webpage\",\"url\":\"https:\/\/fovarosikeptar.hu\/en\/exhibitions-2019-oratorio\/lajos-barta-survival-strategies\/\",\"name\":\"Lajos Barta \\u2013 Survival Strategies - F\\u0151v\\u00e1rosi K\\u00e9pt\\u00e1r\",\"isPartOf\":{\"@id\":\"https:\/\/fovarosikeptar.hu\/#website\"},\"datePublished\":\"2019-05-09T12:04:53+00:00\",\"dateModified\":\"2019-06-14T09:58:36+00:00\",\"breadcrumb\":{\"@id\":\"https:\/\/fovarosikeptar.hu\/en\/exhibitions-2019-oratorio\/lajos-barta-survival-strategies\/#breadcrumb\"},\"inLanguage\":\"en-US\",\"potentialAction\":[{\"@type\":\"ReadAction\",\"target\":[\"https:\/\/fovarosikeptar.hu\/en\/exhibitions-2019-oratorio\/lajos-barta-survival-strategies\/\"]}]},{\"@type\":\"BreadcrumbList\",\"@id\":\"https:\/\/fovarosikeptar.hu\/en\/exhibitions-2019-oratorio\/lajos-barta-survival-strategies\/#breadcrumb\",\"itemListElement\":[{\"@type\":\"ListItem\",\"position\":1,\"name\":\"Home\",\"item\":\"https:\/\/fovarosikeptar.hu\/en\/\"},{\"@type\":\"ListItem\",\"position\":2,\"name\":\"Exhibitions 2019 | Oratorio\",\"item\":\"https:\/\/fovarosikeptar.hu\/en\/exhibitions-2019-oratorio\/\"},{\"@type\":\"ListItem\",\"position\":3,\"name\":\"Lajos Barta \\u2013 Survival Strategies\"}]}]}<\/script>\n<!-- \/ Yoast SEO plugin. -->","yoast_head_json":{"title":"Lajos Barta \u2013 Survival Strategies - F\u0151v\u00e1rosi K\u00e9pt\u00e1r","robots":{"index":"index","follow":"follow","max-snippet":"max-snippet:-1","max-image-preview":"max-image-preview:large","max-video-preview":"max-video-preview:-1"},"canonical":"https:\/\/fovarosikeptar.hu\/en\/exhibitions-2019-oratorio\/lajos-barta-survival-strategies\/","og_locale":"en_US","og_type":"article","og_title":"Lajos Barta \u2013 Survival Strategies - F\u0151v\u00e1rosi K\u00e9pt\u00e1r","og_description":"[vc_row css_animation=&#8221;&#8221; row_type=&#8221;row&#8221; use_row_as_full_screen_section=&#8221;no&#8221; type=&#8221;grid&#8221; angled_section=&#8221;no&#8221; text_align=&#8221;left&#8221; background_image_as_pattern=&#8221;without_pattern&#8221; padding_top=&#8221;25&#8243; padding_bottom=&#8221;25&#8243; css=&#8221;.vc_custom_1414057161418{margin-top: 0px !important;}&#8221;][vc_column css=&#8221;.vc_custom_1413446275149{margin-top: 0px !important;margin-bottom: 0px !important;padding-top: 0px !important;padding-bottom: 0px !important;}&#8221;][vc_column_text] Lajos Barta \u2013 Survival Strategies 30 May 2019 \u2013 22 September 2019 | Oratory Curators: M\u00e1ria \u00c1rvai, Zs\u00f3ka Leposa, Ulrich Winkler Graphic design:...","og_url":"https:\/\/fovarosikeptar.hu\/en\/exhibitions-2019-oratorio\/lajos-barta-survival-strategies\/","og_site_name":"F\u0151v\u00e1rosi K\u00e9pt\u00e1r","article_modified_time":"2019-06-14T09:58:36+00:00","twitter_card":"summary_large_image","twitter_misc":{"Est. reading time":"6 minutes"},"schema":{"@context":"https:\/\/schema.org","@graph":[{"@type":"WebSite","@id":"https:\/\/fovarosikeptar.hu\/#website","url":"https:\/\/fovarosikeptar.hu\/","name":"F\u0151v\u00e1rosi K\u00e9pt\u00e1r","description":"Kiscelli M\u00fazeum","potentialAction":[{"@type":"SearchAction","target":{"@type":"EntryPoint","urlTemplate":"https:\/\/fovarosikeptar.hu\/?s={search_term_string}"},"query-input":"required name=search_term_string"}],"inLanguage":"en-US"},{"@type":"WebPage","@id":"https:\/\/fovarosikeptar.hu\/en\/exhibitions-2019-oratorio\/lajos-barta-survival-strategies\/#webpage","url":"https:\/\/fovarosikeptar.hu\/en\/exhibitions-2019-oratorio\/lajos-barta-survival-strategies\/","name":"Lajos Barta \u2013 Survival Strategies - F\u0151v\u00e1rosi K\u00e9pt\u00e1r","isPartOf":{"@id":"https:\/\/fovarosikeptar.hu\/#website"},"datePublished":"2019-05-09T12:04:53+00:00","dateModified":"2019-06-14T09:58:36+00:00","breadcrumb":{"@id":"https:\/\/fovarosikeptar.hu\/en\/exhibitions-2019-oratorio\/lajos-barta-survival-strategies\/#breadcrumb"},"inLanguage":"en-US","potentialAction":[{"@type":"ReadAction","target":["https:\/\/fovarosikeptar.hu\/en\/exhibitions-2019-oratorio\/lajos-barta-survival-strategies\/"]}]},{"@type":"BreadcrumbList","@id":"https:\/\/fovarosikeptar.hu\/en\/exhibitions-2019-oratorio\/lajos-barta-survival-strategies\/#breadcrumb","itemListElement":[{"@type":"ListItem","position":1,"name":"Home","item":"https:\/\/fovarosikeptar.hu\/en\/"},{"@type":"ListItem","position":2,"name":"Exhibitions 2019 | Oratorio","item":"https:\/\/fovarosikeptar.hu\/en\/exhibitions-2019-oratorio\/"},{"@type":"ListItem","position":3,"name":"Lajos Barta \u2013 Survival Strategies"}]}]}},"_links":{"self":[{"href":"https:\/\/fovarosikeptar.hu\/en\/wp-json\/wp\/v2\/pages\/18532"}],"collection":[{"href":"https:\/\/fovarosikeptar.hu\/en\/wp-json\/wp\/v2\/pages"}],"about":[{"href":"https:\/\/fovarosikeptar.hu\/en\/wp-json\/wp\/v2\/types\/page"}],"author":[{"embeddable":true,"href":"https:\/\/fovarosikeptar.hu\/en\/wp-json\/wp\/v2\/users\/5"}],"replies":[{"embeddable":true,"href":"https:\/\/fovarosikeptar.hu\/en\/wp-json\/wp\/v2\/comments?post=18532"}],"version-history":[{"count":0,"href":"https:\/\/fovarosikeptar.hu\/en\/wp-json\/wp\/v2\/pages\/18532\/revisions"}],"up":[{"embeddable":true,"href":"https:\/\/fovarosikeptar.hu\/en\/wp-json\/wp\/v2\/pages\/18577"}],"wp:attachment":[{"href":"https:\/\/fovarosikeptar.hu\/en\/wp-json\/wp\/v2\/media?parent=18532"}],"curies":[{"name":"wp","href":"https:\/\/api.w.org\/{rel}","templated":true}]}}