{"id":18681,"date":"2019-06-14T13:54:12","date_gmt":"2019-06-14T13:54:12","guid":{"rendered":"http:\/\/fovarosikeptar.hu\/?page_id=18681"},"modified":"2019-06-25T08:24:50","modified_gmt":"2019-06-25T08:24:50","slug":"otto-vincze-warning-high-voltage","status":"publish","type":"page","link":"https:\/\/fovarosikeptar.hu\/en\/exhibitions-2019-internal-courtyard\/otto-vincze-warning-high-voltage\/","title":{"rendered":"Ott\u00f3 Vincze  | !Warning \u2014 High Voltage!"},"content":{"rendered":"<p>[vc_row css_animation=&#8221;&#8221; row_type=&#8221;row&#8221; use_row_as_full_screen_section=&#8221;no&#8221; type=&#8221;grid&#8221; angled_section=&#8221;no&#8221; text_align=&#8221;left&#8221; background_image_as_pattern=&#8221;without_pattern&#8221; padding_top=&#8221;25&#8243; padding_bottom=&#8221;25&#8243; css=&#8221;.vc_custom_1414057161418{margin-top: 0px !important;}&#8221;][vc_column css=&#8221;.vc_custom_1413446275149{margin-top: 0px !important;margin-bottom: 0px !important;padding-top: 0px !important;padding-bottom: 0px !important;}&#8221;][vc_column_text]<\/p>\n<h2 class=\"muvesz-m\">Ott\u00f3 Vincze<\/h2>\n<p class=\"kiallitascim-r\">!Warning \u2014 High Voltage!<\/p>\n<p class=\"datum-r\" style=\"margin-top: 15px;\">19 June \u2013 15 September 2019 | Internal Courtyard (The exhibition is temporarily unavailable.)<\/p>\n<p class=\"curator\">Curator:<br \/>\nAnik\u00f3 B. Nagy<\/p>\n<p>[\/vc_column_text][vc_separator type=&#8221;transparent&#8221; up=&#8221;20&#8243; down=&#8221;25&#8243;][vc_single_image image=&#8221;18701&#8243; img_size=&#8221;full&#8221; alignment=&#8221;center&#8221; qode_css_animation=&#8221;element_from_fade&#8221;][vc_column_text css=&#8221;.vc_custom_1561451087237{margin-top: 25px !important;}&#8221;]<\/p>\n<p class=\"kepalairas-2\">Photos: Judit Szalatnyai<\/p>\n<p>[\/vc_column_text][\/vc_column][\/vc_row][vc_row css_animation=&#8221;&#8221; row_type=&#8221;row&#8221; use_row_as_full_screen_section=&#8221;no&#8221; type=&#8221;grid&#8221; angled_section=&#8221;no&#8221; text_align=&#8221;left&#8221; background_image_as_pattern=&#8221;without_pattern&#8221; padding_top=&#8221;10&#8243;][vc_column width=&#8221;1\/4&#8243; css=&#8221;.vc_custom_1413446334543{margin-top: 0px !important;margin-bottom: 20px !important;padding-top: 0px !important;padding-bottom: 0px !important;}&#8221;][\/vc_column][vc_column width=&#8221;3\/4&#8243;][vc_column_text css=&#8221;.vc_custom_1561450384548{margin-top: 25px !important;}&#8221;]From 2015 onwards Kiscell Museum \u2013 Municipal Gallery considers it a major principle of its exhibition strategy to willfully reflect upon the museum as a specific space and medium when presenting contemporary art.[\/vc_column_text][vc_separator type=&#8221;transparent&#8221; up=&#8221;50&#8243;][vc_single_image image=&#8221;18704&#8243; img_size=&#8221;full&#8221; alignment=&#8221;center&#8221; qode_css_animation=&#8221;element_from_fade&#8221;][vc_separator type=&#8221;transparent&#8221; up=&#8221;40&#8243;][vc_column_text css=&#8221;.vc_custom_1561450466595{margin-top: 25px !important;}&#8221;]This work by Ott\u00f3 Vincze, an artist taking up residence in Szentendre, creates a cross-referential contexture from the special linguistic registers of the operation of the museum as a specialized institution and the technical terms of energetics, meanwhile evokes the network of overhead high voltage transmission lines crisscrossing the country \u2013 calling attention to the dangers of the clutter of uninsulated cables decimating the bird population.<\/p>\n<p>Installations by the artist combining several media are usually site-specific, closely tied to the thoughts and associations suggested by their environment.[\/vc_column_text][vc_separator type=&#8221;transparent&#8221; up=&#8221;50&#8243;][vc_single_image image=&#8221;18711&#8243; img_size=&#8221;full&#8221; alignment=&#8221;center&#8221; qode_css_animation=&#8221;element_from_fade&#8221;][vc_separator type=&#8221;transparent&#8221; up=&#8221;40&#8243;][vc_column_text css=&#8221;.vc_custom_1561450619193{margin-top: 25px !important;}&#8221;]His outdoor piece here designed for the Baroque courtyard of the Kiscell Museum \u2013 Municipal Gallery establishes connection between the series of aerial markers \u2014 red plastic balls hanging as visual signals on the wires arching between the roofs of the church and the monastery \u2013 and the <em>trompe l\u2019oeil<\/em> image clinging to the architecture, depicting a steel utility pole standing in a grassy courtyard which seems to intrude into the space of the church \u2013 as if it were a new sculpture of our courtyard ensemble.<\/p>\n<p>This spectacular and easily readable installation uses an informal tone to popularize the complex ideas of the museum scene and of environment protection \u2013 both shown encompassed by high voltage transmission lines.<\/p>\n<p>The fellows at M\u00e1lyi Bird Rescue Station and Hungarian Ornithological Society join us in the media representation of this installation as well as in the public relations events.<br \/>\n[\/vc_column_text][vc_separator type=&#8221;normal&#8221; color=&#8221;#999999&#8243; up=&#8221;50&#8243; down=&#8221;30&#8243;][vc_single_image image=&#8221;18664&#8243; img_size=&#8221;120&#215;97&#8243; onclick=&#8221;custom_link&#8221; img_link_target=&#8221;_blank&#8221; qode_css_animation=&#8221;element_from_fade&#8221; link=&#8221;http:\/\/www.btm.hu&#8221;][vc_separator type=&#8221;transparent&#8221; up=&#8221;30&#8243;][vc_single_image image=&#8221;18667&#8243; img_size=&#8221;150&#215;103&#8243; onclick=&#8221;custom_link&#8221; img_link_target=&#8221;_blank&#8221; qode_css_animation=&#8221;element_from_fade&#8221; link=&#8221;http:\/\/budapest.hu\/Lapok\/default.aspx&#8221;][vc_separator type=&#8221;transparent&#8221; up=&#8221;30&#8243;][vc_single_image image=&#8221;18670&#8243; img_size=&#8221;200&#215;70&#8243; onclick=&#8221;custom_link&#8221; img_link_target=&#8221;_blank&#8221; qode_css_animation=&#8221;element_from_fade&#8221; link=&#8221;http:\/\/www.nka.hu&#8221;][vc_separator type=&#8221;transparent&#8221; up=&#8221;30&#8243;][\/vc_column][\/vc_row][vc_row css_animation=&#8221;&#8221; row_type=&#8221;row&#8221; use_row_as_full_screen_section=&#8221;no&#8221; type=&#8221;grid&#8221; angled_section=&#8221;no&#8221; text_align=&#8221;left&#8221; background_image_as_pattern=&#8221;without_pattern&#8221; padding_top=&#8221;0&#8243; padding_bottom=&#8221;25&#8243;][vc_column][vc_separator type=&#8221;transparent&#8221; up=&#8221;25&#8243;]<div class=\"us_shortcode \"><div class=\"us_wrapper us_share_buttons us_tar us_skin_default\" data-text=\"F\u0151v\u00e1rosi K\u00e9pt\u00e1r\" data-url=\"http:\/\/fovarosikeptar.hu\/en\/wp-json\/wp\/v2\/pages\/18681\" data-ajaxnetworks=\"facebook,google,pinterest\"><div class=\"us_facebook us_first us_button\"><a class=\"us_box\" href=\"#\"><div class=\"us_share\"><i class=\"us-icon-facebook\"><\/i><\/div><div class=\"us_count\"><\/div><\/a><\/div><div class=\"us_google us_button\"><a class=\"us_box\" href=\"#\"><div class=\"us_share\"><i class=\"us-icon-google\"><\/i><\/div><div class=\"us_count\"><\/div><\/a><\/div><div class=\"us_wrapper us_modal mfp-hide\" id=\"us-modal-qDAZB\" data-url=\"http:\/\/fovarosikeptar.hu\/en\/wp-json\/wp\/v2\/pages\/18681\" data-text=\"F\u0151v\u00e1rosi K\u00e9pt\u00e1r\"><div class=\"us_heading\">Share on Pinterest<\/div><div class=\"us_pinterest_images\"><div class=\"us_pinterest_image_holder\"><a href=\"#\"><img data-full=\"https:\/\/fovarosikeptar.hu\/wp-content\/uploads\/2019\/06\/fovarosi-keptar-vincze-otto-vigyazz-nagyfeszultseg-fb.jpg\" src=\"https:\/\/fovarosikeptar.hu\/wp-content\/uploads\/2019\/06\/fovarosi-keptar-vincze-otto-vigyazz-nagyfeszultseg-fb-300x300.jpg\"\/><\/a><\/div><\/div><\/div><div class=\"us_pinterest us_last us_button\"><a class=\"us_box\" href=\"#\" data-href=\"#us-modal-qDAZB\"><div class=\"us_share\"><i class=\"us-icon-pinterest\"><\/i><\/div><div class=\"us_count\"><\/div><\/a><\/div><\/div><\/div>[vc_separator type=&#8221;transparent&#8221; up=&#8221;35&#8243;][vc_separator type=&#8221;transparent&#8221; up=&#8221;25&#8243;][\/vc_column][\/vc_row]<\/p>\n","protected":false},"excerpt":{"rendered":"<p>[vc_row css_animation=&#8221;&#8221; row_type=&#8221;row&#8221; use_row_as_full_screen_section=&#8221;no&#8221; type=&#8221;grid&#8221; angled_section=&#8221;no&#8221; text_align=&#8221;left&#8221; background_image_as_pattern=&#8221;without_pattern&#8221; padding_top=&#8221;25&#8243; padding_bottom=&#8221;25&#8243; css=&#8221;.vc_custom_1414057161418{margin-top: 0px !important;}&#8221;][vc_column css=&#8221;.vc_custom_1413446275149{margin-top: 0px !important;margin-bottom: 0px !important;padding-top: 0px !important;padding-bottom: 0px !important;}&#8221;][vc_column_text] Ott\u00f3 Vincze !Warning \u2014 High Voltage! 19 June \u2013 15 September 2019 | Internal Courtyard (The exhibition is temporarily unavailable.) Curator: Anik\u00f3 B&#8230;.<\/p>\n","protected":false},"author":5,"featured_media":18676,"parent":18648,"menu_order":0,"comment_status":"closed","ping_status":"closed","template":"full_width.php","meta":[],"yoast_head":"<!-- This site is optimized with the Yoast SEO plugin v16.8 - https:\/\/yoast.com\/wordpress\/plugins\/seo\/ -->\n<title>Ott\u00f3 Vincze | !Warning \u2014 High Voltage! - F\u0151v\u00e1rosi K\u00e9pt\u00e1r<\/title>\n<meta name=\"robots\" content=\"index, follow, max-snippet:-1, max-image-preview:large, max-video-preview:-1\" \/>\n<link rel=\"canonical\" href=\"https:\/\/fovarosikeptar.hu\/en\/exhibitions-2019-internal-courtyard\/otto-vincze-warning-high-voltage\/\" \/>\n<meta property=\"og:locale\" content=\"en_US\" \/>\n<meta property=\"og:type\" content=\"article\" \/>\n<meta property=\"og:title\" content=\"Ott\u00f3 Vincze | !Warning \u2014 High Voltage! - F\u0151v\u00e1rosi K\u00e9pt\u00e1r\" \/>\n<meta property=\"og:description\" content=\"[vc_row css_animation=&#8221;&#8221; row_type=&#8221;row&#8221; use_row_as_full_screen_section=&#8221;no&#8221; type=&#8221;grid&#8221; angled_section=&#8221;no&#8221; text_align=&#8221;left&#8221; background_image_as_pattern=&#8221;without_pattern&#8221; padding_top=&#8221;25&#8243; padding_bottom=&#8221;25&#8243; css=&#8221;.vc_custom_1414057161418{margin-top: 0px !important;}&#8221;][vc_column css=&#8221;.vc_custom_1413446275149{margin-top: 0px !important;margin-bottom: 0px !important;padding-top: 0px !important;padding-bottom: 0px !important;}&#8221;][vc_column_text] Ott\u00f3 Vincze !Warning \u2014 High Voltage! 19 June \u2013 15 September 2019 | Internal Courtyard (The exhibition is temporarily unavailable.) Curator: Anik\u00f3 B....\" \/>\n<meta property=\"og:url\" content=\"https:\/\/fovarosikeptar.hu\/en\/exhibitions-2019-internal-courtyard\/otto-vincze-warning-high-voltage\/\" \/>\n<meta property=\"og:site_name\" content=\"F\u0151v\u00e1rosi K\u00e9pt\u00e1r\" \/>\n<meta property=\"article:modified_time\" content=\"2019-06-25T08:24:50+00:00\" \/>\n<meta property=\"og:image\" content=\"http:\/\/fovarosikeptar.hu\/wp-content\/uploads\/2019\/06\/fovarosi-keptar-vincze-otto-vigyazz-nagyfeszultseg-fb.jpg\" \/>\n\t<meta property=\"og:image:width\" content=\"1200\" \/>\n\t<meta property=\"og:image:height\" content=\"630\" \/>\n<meta name=\"twitter:card\" content=\"summary_large_image\" \/>\n<meta name=\"twitter:label1\" content=\"Est. reading time\" \/>\n\t<meta name=\"twitter:data1\" content=\"3 minutes\" \/>\n<script type=\"application\/ld+json\" class=\"yoast-schema-graph\">{\"@context\":\"https:\/\/schema.org\",\"@graph\":[{\"@type\":\"WebSite\",\"@id\":\"https:\/\/fovarosikeptar.hu\/#website\",\"url\":\"https:\/\/fovarosikeptar.hu\/\",\"name\":\"F\\u0151v\\u00e1rosi K\\u00e9pt\\u00e1r\",\"description\":\"Kiscelli M\\u00fazeum\",\"potentialAction\":[{\"@type\":\"SearchAction\",\"target\":{\"@type\":\"EntryPoint\",\"urlTemplate\":\"https:\/\/fovarosikeptar.hu\/?s={search_term_string}\"},\"query-input\":\"required name=search_term_string\"}],\"inLanguage\":\"en-US\"},{\"@type\":\"ImageObject\",\"@id\":\"https:\/\/fovarosikeptar.hu\/en\/exhibitions-2019-internal-courtyard\/otto-vincze-warning-high-voltage\/#primaryimage\",\"inLanguage\":\"en-US\",\"url\":\"https:\/\/fovarosikeptar.hu\/wp-content\/uploads\/2019\/06\/fovarosi-keptar-vincze-otto-vigyazz-nagyfeszultseg-fb.jpg\",\"contentUrl\":\"https:\/\/fovarosikeptar.hu\/wp-content\/uploads\/2019\/06\/fovarosi-keptar-vincze-otto-vigyazz-nagyfeszultseg-fb.jpg\",\"width\":1200,\"height\":630},{\"@type\":\"WebPage\",\"@id\":\"https:\/\/fovarosikeptar.hu\/en\/exhibitions-2019-internal-courtyard\/otto-vincze-warning-high-voltage\/#webpage\",\"url\":\"https:\/\/fovarosikeptar.hu\/en\/exhibitions-2019-internal-courtyard\/otto-vincze-warning-high-voltage\/\",\"name\":\"Ott\\u00f3 Vincze | !Warning \\u2014 High Voltage! - F\\u0151v\\u00e1rosi K\\u00e9pt\\u00e1r\",\"isPartOf\":{\"@id\":\"https:\/\/fovarosikeptar.hu\/#website\"},\"primaryImageOfPage\":{\"@id\":\"https:\/\/fovarosikeptar.hu\/en\/exhibitions-2019-internal-courtyard\/otto-vincze-warning-high-voltage\/#primaryimage\"},\"datePublished\":\"2019-06-14T13:54:12+00:00\",\"dateModified\":\"2019-06-25T08:24:50+00:00\",\"breadcrumb\":{\"@id\":\"https:\/\/fovarosikeptar.hu\/en\/exhibitions-2019-internal-courtyard\/otto-vincze-warning-high-voltage\/#breadcrumb\"},\"inLanguage\":\"en-US\",\"potentialAction\":[{\"@type\":\"ReadAction\",\"target\":[\"https:\/\/fovarosikeptar.hu\/en\/exhibitions-2019-internal-courtyard\/otto-vincze-warning-high-voltage\/\"]}]},{\"@type\":\"BreadcrumbList\",\"@id\":\"https:\/\/fovarosikeptar.hu\/en\/exhibitions-2019-internal-courtyard\/otto-vincze-warning-high-voltage\/#breadcrumb\",\"itemListElement\":[{\"@type\":\"ListItem\",\"position\":1,\"name\":\"Home\",\"item\":\"https:\/\/fovarosikeptar.hu\/en\/\"},{\"@type\":\"ListItem\",\"position\":2,\"name\":\"Exhibitions 2019 | Internal courtyard\",\"item\":\"https:\/\/fovarosikeptar.hu\/en\/exhibitions-2019-internal-courtyard\/\"},{\"@type\":\"ListItem\",\"position\":3,\"name\":\"Ott\\u00f3 Vincze | !Warning \\u2014 High Voltage!\"}]}]}<\/script>\n<!-- \/ Yoast SEO plugin. -->","yoast_head_json":{"title":"Ott\u00f3 Vincze | !Warning \u2014 High Voltage! - F\u0151v\u00e1rosi K\u00e9pt\u00e1r","robots":{"index":"index","follow":"follow","max-snippet":"max-snippet:-1","max-image-preview":"max-image-preview:large","max-video-preview":"max-video-preview:-1"},"canonical":"https:\/\/fovarosikeptar.hu\/en\/exhibitions-2019-internal-courtyard\/otto-vincze-warning-high-voltage\/","og_locale":"en_US","og_type":"article","og_title":"Ott\u00f3 Vincze | !Warning \u2014 High Voltage! - F\u0151v\u00e1rosi K\u00e9pt\u00e1r","og_description":"[vc_row css_animation=&#8221;&#8221; row_type=&#8221;row&#8221; use_row_as_full_screen_section=&#8221;no&#8221; type=&#8221;grid&#8221; angled_section=&#8221;no&#8221; text_align=&#8221;left&#8221; background_image_as_pattern=&#8221;without_pattern&#8221; padding_top=&#8221;25&#8243; padding_bottom=&#8221;25&#8243; css=&#8221;.vc_custom_1414057161418{margin-top: 0px !important;}&#8221;][vc_column css=&#8221;.vc_custom_1413446275149{margin-top: 0px !important;margin-bottom: 0px !important;padding-top: 0px !important;padding-bottom: 0px !important;}&#8221;][vc_column_text] Ott\u00f3 Vincze !Warning \u2014 High Voltage! 19 June \u2013 15 September 2019 | Internal Courtyard (The exhibition is temporarily unavailable.) Curator: Anik\u00f3 B....","og_url":"https:\/\/fovarosikeptar.hu\/en\/exhibitions-2019-internal-courtyard\/otto-vincze-warning-high-voltage\/","og_site_name":"F\u0151v\u00e1rosi K\u00e9pt\u00e1r","article_modified_time":"2019-06-25T08:24:50+00:00","og_image":[{"width":1200,"height":630,"url":"http:\/\/fovarosikeptar.hu\/wp-content\/uploads\/2019\/06\/fovarosi-keptar-vincze-otto-vigyazz-nagyfeszultseg-fb.jpg","path":"\/home\/fovarosi\/public_html\/wp-content\/uploads\/2019\/06\/fovarosi-keptar-vincze-otto-vigyazz-nagyfeszultseg-fb.jpg","size":"full","id":18676,"alt":"","pixels":756000,"type":"image\/jpeg"}],"twitter_card":"summary_large_image","twitter_misc":{"Est. reading time":"3 minutes"},"schema":{"@context":"https:\/\/schema.org","@graph":[{"@type":"WebSite","@id":"https:\/\/fovarosikeptar.hu\/#website","url":"https:\/\/fovarosikeptar.hu\/","name":"F\u0151v\u00e1rosi K\u00e9pt\u00e1r","description":"Kiscelli M\u00fazeum","potentialAction":[{"@type":"SearchAction","target":{"@type":"EntryPoint","urlTemplate":"https:\/\/fovarosikeptar.hu\/?s={search_term_string}"},"query-input":"required name=search_term_string"}],"inLanguage":"en-US"},{"@type":"ImageObject","@id":"https:\/\/fovarosikeptar.hu\/en\/exhibitions-2019-internal-courtyard\/otto-vincze-warning-high-voltage\/#primaryimage","inLanguage":"en-US","url":"https:\/\/fovarosikeptar.hu\/wp-content\/uploads\/2019\/06\/fovarosi-keptar-vincze-otto-vigyazz-nagyfeszultseg-fb.jpg","contentUrl":"https:\/\/fovarosikeptar.hu\/wp-content\/uploads\/2019\/06\/fovarosi-keptar-vincze-otto-vigyazz-nagyfeszultseg-fb.jpg","width":1200,"height":630},{"@type":"WebPage","@id":"https:\/\/fovarosikeptar.hu\/en\/exhibitions-2019-internal-courtyard\/otto-vincze-warning-high-voltage\/#webpage","url":"https:\/\/fovarosikeptar.hu\/en\/exhibitions-2019-internal-courtyard\/otto-vincze-warning-high-voltage\/","name":"Ott\u00f3 Vincze | !Warning \u2014 High Voltage! - F\u0151v\u00e1rosi K\u00e9pt\u00e1r","isPartOf":{"@id":"https:\/\/fovarosikeptar.hu\/#website"},"primaryImageOfPage":{"@id":"https:\/\/fovarosikeptar.hu\/en\/exhibitions-2019-internal-courtyard\/otto-vincze-warning-high-voltage\/#primaryimage"},"datePublished":"2019-06-14T13:54:12+00:00","dateModified":"2019-06-25T08:24:50+00:00","breadcrumb":{"@id":"https:\/\/fovarosikeptar.hu\/en\/exhibitions-2019-internal-courtyard\/otto-vincze-warning-high-voltage\/#breadcrumb"},"inLanguage":"en-US","potentialAction":[{"@type":"ReadAction","target":["https:\/\/fovarosikeptar.hu\/en\/exhibitions-2019-internal-courtyard\/otto-vincze-warning-high-voltage\/"]}]},{"@type":"BreadcrumbList","@id":"https:\/\/fovarosikeptar.hu\/en\/exhibitions-2019-internal-courtyard\/otto-vincze-warning-high-voltage\/#breadcrumb","itemListElement":[{"@type":"ListItem","position":1,"name":"Home","item":"https:\/\/fovarosikeptar.hu\/en\/"},{"@type":"ListItem","position":2,"name":"Exhibitions 2019 | Internal courtyard","item":"https:\/\/fovarosikeptar.hu\/en\/exhibitions-2019-internal-courtyard\/"},{"@type":"ListItem","position":3,"name":"Ott\u00f3 Vincze | !Warning \u2014 High Voltage!"}]}]}},"_links":{"self":[{"href":"https:\/\/fovarosikeptar.hu\/en\/wp-json\/wp\/v2\/pages\/18681"}],"collection":[{"href":"https:\/\/fovarosikeptar.hu\/en\/wp-json\/wp\/v2\/pages"}],"about":[{"href":"https:\/\/fovarosikeptar.hu\/en\/wp-json\/wp\/v2\/types\/page"}],"author":[{"embeddable":true,"href":"https:\/\/fovarosikeptar.hu\/en\/wp-json\/wp\/v2\/users\/5"}],"replies":[{"embeddable":true,"href":"https:\/\/fovarosikeptar.hu\/en\/wp-json\/wp\/v2\/comments?post=18681"}],"version-history":[{"count":0,"href":"https:\/\/fovarosikeptar.hu\/en\/wp-json\/wp\/v2\/pages\/18681\/revisions"}],"up":[{"embeddable":true,"href":"https:\/\/fovarosikeptar.hu\/en\/wp-json\/wp\/v2\/pages\/18648"}],"wp:featuredmedia":[{"embeddable":true,"href":"https:\/\/fovarosikeptar.hu\/en\/wp-json\/wp\/v2\/media\/18676"}],"wp:attachment":[{"href":"https:\/\/fovarosikeptar.hu\/en\/wp-json\/wp\/v2\/media?parent=18681"}],"curies":[{"name":"wp","href":"https:\/\/api.w.org\/{rel}","templated":true}]}}