{"id":18817,"date":"2019-10-27T23:17:10","date_gmt":"2019-10-27T23:17:10","guid":{"rendered":"http:\/\/fovarosikeptar.hu\/?page_id=18817"},"modified":"2020-03-19T10:28:33","modified_gmt":"2020-03-19T10:28:33","slug":"disorder-in-order-the-art-of-vera-molnar","status":"publish","type":"page","link":"https:\/\/fovarosikeptar.hu\/en\/exhibitions-2019-church-hall\/disorder-in-order-the-art-of-vera-molnar\/","title":{"rendered":"Disorder in Order | The Art of Vera Molnar"},"content":{"rendered":"<p>[vc_row css_animation=&#8221;&#8221; row_type=&#8221;row&#8221; use_row_as_full_screen_section=&#8221;no&#8221; type=&#8221;grid&#8221; angled_section=&#8221;no&#8221; text_align=&#8221;left&#8221; background_image_as_pattern=&#8221;without_pattern&#8221; padding_top=&#8221;5&#8243; padding_bottom=&#8221;25&#8243; css=&#8221;.vc_custom_1539299974784{margin-top: 0px !important;}&#8221;][vc_column css=&#8221;.vc_custom_1413446275149{margin-top: 0px !important;margin-bottom: 0px !important;padding-top: 0px !important;padding-bottom: 0px !important;}&#8221;][vc_column_text]<\/p>\n<h2 class=\"muvesz-m\">DISORDER IN ORDER | The Art of Vera Molnar<\/h2>\n<p class=\"datum-r\" style=\"margin-top: 15px;\">31 October 2019 \u2013 15 March 2020<\/p>\n<p class=\"datum-r\" style=\"margin-top: 15px;\">Open: Tuesday\u2013Sunday 10:00\u201318:00<\/p>\n<p class=\"curator\">Curators:<br \/>\nJ\u00falia Cserba, Enik\u0151 R\u00f3ka<\/p>\n<p>[\/vc_column_text][vc_separator type=&#8221;transparent&#8221; up=&#8221;20&#8243; down=&#8221;25&#8243;][vc_single_image image=&#8221;18746&#8243; img_size=&#8221;full&#8221; alignment=&#8221;center&#8221; onclick=&#8221;link_image&#8221; qode_css_animation=&#8221;&#8221;][vc_column_text]<\/p>\n<p class=\"kepalairas-1\">Vera Molnar<\/p>\n<p class=\"kepalairas-2\"><em>Sainte Victoire en ligne, I.<\/em> 2017, screen printing on paper<\/p>\n<p class=\"kepalairas-2\">Kiscell Museum \u2013 Municipal Gallery<\/p>\n<p>[\/vc_column_text][vc_separator type=&#8221;transparent&#8221; up=&#8221;20&#8243;][vc_single_image image=&#8221;18749&#8243; img_size=&#8221;full&#8221; alignment=&#8221;center&#8221; qode_css_animation=&#8221;element_from_fade&#8221;][vc_column_text]<\/p>\n<p class=\"kepalairas-1\">Vera Molnar<\/p>\n<p class=\"kepalairas-2\"><em>Sainte Victoire en ligne, II.<\/em> 2017, screen printing on paper<\/p>\n<p class=\"kepalairas-2\">Kiscell Museum \u2013 Municipal Gallery<\/p>\n<p>[\/vc_column_text][vc_separator type=&#8221;transparent&#8221; up=&#8221;20&#8243; down=&#8221;20&#8243;][\/vc_column][\/vc_row][vc_row css_animation=&#8221;&#8221; row_type=&#8221;row&#8221; use_row_as_full_screen_section=&#8221;no&#8221; type=&#8221;grid&#8221; angled_section=&#8221;no&#8221; text_align=&#8221;left&#8221; background_image_as_pattern=&#8221;without_pattern&#8221; padding_top=&#8221;10&#8243;][vc_column width=&#8221;1\/4&#8243; css=&#8221;.vc_custom_1413446334543{margin-top: 0px !important;margin-bottom: 20px !important;padding-top: 0px !important;padding-bottom: 0px !important;}&#8221;][\/vc_column][vc_column width=&#8221;3\/4&#8243;][vc_column_text]Acquisition and exhibition go hand in hand at Kiscell Museum \u2013 Municipal Gallery. Over the past years we were able to acquire a number of works by artists living in France, among them Vera Molnar. Simultaneously, the idea of an exhibition, centred around the Sz\u00f6ll\u0151si-Nagy\u2013Nemes Collection that encompasses a wide range of Vera Molnar works, came about. Which, we thought, was an opportune moment for debuting the museum\u2019s new acquisitions.[\/vc_column_text][vc_separator type=&#8221;transparent&#8221; up=&#8221;20&#8243; down=&#8221;20&#8243;][vc_single_image image=&#8221;18773&#8243; img_size=&#8221;full&#8221; alignment=&#8221;center&#8221; qode_css_animation=&#8221;element_from_fade&#8221;][vc_column_text]<\/p>\n<p class=\"kepalairas-1\">Vera Molnar<\/p>\n<p class=\"kepalairas-2\"><em>Cercle et ligne bri\u00e9e (du cycle Montparnasse d\u2019apr\u00e8s Klee),<\/em>\u00a02007, colored pencils, pencil, paper<\/p>\n<p class=\"kepalairas-2\">Kiscell Museum \u2013 Municipal Gallery<\/p>\n<p>[\/vc_column_text][vc_separator type=&#8221;transparent&#8221; up=&#8221;20&#8243; down=&#8221;20&#8243;][vc_column_text css=&#8221;.vc_custom_1572217708587{margin-top: 25px !important;}&#8221;]Not only is Vera Molnar a pivotal figure of contemporary art, but, ironically, a significant precursor to it. Her imagination has been captured by the relationship of the \u2018machine imaginaire,\u2019 a machine replacing the human element, and art as early as the 50s and the 60s. Soon after, she learned how to code and went on with creating computer-generated art, which earned her international recognition and the title of pioneer of computer art. It would, however, be no small feat to pigeonhole her work. Strictly speaking, her oeuvre, too elusive to meet rigid criteria, could neither be labelled concrete nor geometric abstraction. It is not concrete for it runs moderately but steadily counter to the rules of concrete abstraction; nor is she an exponent of geometric abstraction, as instead of shapes, she works with lines. Which then become, at her will, simple geometric shapes.[\/vc_column_text][vc_separator type=&#8221;transparent&#8221; up=&#8221;20&#8243; down=&#8221;20&#8243;][vc_single_image image=&#8221;18776&#8243; img_size=&#8221;full&#8221; alignment=&#8221;center&#8221; qode_css_animation=&#8221;element_from_fade&#8221;][vc_column_text]<\/p>\n<p class=\"kepalairas-1\">Vera Molnar<\/p>\n<p class=\"kepalairas-2\"><em>Transformation 15,<\/em>\u00a01975, acrylic on canvas<\/p>\n<p class=\"kepalairas-2\">Sz\u00f6ll\u0151si-Nagy \u2013 Nemes Collection<\/p>\n<p>[\/vc_column_text][vc_separator type=&#8221;transparent&#8221; up=&#8221;20&#8243; down=&#8221;20&#8243;][vc_column_text css=&#8221;.vc_custom_1572217923815{margin-top: 25px !important;}&#8221;]As the artist puts it:<\/p>\n<p><em>le crayon court sur le papier,<br \/>\nle regard scrute les traces longuement,<br \/>\nla gomme efface tout<br \/>\net on recommence.<\/em><\/p>\n<p><em>histoire de ma vie<\/em><\/p>\n<p><em>the pencil runs on the paper,<br \/>\nthe eyes behold the lines for a long time,<br \/>\nthe rubber erases everything<br \/>\nthen it starts again.<\/em><\/p>\n<p><em>story of my life <\/em>[\/vc_column_text][vc_separator type=&#8221;transparent&#8221; up=&#8221;20&#8243; down=&#8221;20&#8243;][vc_single_image image=&#8221;18779&#8243; img_size=&#8221;full&#8221; alignment=&#8221;center&#8221; qode_css_animation=&#8221;element_from_fade&#8221;][vc_column_text]<\/p>\n<p class=\"kepalairas-1\">Vera Molnar<\/p>\n<p class=\"kepalairas-2\"><em>1% d\u00e9sordre,<\/em>\u00a01974, screen print<\/p>\n<p class=\"kepalairas-2\">Sz\u00f6ll\u0151si-Nagy \u2013 Nemes Collection<\/p>\n<p>[\/vc_column_text][vc_separator type=&#8221;transparent&#8221; up=&#8221;5&#8243;][vc_column_text css=&#8221;.vc_custom_1572218038589{margin-top: 25px !important;}&#8221;]What makes Vera Molnar\u2019s oeuvre an outstanding artistic achievement is that she is able to use the computer in a humanistic rather than an impersonal, mechanic, or cold way; her works bear all of the marks of the artist\u2019s imagination, creativity, and unquenchable passion for experimenting. The computer, then, neither disposes of nor eliminates the artist \u2013 critical artistic processes are performed in the human mind. It is but a tool overcoming the limits of finite combinations and randomization that facilitates artistic work. The artist is the one who makes the decisions \u2013 and Vera Molnar excels at that.[\/vc_column_text][vc_separator type=&#8221;transparent&#8221; up=&#8221;20&#8243; down=&#8221;20&#8243;][vc_single_image image=&#8221;18782&#8243; img_size=&#8221;full&#8221; alignment=&#8221;center&#8221; qode_css_animation=&#8221;element_from_fade&#8221;][vc_column_text]<\/p>\n<p class=\"kepalairas-1\">Vera Molnar<\/p>\n<p class=\"kepalairas-2\"><em>Interruptions No 1,<\/em>\u00a01968, ink on paper<\/p>\n<p class=\"kepalairas-2\">Sz\u00f6ll\u0151si-Nagy \u2013 Nemes Collection<\/p>\n<p>[\/vc_column_text][vc_separator type=&#8221;transparent&#8221; up=&#8221;20&#8243; down=&#8221;20&#8243;][vc_single_image image=&#8221;18785&#8243; img_size=&#8221;full&#8221; alignment=&#8221;center&#8221; qode_css_animation=&#8221;element_from_fade&#8221;][vc_column_text]<\/p>\n<p class=\"kepalairas-1\">Vera Molnar<\/p>\n<p class=\"kepalairas-2\"><em>Sfumato noir-argent 1,<\/em>\u00a01979, screen printing on paper<\/p>\n<p class=\"kepalairas-2\">Sz\u00f6ll\u0151si-Nagy \u2013 Nemes Collection<\/p>\n<p>[\/vc_column_text][vc_separator type=&#8221;transparent&#8221; up=&#8221;20&#8243; down=&#8221;20&#8243;][vc_single_image image=&#8221;18797&#8243; img_size=&#8221;full&#8221; alignment=&#8221;center&#8221; qode_css_animation=&#8221;element_from_fade&#8221;][vc_column_text]<\/p>\n<p class=\"kepalairas-1\">Vera Molnar<\/p>\n<p class=\"kepalairas-2\"><em>Sfumato noir-argent 2,<\/em>\u00a01979, screen printing on paper<\/p>\n<p class=\"kepalairas-2\">Sz\u00f6ll\u0151si-Nagy \u2013 Nemes-gy\u0171jtem\u00e9ny<\/p>\n<p>[\/vc_column_text][vc_separator type=&#8221;transparent&#8221; up=&#8221;20&#8243; down=&#8221;20&#8243;][vc_single_image image=&#8221;18791&#8243; img_size=&#8221;full&#8221; alignment=&#8221;center&#8221; qode_css_animation=&#8221;element_from_fade&#8221;][vc_column_text]<\/p>\n<p class=\"kepalairas-1\">Vera Molnar<\/p>\n<p class=\"kepalairas-2\"><em>Congruence al\u00e9atoire,<\/em>\u00a01973, acrylic on canvas<\/p>\n<p>[\/vc_column_text][vc_separator type=&#8221;transparent&#8221; up=&#8221;20&#8243; down=&#8221;20&#8243;][vc_single_image image=&#8221;18794&#8243; img_size=&#8221;full&#8221; alignment=&#8221;center&#8221; qode_css_animation=&#8221;element_from_fade&#8221;][vc_column_text]<\/p>\n<p class=\"kepalairas-1\">Vera Molnar<\/p>\n<p>[\/vc_column_text][vc_separator type=&#8221;transparent&#8221; up=&#8221;20&#8243; down=&#8221;20&#8243;][\/vc_column][\/vc_row][vc_row css_animation=&#8221;&#8221; row_type=&#8221;row&#8221; use_row_as_full_screen_section=&#8221;no&#8221; type=&#8221;grid&#8221; angled_section=&#8221;no&#8221; text_align=&#8221;left&#8221; background_image_as_pattern=&#8221;without_pattern&#8221; padding_top=&#8221;0&#8243; padding_bottom=&#8221;25&#8243;][vc_column][vc_separator type=&#8221;transparent&#8221; up=&#8221;25&#8243;]<div class=\"us_shortcode \"><div class=\"us_wrapper us_share_buttons us_tar us_skin_default\" data-text=\"F\u0151v\u00e1rosi K\u00e9pt\u00e1r\" data-url=\"http:\/\/fovarosikeptar.hu\/en\/wp-json\/wp\/v2\/pages\/18817\" data-ajaxnetworks=\"facebook,pinterest\"><div class=\"us_facebook us_first us_button\"><a class=\"us_box\" href=\"#\"><div class=\"us_share\"><i class=\"us-icon-facebook\"><\/i><\/div><div class=\"us_count\"><\/div><\/a><\/div><div class=\"us_wrapper us_modal mfp-hide\" id=\"us-modal-13lum\" data-url=\"http:\/\/fovarosikeptar.hu\/en\/wp-json\/wp\/v2\/pages\/18817\" data-text=\"F\u0151v\u00e1rosi K\u00e9pt\u00e1r\"><div class=\"us_heading\">Share on Pinterest<\/div><div class=\"us_pinterest_no_images alert alert-danger\">There are no images.<\/div><\/div><div class=\"us_pinterest us_last us_button\"><a class=\"us_box\" href=\"#\" data-href=\"#us-modal-13lum\"><div class=\"us_share\"><i class=\"us-icon-pinterest\"><\/i><\/div><div class=\"us_count\"><\/div><\/a><\/div><\/div><\/div>[vc_separator type=&#8221;transparent&#8221; up=&#8221;35&#8243;][\/vc_column][\/vc_row]<\/p>\n","protected":false},"excerpt":{"rendered":"<p>[vc_row css_animation=&#8221;&#8221; row_type=&#8221;row&#8221; use_row_as_full_screen_section=&#8221;no&#8221; type=&#8221;grid&#8221; angled_section=&#8221;no&#8221; text_align=&#8221;left&#8221; background_image_as_pattern=&#8221;without_pattern&#8221; padding_top=&#8221;5&#8243; padding_bottom=&#8221;25&#8243; css=&#8221;.vc_custom_1539299974784{margin-top: 0px !important;}&#8221;][vc_column css=&#8221;.vc_custom_1413446275149{margin-top: 0px !important;margin-bottom: 0px !important;padding-top: 0px !important;padding-bottom: 0px !important;}&#8221;][vc_column_text] DISORDER IN ORDER | The Art of Vera Molnar 31 October 2019 \u2013 15 March 2020 Open: Tuesday\u2013Sunday 10:00\u201318:00 Curators: J\u00falia Cserba, Enik\u0151&#8230;<\/p>\n","protected":false},"author":5,"featured_media":0,"parent":18575,"menu_order":0,"comment_status":"closed","ping_status":"closed","template":"","meta":[],"yoast_head":"<!-- This site is optimized with the Yoast SEO plugin v16.8 - https:\/\/yoast.com\/wordpress\/plugins\/seo\/ -->\n<title>Disorder in Order | The Art of Vera Molnar - F\u0151v\u00e1rosi K\u00e9pt\u00e1r<\/title>\n<meta name=\"robots\" content=\"index, follow, max-snippet:-1, max-image-preview:large, max-video-preview:-1\" \/>\n<link rel=\"canonical\" href=\"https:\/\/fovarosikeptar.hu\/en\/exhibitions-2019-church-hall\/disorder-in-order-the-art-of-vera-molnar\/\" \/>\n<meta property=\"og:locale\" content=\"en_US\" \/>\n<meta property=\"og:type\" content=\"article\" \/>\n<meta property=\"og:title\" content=\"Disorder in Order | The Art of Vera Molnar - F\u0151v\u00e1rosi K\u00e9pt\u00e1r\" \/>\n<meta property=\"og:description\" content=\"[vc_row css_animation=&#8221;&#8221; row_type=&#8221;row&#8221; use_row_as_full_screen_section=&#8221;no&#8221; type=&#8221;grid&#8221; angled_section=&#8221;no&#8221; text_align=&#8221;left&#8221; background_image_as_pattern=&#8221;without_pattern&#8221; padding_top=&#8221;5&#8243; padding_bottom=&#8221;25&#8243; css=&#8221;.vc_custom_1539299974784{margin-top: 0px !important;}&#8221;][vc_column css=&#8221;.vc_custom_1413446275149{margin-top: 0px !important;margin-bottom: 0px !important;padding-top: 0px !important;padding-bottom: 0px !important;}&#8221;][vc_column_text] DISORDER IN ORDER | The Art of Vera Molnar 31 October 2019 \u2013 15 March 2020 Open: Tuesday\u2013Sunday 10:00\u201318:00 Curators: J\u00falia Cserba, Enik\u0151...\" \/>\n<meta property=\"og:url\" content=\"https:\/\/fovarosikeptar.hu\/en\/exhibitions-2019-church-hall\/disorder-in-order-the-art-of-vera-molnar\/\" \/>\n<meta property=\"og:site_name\" content=\"F\u0151v\u00e1rosi K\u00e9pt\u00e1r\" \/>\n<meta property=\"article:modified_time\" content=\"2020-03-19T10:28:33+00:00\" \/>\n<meta name=\"twitter:card\" content=\"summary_large_image\" \/>\n<meta name=\"twitter:label1\" content=\"Est. reading time\" \/>\n\t<meta name=\"twitter:data1\" content=\"5 minutes\" \/>\n<script type=\"application\/ld+json\" class=\"yoast-schema-graph\">{\"@context\":\"https:\/\/schema.org\",\"@graph\":[{\"@type\":\"WebSite\",\"@id\":\"https:\/\/fovarosikeptar.hu\/#website\",\"url\":\"https:\/\/fovarosikeptar.hu\/\",\"name\":\"F\\u0151v\\u00e1rosi K\\u00e9pt\\u00e1r\",\"description\":\"Kiscelli M\\u00fazeum\",\"potentialAction\":[{\"@type\":\"SearchAction\",\"target\":{\"@type\":\"EntryPoint\",\"urlTemplate\":\"https:\/\/fovarosikeptar.hu\/?s={search_term_string}\"},\"query-input\":\"required name=search_term_string\"}],\"inLanguage\":\"en-US\"},{\"@type\":\"WebPage\",\"@id\":\"https:\/\/fovarosikeptar.hu\/en\/exhibitions-2019-church-hall\/disorder-in-order-the-art-of-vera-molnar\/#webpage\",\"url\":\"https:\/\/fovarosikeptar.hu\/en\/exhibitions-2019-church-hall\/disorder-in-order-the-art-of-vera-molnar\/\",\"name\":\"Disorder in Order | The Art of Vera Molnar - F\\u0151v\\u00e1rosi K\\u00e9pt\\u00e1r\",\"isPartOf\":{\"@id\":\"https:\/\/fovarosikeptar.hu\/#website\"},\"datePublished\":\"2019-10-27T23:17:10+00:00\",\"dateModified\":\"2020-03-19T10:28:33+00:00\",\"breadcrumb\":{\"@id\":\"https:\/\/fovarosikeptar.hu\/en\/exhibitions-2019-church-hall\/disorder-in-order-the-art-of-vera-molnar\/#breadcrumb\"},\"inLanguage\":\"en-US\",\"potentialAction\":[{\"@type\":\"ReadAction\",\"target\":[\"https:\/\/fovarosikeptar.hu\/en\/exhibitions-2019-church-hall\/disorder-in-order-the-art-of-vera-molnar\/\"]}]},{\"@type\":\"BreadcrumbList\",\"@id\":\"https:\/\/fovarosikeptar.hu\/en\/exhibitions-2019-church-hall\/disorder-in-order-the-art-of-vera-molnar\/#breadcrumb\",\"itemListElement\":[{\"@type\":\"ListItem\",\"position\":1,\"name\":\"Home\",\"item\":\"https:\/\/fovarosikeptar.hu\/en\/\"},{\"@type\":\"ListItem\",\"position\":2,\"name\":\"Exhibitions 2019 | Church Hall\",\"item\":\"https:\/\/fovarosikeptar.hu\/en\/exhibitions-2019-church-hall\/\"},{\"@type\":\"ListItem\",\"position\":3,\"name\":\"Disorder in Order | The Art of Vera Molnar\"}]}]}<\/script>\n<!-- \/ Yoast SEO plugin. -->","yoast_head_json":{"title":"Disorder in Order | The Art of Vera Molnar - F\u0151v\u00e1rosi K\u00e9pt\u00e1r","robots":{"index":"index","follow":"follow","max-snippet":"max-snippet:-1","max-image-preview":"max-image-preview:large","max-video-preview":"max-video-preview:-1"},"canonical":"https:\/\/fovarosikeptar.hu\/en\/exhibitions-2019-church-hall\/disorder-in-order-the-art-of-vera-molnar\/","og_locale":"en_US","og_type":"article","og_title":"Disorder in Order | The Art of Vera Molnar - F\u0151v\u00e1rosi K\u00e9pt\u00e1r","og_description":"[vc_row css_animation=&#8221;&#8221; row_type=&#8221;row&#8221; use_row_as_full_screen_section=&#8221;no&#8221; type=&#8221;grid&#8221; angled_section=&#8221;no&#8221; text_align=&#8221;left&#8221; background_image_as_pattern=&#8221;without_pattern&#8221; padding_top=&#8221;5&#8243; padding_bottom=&#8221;25&#8243; css=&#8221;.vc_custom_1539299974784{margin-top: 0px !important;}&#8221;][vc_column css=&#8221;.vc_custom_1413446275149{margin-top: 0px !important;margin-bottom: 0px !important;padding-top: 0px !important;padding-bottom: 0px !important;}&#8221;][vc_column_text] DISORDER IN ORDER | The Art of Vera Molnar 31 October 2019 \u2013 15 March 2020 Open: Tuesday\u2013Sunday 10:00\u201318:00 Curators: J\u00falia Cserba, Enik\u0151...","og_url":"https:\/\/fovarosikeptar.hu\/en\/exhibitions-2019-church-hall\/disorder-in-order-the-art-of-vera-molnar\/","og_site_name":"F\u0151v\u00e1rosi K\u00e9pt\u00e1r","article_modified_time":"2020-03-19T10:28:33+00:00","twitter_card":"summary_large_image","twitter_misc":{"Est. reading time":"5 minutes"},"schema":{"@context":"https:\/\/schema.org","@graph":[{"@type":"WebSite","@id":"https:\/\/fovarosikeptar.hu\/#website","url":"https:\/\/fovarosikeptar.hu\/","name":"F\u0151v\u00e1rosi K\u00e9pt\u00e1r","description":"Kiscelli M\u00fazeum","potentialAction":[{"@type":"SearchAction","target":{"@type":"EntryPoint","urlTemplate":"https:\/\/fovarosikeptar.hu\/?s={search_term_string}"},"query-input":"required name=search_term_string"}],"inLanguage":"en-US"},{"@type":"WebPage","@id":"https:\/\/fovarosikeptar.hu\/en\/exhibitions-2019-church-hall\/disorder-in-order-the-art-of-vera-molnar\/#webpage","url":"https:\/\/fovarosikeptar.hu\/en\/exhibitions-2019-church-hall\/disorder-in-order-the-art-of-vera-molnar\/","name":"Disorder in Order | The Art of Vera Molnar - F\u0151v\u00e1rosi K\u00e9pt\u00e1r","isPartOf":{"@id":"https:\/\/fovarosikeptar.hu\/#website"},"datePublished":"2019-10-27T23:17:10+00:00","dateModified":"2020-03-19T10:28:33+00:00","breadcrumb":{"@id":"https:\/\/fovarosikeptar.hu\/en\/exhibitions-2019-church-hall\/disorder-in-order-the-art-of-vera-molnar\/#breadcrumb"},"inLanguage":"en-US","potentialAction":[{"@type":"ReadAction","target":["https:\/\/fovarosikeptar.hu\/en\/exhibitions-2019-church-hall\/disorder-in-order-the-art-of-vera-molnar\/"]}]},{"@type":"BreadcrumbList","@id":"https:\/\/fovarosikeptar.hu\/en\/exhibitions-2019-church-hall\/disorder-in-order-the-art-of-vera-molnar\/#breadcrumb","itemListElement":[{"@type":"ListItem","position":1,"name":"Home","item":"https:\/\/fovarosikeptar.hu\/en\/"},{"@type":"ListItem","position":2,"name":"Exhibitions 2019 | Church Hall","item":"https:\/\/fovarosikeptar.hu\/en\/exhibitions-2019-church-hall\/"},{"@type":"ListItem","position":3,"name":"Disorder in Order | The Art of Vera Molnar"}]}]}},"_links":{"self":[{"href":"https:\/\/fovarosikeptar.hu\/en\/wp-json\/wp\/v2\/pages\/18817"}],"collection":[{"href":"https:\/\/fovarosikeptar.hu\/en\/wp-json\/wp\/v2\/pages"}],"about":[{"href":"https:\/\/fovarosikeptar.hu\/en\/wp-json\/wp\/v2\/types\/page"}],"author":[{"embeddable":true,"href":"https:\/\/fovarosikeptar.hu\/en\/wp-json\/wp\/v2\/users\/5"}],"replies":[{"embeddable":true,"href":"https:\/\/fovarosikeptar.hu\/en\/wp-json\/wp\/v2\/comments?post=18817"}],"version-history":[{"count":0,"href":"https:\/\/fovarosikeptar.hu\/en\/wp-json\/wp\/v2\/pages\/18817\/revisions"}],"up":[{"embeddable":true,"href":"https:\/\/fovarosikeptar.hu\/en\/wp-json\/wp\/v2\/pages\/18575"}],"wp:attachment":[{"href":"https:\/\/fovarosikeptar.hu\/en\/wp-json\/wp\/v2\/media?parent=18817"}],"curies":[{"name":"wp","href":"https:\/\/api.w.org\/{rel}","templated":true}]}}