{"id":21488,"date":"2022-01-25T08:52:08","date_gmt":"2022-01-25T08:52:08","guid":{"rendered":"https:\/\/fovarosikeptar.hu\/?page_id=21488"},"modified":"2022-01-25T08:59:03","modified_gmt":"2022-01-25T08:59:03","slug":"gabor-gerhes-atlas","status":"publish","type":"page","link":"https:\/\/fovarosikeptar.hu\/en\/gabor-gerhes-atlas\/","title":{"rendered":"G\u00e1bor GERHES: ATLAS"},"content":{"rendered":"<p>[vc_row css_animation=&#8221;&#8221; row_type=&#8221;row&#8221; use_row_as_full_screen_section=&#8221;no&#8221; type=&#8221;grid&#8221; angled_section=&#8221;no&#8221; text_align=&#8221;left&#8221; background_image_as_pattern=&#8221;without_pattern&#8221; z_index=&#8221;&#8221;][vc_column][vc_column_text]<\/p>\n<h2 class=\"muvesz-m\">G\u00e1bor\u00a0GERHES: ATLAS<\/h2>\n<p class=\"datum-r\" style=\"margin-top: 15px;\">January 21 , 2022 &#8211; April 17, 2022.<\/p>\n<p class=\"datum-r\" style=\"margin-top: 15px;\">On view: Tuesday \u2013 Sunday 10 am \u2013 6 pm<\/p>\n<p>Exhibiting artist<br \/>\nG\u00e1bor GERHES<\/p>\n<p>Curated by<br \/>\nEmese MUCSI, Enik\u0151 R\u00d3KA<\/p>\n<p>Architectural design<br \/>\nG\u00e1bor GERHES, Paradigma Ariadn\u00e9<br \/>\n<a href=\"https:\/\/paradigmaariadne.com\">https:\/\/paradigmaariadne.com<\/a>[\/vc_column_text][vc_separator type=&#8221;transparent&#8221; up=&#8221;20&#8243; down=&#8221;25&#8243;][vc_single_image image=&#8221;21409&#8243; img_size=&#8221;medium&#8221; alignment=&#8221;center&#8221; qode_css_animation=&#8221;&#8221; el_class=&#8221;nagyitas&#8221;][vc_column_text]<\/p>\n<p class=\"kepalairas-1\" style=\"text-align: center;\">G\u00e1bor GERHES: ATLAS, 2016-2021 \u00a9 G\u00e1bor GERHES<\/p>\n<p>[\/vc_column_text][vc_separator type=&#8221;transparent&#8221; up=&#8221;20&#8243; down=&#8221;25&#8243;][\/vc_column][\/vc_row][vc_row css_animation=&#8221;&#8221; row_type=&#8221;row&#8221; use_row_as_full_screen_section=&#8221;no&#8221; type=&#8221;grid&#8221; angled_section=&#8221;no&#8221; text_align=&#8221;left&#8221; background_image_as_pattern=&#8221;without_pattern&#8221; z_index=&#8221;&#8221;][vc_column width=&#8221;1\/4&#8243;][\/vc_column][vc_column width=&#8221;3\/4&#8243;][vc_column_text]<\/p>\n<p style=\"text-align: justify;\">What are we to do with the traditional instruments of scientific knowledge in an age when facts are losing their grip on the public imagination giving way to arguments of emotion and personal conviction? Most likely it is not the local library where one would go looking for answers. Instead, we reach for one of our digital devices with which Wikipedia, the encyclopaedia that anyone can edit, is just a few clicks away:<\/p>\n<p>[\/vc_column_text][vc_column_text]<\/p>\n<p style=\"padding-left: 40px; text-align: justify;\">Atlases (collections of maps) and their cognate genres, encyclopaedias and reference books, are textual and\/or visual depositories of human knowledge. Ever since the Enlightenment, authors of such works have set out to measure and systematize the world with the ambition of comprehensiveness. These books are known as special and conventional places for storing universal knowledge\u2026<\/p>\n<p>[\/vc_column_text][vc_column_text]<\/p>\n<p style=\"text-align: justify;\">\u2026 at least they had been until the rise of the world wide web. ATLAS was based on this common understanding. The exhibition\u2019s centrepiece, G\u00e1bor Gerhes\u2019 atlas of the same name is 368 pages long and complete with illustrations. ATLAS has all the characteristics of the atlas format but upon reading, it conjures up a world that is both uncannily similar and completely alien to our own. In lieu of universal conclusions and ultimate explanations, ATLAS offers a presentation of Gerhes\u2019 personal worldview and questions emerging from it. Acting as aninventory of both his oeuvre and life experience, the book systematizes and showcases works which are based on the observations he made (starting from his childhood) and the unique objects he collected.<\/p>\n<p>[\/vc_column_text][vc_separator type=&#8221;transparent&#8221; up=&#8221;20&#8243; down=&#8221;25&#8243;][vc_single_image image=&#8221;21412&#8243; img_size=&#8221;medium&#8221; alignment=&#8221;center&#8221; qode_css_animation=&#8221;&#8221; el_class=&#8221;nagyitas&#8221;][vc_column_text]<\/p>\n<p class=\"kepalairas-1\" style=\"text-align: center;\">G\u00e1bor GERHES: ATLAS, 2016-2021 \u00a9 G\u00e1bor GERHES<\/p>\n<p>[\/vc_column_text][vc_separator type=&#8221;transparent&#8221; up=&#8221;20&#8243; down=&#8221;25&#8243;][vc_column_text]<\/p>\n<p style=\"text-align: justify;\">By giving pride of place to personal interpretation and subjective experience, Gerhes calls attention to the democratization of the genre. Consequently, the structure of the twelve plus one books of ATLAS follows a rather idiosyncratic logic: chapters are uneven in length and their content is sourced from the established, the occult, and the alternative sciences, as well as from literature and art. Last to be finished but first in the row of volumes, A Newtonkenot\u00e1fiumr\u00f3l [The Cenotaph for Newton], serves as a preface and an aid to understanding the opus. In classic Wikipedia brevity:<\/p>\n<p>[\/vc_column_text][vc_column_text]<\/p>\n<p style=\"padding-left: 40px; text-align: justify;\">Sir Isaac Newton, the founder of modern physics, dedicated the major part of his career to problems that by today are familiar almost exclusively to historians of science; astrological and alchemical writings in his archive by far outnumber those on mathematics and physics. His epoch-making life work was the product of an age of competing world views and a monument to the role occultism played in the emergence of the natural sciences and in the shaping of the methods and instruments of Enlightenment scientific inquiry. In the 18th century, the time of knowledge systematization, this duality gradually disappeared: the esoteric approach, which, in a holistic manner, tried to grasp the cosmos in its complexity as an absolute whole, together with man\u2019s place in it, began to fade. After doing away with every major religious, political, and philosophical system, science assumed the place of \u201cmagic\u201d and became the \u201creligion\u201d of the Enlightenment.<\/p>\n<p>[\/vc_column_text][vc_column_text]<\/p>\n<p style=\"text-align: justify;\">We are now aware that, despite all the benefits of rationalism, the project of the Enlightenment, with its firm belief in the power and infinite potential of the human mind, was far from being a complete success. In the criticisms levelled against global capitalism, every day we are facing the menacing failures of the post-Newtonian age, while simultaneously witnessing a surge in alternative sciences, private zealotry, sectarianism, and esotericism. Gerhes\u2019 work has from the start been informed by this dual experience. As an act of synthesis, ATLAS is an attempt at the total \u2013 and, paradoxically, deeply personal \u2013 reinterpretation and actualization of a traditional genre, born under the spell of comprehending the world.<\/p>\n<p>[\/vc_column_text][vc_separator type=&#8221;transparent&#8221; up=&#8221;20&#8243; down=&#8221;25&#8243;][vc_single_image image=&#8221;21415&#8243; img_size=&#8221;medium&#8221; alignment=&#8221;center&#8221; qode_css_animation=&#8221;&#8221; el_class=&#8221;nagyitas&#8221;][vc_column_text]<\/p>\n<p class=\"kepalairas-1\" style=\"text-align: center;\">G\u00e1bor GERHES: ATLAS, 2016-2021 \u00a9 G\u00e1bor GERHES<\/p>\n<p>[\/vc_column_text][vc_separator type=&#8221;transparent&#8221; up=&#8221;20&#8243; down=&#8221;25&#8243;][vc_column_text]<\/p>\n<p style=\"text-align: justify;\">Book \u00d8 of ATLAS might be of help in identifying the function of the building next to us: the design for The Cenotaph for Newton, a funerary monument for a person interred elsewhere, was drawn up in 1784, by \u00c9tienne-Louis Boull\u00e9e, whose architectural ideas, many unrealizable in his time, had a major impact on his 20th century colleagues. His treatise Architecture, essai sur l\u2019art was first translated into Italian in 1967 by architect Aldo Rossi, who, as for him, consistently explored the possibilities for the representation of decay and death. One of his chief works, the ossuary in the San Cataldo cemetery in Modena was inspired partly by this interest and partly by a car accident he suffered in 1971, the year of planning. While recovering in hospital, his injuries being constantly inventoried, Rossi was made to reckon with his own mortality. This painful and melancholic experience of the fragility of the bones that make up the human skeleton completely changed his earlier views on architecture and basal structures.<\/p>\n<p>[\/vc_column_text][vc_column_text]<\/p>\n<p style=\"text-align: justify;\">Rossi\u2019s cube-shaped ossuary can be seen as the model, both in form and in spirit, for the present installation: the two buildings, both monolithic, cold,<br \/>\nand catalogue-like, are exercises in architectural melancholy. Melancholy is a complex term whose history has seen many changes in meaning; we nowadays consider the mind of the melancholic person to be predominantly fixated on irrational phenomena that are grasped in momentary flashes of ineffable insight rather than by reason. Representing the liminal space between life and death, the sepulchre is highly evocative of this state. The intentionally ambiguous building erected in the church hall is not only a manifestation of the shifting purposes of the places where knowledge is traditionally stored (library, bookshelf, museum), but also an ideal environment for contemplation guided by the photographs in ATLAS.<\/p>\n<p>[\/vc_column_text][vc_separator type=&#8221;transparent&#8221; up=&#8221;20&#8243; down=&#8221;25&#8243;][vc_single_image image=&#8221;21428&#8243; img_size=&#8221;medium&#8221; alignment=&#8221;center&#8221; qode_css_animation=&#8221;&#8221; el_class=&#8221;nagyitas&#8221;][vc_column_text]<\/p>\n<p class=\"kepalairas-1\" style=\"text-align: center;\">G\u00e1bor GERHES<\/p>\n<p class=\"kepalairas-1\" style=\"text-align: center;\">\u00a9Benedek BOGN\u00c1R<\/p>\n<p>[\/vc_column_text][vc_separator type=&#8221;transparent&#8221; up=&#8221;20&#8243; down=&#8221;25&#8243;][\/vc_column][\/vc_row]<\/p>\n","protected":false},"excerpt":{"rendered":"<p>[vc_row css_animation=&#8221;&#8221; row_type=&#8221;row&#8221; use_row_as_full_screen_section=&#8221;no&#8221; type=&#8221;grid&#8221; angled_section=&#8221;no&#8221; text_align=&#8221;left&#8221; background_image_as_pattern=&#8221;without_pattern&#8221; z_index=&#8221;&#8221;][vc_column][vc_column_text] G\u00e1bor\u00a0GERHES: ATLAS January 21 , 2022 &#8211; April 17, 2022. On view: Tuesday \u2013 Sunday 10 am \u2013 6 pm Exhibiting artist G\u00e1bor GERHES Curated by Emese MUCSI, Enik\u0151 R\u00d3KA Architectural design G\u00e1bor GERHES, Paradigma Ariadn\u00e9&#8230;<\/p>\n","protected":false},"author":7,"featured_media":0,"parent":0,"menu_order":0,"comment_status":"closed","ping_status":"closed","template":"","meta":[],"yoast_head":"<!-- This site is optimized with the Yoast SEO plugin v16.8 - https:\/\/yoast.com\/wordpress\/plugins\/seo\/ -->\n<title>G\u00e1bor GERHES: ATLAS - F\u0151v\u00e1rosi K\u00e9pt\u00e1r<\/title>\n<meta name=\"robots\" content=\"index, follow, max-snippet:-1, max-image-preview:large, max-video-preview:-1\" \/>\n<link rel=\"canonical\" href=\"https:\/\/fovarosikeptar.hu\/en\/gabor-gerhes-atlas\/\" \/>\n<meta property=\"og:locale\" content=\"en_US\" \/>\n<meta property=\"og:type\" content=\"article\" \/>\n<meta property=\"og:title\" content=\"G\u00e1bor GERHES: ATLAS - F\u0151v\u00e1rosi K\u00e9pt\u00e1r\" \/>\n<meta property=\"og:description\" content=\"[vc_row css_animation=&#8221;&#8221; row_type=&#8221;row&#8221; use_row_as_full_screen_section=&#8221;no&#8221; type=&#8221;grid&#8221; angled_section=&#8221;no&#8221; text_align=&#8221;left&#8221; background_image_as_pattern=&#8221;without_pattern&#8221; z_index=&#8221;&#8221;][vc_column][vc_column_text] G\u00e1bor\u00a0GERHES: ATLAS January 21 , 2022 &#8211; April 17, 2022. On view: Tuesday \u2013 Sunday 10 am \u2013 6 pm Exhibiting artist G\u00e1bor GERHES Curated by Emese MUCSI, Enik\u0151 R\u00d3KA Architectural design G\u00e1bor GERHES, Paradigma Ariadn\u00e9...\" \/>\n<meta property=\"og:url\" content=\"https:\/\/fovarosikeptar.hu\/en\/gabor-gerhes-atlas\/\" \/>\n<meta property=\"og:site_name\" content=\"F\u0151v\u00e1rosi K\u00e9pt\u00e1r\" \/>\n<meta property=\"article:modified_time\" content=\"2022-01-25T08:59:03+00:00\" \/>\n<meta name=\"twitter:card\" content=\"summary_large_image\" \/>\n<meta name=\"twitter:label1\" content=\"Est. reading time\" \/>\n\t<meta name=\"twitter:data1\" content=\"5 minutes\" \/>\n<script type=\"application\/ld+json\" class=\"yoast-schema-graph\">{\"@context\":\"https:\/\/schema.org\",\"@graph\":[{\"@type\":\"WebSite\",\"@id\":\"https:\/\/fovarosikeptar.hu\/#website\",\"url\":\"https:\/\/fovarosikeptar.hu\/\",\"name\":\"F\\u0151v\\u00e1rosi K\\u00e9pt\\u00e1r\",\"description\":\"Kiscelli M\\u00fazeum\",\"potentialAction\":[{\"@type\":\"SearchAction\",\"target\":{\"@type\":\"EntryPoint\",\"urlTemplate\":\"https:\/\/fovarosikeptar.hu\/?s={search_term_string}\"},\"query-input\":\"required name=search_term_string\"}],\"inLanguage\":\"en-US\"},{\"@type\":\"WebPage\",\"@id\":\"https:\/\/fovarosikeptar.hu\/en\/gabor-gerhes-atlas\/#webpage\",\"url\":\"https:\/\/fovarosikeptar.hu\/en\/gabor-gerhes-atlas\/\",\"name\":\"G\\u00e1bor GERHES: ATLAS - F\\u0151v\\u00e1rosi K\\u00e9pt\\u00e1r\",\"isPartOf\":{\"@id\":\"https:\/\/fovarosikeptar.hu\/#website\"},\"datePublished\":\"2022-01-25T08:52:08+00:00\",\"dateModified\":\"2022-01-25T08:59:03+00:00\",\"breadcrumb\":{\"@id\":\"https:\/\/fovarosikeptar.hu\/en\/gabor-gerhes-atlas\/#breadcrumb\"},\"inLanguage\":\"en-US\",\"potentialAction\":[{\"@type\":\"ReadAction\",\"target\":[\"https:\/\/fovarosikeptar.hu\/en\/gabor-gerhes-atlas\/\"]}]},{\"@type\":\"BreadcrumbList\",\"@id\":\"https:\/\/fovarosikeptar.hu\/en\/gabor-gerhes-atlas\/#breadcrumb\",\"itemListElement\":[{\"@type\":\"ListItem\",\"position\":1,\"name\":\"Home\",\"item\":\"https:\/\/fovarosikeptar.hu\/en\/\"},{\"@type\":\"ListItem\",\"position\":2,\"name\":\"G\\u00e1bor GERHES: ATLAS\"}]}]}<\/script>\n<!-- \/ Yoast SEO plugin. -->","yoast_head_json":{"title":"G\u00e1bor GERHES: ATLAS - F\u0151v\u00e1rosi K\u00e9pt\u00e1r","robots":{"index":"index","follow":"follow","max-snippet":"max-snippet:-1","max-image-preview":"max-image-preview:large","max-video-preview":"max-video-preview:-1"},"canonical":"https:\/\/fovarosikeptar.hu\/en\/gabor-gerhes-atlas\/","og_locale":"en_US","og_type":"article","og_title":"G\u00e1bor GERHES: ATLAS - F\u0151v\u00e1rosi K\u00e9pt\u00e1r","og_description":"[vc_row css_animation=&#8221;&#8221; row_type=&#8221;row&#8221; use_row_as_full_screen_section=&#8221;no&#8221; type=&#8221;grid&#8221; angled_section=&#8221;no&#8221; text_align=&#8221;left&#8221; background_image_as_pattern=&#8221;without_pattern&#8221; z_index=&#8221;&#8221;][vc_column][vc_column_text] G\u00e1bor\u00a0GERHES: ATLAS January 21 , 2022 &#8211; April 17, 2022. On view: Tuesday \u2013 Sunday 10 am \u2013 6 pm Exhibiting artist G\u00e1bor GERHES Curated by Emese MUCSI, Enik\u0151 R\u00d3KA Architectural design G\u00e1bor GERHES, Paradigma Ariadn\u00e9...","og_url":"https:\/\/fovarosikeptar.hu\/en\/gabor-gerhes-atlas\/","og_site_name":"F\u0151v\u00e1rosi K\u00e9pt\u00e1r","article_modified_time":"2022-01-25T08:59:03+00:00","twitter_card":"summary_large_image","twitter_misc":{"Est. reading time":"5 minutes"},"schema":{"@context":"https:\/\/schema.org","@graph":[{"@type":"WebSite","@id":"https:\/\/fovarosikeptar.hu\/#website","url":"https:\/\/fovarosikeptar.hu\/","name":"F\u0151v\u00e1rosi K\u00e9pt\u00e1r","description":"Kiscelli M\u00fazeum","potentialAction":[{"@type":"SearchAction","target":{"@type":"EntryPoint","urlTemplate":"https:\/\/fovarosikeptar.hu\/?s={search_term_string}"},"query-input":"required name=search_term_string"}],"inLanguage":"en-US"},{"@type":"WebPage","@id":"https:\/\/fovarosikeptar.hu\/en\/gabor-gerhes-atlas\/#webpage","url":"https:\/\/fovarosikeptar.hu\/en\/gabor-gerhes-atlas\/","name":"G\u00e1bor GERHES: ATLAS - F\u0151v\u00e1rosi K\u00e9pt\u00e1r","isPartOf":{"@id":"https:\/\/fovarosikeptar.hu\/#website"},"datePublished":"2022-01-25T08:52:08+00:00","dateModified":"2022-01-25T08:59:03+00:00","breadcrumb":{"@id":"https:\/\/fovarosikeptar.hu\/en\/gabor-gerhes-atlas\/#breadcrumb"},"inLanguage":"en-US","potentialAction":[{"@type":"ReadAction","target":["https:\/\/fovarosikeptar.hu\/en\/gabor-gerhes-atlas\/"]}]},{"@type":"BreadcrumbList","@id":"https:\/\/fovarosikeptar.hu\/en\/gabor-gerhes-atlas\/#breadcrumb","itemListElement":[{"@type":"ListItem","position":1,"name":"Home","item":"https:\/\/fovarosikeptar.hu\/en\/"},{"@type":"ListItem","position":2,"name":"G\u00e1bor GERHES: ATLAS"}]}]}},"_links":{"self":[{"href":"https:\/\/fovarosikeptar.hu\/en\/wp-json\/wp\/v2\/pages\/21488"}],"collection":[{"href":"https:\/\/fovarosikeptar.hu\/en\/wp-json\/wp\/v2\/pages"}],"about":[{"href":"https:\/\/fovarosikeptar.hu\/en\/wp-json\/wp\/v2\/types\/page"}],"author":[{"embeddable":true,"href":"https:\/\/fovarosikeptar.hu\/en\/wp-json\/wp\/v2\/users\/7"}],"replies":[{"embeddable":true,"href":"https:\/\/fovarosikeptar.hu\/en\/wp-json\/wp\/v2\/comments?post=21488"}],"version-history":[{"count":6,"href":"https:\/\/fovarosikeptar.hu\/en\/wp-json\/wp\/v2\/pages\/21488\/revisions"}],"predecessor-version":[{"id":21494,"href":"https:\/\/fovarosikeptar.hu\/en\/wp-json\/wp\/v2\/pages\/21488\/revisions\/21494"}],"wp:attachment":[{"href":"https:\/\/fovarosikeptar.hu\/en\/wp-json\/wp\/v2\/media?parent=21488"}],"curies":[{"name":"wp","href":"https:\/\/api.w.org\/{rel}","templated":true}]}}