{"id":21987,"date":"2022-07-16T08:27:03","date_gmt":"2022-07-16T08:27:03","guid":{"rendered":"https:\/\/fovarosikeptar.hu\/?page_id=21987"},"modified":"2023-02-22T13:58:04","modified_gmt":"2023-02-22T13:58:04","slug":"the-history-of-the-kiscelli-museum-municipal-gallery","status":"publish","type":"page","link":"https:\/\/fovarosikeptar.hu\/en\/the-history-of-the-kiscelli-museum-municipal-gallery\/","title":{"rendered":"The History of the Kiscelli Museum \u2013 Municipal Gallery"},"content":{"rendered":"<p>[vc_row css_animation=&#8221;&#8221; row_type=&#8221;row&#8221; use_row_as_full_screen_section=&#8221;no&#8221; type=&#8221;grid&#8221; angled_section=&#8221;no&#8221; text_align=&#8221;left&#8221; background_image_as_pattern=&#8221;without_pattern&#8221; padding_top=&#8221;35&#8243; padding_bottom=&#8221;30&#8243;][vc_column][vc_separator type=&#8221;transparent&#8221; up=&#8221;20&#8243;][vc_column_text]The Municipal Gallery, to be found in the building of the Kiscelli Museum, is the fine arts collection of the Budapest History Museum. The picture gallery gives home to representations of the history of Budapest on the one hand, and to works of influential artists, irrespective of subject, on the other. The fine arts collection has always been dependent on the patronage and arts policy of the capital and it is no different today.<\/p>\n<p>The local history collection was started in 1880, way before the foundation of the museum. The general assembly secured 4000 Forints a year for the support of fine arts and established the Capital Town Fine Arts Committee. They bough, and occasionally ordered, portraits and townscapes. In 1906, at the time of the establishment of the Capital Museum, the pictures and sculptures that had been bought earlier, were enlisted in the stock of the museum. The first exhibition of the new institution opened in 1907, in the building of the art gallery in V\u00e1rosliget (later called Olof Palme House, today House of Millennium). With the appearance and spread of photography, the significance of contemporary works of art documenting the contemporary history of the town gradually decreased.<br \/>\n[\/vc_column_text][vc_separator type=&#8221;transparent&#8221; up=&#8221;40&#8243;][vc_single_image image=&#8221;15842&#8243; img_size=&#8221;large&#8221; alignment=&#8221;right&#8221; qode_css_animation=&#8221;&#8221; el_class=&#8221;nagyitas&#8221;][vc_column_text]<\/p>\n<p class=\"kepalairas-3\">Exhibition of the Municipal Gallery in The City Park, 1904-1912<br \/>\nRecording of Gyula Nok<br \/>\ntanned gelatin silver<br \/>\nsize: 25.8 \u00d7 20.5 cm<br \/>\nBTM Kiscelli Museum Photo Collection, In.Nr: 13793.3<\/p>\n<p>[\/vc_column_text][vc_separator type=&#8221;transparent&#8221; up=&#8221;25&#8243;][vc_column_text]Around 1909, the purchase of artworks gained new impetus but, by this time, the local history element became secondary. In the person of Istv\u00e1n B\u00e1rczy, the capital found a political leader who had strict views concerning the capital&#8217;s cultural policy and patronage: he intended to establish a modern gallery in the capital, and within this concept, it was the aesthetic qualities that came first, not the subject of a picture. Concerning the basic conditions of creating a gallery, one was met: the collection was getting richer by the year. The other, the provision of a suitable environment, however, remained unsolved for decades. The adverse conditions ended with the purchase of the K\u00e1rolyi palace, in the building of which the new institution, the Municipal Gallery, was opened on the 16th of October 1933. The first custodian of the gallery, D\u00e9nes Cs\u00e1nky, was followed by Jen\u0151 Kopp, in 1935. Between the two World Wars, the Municipal Gallery enjoyed a highly distinguished position among the institutions competent for the collection of Hungarian fine arts and played an important role in making 19th and 20th century Hungarian art public property.[\/vc_column_text][vc_separator type=&#8221;transparent&#8221; up=&#8221;40&#8243;][vc_single_image image=&#8221;15845&#8243; img_size=&#8221;large&#8221; alignment=&#8221;right&#8221; qode_css_animation=&#8221;&#8221;][vc_column_text]<\/p>\n<p class=\"kepalairas-3\">Exhibition of the Municipal Gallery in the K\u00e1rolyi Palace, around 1938<br \/>\nRecorded by Rudolf Balogh<br \/>\ngelatin silver<br \/>\nsize: 17.7 \u00d7 23.8 cm<br \/>\nBTM Kiscelli Museum Photo Collection, In.Nr. F.67.855<\/p>\n<p>[\/vc_column_text][vc_separator type=&#8221;transparent&#8221; up=&#8221;25&#8243;][vc_column_text]After World War II., from among public collections, the Municipal Gallery was the first to open its doors to visitors, in 1946. In the summer of 1947, Jen\u0151 Kopp was followed by G\u00e1bor \u00d6. Pog\u00e1ny as the custodian of the gallery. Since the Municipal Gallery had in its ownership the best pieces of fine art from the previous one and a half century, the idea that the collection could form the basis of the creation of a new national gallery, started to take shape already in 1949. In the spirit of the establishment of a national gallery, the material bought by the Municipal Gallery based on &#8220;pure aesthetic principles&#8221;, was first merged into the National Picture Gallery collection belonging to the Museum of Fine Arts in 1953, and then, in 1957, into the collection of the Hungarian National Gallery. The &#8220;rest&#8221; of the material of local historical interest was placed at the Kiscelli Museum. With this, the first period of the Municipal Gallery came to an end.<\/p>\n<p>Not much later, on the 18th of December 1959, however, the meeting of the Executive Committee of the Budapest Capital Council made a decision to restart the accessioning of works of fine arts. Starting from 1960, the capital allocated a sum for purchases, and, from 1961, the council entrusted the Budapest History Museum with keeping records of the collection. Between 1960 and 1973, accessioning was directed by the head of the Modern Department, Vilmos Bertalan. His immediate colleagues were Margit Egry Ferencn\u00e9 T\u0151kei and P\u00e9tern\u00e9 Cifka. Vilmos Bertalan hardly concealed his intention of reorganising the picture gallery and he managed to re-establish a historic collection, alongside the enlargement from living artists. Even though it was in these years that the masterpieces of the 19th century masters were obtained by the museum, accession still concentrated primarily on the 20th century, partly in the spirit of the reconstruction of the modern Hungarian arts collection that had been &#8220;taken away&#8221;. Works of great modern masters of the end and turn of the century, graphic art from between the two world wars and plastic art and paintings were acquired directly from the still living artists or from their heirs. With the support of the capital, alongside with works of local historical interest, an excellent Hungarian fine arts collection was built up remarkably quickly, the 20th century material of which mirrored \u2013 so to say, created on a collection level \u2013 the modernist story canonised after the fifties.<\/p>\n<p>In 1973, important organisational and personal changes took place. Vilmos Bertalan was appointed deputy director-general of the Budapest History Museum, and the collection of the Modern Department was divided into two. A local history department and an independent, fine arts department (engraving collection, medal collection, graphic art collection, painting and sculpture collection) were formed. The later was entrusted to the care of Ferencn\u00e9 T\u0151kei, while the painting and the graphic art collection were lead by two young, art-historian-museologists, Em\u00edlia F\u00f6ldes and P\u00e9ter Zsolnay Mattyasovszky. Apart from obtaining relics of 20th century modernism, they were also open to the endeavours of the avant-garde and made efforts to collect the works of younger generations. In the spirit of the above, from the middle of the seventies, they managed to put together a significant collection from the works of the former artists of the European School, and, in 1980, part of the legacy of Lili Orsz\u00e1g also arrived at the museum. From the late seventies and early eighties, principal works of the youngest generation \u2013 the most important works of the artists of the so-called Industrial Planning Group, i.e. a group of Hungarian neo-avant-garde artists included \u2013 also became part of the collection.<\/p>\n<p>In the meantime, in 1980, once again, there were changes made concerning the leadership of the collection. Margit Egry Ferencn\u00e9 T\u0151kei was followed in her role by her former deputy, Em\u00edlia F\u00f6ldes. P\u00e9ter Zsolnay Mattyasovszky continued accessioning graphic art, the medal collection was overseen by \u00c1gnes Kr\u00f3mer and the engraving collection by Anik\u00f3 B. Nagy. In 1983, once the reconstruction of the building was finished, a fine arts exhibition displaying the complete collection was opened. From the middle of the eighties, the number of fine arts exhibits has increased. One of the highlights of these was the exhibition titled Temp-Rom-T\u00e9r \u2013 a pun on &#8220;church&#8221;, &#8220;ruin&#8221; and &#8220;interior&#8221; \u2013 organised in 1988. In the strange atmosphere of the interior of the church, which was in fairly bad shape at the time, the most modern material of the collection in the Kiscelli Museum was shown to both professionals and to the wider public. Not only did the exhibition achieve general success but it also brought about important changes. The capital decided to cover the costs of turning the interior of the church into an exhibition hall, and, in 1989, gave permission for the the fine arts collection to assume the name Municipal Gallery again.<\/p>\n<p>The first permanent exhibition of the Municipal Gallery opened on the 24th of March 1992, on the first floor of the Kiscelli Museum. In the same year, the renovation of the church interior was finished and, in harmony with the original conception, it gave room to the temporary exhibitions of the Municipal Gallery. The preparation for and then later the opening of the permanent exhibition provided a good opportunity to overview the accessioning of the previous decades, to appraise the virtues and vices of the collection and to give careful thought to future accessioning procedures and practices. As a result of a number of &#8220;long-needed&#8221; purchases, the material of the 60s and 70s was enriched by significant pieces, occasionally masterpieces, and the enlargement of the 80s collection continued. From 1996, Em\u00edlia F\u00f6ldes worked as the assistant manager of the institution, until her death in 2002. P\u00e9ter Zsolnay Mattyasovszky oversaw the graphic art collection of the museum of the Gallery until 2014.[\/vc_column_text][vc_separator type=&#8221;transparent&#8221; up=&#8221;40&#8243;][vc_single_image image=&#8221;15844&#8243; img_size=&#8221;large&#8221; alignment=&#8221;right&#8221; qode_css_animation=&#8221;&#8221; el_class=&#8221;nagyitas&#8221;][vc_column_text]<\/p>\n<p class=\"kepalairas-3\">The staircase of the Kiscelli Castle, between 1936 and 1940<br \/>\nunknown recording<br \/>\ngelatin silver<br \/>\nsize: 23.3 \u00d7 17.6 cm<br \/>\nBTM Kiscelli Museum Photo Collection, In.Nr. 1.71.2012<\/p>\n<p>[\/vc_column_text][vc_separator type=&#8221;transparent&#8221; up=&#8221;25&#8243;][vc_column_text]In 1994, P\u00e9ter Fitz became the manager of the Capital Picture Gallery and he continued to direct this department until 2014. Thanks to his efforts, the link between temporary exhibitions and acquisition became stronger, and the works of the contemporary artists introduced at temporary exhibitions regularly became part of the collection. At the same time, museologists worked systematically to make up for the inherited shortcomings of the collection. As a result of the above, a nationally outstanding stock, comprising some forty thousand pieces was created. Whether considering its scale or its quality, the material is now unavoidable.[\/vc_column_text][vc_separator type=&#8221;transparent&#8221; up=&#8221;40&#8243;][vc_single_image image=&#8221;19479&#8243; img_size=&#8221;medium&#8221; alignment=&#8221;right&#8221; qode_css_animation=&#8221;&#8221;][vc_column_text]<\/p>\n<p class=\"kepalairas-3\">Kiscelli Museum &#8211; Municipal Gallery permanent exhibition, 2011, Photo: \u00c1gnes Bakos and Bence Tihanyi<\/p>\n<p>[\/vc_column_text][vc_separator type=&#8221;transparent&#8221; up=&#8221;40&#8243;][vc_column_text]At the end of 2014, Enik\u0151 R\u00f3ka became the new head of the Capital Picture Gallery. Her aim has been to form a connection between the museum&#8217;s collection and the gallery&#8217;s contemporary art mission. These efforts have influenced both the exhibition programme and the accessioning procedure. Between 2014 and 2020, on several occasions, contemporary artists reflected on artefacts of a collection or on certain episodes of the history of the museum, during exhibitions. With regards to accessioning practices, there has been equal emphasis \u2013 within the available financial resources \u2013 on making up for the shortcomings of the historical material and on systematic accessioning of art from the recent past and from the present. Recently, Hungarian art of the sixties and the seventies, contemporary tendencies and the works of artists who emigrated to France after World Ward II. have been in the focus of accessioning.[\/vc_column_text][vc_separator type=&#8221;transparent&#8221; up=&#8221;15&#8243; down=&#8221;20&#8243;][\/vc_column][\/vc_row][vc_row css_animation=&#8221;&#8221; row_type=&#8221;row&#8221; use_row_as_full_screen_section=&#8221;no&#8221; type=&#8221;full_width&#8221; angled_section=&#8221;no&#8221; text_align=&#8221;left&#8221; background_image_as_pattern=&#8221;without_pattern&#8221; padding_top=&#8221;10&#8243; padding_bottom=&#8221;10&#8243;][vc_column][vc_separator type=&#8221;transparent&#8221; up=&#8221;0&#8243; down=&#8221;0&#8243;][\/vc_column][\/vc_row]<\/p>\n","protected":false},"excerpt":{"rendered":"<p>[vc_row css_animation=&#8221;&#8221; row_type=&#8221;row&#8221; use_row_as_full_screen_section=&#8221;no&#8221; type=&#8221;grid&#8221; angled_section=&#8221;no&#8221; text_align=&#8221;left&#8221; background_image_as_pattern=&#8221;without_pattern&#8221; padding_top=&#8221;35&#8243; padding_bottom=&#8221;30&#8243;][vc_column][vc_separator type=&#8221;transparent&#8221; up=&#8221;20&#8243;][vc_column_text]The Municipal Gallery, to be found in the building of the Kiscelli Museum, is the fine arts collection of the Budapest History Museum. The picture gallery gives home to representations of the history of&#8230;<\/p>\n","protected":false},"author":5,"featured_media":0,"parent":0,"menu_order":0,"comment_status":"closed","ping_status":"closed","template":"full_width.php","meta":[],"yoast_head":"<!-- This site is optimized with the Yoast SEO plugin v16.8 - https:\/\/yoast.com\/wordpress\/plugins\/seo\/ -->\n<title>The History of the Kiscelli Museum \u2013 Municipal Gallery - F\u0151v\u00e1rosi K\u00e9pt\u00e1r<\/title>\n<meta name=\"robots\" content=\"index, follow, max-snippet:-1, max-image-preview:large, max-video-preview:-1\" \/>\n<link rel=\"canonical\" href=\"https:\/\/fovarosikeptar.hu\/en\/the-history-of-the-kiscelli-museum-municipal-gallery\/\" \/>\n<meta property=\"og:locale\" content=\"en_US\" \/>\n<meta property=\"og:type\" content=\"article\" \/>\n<meta property=\"og:title\" content=\"The History of the Kiscelli Museum \u2013 Municipal Gallery - F\u0151v\u00e1rosi K\u00e9pt\u00e1r\" \/>\n<meta property=\"og:description\" content=\"[vc_row css_animation=&#8221;&#8221; row_type=&#8221;row&#8221; use_row_as_full_screen_section=&#8221;no&#8221; type=&#8221;grid&#8221; angled_section=&#8221;no&#8221; text_align=&#8221;left&#8221; background_image_as_pattern=&#8221;without_pattern&#8221; padding_top=&#8221;35&#8243; padding_bottom=&#8221;30&#8243;][vc_column][vc_separator type=&#8221;transparent&#8221; up=&#8221;20&#8243;][vc_column_text]The Municipal Gallery, to be found in the building of the Kiscelli Museum, is the fine arts collection of the Budapest History Museum. The picture gallery gives home to representations of the history of...\" \/>\n<meta property=\"og:url\" content=\"https:\/\/fovarosikeptar.hu\/en\/the-history-of-the-kiscelli-museum-municipal-gallery\/\" \/>\n<meta property=\"og:site_name\" content=\"F\u0151v\u00e1rosi K\u00e9pt\u00e1r\" \/>\n<meta property=\"article:modified_time\" content=\"2023-02-22T13:58:04+00:00\" \/>\n<meta name=\"twitter:card\" content=\"summary_large_image\" \/>\n<meta name=\"twitter:label1\" content=\"Est. reading time\" \/>\n\t<meta name=\"twitter:data1\" content=\"8 minutes\" \/>\n<script type=\"application\/ld+json\" class=\"yoast-schema-graph\">{\"@context\":\"https:\/\/schema.org\",\"@graph\":[{\"@type\":\"WebSite\",\"@id\":\"https:\/\/fovarosikeptar.hu\/#website\",\"url\":\"https:\/\/fovarosikeptar.hu\/\",\"name\":\"F\\u0151v\\u00e1rosi K\\u00e9pt\\u00e1r\",\"description\":\"Kiscelli M\\u00fazeum\",\"potentialAction\":[{\"@type\":\"SearchAction\",\"target\":{\"@type\":\"EntryPoint\",\"urlTemplate\":\"https:\/\/fovarosikeptar.hu\/?s={search_term_string}\"},\"query-input\":\"required name=search_term_string\"}],\"inLanguage\":\"en-US\"},{\"@type\":\"WebPage\",\"@id\":\"https:\/\/fovarosikeptar.hu\/en\/the-history-of-the-kiscelli-museum-municipal-gallery\/#webpage\",\"url\":\"https:\/\/fovarosikeptar.hu\/en\/the-history-of-the-kiscelli-museum-municipal-gallery\/\",\"name\":\"The History of the Kiscelli Museum \\u2013 Municipal Gallery - F\\u0151v\\u00e1rosi K\\u00e9pt\\u00e1r\",\"isPartOf\":{\"@id\":\"https:\/\/fovarosikeptar.hu\/#website\"},\"datePublished\":\"2022-07-16T08:27:03+00:00\",\"dateModified\":\"2023-02-22T13:58:04+00:00\",\"breadcrumb\":{\"@id\":\"https:\/\/fovarosikeptar.hu\/en\/the-history-of-the-kiscelli-museum-municipal-gallery\/#breadcrumb\"},\"inLanguage\":\"en-US\",\"potentialAction\":[{\"@type\":\"ReadAction\",\"target\":[\"https:\/\/fovarosikeptar.hu\/en\/the-history-of-the-kiscelli-museum-municipal-gallery\/\"]}]},{\"@type\":\"BreadcrumbList\",\"@id\":\"https:\/\/fovarosikeptar.hu\/en\/the-history-of-the-kiscelli-museum-municipal-gallery\/#breadcrumb\",\"itemListElement\":[{\"@type\":\"ListItem\",\"position\":1,\"name\":\"Home\",\"item\":\"https:\/\/fovarosikeptar.hu\/en\/\"},{\"@type\":\"ListItem\",\"position\":2,\"name\":\"The History of the Kiscelli Museum \\u2013 Municipal Gallery\"}]}]}<\/script>\n<!-- \/ Yoast SEO plugin. -->","yoast_head_json":{"title":"The History of the Kiscelli Museum \u2013 Municipal Gallery - F\u0151v\u00e1rosi K\u00e9pt\u00e1r","robots":{"index":"index","follow":"follow","max-snippet":"max-snippet:-1","max-image-preview":"max-image-preview:large","max-video-preview":"max-video-preview:-1"},"canonical":"https:\/\/fovarosikeptar.hu\/en\/the-history-of-the-kiscelli-museum-municipal-gallery\/","og_locale":"en_US","og_type":"article","og_title":"The History of the Kiscelli Museum \u2013 Municipal Gallery - F\u0151v\u00e1rosi K\u00e9pt\u00e1r","og_description":"[vc_row css_animation=&#8221;&#8221; row_type=&#8221;row&#8221; use_row_as_full_screen_section=&#8221;no&#8221; type=&#8221;grid&#8221; angled_section=&#8221;no&#8221; text_align=&#8221;left&#8221; background_image_as_pattern=&#8221;without_pattern&#8221; padding_top=&#8221;35&#8243; padding_bottom=&#8221;30&#8243;][vc_column][vc_separator type=&#8221;transparent&#8221; up=&#8221;20&#8243;][vc_column_text]The Municipal Gallery, to be found in the building of the Kiscelli Museum, is the fine arts collection of the Budapest History Museum. The picture gallery gives home to representations of the history of...","og_url":"https:\/\/fovarosikeptar.hu\/en\/the-history-of-the-kiscelli-museum-municipal-gallery\/","og_site_name":"F\u0151v\u00e1rosi K\u00e9pt\u00e1r","article_modified_time":"2023-02-22T13:58:04+00:00","twitter_card":"summary_large_image","twitter_misc":{"Est. reading time":"8 minutes"},"schema":{"@context":"https:\/\/schema.org","@graph":[{"@type":"WebSite","@id":"https:\/\/fovarosikeptar.hu\/#website","url":"https:\/\/fovarosikeptar.hu\/","name":"F\u0151v\u00e1rosi K\u00e9pt\u00e1r","description":"Kiscelli M\u00fazeum","potentialAction":[{"@type":"SearchAction","target":{"@type":"EntryPoint","urlTemplate":"https:\/\/fovarosikeptar.hu\/?s={search_term_string}"},"query-input":"required name=search_term_string"}],"inLanguage":"en-US"},{"@type":"WebPage","@id":"https:\/\/fovarosikeptar.hu\/en\/the-history-of-the-kiscelli-museum-municipal-gallery\/#webpage","url":"https:\/\/fovarosikeptar.hu\/en\/the-history-of-the-kiscelli-museum-municipal-gallery\/","name":"The History of the Kiscelli Museum \u2013 Municipal Gallery - F\u0151v\u00e1rosi K\u00e9pt\u00e1r","isPartOf":{"@id":"https:\/\/fovarosikeptar.hu\/#website"},"datePublished":"2022-07-16T08:27:03+00:00","dateModified":"2023-02-22T13:58:04+00:00","breadcrumb":{"@id":"https:\/\/fovarosikeptar.hu\/en\/the-history-of-the-kiscelli-museum-municipal-gallery\/#breadcrumb"},"inLanguage":"en-US","potentialAction":[{"@type":"ReadAction","target":["https:\/\/fovarosikeptar.hu\/en\/the-history-of-the-kiscelli-museum-municipal-gallery\/"]}]},{"@type":"BreadcrumbList","@id":"https:\/\/fovarosikeptar.hu\/en\/the-history-of-the-kiscelli-museum-municipal-gallery\/#breadcrumb","itemListElement":[{"@type":"ListItem","position":1,"name":"Home","item":"https:\/\/fovarosikeptar.hu\/en\/"},{"@type":"ListItem","position":2,"name":"The History of the Kiscelli Museum \u2013 Municipal Gallery"}]}]}},"_links":{"self":[{"href":"https:\/\/fovarosikeptar.hu\/en\/wp-json\/wp\/v2\/pages\/21987"}],"collection":[{"href":"https:\/\/fovarosikeptar.hu\/en\/wp-json\/wp\/v2\/pages"}],"about":[{"href":"https:\/\/fovarosikeptar.hu\/en\/wp-json\/wp\/v2\/types\/page"}],"author":[{"embeddable":true,"href":"https:\/\/fovarosikeptar.hu\/en\/wp-json\/wp\/v2\/users\/5"}],"replies":[{"embeddable":true,"href":"https:\/\/fovarosikeptar.hu\/en\/wp-json\/wp\/v2\/comments?post=21987"}],"version-history":[{"count":4,"href":"https:\/\/fovarosikeptar.hu\/en\/wp-json\/wp\/v2\/pages\/21987\/revisions"}],"predecessor-version":[{"id":21991,"href":"https:\/\/fovarosikeptar.hu\/en\/wp-json\/wp\/v2\/pages\/21987\/revisions\/21991"}],"wp:attachment":[{"href":"https:\/\/fovarosikeptar.hu\/en\/wp-json\/wp\/v2\/media?parent=21987"}],"curies":[{"name":"wp","href":"https:\/\/api.w.org\/{rel}","templated":true}]}}