{"id":22021,"date":"2021-05-06T11:08:04","date_gmt":"2021-05-06T11:08:04","guid":{"rendered":"https:\/\/fovarosikeptar.hu\/a-btm-kiscelli-muzeum-fovarosi-keptar-mutargykolcsonzesi-eljarasa\/"},"modified":"2023-02-22T14:09:48","modified_gmt":"2023-02-22T14:09:48","slug":"the-loans-process","status":"publish","type":"page","link":"https:\/\/fovarosikeptar.hu\/en\/the-loans-process\/","title":{"rendered":"The loans process of the Budapest History Museum Kiscelli Museum \u2013 Municipal Gallery"},"content":{"rendered":"<p>[vc_row css_animation=&#8221;&#8221; row_type=&#8221;row&#8221; use_row_as_full_screen_section=&#8221;no&#8221; type=&#8221;full_width&#8221; angled_section=&#8221;no&#8221; text_align=&#8221;left&#8221; background_image_as_pattern=&#8221;without_pattern&#8221;][vc_column][vc_separator type=&#8221;transparent&#8221; up=&#8221;35&#8243;][\/vc_column][\/vc_row][vc_row css_animation=&#8221;&#8221; row_type=&#8221;row&#8221; use_row_as_full_screen_section=&#8221;no&#8221; type=&#8221;grid&#8221; angled_section=&#8221;no&#8221; text_align=&#8221;left&#8221; background_image_as_pattern=&#8221;without_pattern&#8221;][vc_column][vc_column_text]The Budapest History Museum Kiscelli Museum \u2013 Municipal Gallery will only lend works of art to institutions\/organisations that qualify as a transparent organisation according to article 3 (1) 1 of Act CXCVI of 2011.<\/p>\n<p>In order to be able to lend cultural assets, the Budapest History Museum Kiscelli Museum \u2013 Municipal Gallery requires a written contract of fixed duration.<\/p>\n<p>Prospective borrowers planning a loan request from the Budapest History Museum Kiscelli Museum \u2013 Municipal Gallery for a non-museum institution can do so by obtaining the preliminary agreement of the Minister of Culture. The issuance of the petition is the responsibility of the Budapest History Museum (lender). The borrowed cultural assets can only be shipped after the receipt of the permit.<br \/>\n[\/vc_column_text][vc_separator type=&#8221;transparent&#8221; up=&#8221;30&#8243; down=&#8221;15&#8243;][\/vc_column][\/vc_row][vc_row css_animation=&#8221;&#8221; row_type=&#8221;row&#8221; use_row_as_full_screen_section=&#8221;no&#8221; type=&#8221;grid&#8221; angled_section=&#8221;no&#8221; text_align=&#8221;left&#8221; background_image_as_pattern=&#8221;without_pattern&#8221;][vc_column width=&#8221;1\/4&#8243;][vc_column_text]<\/p>\n<h5>Submitting your formal loan request:<\/h5>\n<p>[\/vc_column_text][\/vc_column][vc_column width=&#8221;3\/4&#8243;][vc_column_text]1. The borrowing process starts with the issuance of the loan request (hereinafter: request).<\/p>\n<p>2. Requests need to be issued at least three months before the planned opening date of the exhibition.<\/p>\n<p>3. Requests need to be addressed to the director-general of the Budapest History Museum, written on stamped and dated letterhead paper and sent by post.<\/p>\n<p>4. The request must contain the following:<br \/>\n\u2022 identification data of the Borrower (name, address, registration number, person entitled to representation),<br \/>\n\u2022 name of the institution\/organisation at the premises of which the exhibition is to take place,<br \/>\n\u2022 the duration of the exhibition, in which the time of transportation of the work(s) of art from Lender to Borrower and the time of transportation back to Lender are also to be included,<br \/>\n\u2022 the title of the exhibition,<br \/>\n\u2022 specification of the art work or art works to be borrowed (artist, title, size, inventory number),<br \/>\n\u2022 designation of further potential locations,<br \/>\n\u2022 data of contact persons (name, position, email address, phone number).<\/p>\n<p>5. The request needs to be supplemented by the following attachments:<br \/>\n\u2022 description of the concept of the exhibition<br \/>\n\u2022 building security documentation of the institution\/organisation at the premises of which the exhibition is to take place.<\/p>\n<p>6. The Budapest History Museum Kiscelli Museum \u2013 Municipal Gallery is unable to fulfil loan requests after the specified deadline.[\/vc_column_text][vc_separator type=&#8221;transparent&#8221; up=&#8221;30&#8243; down=&#8221;15&#8243;][\/vc_column][\/vc_row][vc_row css_animation=&#8221;&#8221; row_type=&#8221;row&#8221; use_row_as_full_screen_section=&#8221;no&#8221; type=&#8221;grid&#8221; angled_section=&#8221;no&#8221; text_align=&#8221;left&#8221; background_image_as_pattern=&#8221;without_pattern&#8221;][vc_column width=&#8221;1\/4&#8243;][vc_column_text]<\/p>\n<h5>Loan request decisions:<\/h5>\n<p>[\/vc_column_text][\/vc_column][vc_column width=&#8221;3\/4&#8243;][vc_column_text]<\/p>\n<p class=\"text-1\">Loan requests are decided on by the director-general.<\/p>\n<p class=\"text-1\">The request will be refused if the Ministry of Human Resources does not give consent to lending to a domestic non-museum or to a foreign institution, if the aim of borrowing is not satisfactory, or if it is not seen as guaranteed that the cultural assets lent would be stored in appropriate conditions. The request may also be refused if the time available between the receipt of the request and the planned date of borrowing is shorter than prescribed or needed, or if the amount or the state of the material, or the other works carried out in the museum at the time do not make preparations for the loan possible.<\/p>\n<p>[\/vc_column_text][vc_separator type=&#8221;transparent&#8221; up=&#8221;30&#8243; down=&#8221;15&#8243;][\/vc_column][\/vc_row][vc_row css_animation=&#8221;&#8221; row_type=&#8221;row&#8221; use_row_as_full_screen_section=&#8221;no&#8221; type=&#8221;grid&#8221; angled_section=&#8221;no&#8221; text_align=&#8221;left&#8221; background_image_as_pattern=&#8221;without_pattern&#8221;][vc_column width=&#8221;1\/4&#8243;][vc_column_text]<\/p>\n<h5>Lending fees and financial assurances:<\/h5>\n<p>[\/vc_column_text][\/vc_column][vc_column width=&#8221;3\/4&#8243;][vc_column_text]1. Decree 29\/2014 (10 April) of the Ministry of Human Resources specifies that &#8220;lending of state owned cultural assets to museum institutions maintained by the state or by a municipality inside our borders is free of lending fees and financial assurances&#8221;. Under any other circumstances, the Budapest History Museum Kiscelli Museum \u2013 Municipal Gallery will determine a lending fee. In any case, the museum may be entitled to charge for additional costs related to the borrowing, such as packaging, shipping, transport, insurance or security.<\/p>\n<p>2. Compulsory financial assurances:<br \/>\n\u2022 If the borrower is a non-museum institution, financial assurances must be stipulated in accordance with the value of the cultural assets to be borrowed.<br \/>\n\u2022 The following can be accepted as financial assurances:<br \/>\n\u2022 an amount of money proportionate to the insurance value of the cultural assets, tied up and handled separately,<br \/>\n\u2022 guarantee or counter-guarantee for the exhibition received from the Minister for National Economy,<br \/>\n\u2022 if Borrower is not a publicly financed institution, guarantees or a guarantee contract as to any damages that might occur to the cultural assets,<br \/>\n\u2022 insurance contract or<br \/>\n\u2022 the provision of other contractual assurances.<\/p>\n<p>3. Exemption from lending fees and financial assurances:<br \/>\n\u2022 In the event of lending state owned cultural assets to museum institutions which do not fall inside the scope of point No. 2., and on a reasoned request of Borrower, the minister may grant exemption from the payment of lending fees and from financial assurances with regards to national interests.<br \/>\n\u2022 Exemption applications need to be submitted to the Museum Department of the Ministry of Human Resources before signing the lending agreement.[\/vc_column_text][vc_separator type=&#8221;transparent&#8221; up=&#8221;30&#8243; down=&#8221;15&#8243;][\/vc_column][\/vc_row][vc_row css_animation=&#8221;&#8221; row_type=&#8221;row&#8221; use_row_as_full_screen_section=&#8221;no&#8221; type=&#8221;grid&#8221; angled_section=&#8221;no&#8221; text_align=&#8221;left&#8221; background_image_as_pattern=&#8221;without_pattern&#8221;][vc_column width=&#8221;1\/4&#8243;][vc_column_text]<\/p>\n<h5>Other costs:<\/h5>\n<p>[\/vc_column_text][\/vc_column][vc_column width=&#8221;3\/4&#8243;][vc_column_text]<\/p>\n<p class=\"text-1\">Unless otherwise agreed between the parties, Borrower bears the following costs related to the lending:<br \/>\n\u2022 costs of conservation of the cultural assets (making sure cultural assets are in a suitable shape to be exhibited, restauration or framing if needed),<br \/>\n\u2022 costs relating to the safety of the cultural assets (escort by a museologist, or police or other armed escort) and<br \/>\n\u2022 costs of administration relating to the lending, including postal charges and the cost of printing and photocopying.<\/p>\n<p>[\/vc_column_text][vc_separator type=&#8221;transparent&#8221; up=&#8221;30&#8243; down=&#8221;15&#8243;][\/vc_column][\/vc_row][vc_row css_animation=&#8221;&#8221; row_type=&#8221;row&#8221; use_row_as_full_screen_section=&#8221;no&#8221; type=&#8221;grid&#8221; angled_section=&#8221;no&#8221; text_align=&#8221;left&#8221; background_image_as_pattern=&#8221;without_pattern&#8221;][vc_column width=&#8221;1\/4&#8243;][vc_column_text]<\/p>\n<h5>Applicable legislation:<\/h5>\n<p>[\/vc_column_text][\/vc_column][vc_column width=&#8221;3\/4&#8243;][vc_column_text]1. Act CXL of 1997 on museum institutions, public library services and cultural education<br \/>\n2. Government decree No. 377\/2017 (11 December) on lending fees payable for cultural assets overseen by museum institutions and on the designation procedure[\/vc_column_text][vc_separator type=&#8221;transparent&#8221; up=&#8221;30&#8243; down=&#8221;30&#8243;][\/vc_column][\/vc_row]<\/p>\n","protected":false},"excerpt":{"rendered":"<p>[vc_row css_animation=&#8221;&#8221; row_type=&#8221;row&#8221; use_row_as_full_screen_section=&#8221;no&#8221; type=&#8221;full_width&#8221; angled_section=&#8221;no&#8221; text_align=&#8221;left&#8221; background_image_as_pattern=&#8221;without_pattern&#8221;][vc_column][vc_separator type=&#8221;transparent&#8221; up=&#8221;35&#8243;][\/vc_column][\/vc_row][vc_row css_animation=&#8221;&#8221; row_type=&#8221;row&#8221; use_row_as_full_screen_section=&#8221;no&#8221; type=&#8221;grid&#8221; angled_section=&#8221;no&#8221; text_align=&#8221;left&#8221; background_image_as_pattern=&#8221;without_pattern&#8221;][vc_column][vc_column_text]The Budapest History Museum Kiscelli Museum \u2013 Municipal Gallery will only lend works of art to institutions\/organisations that qualify as a transparent organisation according to article 3 (1) 1&#8230;<\/p>\n","protected":false},"author":5,"featured_media":0,"parent":0,"menu_order":0,"comment_status":"closed","ping_status":"closed","template":"full_width.php","meta":[],"yoast_head":"<!-- This site is optimized with the Yoast SEO plugin v16.8 - https:\/\/yoast.com\/wordpress\/plugins\/seo\/ -->\n<title>The loans process of the Budapest History Museum Kiscelli Museum \u2013 Municipal Gallery - F\u0151v\u00e1rosi K\u00e9pt\u00e1r<\/title>\n<meta name=\"robots\" content=\"index, follow, max-snippet:-1, max-image-preview:large, max-video-preview:-1\" \/>\n<link rel=\"canonical\" href=\"https:\/\/fovarosikeptar.hu\/en\/the-loans-process\/\" \/>\n<meta property=\"og:locale\" content=\"en_US\" \/>\n<meta property=\"og:type\" content=\"article\" \/>\n<meta property=\"og:title\" content=\"The loans process of the Budapest History Museum Kiscelli Museum \u2013 Municipal Gallery - F\u0151v\u00e1rosi K\u00e9pt\u00e1r\" \/>\n<meta property=\"og:description\" content=\"[vc_row css_animation=&#8221;&#8221; row_type=&#8221;row&#8221; use_row_as_full_screen_section=&#8221;no&#8221; type=&#8221;full_width&#8221; angled_section=&#8221;no&#8221; text_align=&#8221;left&#8221; background_image_as_pattern=&#8221;without_pattern&#8221;][vc_column][vc_separator type=&#8221;transparent&#8221; up=&#8221;35&#8243;][\/vc_column][\/vc_row][vc_row css_animation=&#8221;&#8221; row_type=&#8221;row&#8221; use_row_as_full_screen_section=&#8221;no&#8221; type=&#8221;grid&#8221; angled_section=&#8221;no&#8221; text_align=&#8221;left&#8221; background_image_as_pattern=&#8221;without_pattern&#8221;][vc_column][vc_column_text]The Budapest History Museum Kiscelli Museum \u2013 Municipal Gallery will only lend works of art to institutions\/organisations that qualify as a transparent organisation according to article 3 (1) 1...\" \/>\n<meta property=\"og:url\" content=\"https:\/\/fovarosikeptar.hu\/en\/the-loans-process\/\" \/>\n<meta property=\"og:site_name\" content=\"F\u0151v\u00e1rosi K\u00e9pt\u00e1r\" \/>\n<meta property=\"article:modified_time\" content=\"2023-02-22T14:09:48+00:00\" \/>\n<meta name=\"twitter:card\" content=\"summary_large_image\" \/>\n<meta name=\"twitter:label1\" content=\"Est. reading time\" \/>\n\t<meta name=\"twitter:data1\" content=\"5 minutes\" \/>\n<script type=\"application\/ld+json\" class=\"yoast-schema-graph\">{\"@context\":\"https:\/\/schema.org\",\"@graph\":[{\"@type\":\"WebSite\",\"@id\":\"https:\/\/fovarosikeptar.hu\/#website\",\"url\":\"https:\/\/fovarosikeptar.hu\/\",\"name\":\"F\\u0151v\\u00e1rosi K\\u00e9pt\\u00e1r\",\"description\":\"Kiscelli M\\u00fazeum\",\"potentialAction\":[{\"@type\":\"SearchAction\",\"target\":{\"@type\":\"EntryPoint\",\"urlTemplate\":\"https:\/\/fovarosikeptar.hu\/?s={search_term_string}\"},\"query-input\":\"required name=search_term_string\"}],\"inLanguage\":\"en-US\"},{\"@type\":\"WebPage\",\"@id\":\"https:\/\/fovarosikeptar.hu\/en\/the-loans-process\/#webpage\",\"url\":\"https:\/\/fovarosikeptar.hu\/en\/the-loans-process\/\",\"name\":\"The loans process of the Budapest History Museum Kiscelli Museum \\u2013 Municipal Gallery - F\\u0151v\\u00e1rosi K\\u00e9pt\\u00e1r\",\"isPartOf\":{\"@id\":\"https:\/\/fovarosikeptar.hu\/#website\"},\"datePublished\":\"2021-05-06T11:08:04+00:00\",\"dateModified\":\"2023-02-22T14:09:48+00:00\",\"breadcrumb\":{\"@id\":\"https:\/\/fovarosikeptar.hu\/en\/the-loans-process\/#breadcrumb\"},\"inLanguage\":\"en-US\",\"potentialAction\":[{\"@type\":\"ReadAction\",\"target\":[\"https:\/\/fovarosikeptar.hu\/en\/the-loans-process\/\"]}]},{\"@type\":\"BreadcrumbList\",\"@id\":\"https:\/\/fovarosikeptar.hu\/en\/the-loans-process\/#breadcrumb\",\"itemListElement\":[{\"@type\":\"ListItem\",\"position\":1,\"name\":\"Home\",\"item\":\"https:\/\/fovarosikeptar.hu\/en\/\"},{\"@type\":\"ListItem\",\"position\":2,\"name\":\"The loans process of the Budapest History Museum Kiscelli Museum \\u2013 Municipal Gallery\"}]}]}<\/script>\n<!-- \/ Yoast SEO plugin. -->","yoast_head_json":{"title":"The loans process of the Budapest History Museum Kiscelli Museum \u2013 Municipal Gallery - F\u0151v\u00e1rosi K\u00e9pt\u00e1r","robots":{"index":"index","follow":"follow","max-snippet":"max-snippet:-1","max-image-preview":"max-image-preview:large","max-video-preview":"max-video-preview:-1"},"canonical":"https:\/\/fovarosikeptar.hu\/en\/the-loans-process\/","og_locale":"en_US","og_type":"article","og_title":"The loans process of the Budapest History Museum Kiscelli Museum \u2013 Municipal Gallery - F\u0151v\u00e1rosi K\u00e9pt\u00e1r","og_description":"[vc_row css_animation=&#8221;&#8221; row_type=&#8221;row&#8221; use_row_as_full_screen_section=&#8221;no&#8221; type=&#8221;full_width&#8221; angled_section=&#8221;no&#8221; text_align=&#8221;left&#8221; background_image_as_pattern=&#8221;without_pattern&#8221;][vc_column][vc_separator type=&#8221;transparent&#8221; up=&#8221;35&#8243;][\/vc_column][\/vc_row][vc_row css_animation=&#8221;&#8221; row_type=&#8221;row&#8221; use_row_as_full_screen_section=&#8221;no&#8221; type=&#8221;grid&#8221; angled_section=&#8221;no&#8221; text_align=&#8221;left&#8221; background_image_as_pattern=&#8221;without_pattern&#8221;][vc_column][vc_column_text]The Budapest History Museum Kiscelli Museum \u2013 Municipal Gallery will only lend works of art to institutions\/organisations that qualify as a transparent organisation according to article 3 (1) 1...","og_url":"https:\/\/fovarosikeptar.hu\/en\/the-loans-process\/","og_site_name":"F\u0151v\u00e1rosi K\u00e9pt\u00e1r","article_modified_time":"2023-02-22T14:09:48+00:00","twitter_card":"summary_large_image","twitter_misc":{"Est. reading time":"5 minutes"},"schema":{"@context":"https:\/\/schema.org","@graph":[{"@type":"WebSite","@id":"https:\/\/fovarosikeptar.hu\/#website","url":"https:\/\/fovarosikeptar.hu\/","name":"F\u0151v\u00e1rosi K\u00e9pt\u00e1r","description":"Kiscelli M\u00fazeum","potentialAction":[{"@type":"SearchAction","target":{"@type":"EntryPoint","urlTemplate":"https:\/\/fovarosikeptar.hu\/?s={search_term_string}"},"query-input":"required name=search_term_string"}],"inLanguage":"en-US"},{"@type":"WebPage","@id":"https:\/\/fovarosikeptar.hu\/en\/the-loans-process\/#webpage","url":"https:\/\/fovarosikeptar.hu\/en\/the-loans-process\/","name":"The loans process of the Budapest History Museum Kiscelli Museum \u2013 Municipal Gallery - F\u0151v\u00e1rosi K\u00e9pt\u00e1r","isPartOf":{"@id":"https:\/\/fovarosikeptar.hu\/#website"},"datePublished":"2021-05-06T11:08:04+00:00","dateModified":"2023-02-22T14:09:48+00:00","breadcrumb":{"@id":"https:\/\/fovarosikeptar.hu\/en\/the-loans-process\/#breadcrumb"},"inLanguage":"en-US","potentialAction":[{"@type":"ReadAction","target":["https:\/\/fovarosikeptar.hu\/en\/the-loans-process\/"]}]},{"@type":"BreadcrumbList","@id":"https:\/\/fovarosikeptar.hu\/en\/the-loans-process\/#breadcrumb","itemListElement":[{"@type":"ListItem","position":1,"name":"Home","item":"https:\/\/fovarosikeptar.hu\/en\/"},{"@type":"ListItem","position":2,"name":"The loans process of the Budapest History Museum Kiscelli Museum \u2013 Municipal Gallery"}]}]}},"_links":{"self":[{"href":"https:\/\/fovarosikeptar.hu\/en\/wp-json\/wp\/v2\/pages\/22021"}],"collection":[{"href":"https:\/\/fovarosikeptar.hu\/en\/wp-json\/wp\/v2\/pages"}],"about":[{"href":"https:\/\/fovarosikeptar.hu\/en\/wp-json\/wp\/v2\/types\/page"}],"author":[{"embeddable":true,"href":"https:\/\/fovarosikeptar.hu\/en\/wp-json\/wp\/v2\/users\/5"}],"replies":[{"embeddable":true,"href":"https:\/\/fovarosikeptar.hu\/en\/wp-json\/wp\/v2\/comments?post=22021"}],"version-history":[{"count":3,"href":"https:\/\/fovarosikeptar.hu\/en\/wp-json\/wp\/v2\/pages\/22021\/revisions"}],"predecessor-version":[{"id":22799,"href":"https:\/\/fovarosikeptar.hu\/en\/wp-json\/wp\/v2\/pages\/22021\/revisions\/22799"}],"wp:attachment":[{"href":"https:\/\/fovarosikeptar.hu\/en\/wp-json\/wp\/v2\/media?parent=22021"}],"curies":[{"name":"wp","href":"https:\/\/api.w.org\/{rel}","templated":true}]}}