{"id":22029,"date":"2021-05-23T15:19:38","date_gmt":"2021-05-23T15:19:38","guid":{"rendered":"https:\/\/fovarosikeptar.hu\/kutatas\/"},"modified":"2025-09-03T10:30:45","modified_gmt":"2025-09-03T10:30:45","slug":"research-opportunities","status":"publish","type":"page","link":"https:\/\/fovarosikeptar.hu\/en\/research-opportunities\/","title":{"rendered":"Research opportunities"},"content":{"rendered":"<p>[vc_row css_animation=&#8221;&#8221; row_type=&#8221;row&#8221; use_row_as_full_screen_section=&#8221;no&#8221; type=&#8221;full_width&#8221; angled_section=&#8221;no&#8221; text_align=&#8221;left&#8221; background_image_as_pattern=&#8221;without_pattern&#8221;][vc_column][vc_separator type=&#8221;transparent&#8221; up=&#8221;35&#8243;][\/vc_column][\/vc_row][vc_row css_animation=&#8221;&#8221; row_type=&#8221;row&#8221; use_row_as_full_screen_section=&#8221;no&#8221; type=&#8221;grid&#8221; angled_section=&#8221;no&#8221; text_align=&#8221;left&#8221; background_image_as_pattern=&#8221;without_pattern&#8221;][vc_column width=&#8221;1\/4&#8243;][vc_column_text]<\/p>\n<h5>Research may be carried out in the collections of our museum according to the following:<\/h5>\n<p>[\/vc_column_text][\/vc_column][vc_column width=&#8221;3\/4&#8243;][vc_column_text]<\/p>\n<p class=\"text-1\">If you wish to carry out research in the painting, graphic art, sculpture, engraving or medal collection, please send a letter to fovarosi_keptar@btm.hu, indicating the subject matter of the research, then settle a suitable time either by email or over the phone.<\/p>\n<p>Research is free of charge.[\/vc_column_text][vc_separator type=&#8221;transparent&#8221; up=&#8221;30&#8243; down=&#8221;15&#8243;][\/vc_column][\/vc_row][vc_row css_animation=&#8221;&#8221; row_type=&#8221;row&#8221; use_row_as_full_screen_section=&#8221;no&#8221; type=&#8221;grid&#8221; angled_section=&#8221;no&#8221; text_align=&#8221;left&#8221; background_image_as_pattern=&#8221;without_pattern&#8221;][vc_column width=&#8221;1\/4&#8243;][vc_column_text]<\/p>\n<h5>Our collections and the contacts of our custodians:<\/h5>\n<p>[\/vc_column_text][\/vc_column][vc_column width=&#8221;3\/4&#8243;][vc_column_text]<\/p>\n<p class=\"text-1\">Painting Collection: Eszter Moln\u00e1rn\u00e9 Acz\u00e9l, <a href=\"mailto:aczel.eszter@btm.hu\">aczel.eszter@btm.hu<\/a> and L\u00edvia P\u00e1ldi, <a href=\"mailto:livia.paldi@gmail.com\">livia.paldi@gmail.com<\/a><br \/>\nGraphic Art Collection: Anik\u00f3 B. Nagy, <a href=\"mailto:bnagya@gmail.com\">bnagya@gmail.com<\/a> and Blanka F\u00e1bi\u00e1n, <a href=\"mailto:fabian.blanka@btm.hu\">fabian.blanka@btm.hu<\/a><br \/>\nSculpture Collection: Blanka F\u00e1bi\u00e1n, <a href=\"mailto:fabian.blanka@btm.hu\">fabian.blanka@btm.hu<\/a><br \/>\nEngraving Collection: B. Nagy Anik\u00f3, <a href=\"mailto:bnagya@gmail.com\">bnagya@gmail.com\u00a0<\/a><br \/>\nMedal Collection: Blanka F\u00e1bi\u00e1n, <a href=\"mailto:fabian.blanka@btm.hu\">fabian.blanka@btm.hu<\/a><br \/>\nCollection Manager: P\u00e9ter K\u00f6bl\u00f6s, <a href=\"mailto:koblos.peter@btm.hu\">koblos.peter@btm.hu<\/a><\/p>\n<p>[\/vc_column_text][vc_separator type=&#8221;transparent&#8221; up=&#8221;30&#8243; down=&#8221;30&#8243;][\/vc_column][\/vc_row]<\/p>\n","protected":false},"excerpt":{"rendered":"<p>[vc_row css_animation=&#8221;&#8221; row_type=&#8221;row&#8221; use_row_as_full_screen_section=&#8221;no&#8221; type=&#8221;full_width&#8221; angled_section=&#8221;no&#8221; text_align=&#8221;left&#8221; background_image_as_pattern=&#8221;without_pattern&#8221;][vc_column][vc_separator type=&#8221;transparent&#8221; up=&#8221;35&#8243;][\/vc_column][\/vc_row][vc_row css_animation=&#8221;&#8221; row_type=&#8221;row&#8221; use_row_as_full_screen_section=&#8221;no&#8221; type=&#8221;grid&#8221; angled_section=&#8221;no&#8221; text_align=&#8221;left&#8221; background_image_as_pattern=&#8221;without_pattern&#8221;][vc_column width=&#8221;1\/4&#8243;][vc_column_text] Research may be carried out in the collections of our museum according to the following: [\/vc_column_text][\/vc_column][vc_column width=&#8221;3\/4&#8243;][vc_column_text] If you wish to carry out research in the painting,&#8230;<\/p>\n","protected":false},"author":5,"featured_media":0,"parent":0,"menu_order":0,"comment_status":"closed","ping_status":"closed","template":"full_width.php","meta":[],"yoast_head":"<!-- This site is optimized with the Yoast SEO plugin v16.8 - https:\/\/yoast.com\/wordpress\/plugins\/seo\/ -->\n<title>Research opportunities - F\u0151v\u00e1rosi K\u00e9pt\u00e1r<\/title>\n<meta name=\"robots\" content=\"index, follow, max-snippet:-1, max-image-preview:large, max-video-preview:-1\" \/>\n<link rel=\"canonical\" href=\"https:\/\/fovarosikeptar.hu\/en\/research-opportunities\/\" \/>\n<meta property=\"og:locale\" content=\"en_US\" \/>\n<meta property=\"og:type\" content=\"article\" \/>\n<meta property=\"og:title\" content=\"Research opportunities - F\u0151v\u00e1rosi K\u00e9pt\u00e1r\" \/>\n<meta property=\"og:description\" content=\"[vc_row css_animation=&#8221;&#8221; row_type=&#8221;row&#8221; use_row_as_full_screen_section=&#8221;no&#8221; type=&#8221;full_width&#8221; angled_section=&#8221;no&#8221; text_align=&#8221;left&#8221; background_image_as_pattern=&#8221;without_pattern&#8221;][vc_column][vc_separator type=&#8221;transparent&#8221; up=&#8221;35&#8243;][\/vc_column][\/vc_row][vc_row css_animation=&#8221;&#8221; row_type=&#8221;row&#8221; use_row_as_full_screen_section=&#8221;no&#8221; type=&#8221;grid&#8221; angled_section=&#8221;no&#8221; text_align=&#8221;left&#8221; background_image_as_pattern=&#8221;without_pattern&#8221;][vc_column width=&#8221;1\/4&#8243;][vc_column_text] Research may be carried out in the collections of our museum according to the following: [\/vc_column_text][\/vc_column][vc_column width=&#8221;3\/4&#8243;][vc_column_text] If you wish to carry out research in the painting,...\" \/>\n<meta property=\"og:url\" content=\"https:\/\/fovarosikeptar.hu\/en\/research-opportunities\/\" \/>\n<meta property=\"og:site_name\" content=\"F\u0151v\u00e1rosi K\u00e9pt\u00e1r\" \/>\n<meta property=\"article:modified_time\" content=\"2025-09-03T10:30:45+00:00\" \/>\n<meta name=\"twitter:card\" content=\"summary_large_image\" \/>\n<meta name=\"twitter:label1\" content=\"Est. reading time\" \/>\n\t<meta name=\"twitter:data1\" content=\"1 minute\" \/>\n<script type=\"application\/ld+json\" class=\"yoast-schema-graph\">{\"@context\":\"https:\/\/schema.org\",\"@graph\":[{\"@type\":\"WebSite\",\"@id\":\"https:\/\/fovarosikeptar.hu\/#website\",\"url\":\"https:\/\/fovarosikeptar.hu\/\",\"name\":\"F\\u0151v\\u00e1rosi K\\u00e9pt\\u00e1r\",\"description\":\"Kiscelli M\\u00fazeum\",\"potentialAction\":[{\"@type\":\"SearchAction\",\"target\":{\"@type\":\"EntryPoint\",\"urlTemplate\":\"https:\/\/fovarosikeptar.hu\/?s={search_term_string}\"},\"query-input\":\"required name=search_term_string\"}],\"inLanguage\":\"en-US\"},{\"@type\":\"WebPage\",\"@id\":\"https:\/\/fovarosikeptar.hu\/en\/research-opportunities\/#webpage\",\"url\":\"https:\/\/fovarosikeptar.hu\/en\/research-opportunities\/\",\"name\":\"Research opportunities - F\\u0151v\\u00e1rosi K\\u00e9pt\\u00e1r\",\"isPartOf\":{\"@id\":\"https:\/\/fovarosikeptar.hu\/#website\"},\"datePublished\":\"2021-05-23T15:19:38+00:00\",\"dateModified\":\"2025-09-03T10:30:45+00:00\",\"breadcrumb\":{\"@id\":\"https:\/\/fovarosikeptar.hu\/en\/research-opportunities\/#breadcrumb\"},\"inLanguage\":\"en-US\",\"potentialAction\":[{\"@type\":\"ReadAction\",\"target\":[\"https:\/\/fovarosikeptar.hu\/en\/research-opportunities\/\"]}]},{\"@type\":\"BreadcrumbList\",\"@id\":\"https:\/\/fovarosikeptar.hu\/en\/research-opportunities\/#breadcrumb\",\"itemListElement\":[{\"@type\":\"ListItem\",\"position\":1,\"name\":\"Home\",\"item\":\"https:\/\/fovarosikeptar.hu\/en\/\"},{\"@type\":\"ListItem\",\"position\":2,\"name\":\"Research opportunities\"}]}]}<\/script>\n<!-- \/ Yoast SEO plugin. -->","yoast_head_json":{"title":"Research opportunities - F\u0151v\u00e1rosi K\u00e9pt\u00e1r","robots":{"index":"index","follow":"follow","max-snippet":"max-snippet:-1","max-image-preview":"max-image-preview:large","max-video-preview":"max-video-preview:-1"},"canonical":"https:\/\/fovarosikeptar.hu\/en\/research-opportunities\/","og_locale":"en_US","og_type":"article","og_title":"Research opportunities - F\u0151v\u00e1rosi K\u00e9pt\u00e1r","og_description":"[vc_row css_animation=&#8221;&#8221; row_type=&#8221;row&#8221; use_row_as_full_screen_section=&#8221;no&#8221; type=&#8221;full_width&#8221; angled_section=&#8221;no&#8221; text_align=&#8221;left&#8221; background_image_as_pattern=&#8221;without_pattern&#8221;][vc_column][vc_separator type=&#8221;transparent&#8221; up=&#8221;35&#8243;][\/vc_column][\/vc_row][vc_row css_animation=&#8221;&#8221; row_type=&#8221;row&#8221; use_row_as_full_screen_section=&#8221;no&#8221; type=&#8221;grid&#8221; angled_section=&#8221;no&#8221; text_align=&#8221;left&#8221; background_image_as_pattern=&#8221;without_pattern&#8221;][vc_column width=&#8221;1\/4&#8243;][vc_column_text] Research may be carried out in the collections of our museum according to the following: [\/vc_column_text][\/vc_column][vc_column width=&#8221;3\/4&#8243;][vc_column_text] If you wish to carry out research in the painting,...","og_url":"https:\/\/fovarosikeptar.hu\/en\/research-opportunities\/","og_site_name":"F\u0151v\u00e1rosi K\u00e9pt\u00e1r","article_modified_time":"2025-09-03T10:30:45+00:00","twitter_card":"summary_large_image","twitter_misc":{"Est. reading time":"1 minute"},"schema":{"@context":"https:\/\/schema.org","@graph":[{"@type":"WebSite","@id":"https:\/\/fovarosikeptar.hu\/#website","url":"https:\/\/fovarosikeptar.hu\/","name":"F\u0151v\u00e1rosi K\u00e9pt\u00e1r","description":"Kiscelli M\u00fazeum","potentialAction":[{"@type":"SearchAction","target":{"@type":"EntryPoint","urlTemplate":"https:\/\/fovarosikeptar.hu\/?s={search_term_string}"},"query-input":"required name=search_term_string"}],"inLanguage":"en-US"},{"@type":"WebPage","@id":"https:\/\/fovarosikeptar.hu\/en\/research-opportunities\/#webpage","url":"https:\/\/fovarosikeptar.hu\/en\/research-opportunities\/","name":"Research opportunities - F\u0151v\u00e1rosi K\u00e9pt\u00e1r","isPartOf":{"@id":"https:\/\/fovarosikeptar.hu\/#website"},"datePublished":"2021-05-23T15:19:38+00:00","dateModified":"2025-09-03T10:30:45+00:00","breadcrumb":{"@id":"https:\/\/fovarosikeptar.hu\/en\/research-opportunities\/#breadcrumb"},"inLanguage":"en-US","potentialAction":[{"@type":"ReadAction","target":["https:\/\/fovarosikeptar.hu\/en\/research-opportunities\/"]}]},{"@type":"BreadcrumbList","@id":"https:\/\/fovarosikeptar.hu\/en\/research-opportunities\/#breadcrumb","itemListElement":[{"@type":"ListItem","position":1,"name":"Home","item":"https:\/\/fovarosikeptar.hu\/en\/"},{"@type":"ListItem","position":2,"name":"Research opportunities"}]}]}},"_links":{"self":[{"href":"https:\/\/fovarosikeptar.hu\/en\/wp-json\/wp\/v2\/pages\/22029"}],"collection":[{"href":"https:\/\/fovarosikeptar.hu\/en\/wp-json\/wp\/v2\/pages"}],"about":[{"href":"https:\/\/fovarosikeptar.hu\/en\/wp-json\/wp\/v2\/types\/page"}],"author":[{"embeddable":true,"href":"https:\/\/fovarosikeptar.hu\/en\/wp-json\/wp\/v2\/users\/5"}],"replies":[{"embeddable":true,"href":"https:\/\/fovarosikeptar.hu\/en\/wp-json\/wp\/v2\/comments?post=22029"}],"version-history":[{"count":6,"href":"https:\/\/fovarosikeptar.hu\/en\/wp-json\/wp\/v2\/pages\/22029\/revisions"}],"predecessor-version":[{"id":24688,"href":"https:\/\/fovarosikeptar.hu\/en\/wp-json\/wp\/v2\/pages\/22029\/revisions\/24688"}],"wp:attachment":[{"href":"https:\/\/fovarosikeptar.hu\/en\/wp-json\/wp\/v2\/media?parent=22029"}],"curies":[{"name":"wp","href":"https:\/\/api.w.org\/{rel}","templated":true}]}}