{"id":22541,"date":"2022-12-02T11:55:57","date_gmt":"2022-12-02T11:55:57","guid":{"rendered":"https:\/\/fovarosikeptar.hu\/?page_id=22541"},"modified":"2022-12-02T11:55:57","modified_gmt":"2022-12-02T11:55:57","slug":"the-wall-is-shifting-the-works-of-istvan-macsai","status":"publish","type":"page","link":"https:\/\/fovarosikeptar.hu\/en\/the-wall-is-shifting-the-works-of-istvan-macsai\/","title":{"rendered":"The Wall is Shifting \u2013 The Works of Istv\u00e1n M\u00e1csai"},"content":{"rendered":"<p>[vc_row css_animation=&#8221;&#8221; row_type=&#8221;row&#8221; use_row_as_full_screen_section=&#8221;no&#8221; type=&#8221;full_width&#8221; angled_section=&#8221;no&#8221; text_align=&#8221;left&#8221; background_image_as_pattern=&#8221;without_pattern&#8221;][vc_column][vc_column_text]<\/p>\n<h2 class=\"muvesz-m\">The Wall is Shifting \u2013 The Works of Istv\u00e1n M\u00e1csai<\/h2>\n<p class=\"datum-r\" style=\"margin-top: 15px;\">The Exhibition is open to the public until<br \/>\n2 April 2023, Tuesdays to Sundays from 10:00 a.m. to 6:00 p.m.<\/p>\n<p class=\"curator\">Curator: Anik\u00f3 B. Nagy<\/p>\n<p>[\/vc_column_text][vc_separator type=&#8221;transparent&#8221; up=&#8221;20&#8243; down=&#8221;25&#8243;][\/vc_column][\/vc_row][vc_row css_animation=&#8221;&#8221; row_type=&#8221;row&#8221; use_row_as_full_screen_section=&#8221;no&#8221; type=&#8221;full_width&#8221; angled_section=&#8221;no&#8221; text_align=&#8221;left&#8221; background_image_as_pattern=&#8221;without_pattern&#8221;][vc_column width=&#8221;1\/4&#8243;][\/vc_column][vc_column width=&#8221;3\/4&#8243;][vc_single_image image=&#8221;22520&#8243; img_size=&#8221;medium&#8221; alignment=&#8221;center&#8221; qode_css_animation=&#8221;&#8221; el_class=&#8221;nagyitas&#8221;][vc_column_text]<\/p>\n<p class=\"kepalairas-1\" style=\"text-align: center;\">Woman with Red Hat, early 1960s<\/p>\n<p class=\"kepalairas-1\" style=\"text-align: center;\">oil on fibreboard, 56,5 x 40 cm<\/p>\n<p class=\"kepalairas-1\" style=\"text-align: center;\">private collection<\/p>\n<p>[\/vc_column_text][vc_separator type=&#8221;transparent&#8221; up=&#8221;20&#8243; down=&#8221;25&#8243;][vc_column_text]Istv\u00e1n M\u00e1csai, who was born a hundred years ago, had an extensive oeuvre rich in artworks and extensive in terms of both genre and time, spanning a long period that finished in 2005 \u2013 since then his name has been surrounded by a kind of perplexity despite occasional waves of attention from time to time. The reception M\u00e1csai gained was controversial and divided from the beginning. Regularly shown in solo and group exhibitions since the early 1950s, present in the professional public sphere, and highly regarded in public sales and the art trade, the painter not just dropped out of the professional canon (both the contemporaneous and subsequently constructed canons), but was virtually absent from it. [\/vc_column_text][vc_separator type=&#8221;transparent&#8221; up=&#8221;20&#8243; down=&#8221;25&#8243;][vc_single_image image=&#8221;22503&#8243; img_size=&#8221;medium&#8221; alignment=&#8221;center&#8221; qode_css_animation=&#8221;&#8221; el_class=&#8221;nagyitas&#8221;][vc_column_text]<\/p>\n<p class=\"kepalairas-1\" style=\"text-align: center;\">Death in Pest, 1978<\/p>\n<p class=\"kepalairas-1\" style=\"text-align: center;\">oil on fibreboard, 60 x 100 cm<\/p>\n<p class=\"kepalairas-1\" style=\"text-align: center;\">BTM Museum Kiscell \u2013 Municipal Gallery<\/p>\n<p>[\/vc_column_text][vc_separator type=&#8221;transparent&#8221; up=&#8221;20&#8243; down=&#8221;25&#8243;][vc_column_text]The professional debates that have repeatedly flared up in connection with his paintings suggest that his hidden career, which spanned from the 1950s to the 2000s, awaits a clear overview and summary. The time for a thorough reading and a critical approach, we believe, has come. Although M\u00e1csai was averse to theoretical views of his paintings from beyond the pictorial practice, his oeuvre has been dealt with in an art-historical and curatorial aspect, with the contribution of his successors. Istv\u00e1n M\u00e1csai was not only a painter, but also a notable amateur filmmaker and photographer. The thousands of photographs that survive in his estate, the dozens of eight-millimetre film sequences, together with the bundles of diaries written with varying intensity over his life are not simply research points, but open up new passages, both in his oeuvre and in our knowledge of the era. The visual and written forms are the overlapping imprints of autonomous representations, the texts of a manic gaze.[\/vc_column_text][vc_separator type=&#8221;transparent&#8221; up=&#8221;20&#8243; down=&#8221;25&#8243;][vc_single_image image=&#8221;22506&#8243; img_size=&#8221;medium&#8221; alignment=&#8221;center&#8221; qode_css_animation=&#8221;&#8221; el_class=&#8221;nagyitas&#8221;][vc_column_text]<\/p>\n<p class=\"kepalairas-1\" style=\"text-align: center;\">Urban Youth, 1965<\/p>\n<p class=\"kepalairas-1\" style=\"text-align: center;\">oil on fibreboard, 90 x 120 cm<\/p>\n<p class=\"kepalairas-1\" style=\"text-align: center;\">BTM Museum Kiscell \u2013 Municipal Gallery<\/p>\n<p>[\/vc_column_text][vc_separator type=&#8221;transparent&#8221; up=&#8221;20&#8243; down=&#8221;25&#8243;][vc_column_text]The title of our exhibition refers in part to the oeuvre we intend to shift from invisibility to centre stage, and in part to the walls actually shifting in the Templespace. The installation, designed by Botond Devich, moves to a beat and rhymes the works and documents in polyphonic shapes through changing formations of meeting, approaching and moving away. Themes of the city and modernity with traditional role stylisations and motifs of disenchantment and the lack of professional resonance with commercial art success are arranged in shifting ensembles in multiple interpretative webs. In configurations that converge and then diverge, former criticism is juxtaposed with works that have since been shown in a different light, and the personal contours of the nude series and the models are superimposed onto each other in paintings, photographs and films. The wall shifts dramatise the cross-referential threads and also provide an opportunity to speak from multiple perspectives about the chronic flux of the painter\u2019s self-image that runs through the oeuvre, not only in the repetitive threads of the diaries, but also in the series of hidden self-portraits.[\/vc_column_text][vc_separator type=&#8221;transparent&#8221; up=&#8221;20&#8243; down=&#8221;25&#8243;][vc_single_image image=&#8221;22509&#8243; img_size=&#8221;medium&#8221; alignment=&#8221;center&#8221; qode_css_animation=&#8221;&#8221; el_class=&#8221;nagyitas&#8221;][vc_column_text]<\/p>\n<p class=\"kepalairas-1\" style=\"text-align: center;\">Kitchen Sink with Chicken, 1960<\/p>\n<p class=\"kepalairas-1\" style=\"text-align: center;\">oil on canvas, 80 x 60 cm<\/p>\n<p class=\"kepalairas-1\" style=\"text-align: center;\">private collection<\/p>\n<p>[\/vc_column_text][vc_separator type=&#8221;transparent&#8221; up=&#8221;20&#8243; down=&#8221;25&#8243;][vc_column_text]Rather than a purely qualitative, canonical approach focusing on major works, we have attempted a multi-faceted presentation of the oeuvre. Our intention is not to judge, but to interpret and provide reference points \u2013 to build parallel narratives and contexts and make them seen.[\/vc_column_text][vc_separator type=&#8221;transparent&#8221; up=&#8221;20&#8243; down=&#8221;25&#8243;][\/vc_column][\/vc_row]<\/p>\n","protected":false},"excerpt":{"rendered":"<p>[vc_row css_animation=&#8221;&#8221; row_type=&#8221;row&#8221; use_row_as_full_screen_section=&#8221;no&#8221; type=&#8221;full_width&#8221; angled_section=&#8221;no&#8221; text_align=&#8221;left&#8221; background_image_as_pattern=&#8221;without_pattern&#8221;][vc_column][vc_column_text] The Wall is Shifting \u2013 The Works of Istv\u00e1n M\u00e1csai The Exhibition is open to the public until 2 April 2023, Tuesdays to Sundays from 10:00 a.m. to 6:00 p.m. Curator: Anik\u00f3 B. Nagy [\/vc_column_text][vc_separator type=&#8221;transparent&#8221; up=&#8221;20&#8243;&#8230;<\/p>\n","protected":false},"author":7,"featured_media":0,"parent":0,"menu_order":0,"comment_status":"closed","ping_status":"closed","template":"","meta":[],"yoast_head":"<!-- This site is optimized with the Yoast SEO plugin v16.8 - https:\/\/yoast.com\/wordpress\/plugins\/seo\/ -->\n<title>The Wall is Shifting \u2013 The Works of Istv\u00e1n M\u00e1csai - F\u0151v\u00e1rosi K\u00e9pt\u00e1r<\/title>\n<meta name=\"robots\" content=\"index, follow, max-snippet:-1, max-image-preview:large, max-video-preview:-1\" \/>\n<link rel=\"canonical\" href=\"https:\/\/fovarosikeptar.hu\/en\/the-wall-is-shifting-the-works-of-istvan-macsai\/\" \/>\n<meta property=\"og:locale\" content=\"en_US\" \/>\n<meta property=\"og:type\" content=\"article\" \/>\n<meta property=\"og:title\" content=\"The Wall is Shifting \u2013 The Works of Istv\u00e1n M\u00e1csai - F\u0151v\u00e1rosi K\u00e9pt\u00e1r\" \/>\n<meta property=\"og:description\" content=\"[vc_row css_animation=&#8221;&#8221; row_type=&#8221;row&#8221; use_row_as_full_screen_section=&#8221;no&#8221; type=&#8221;full_width&#8221; angled_section=&#8221;no&#8221; text_align=&#8221;left&#8221; background_image_as_pattern=&#8221;without_pattern&#8221;][vc_column][vc_column_text] The Wall is Shifting \u2013 The Works of Istv\u00e1n M\u00e1csai The Exhibition is open to the public until 2 April 2023, Tuesdays to Sundays from 10:00 a.m. to 6:00 p.m. Curator: Anik\u00f3 B. Nagy [\/vc_column_text][vc_separator type=&#8221;transparent&#8221; up=&#8221;20&#8243;...\" \/>\n<meta property=\"og:url\" content=\"https:\/\/fovarosikeptar.hu\/en\/the-wall-is-shifting-the-works-of-istvan-macsai\/\" \/>\n<meta property=\"og:site_name\" content=\"F\u0151v\u00e1rosi K\u00e9pt\u00e1r\" \/>\n<meta name=\"twitter:card\" content=\"summary_large_image\" \/>\n<meta name=\"twitter:label1\" content=\"Est. reading time\" \/>\n\t<meta name=\"twitter:data1\" content=\"3 minutes\" \/>\n<script type=\"application\/ld+json\" class=\"yoast-schema-graph\">{\"@context\":\"https:\/\/schema.org\",\"@graph\":[{\"@type\":\"WebSite\",\"@id\":\"https:\/\/fovarosikeptar.hu\/#website\",\"url\":\"https:\/\/fovarosikeptar.hu\/\",\"name\":\"F\\u0151v\\u00e1rosi K\\u00e9pt\\u00e1r\",\"description\":\"Kiscelli M\\u00fazeum\",\"potentialAction\":[{\"@type\":\"SearchAction\",\"target\":{\"@type\":\"EntryPoint\",\"urlTemplate\":\"https:\/\/fovarosikeptar.hu\/?s={search_term_string}\"},\"query-input\":\"required name=search_term_string\"}],\"inLanguage\":\"en-US\"},{\"@type\":\"WebPage\",\"@id\":\"https:\/\/fovarosikeptar.hu\/en\/the-wall-is-shifting-the-works-of-istvan-macsai\/#webpage\",\"url\":\"https:\/\/fovarosikeptar.hu\/en\/the-wall-is-shifting-the-works-of-istvan-macsai\/\",\"name\":\"The Wall is Shifting \\u2013 The Works of Istv\\u00e1n M\\u00e1csai - F\\u0151v\\u00e1rosi K\\u00e9pt\\u00e1r\",\"isPartOf\":{\"@id\":\"https:\/\/fovarosikeptar.hu\/#website\"},\"datePublished\":\"2022-12-02T11:55:57+00:00\",\"dateModified\":\"2022-12-02T11:55:57+00:00\",\"breadcrumb\":{\"@id\":\"https:\/\/fovarosikeptar.hu\/en\/the-wall-is-shifting-the-works-of-istvan-macsai\/#breadcrumb\"},\"inLanguage\":\"en-US\",\"potentialAction\":[{\"@type\":\"ReadAction\",\"target\":[\"https:\/\/fovarosikeptar.hu\/en\/the-wall-is-shifting-the-works-of-istvan-macsai\/\"]}]},{\"@type\":\"BreadcrumbList\",\"@id\":\"https:\/\/fovarosikeptar.hu\/en\/the-wall-is-shifting-the-works-of-istvan-macsai\/#breadcrumb\",\"itemListElement\":[{\"@type\":\"ListItem\",\"position\":1,\"name\":\"Home\",\"item\":\"https:\/\/fovarosikeptar.hu\/en\/\"},{\"@type\":\"ListItem\",\"position\":2,\"name\":\"The Wall is Shifting \\u2013 The Works of Istv\\u00e1n M\\u00e1csai\"}]}]}<\/script>\n<!-- \/ Yoast SEO plugin. -->","yoast_head_json":{"title":"The Wall is Shifting \u2013 The Works of Istv\u00e1n M\u00e1csai - F\u0151v\u00e1rosi K\u00e9pt\u00e1r","robots":{"index":"index","follow":"follow","max-snippet":"max-snippet:-1","max-image-preview":"max-image-preview:large","max-video-preview":"max-video-preview:-1"},"canonical":"https:\/\/fovarosikeptar.hu\/en\/the-wall-is-shifting-the-works-of-istvan-macsai\/","og_locale":"en_US","og_type":"article","og_title":"The Wall is Shifting \u2013 The Works of Istv\u00e1n M\u00e1csai - F\u0151v\u00e1rosi K\u00e9pt\u00e1r","og_description":"[vc_row css_animation=&#8221;&#8221; row_type=&#8221;row&#8221; use_row_as_full_screen_section=&#8221;no&#8221; type=&#8221;full_width&#8221; angled_section=&#8221;no&#8221; text_align=&#8221;left&#8221; background_image_as_pattern=&#8221;without_pattern&#8221;][vc_column][vc_column_text] The Wall is Shifting \u2013 The Works of Istv\u00e1n M\u00e1csai The Exhibition is open to the public until 2 April 2023, Tuesdays to Sundays from 10:00 a.m. to 6:00 p.m. Curator: Anik\u00f3 B. Nagy [\/vc_column_text][vc_separator type=&#8221;transparent&#8221; up=&#8221;20&#8243;...","og_url":"https:\/\/fovarosikeptar.hu\/en\/the-wall-is-shifting-the-works-of-istvan-macsai\/","og_site_name":"F\u0151v\u00e1rosi K\u00e9pt\u00e1r","twitter_card":"summary_large_image","twitter_misc":{"Est. reading time":"3 minutes"},"schema":{"@context":"https:\/\/schema.org","@graph":[{"@type":"WebSite","@id":"https:\/\/fovarosikeptar.hu\/#website","url":"https:\/\/fovarosikeptar.hu\/","name":"F\u0151v\u00e1rosi K\u00e9pt\u00e1r","description":"Kiscelli M\u00fazeum","potentialAction":[{"@type":"SearchAction","target":{"@type":"EntryPoint","urlTemplate":"https:\/\/fovarosikeptar.hu\/?s={search_term_string}"},"query-input":"required name=search_term_string"}],"inLanguage":"en-US"},{"@type":"WebPage","@id":"https:\/\/fovarosikeptar.hu\/en\/the-wall-is-shifting-the-works-of-istvan-macsai\/#webpage","url":"https:\/\/fovarosikeptar.hu\/en\/the-wall-is-shifting-the-works-of-istvan-macsai\/","name":"The Wall is Shifting \u2013 The Works of Istv\u00e1n M\u00e1csai - F\u0151v\u00e1rosi K\u00e9pt\u00e1r","isPartOf":{"@id":"https:\/\/fovarosikeptar.hu\/#website"},"datePublished":"2022-12-02T11:55:57+00:00","dateModified":"2022-12-02T11:55:57+00:00","breadcrumb":{"@id":"https:\/\/fovarosikeptar.hu\/en\/the-wall-is-shifting-the-works-of-istvan-macsai\/#breadcrumb"},"inLanguage":"en-US","potentialAction":[{"@type":"ReadAction","target":["https:\/\/fovarosikeptar.hu\/en\/the-wall-is-shifting-the-works-of-istvan-macsai\/"]}]},{"@type":"BreadcrumbList","@id":"https:\/\/fovarosikeptar.hu\/en\/the-wall-is-shifting-the-works-of-istvan-macsai\/#breadcrumb","itemListElement":[{"@type":"ListItem","position":1,"name":"Home","item":"https:\/\/fovarosikeptar.hu\/en\/"},{"@type":"ListItem","position":2,"name":"The Wall is Shifting \u2013 The Works of Istv\u00e1n M\u00e1csai"}]}]}},"_links":{"self":[{"href":"https:\/\/fovarosikeptar.hu\/en\/wp-json\/wp\/v2\/pages\/22541"}],"collection":[{"href":"https:\/\/fovarosikeptar.hu\/en\/wp-json\/wp\/v2\/pages"}],"about":[{"href":"https:\/\/fovarosikeptar.hu\/en\/wp-json\/wp\/v2\/types\/page"}],"author":[{"embeddable":true,"href":"https:\/\/fovarosikeptar.hu\/en\/wp-json\/wp\/v2\/users\/7"}],"replies":[{"embeddable":true,"href":"https:\/\/fovarosikeptar.hu\/en\/wp-json\/wp\/v2\/comments?post=22541"}],"version-history":[{"count":2,"href":"https:\/\/fovarosikeptar.hu\/en\/wp-json\/wp\/v2\/pages\/22541\/revisions"}],"predecessor-version":[{"id":22543,"href":"https:\/\/fovarosikeptar.hu\/en\/wp-json\/wp\/v2\/pages\/22541\/revisions\/22543"}],"wp:attachment":[{"href":"https:\/\/fovarosikeptar.hu\/en\/wp-json\/wp\/v2\/media?parent=22541"}],"curies":[{"name":"wp","href":"https:\/\/api.w.org\/{rel}","templated":true}]}}