{"id":22791,"date":"2022-06-17T11:34:39","date_gmt":"2022-06-17T11:34:39","guid":{"rendered":"https:\/\/fovarosikeptar.hu\/mutargyak-a-szabadban\/"},"modified":"2023-02-22T13:39:45","modified_gmt":"2023-02-22T13:39:45","slug":"art-in-the-yard","status":"publish","type":"page","link":"https:\/\/fovarosikeptar.hu\/en\/art-in-the-yard\/","title":{"rendered":"ART in the YARD"},"content":{"rendered":"<p>[vc_row css_animation=&#8221;&#8221; row_type=&#8221;row&#8221; use_row_as_full_screen_section=&#8221;no&#8221; type=&#8221;full_width&#8221; angled_section=&#8221;no&#8221; text_align=&#8221;left&#8221; background_image_as_pattern=&#8221;without_pattern&#8221;][vc_column][vc_column_text]<\/p>\n<h2 class=\"muvesz-m\">ART in the YARD<\/h2>\n<p class=\"datum-r\" style=\"margin-top: 15px;\">the Kiscell Museum permanent courtyard exhibition<\/p>\n<p class=\"datum-r\" style=\"margin-top: 15px;\">Opening Tuesdays to Sundays from 10:00 a.m. to 6:00 p.m.<\/p>\n<p class=\"curator\">Curator: Vikt\u00f3ria Oth<\/p>\n<p>[\/vc_column_text][\/vc_column][\/vc_row][vc_row css_animation=&#8221;&#8221; row_type=&#8221;row&#8221; use_row_as_full_screen_section=&#8221;no&#8221; type=&#8221;full_width&#8221; angled_section=&#8221;no&#8221; text_align=&#8221;left&#8221; background_image_as_pattern=&#8221;without_pattern&#8221;][vc_column]<a  itemprop=\"url\" href=\"https:\/\/fovarosikeptar.hu\/mutargyak-a-szabadban-virtualis-tura\" target=\"_self\"  class=\"qbutton  default\" style=\"\">Virtual Tour<\/a>[vc_separator type=&#8221;transparent&#8221; up=&#8221;10&#8243; down=&#8221;40&#8243;][\/vc_column][\/vc_row][vc_row css_animation=&#8221;&#8221; row_type=&#8221;row&#8221; use_row_as_full_screen_section=&#8221;no&#8221; type=&#8221;full_width&#8221; angled_section=&#8221;no&#8221; text_align=&#8221;left&#8221; background_image_as_pattern=&#8221;without_pattern&#8221;][vc_column width=&#8221;1\/4&#8243;][\/vc_column][vc_column width=&#8221;3\/4&#8243;][vc_single_image image=&#8221;21978&#8243; img_size=&#8221;medium&#8221; qode_css_animation=&#8221;&#8221;][vc_separator type=&#8221;transparent&#8221; up=&#8221;10&#8243; down=&#8221;10&#8243;][vc_column_text]The new permanent exhibition in the courtyard of Kiscell Museum features objects important for the histories of both art and the capital, which were always meant to stand outdoors and that, due to their size, cannot be placed inside the museum.[\/vc_column_text][vc_column_text]Kiscell Museum focuses on works of art that have defined, or still define, Budapest as a cultural entity, from the recapture of Buda and Pest in 1686 up to the present day. Exceptions to this are the sarcophagi in the courtyard which now belong to the Aquincum Museum but once decorated\u00a0 the castle of furniture magnate Miksa Schmidt. The former monastery in Kiscell had been turned into a castle, and bequeathed to the capital, by Schmidt, which is why the coffins have remained in the Kiscell Castle gardens.[\/vc_column_text][vc_column_text]The museum houses two collections: one dedicated to modern urban history and the other to art (Municipal Gallery); although different in scope, there are many overlaps between the two. The first collection is guided primarily by historical considerations and the second by artistic ones, and\u00a0 somewhere in between are the large statues and works of art that were intended for, or had stood in, public spaces in Budapest.[\/vc_column_text][vc_column_text]The heterogeneity of the exhibition is partly explained by these different approaches, and partly by the history of the museum itself. On the one hand the exhibition documents the developments in twentieth- and twenty-first-century sculpture, but on the other hand it tells, through objects, the stories of long-lost buildings and of the city\u2019s past. It illustrates the complexities of and the historical shifts in acquisition policies. This way, links are established between, for example, a Roman sarcophagus, a nineteenth-century column capital, and a piece of site-specific contemporary art.[\/vc_column_text][vc_column_text]Visitors may follow the route offered in the exhibition catalogue or explore the garden on their own. Also on display are works rarely or never seen by the public: archival gems, new acquisitions, and contemporary installations specifically produced for the exhibition.[\/vc_column_text][vc_column_text]Vikt\u00f3ria Oth, curator[\/vc_column_text][vc_separator type=&#8221;transparent&#8221; up=&#8221;10&#8243; down=&#8221;10&#8243;][\/vc_column][\/vc_row][vc_row css_animation=&#8221;&#8221; row_type=&#8221;row&#8221; use_row_as_full_screen_section=&#8221;no&#8221; type=&#8221;full_width&#8221; angled_section=&#8221;no&#8221; text_align=&#8221;left&#8221; background_image_as_pattern=&#8221;without_pattern&#8221;][vc_column][vc_gallery interval=&#8221;3&#8243; images=&#8221;22034,22037,22052,22070,22046,22049,22043,22055,22058,22061,22064,22067,22073,22076,22079,22040&#8243; img_size=&#8221;1600 x 1067&#8243;][vc_column_text]Photos: Judit F\u00e1ryn\u00e9 Szalatnyay[\/vc_column_text][vc_separator type=&#8221;transparent&#8221; up=&#8221;20&#8243; down=&#8221;20&#8243;][\/vc_column][\/vc_row]<\/p>\n","protected":false},"excerpt":{"rendered":"<p>[vc_row css_animation=&#8221;&#8221; row_type=&#8221;row&#8221; use_row_as_full_screen_section=&#8221;no&#8221; type=&#8221;full_width&#8221; angled_section=&#8221;no&#8221; text_align=&#8221;left&#8221; background_image_as_pattern=&#8221;without_pattern&#8221;][vc_column][vc_column_text] ART in the YARD the Kiscell Museum permanent courtyard exhibition Opening Tuesdays to Sundays from 10:00 a.m. to 6:00 p.m. Curator: Vikt\u00f3ria Oth [\/vc_column_text][\/vc_column][\/vc_row][vc_row css_animation=&#8221;&#8221; row_type=&#8221;row&#8221; use_row_as_full_screen_section=&#8221;no&#8221; type=&#8221;full_width&#8221; angled_section=&#8221;no&#8221; text_align=&#8221;left&#8221; background_image_as_pattern=&#8221;without_pattern&#8221;][vc_column][vc_separator type=&#8221;transparent&#8221; up=&#8221;10&#8243; down=&#8221;40&#8243;][\/vc_column][\/vc_row][vc_row css_animation=&#8221;&#8221; row_type=&#8221;row&#8221; use_row_as_full_screen_section=&#8221;no&#8221;&#8230;<\/p>\n","protected":false},"author":7,"featured_media":0,"parent":0,"menu_order":0,"comment_status":"closed","ping_status":"closed","template":"","meta":[],"yoast_head":"<!-- This site is optimized with the Yoast SEO plugin v16.8 - https:\/\/yoast.com\/wordpress\/plugins\/seo\/ -->\n<title>ART in the YARD - F\u0151v\u00e1rosi K\u00e9pt\u00e1r<\/title>\n<meta name=\"robots\" content=\"index, follow, max-snippet:-1, max-image-preview:large, max-video-preview:-1\" \/>\n<link rel=\"canonical\" href=\"https:\/\/fovarosikeptar.hu\/en\/art-in-the-yard\/\" \/>\n<meta property=\"og:locale\" content=\"en_US\" \/>\n<meta property=\"og:type\" content=\"article\" \/>\n<meta property=\"og:title\" content=\"ART in the YARD - F\u0151v\u00e1rosi K\u00e9pt\u00e1r\" \/>\n<meta property=\"og:description\" content=\"[vc_row css_animation=&#8221;&#8221; row_type=&#8221;row&#8221; use_row_as_full_screen_section=&#8221;no&#8221; type=&#8221;full_width&#8221; angled_section=&#8221;no&#8221; text_align=&#8221;left&#8221; background_image_as_pattern=&#8221;without_pattern&#8221;][vc_column][vc_column_text] ART in the YARD the Kiscell Museum permanent courtyard exhibition Opening Tuesdays to Sundays from 10:00 a.m. to 6:00 p.m. Curator: Vikt\u00f3ria Oth [\/vc_column_text][\/vc_column][\/vc_row][vc_row css_animation=&#8221;&#8221; row_type=&#8221;row&#8221; use_row_as_full_screen_section=&#8221;no&#8221; type=&#8221;full_width&#8221; angled_section=&#8221;no&#8221; text_align=&#8221;left&#8221; background_image_as_pattern=&#8221;without_pattern&#8221;][vc_column][vc_separator type=&#8221;transparent&#8221; up=&#8221;10&#8243; down=&#8221;40&#8243;][\/vc_column][\/vc_row][vc_row css_animation=&#8221;&#8221; row_type=&#8221;row&#8221; use_row_as_full_screen_section=&#8221;no&#8221;...\" \/>\n<meta property=\"og:url\" content=\"https:\/\/fovarosikeptar.hu\/en\/art-in-the-yard\/\" \/>\n<meta property=\"og:site_name\" content=\"F\u0151v\u00e1rosi K\u00e9pt\u00e1r\" \/>\n<meta property=\"article:modified_time\" content=\"2023-02-22T13:39:45+00:00\" \/>\n<meta property=\"og:image\" content=\"https:\/\/fovarosikeptar.hu\/wp-content\/uploads\/2022\/07\/120-KM_FK20220624.jpg?_t=1677073186\" \/>\n\t<meta property=\"og:image:width\" content=\"1600\" \/>\n\t<meta property=\"og:image:height\" content=\"1067\" \/>\n<meta name=\"twitter:card\" content=\"summary_large_image\" \/>\n<meta name=\"twitter:label1\" content=\"Est. reading time\" \/>\n\t<meta name=\"twitter:data1\" content=\"2 minutes\" \/>\n<script type=\"application\/ld+json\" class=\"yoast-schema-graph\">{\"@context\":\"https:\/\/schema.org\",\"@graph\":[{\"@type\":\"WebSite\",\"@id\":\"https:\/\/fovarosikeptar.hu\/#website\",\"url\":\"https:\/\/fovarosikeptar.hu\/\",\"name\":\"F\\u0151v\\u00e1rosi K\\u00e9pt\\u00e1r\",\"description\":\"Kiscelli M\\u00fazeum\",\"potentialAction\":[{\"@type\":\"SearchAction\",\"target\":{\"@type\":\"EntryPoint\",\"urlTemplate\":\"https:\/\/fovarosikeptar.hu\/?s={search_term_string}\"},\"query-input\":\"required name=search_term_string\"}],\"inLanguage\":\"en-US\"},{\"@type\":\"ImageObject\",\"@id\":\"https:\/\/fovarosikeptar.hu\/en\/art-in-the-yard\/#primaryimage\",\"inLanguage\":\"en-US\",\"url\":\"https:\/\/fovarosikeptar.hu\/wp-content\/uploads\/2022\/07\/120-KM_FK20220624.jpg\",\"contentUrl\":\"https:\/\/fovarosikeptar.hu\/wp-content\/uploads\/2022\/07\/120-KM_FK20220624.jpg\",\"width\":1600,\"height\":1067},{\"@type\":\"WebPage\",\"@id\":\"https:\/\/fovarosikeptar.hu\/en\/art-in-the-yard\/#webpage\",\"url\":\"https:\/\/fovarosikeptar.hu\/en\/art-in-the-yard\/\",\"name\":\"ART in the YARD - F\\u0151v\\u00e1rosi K\\u00e9pt\\u00e1r\",\"isPartOf\":{\"@id\":\"https:\/\/fovarosikeptar.hu\/#website\"},\"datePublished\":\"2022-06-17T11:34:39+00:00\",\"dateModified\":\"2023-02-22T13:39:45+00:00\",\"breadcrumb\":{\"@id\":\"https:\/\/fovarosikeptar.hu\/en\/art-in-the-yard\/#breadcrumb\"},\"inLanguage\":\"en-US\",\"potentialAction\":[{\"@type\":\"ReadAction\",\"target\":[\"https:\/\/fovarosikeptar.hu\/en\/art-in-the-yard\/\"]}]},{\"@type\":\"BreadcrumbList\",\"@id\":\"https:\/\/fovarosikeptar.hu\/en\/art-in-the-yard\/#breadcrumb\",\"itemListElement\":[{\"@type\":\"ListItem\",\"position\":1,\"name\":\"Home\",\"item\":\"https:\/\/fovarosikeptar.hu\/en\/\"},{\"@type\":\"ListItem\",\"position\":2,\"name\":\"ART in the YARD\"}]}]}<\/script>\n<!-- \/ Yoast SEO plugin. -->","yoast_head_json":{"title":"ART in the YARD - F\u0151v\u00e1rosi K\u00e9pt\u00e1r","robots":{"index":"index","follow":"follow","max-snippet":"max-snippet:-1","max-image-preview":"max-image-preview:large","max-video-preview":"max-video-preview:-1"},"canonical":"https:\/\/fovarosikeptar.hu\/en\/art-in-the-yard\/","og_locale":"en_US","og_type":"article","og_title":"ART in the YARD - F\u0151v\u00e1rosi K\u00e9pt\u00e1r","og_description":"[vc_row css_animation=&#8221;&#8221; row_type=&#8221;row&#8221; use_row_as_full_screen_section=&#8221;no&#8221; type=&#8221;full_width&#8221; angled_section=&#8221;no&#8221; text_align=&#8221;left&#8221; background_image_as_pattern=&#8221;without_pattern&#8221;][vc_column][vc_column_text] ART in the YARD the Kiscell Museum permanent courtyard exhibition Opening Tuesdays to Sundays from 10:00 a.m. to 6:00 p.m. Curator: Vikt\u00f3ria Oth [\/vc_column_text][\/vc_column][\/vc_row][vc_row css_animation=&#8221;&#8221; row_type=&#8221;row&#8221; use_row_as_full_screen_section=&#8221;no&#8221; type=&#8221;full_width&#8221; angled_section=&#8221;no&#8221; text_align=&#8221;left&#8221; background_image_as_pattern=&#8221;without_pattern&#8221;][vc_column][vc_separator type=&#8221;transparent&#8221; up=&#8221;10&#8243; down=&#8221;40&#8243;][\/vc_column][\/vc_row][vc_row css_animation=&#8221;&#8221; row_type=&#8221;row&#8221; use_row_as_full_screen_section=&#8221;no&#8221;...","og_url":"https:\/\/fovarosikeptar.hu\/en\/art-in-the-yard\/","og_site_name":"F\u0151v\u00e1rosi K\u00e9pt\u00e1r","article_modified_time":"2023-02-22T13:39:45+00:00","og_image":[{"width":1600,"height":1067,"url":"https:\/\/fovarosikeptar.hu\/wp-content\/uploads\/2022\/07\/120-KM_FK20220624.jpg?_t=1677073186","path":"\/home\/fovarosi\/public_html\/wp-content\/uploads\/2022\/07\/120-KM_FK20220624.jpg","size":"full","id":"22049","alt":"","pixels":1707200,"type":"image\/jpeg"}],"twitter_card":"summary_large_image","twitter_misc":{"Est. reading time":"2 minutes"},"schema":{"@context":"https:\/\/schema.org","@graph":[{"@type":"WebSite","@id":"https:\/\/fovarosikeptar.hu\/#website","url":"https:\/\/fovarosikeptar.hu\/","name":"F\u0151v\u00e1rosi K\u00e9pt\u00e1r","description":"Kiscelli M\u00fazeum","potentialAction":[{"@type":"SearchAction","target":{"@type":"EntryPoint","urlTemplate":"https:\/\/fovarosikeptar.hu\/?s={search_term_string}"},"query-input":"required name=search_term_string"}],"inLanguage":"en-US"},{"@type":"ImageObject","@id":"https:\/\/fovarosikeptar.hu\/en\/art-in-the-yard\/#primaryimage","inLanguage":"en-US","url":"https:\/\/fovarosikeptar.hu\/wp-content\/uploads\/2022\/07\/120-KM_FK20220624.jpg","contentUrl":"https:\/\/fovarosikeptar.hu\/wp-content\/uploads\/2022\/07\/120-KM_FK20220624.jpg","width":1600,"height":1067},{"@type":"WebPage","@id":"https:\/\/fovarosikeptar.hu\/en\/art-in-the-yard\/#webpage","url":"https:\/\/fovarosikeptar.hu\/en\/art-in-the-yard\/","name":"ART in the YARD - F\u0151v\u00e1rosi K\u00e9pt\u00e1r","isPartOf":{"@id":"https:\/\/fovarosikeptar.hu\/#website"},"datePublished":"2022-06-17T11:34:39+00:00","dateModified":"2023-02-22T13:39:45+00:00","breadcrumb":{"@id":"https:\/\/fovarosikeptar.hu\/en\/art-in-the-yard\/#breadcrumb"},"inLanguage":"en-US","potentialAction":[{"@type":"ReadAction","target":["https:\/\/fovarosikeptar.hu\/en\/art-in-the-yard\/"]}]},{"@type":"BreadcrumbList","@id":"https:\/\/fovarosikeptar.hu\/en\/art-in-the-yard\/#breadcrumb","itemListElement":[{"@type":"ListItem","position":1,"name":"Home","item":"https:\/\/fovarosikeptar.hu\/en\/"},{"@type":"ListItem","position":2,"name":"ART in the YARD"}]}]}},"_links":{"self":[{"href":"https:\/\/fovarosikeptar.hu\/en\/wp-json\/wp\/v2\/pages\/22791"}],"collection":[{"href":"https:\/\/fovarosikeptar.hu\/en\/wp-json\/wp\/v2\/pages"}],"about":[{"href":"https:\/\/fovarosikeptar.hu\/en\/wp-json\/wp\/v2\/types\/page"}],"author":[{"embeddable":true,"href":"https:\/\/fovarosikeptar.hu\/en\/wp-json\/wp\/v2\/users\/7"}],"replies":[{"embeddable":true,"href":"https:\/\/fovarosikeptar.hu\/en\/wp-json\/wp\/v2\/comments?post=22791"}],"version-history":[{"count":2,"href":"https:\/\/fovarosikeptar.hu\/en\/wp-json\/wp\/v2\/pages\/22791\/revisions"}],"predecessor-version":[{"id":22793,"href":"https:\/\/fovarosikeptar.hu\/en\/wp-json\/wp\/v2\/pages\/22791\/revisions\/22793"}],"wp:attachment":[{"href":"https:\/\/fovarosikeptar.hu\/en\/wp-json\/wp\/v2\/media?parent=22791"}],"curies":[{"name":"wp","href":"https:\/\/api.w.org\/{rel}","templated":true}]}}