{"id":23272,"date":"2023-04-13T13:24:48","date_gmt":"2023-04-13T13:24:48","guid":{"rendered":"https:\/\/fovarosikeptar.hu\/ki-a-raktarbol-2\/"},"modified":"2023-06-07T11:13:28","modified_gmt":"2023-06-07T11:13:28","slug":"storage-break-2","status":"publish","type":"page","link":"https:\/\/fovarosikeptar.hu\/en\/storage-break-2\/","title":{"rendered":"Storage Break 2."},"content":{"rendered":"<p>[vc_row css_animation=&#8221;&#8221; row_type=&#8221;row&#8221; use_row_as_full_screen_section=&#8221;no&#8221; type=&#8221;full_width&#8221; angled_section=&#8221;no&#8221; text_align=&#8221;left&#8221; background_image_as_pattern=&#8221;without_pattern&#8221;][vc_column][vc_column_text]<\/p>\n<h2 class=\"muvesz-m\">Storage Break 2. \u2013 In the Shadow<\/h2>\n<h2 class=\"muvesz-m\">Works by female artists from the Municipal Gallery Collection 1900\u20131950<\/h2>\n<p class=\"datum-r\" style=\"margin-top: 15px;\">10 May 2023 &#8211; 1 October 2023.<\/p>\n<p class=\"curator\">Curator: Eszter Moln\u00e1rn\u00e9 Acz\u00e9l<\/p>\n<p>[\/vc_column_text][vc_separator type=&#8221;transparent&#8221; up=&#8221;20&#8243; down=&#8221;25&#8243;][\/vc_column][\/vc_row][vc_row css_animation=&#8221;&#8221; row_type=&#8221;row&#8221; use_row_as_full_screen_section=&#8221;no&#8221; type=&#8221;full_width&#8221; angled_section=&#8221;no&#8221; text_align=&#8221;left&#8221; background_image_as_pattern=&#8221;without_pattern&#8221;][vc_column width=&#8221;1\/4&#8243;][\/vc_column][vc_column width=&#8221;3\/4&#8243;][vc_single_image image=&#8221;23182&#8243; img_size=&#8221;medium&#8221; alignment=&#8221;center&#8221; qode_css_animation=&#8221;&#8221; el_class=&#8221;nagyitas&#8221;][vc_column_text]<\/p>\n<p class=\"kepalairas-1\" style=\"text-align: center;\">Margit Gr\u00e1ber (1895\u20131993): Sketch for Mural, 1947<\/p>\n<p class=\"kepalairas-1\" style=\"text-align: center;\">tempera and pastel on paper<\/p>\n<p>[\/vc_column_text][vc_separator type=&#8221;transparent&#8221; up=&#8221;20&#8243; down=&#8221;25&#8243;][vc_column_text]What is the percentage of female artists in our collection? What considerations went into selecting their works? The starting point for research was <em>J\u00f3zsef Rippl-R\u00f3nai to D\u00f3ra Maurer. A Selection from the Modern Collection of the Municipal Gallery<\/em>, a 2022 exhibition at Balatonf\u00fcred\u2019s Vaszary Gallery which offered a kind of overview of the works held at the Municipal Gallery. It was after this that we started to comb through the storage rooms of BHM Kiscell Museum\u2014Municipal Gallery with an eye on female representation.[\/vc_column_text][vc_column_text]Last year\u2019s exhibition, the <a href=\"https:\/\/fovarosikeptar.hu\/en\/storage-break-1\/\">first in the <em>Storage Break<\/em><\/a> series, presented works by 19th-century female artists from the Municipal Gallery collection; this time we are focusing on works created between 1900 and 1950. Looking at the numbers, it is clear that the first half of the 20th century marks a new era: there is a much higher proportion of works by female artists than in any previous period. Additionally, we have many works by Mariska Undi, Jol\u00e1n Gross-Bettelheim, and Margit Gr\u00e1ber, and wanted to showcase these. Also on display are sculptures and works on paper by M\u00e1ria K\u00f3sa, an extraordinary and undeservedly forgotten artist; these are true discoveries.[\/vc_column_text][vc_separator type=&#8221;transparent&#8221; up=&#8221;20&#8243; down=&#8221;25&#8243;][vc_single_image image=&#8221;23213&#8243; img_size=&#8221;medium&#8221; alignment=&#8221;center&#8221; qode_css_animation=&#8221;&#8221; el_class=&#8221;nagyitas&#8221;][vc_column_text]<\/p>\n<p class=\"kepalairas-1\" style=\"text-align: center;\">Olga Hadzsy (1873\u20131968): View from Sv\u00e1bhegy, 1915<\/p>\n<p class=\"kepalairas-1\" style=\"text-align: center;\">oil on canvas<\/p>\n<p>[\/vc_column_text][vc_separator type=&#8221;transparent&#8221; up=&#8221;20&#8243; down=&#8221;25&#8243;][vc_column_text]This was a period when women could choose art as a career for the first time, although this very rarely translated into a secure livelihood. Female artists had still to go against the grain of the insistent views of male artists and critics that women, although being saturated with art and beauty and making first-rate copyists, were short of creative genius.[\/vc_column_text][vc_column_text]Starting with the late 19th century, women were allowed to study at art academies, if not on the same terms as their male colleagues. It was also then that they started to appear at exhibitions; however, early shows dedicated to female artists often featured fine art alongside kitchen, design, or craft artefacts, which, ironically, drew a clear line between \u201cfemale activities\u201d and \u201cprofessional\u201d art.[\/vc_column_text][vc_separator type=&#8221;transparent&#8221; up=&#8221;20&#8243; down=&#8221;25&#8243;][vc_single_image image=&#8221;23216&#8243; img_size=&#8221;medium&#8221; alignment=&#8221;center&#8221; qode_css_animation=&#8221;&#8221; el_class=&#8221;nagyitas&#8221;][vc_column_text]<\/p>\n<p class=\"kepalairas-1\" style=\"text-align: center;\">Margit Gr\u00e1ber (1895\u20131993): Self-Portrait with Blue Shawl, 1930<\/p>\n<p class=\"kepalairas-1\" style=\"text-align: center;\">tempera and pastel on board<\/p>\n<p>[\/vc_column_text][vc_separator type=&#8221;transparent&#8221; up=&#8221;20&#8243; down=&#8221;25&#8243;][vc_column_text]The Association of Hungarian Female Artist was founded in 1908, late for European standards, and operated until 1946, supporting and promoting female artists through exhibitions. Their first show in 1909 had an international scope, which they hoped would draw attention and lend gravity to it. The work of the association was under constant criticism for gender-based segregation, but, since other art organisations were reluctant to accept female members, this was in effect the sole outlet for female artists. As yet, no study of their 29 exhibitions exists.[\/vc_column_text][vc_column_text]There are close to 100 hundred works by 26 female artists at the present exhibition of the Municipal Gallery, including oils, watercolours, drawings, prints, and sculptures. Many of the artists, despite having dedicated their lives to art, are as good as unknown to present-day audiences. This exhibition is a chance for discovery.[\/vc_column_text][vc_separator type=&#8221;transparent&#8221; up=&#8221;20&#8243; down=&#8221;25&#8243;][\/vc_column][\/vc_row]<\/p>\n","protected":false},"excerpt":{"rendered":"<p>[vc_row css_animation=&#8221;&#8221; row_type=&#8221;row&#8221; use_row_as_full_screen_section=&#8221;no&#8221; type=&#8221;full_width&#8221; angled_section=&#8221;no&#8221; text_align=&#8221;left&#8221; background_image_as_pattern=&#8221;without_pattern&#8221;][vc_column][vc_column_text] Storage Break 2. \u2013 In the Shadow Works by female artists from the Municipal Gallery Collection 1900\u20131950 10 May 2023 &#8211; 1 October 2023. Curator: Eszter Moln\u00e1rn\u00e9 Acz\u00e9l [\/vc_column_text][vc_separator type=&#8221;transparent&#8221; up=&#8221;20&#8243; down=&#8221;25&#8243;][\/vc_column][\/vc_row][vc_row css_animation=&#8221;&#8221; row_type=&#8221;row&#8221; use_row_as_full_screen_section=&#8221;no&#8221; type=&#8221;full_width&#8221; angled_section=&#8221;no&#8221;&#8230;<\/p>\n","protected":false},"author":7,"featured_media":23186,"parent":0,"menu_order":0,"comment_status":"closed","ping_status":"closed","template":"","meta":[],"yoast_head":"<!-- This site is optimized with the Yoast SEO plugin v16.8 - https:\/\/yoast.com\/wordpress\/plugins\/seo\/ -->\n<title>Storage Break 2. - F\u0151v\u00e1rosi K\u00e9pt\u00e1r<\/title>\n<meta name=\"robots\" content=\"index, follow, max-snippet:-1, max-image-preview:large, max-video-preview:-1\" \/>\n<link rel=\"canonical\" href=\"https:\/\/fovarosikeptar.hu\/en\/storage-break-2\/\" \/>\n<meta property=\"og:locale\" content=\"en_US\" \/>\n<meta property=\"og:type\" content=\"article\" \/>\n<meta property=\"og:title\" content=\"Storage Break 2. - F\u0151v\u00e1rosi K\u00e9pt\u00e1r\" \/>\n<meta property=\"og:description\" content=\"[vc_row css_animation=&#8221;&#8221; row_type=&#8221;row&#8221; use_row_as_full_screen_section=&#8221;no&#8221; type=&#8221;full_width&#8221; angled_section=&#8221;no&#8221; text_align=&#8221;left&#8221; background_image_as_pattern=&#8221;without_pattern&#8221;][vc_column][vc_column_text] Storage Break 2. \u2013 In the Shadow Works by female artists from the Municipal Gallery Collection 1900\u20131950 10 May 2023 &#8211; 1 October 2023. Curator: Eszter Moln\u00e1rn\u00e9 Acz\u00e9l [\/vc_column_text][vc_separator type=&#8221;transparent&#8221; up=&#8221;20&#8243; down=&#8221;25&#8243;][\/vc_column][\/vc_row][vc_row css_animation=&#8221;&#8221; row_type=&#8221;row&#8221; use_row_as_full_screen_section=&#8221;no&#8221; type=&#8221;full_width&#8221; angled_section=&#8221;no&#8221;...\" \/>\n<meta property=\"og:url\" content=\"https:\/\/fovarosikeptar.hu\/en\/storage-break-2\/\" \/>\n<meta property=\"og:site_name\" content=\"F\u0151v\u00e1rosi K\u00e9pt\u00e1r\" \/>\n<meta property=\"article:modified_time\" content=\"2023-06-07T11:13:28+00:00\" \/>\n<meta property=\"og:image\" content=\"https:\/\/fovarosikeptar.hu\/wp-content\/uploads\/2023\/04\/Hadzsy-Olga-Kilatas-a-Svabhegyrol-51.1170.1-scaled.jpg?_t=1686136408\" \/>\n\t<meta property=\"og:image:width\" content=\"2560\" \/>\n\t<meta property=\"og:image:height\" content=\"2365\" \/>\n<meta name=\"twitter:card\" content=\"summary_large_image\" \/>\n<meta name=\"twitter:label1\" content=\"Est. reading time\" \/>\n\t<meta name=\"twitter:data1\" content=\"3 minutes\" \/>\n<script type=\"application\/ld+json\" class=\"yoast-schema-graph\">{\"@context\":\"https:\/\/schema.org\",\"@graph\":[{\"@type\":\"WebSite\",\"@id\":\"https:\/\/fovarosikeptar.hu\/#website\",\"url\":\"https:\/\/fovarosikeptar.hu\/\",\"name\":\"F\\u0151v\\u00e1rosi K\\u00e9pt\\u00e1r\",\"description\":\"Kiscelli M\\u00fazeum\",\"potentialAction\":[{\"@type\":\"SearchAction\",\"target\":{\"@type\":\"EntryPoint\",\"urlTemplate\":\"https:\/\/fovarosikeptar.hu\/?s={search_term_string}\"},\"query-input\":\"required name=search_term_string\"}],\"inLanguage\":\"en-US\"},{\"@type\":\"ImageObject\",\"@id\":\"https:\/\/fovarosikeptar.hu\/en\/storage-break-2\/#primaryimage\",\"inLanguage\":\"en-US\",\"url\":\"https:\/\/fovarosikeptar.hu\/wp-content\/uploads\/2023\/04\/Hadzsy-Olga-Kilatas-a-Svabhegyrol-51.1170.1-scaled.jpg\",\"contentUrl\":\"https:\/\/fovarosikeptar.hu\/wp-content\/uploads\/2023\/04\/Hadzsy-Olga-Kilatas-a-Svabhegyrol-51.1170.1-scaled.jpg\",\"width\":2560,\"height\":2365},{\"@type\":\"WebPage\",\"@id\":\"https:\/\/fovarosikeptar.hu\/en\/storage-break-2\/#webpage\",\"url\":\"https:\/\/fovarosikeptar.hu\/en\/storage-break-2\/\",\"name\":\"Storage Break 2. - F\\u0151v\\u00e1rosi K\\u00e9pt\\u00e1r\",\"isPartOf\":{\"@id\":\"https:\/\/fovarosikeptar.hu\/#website\"},\"primaryImageOfPage\":{\"@id\":\"https:\/\/fovarosikeptar.hu\/en\/storage-break-2\/#primaryimage\"},\"datePublished\":\"2023-04-13T13:24:48+00:00\",\"dateModified\":\"2023-06-07T11:13:28+00:00\",\"breadcrumb\":{\"@id\":\"https:\/\/fovarosikeptar.hu\/en\/storage-break-2\/#breadcrumb\"},\"inLanguage\":\"en-US\",\"potentialAction\":[{\"@type\":\"ReadAction\",\"target\":[\"https:\/\/fovarosikeptar.hu\/en\/storage-break-2\/\"]}]},{\"@type\":\"BreadcrumbList\",\"@id\":\"https:\/\/fovarosikeptar.hu\/en\/storage-break-2\/#breadcrumb\",\"itemListElement\":[{\"@type\":\"ListItem\",\"position\":1,\"name\":\"Home\",\"item\":\"https:\/\/fovarosikeptar.hu\/en\/\"},{\"@type\":\"ListItem\",\"position\":2,\"name\":\"Storage Break 2.\"}]}]}<\/script>\n<!-- \/ Yoast SEO plugin. -->","yoast_head_json":{"title":"Storage Break 2. - F\u0151v\u00e1rosi K\u00e9pt\u00e1r","robots":{"index":"index","follow":"follow","max-snippet":"max-snippet:-1","max-image-preview":"max-image-preview:large","max-video-preview":"max-video-preview:-1"},"canonical":"https:\/\/fovarosikeptar.hu\/en\/storage-break-2\/","og_locale":"en_US","og_type":"article","og_title":"Storage Break 2. - F\u0151v\u00e1rosi K\u00e9pt\u00e1r","og_description":"[vc_row css_animation=&#8221;&#8221; row_type=&#8221;row&#8221; use_row_as_full_screen_section=&#8221;no&#8221; type=&#8221;full_width&#8221; angled_section=&#8221;no&#8221; text_align=&#8221;left&#8221; background_image_as_pattern=&#8221;without_pattern&#8221;][vc_column][vc_column_text] Storage Break 2. \u2013 In the Shadow Works by female artists from the Municipal Gallery Collection 1900\u20131950 10 May 2023 &#8211; 1 October 2023. Curator: Eszter Moln\u00e1rn\u00e9 Acz\u00e9l [\/vc_column_text][vc_separator type=&#8221;transparent&#8221; up=&#8221;20&#8243; down=&#8221;25&#8243;][\/vc_column][\/vc_row][vc_row css_animation=&#8221;&#8221; row_type=&#8221;row&#8221; use_row_as_full_screen_section=&#8221;no&#8221; type=&#8221;full_width&#8221; angled_section=&#8221;no&#8221;...","og_url":"https:\/\/fovarosikeptar.hu\/en\/storage-break-2\/","og_site_name":"F\u0151v\u00e1rosi K\u00e9pt\u00e1r","article_modified_time":"2023-06-07T11:13:28+00:00","og_image":[{"width":2560,"height":2365,"url":"https:\/\/fovarosikeptar.hu\/wp-content\/uploads\/2023\/04\/Hadzsy-Olga-Kilatas-a-Svabhegyrol-51.1170.1-scaled.jpg?_t=1686136408","path":"\/home\/fovarosi\/public_html\/wp-content\/uploads\/2023\/04\/Hadzsy-Olga-Kilatas-a-Svabhegyrol-51.1170.1-scaled.jpg","size":"full","id":23186,"alt":"","pixels":6054400,"type":"image\/jpeg"}],"twitter_card":"summary_large_image","twitter_misc":{"Est. reading time":"3 minutes"},"schema":{"@context":"https:\/\/schema.org","@graph":[{"@type":"WebSite","@id":"https:\/\/fovarosikeptar.hu\/#website","url":"https:\/\/fovarosikeptar.hu\/","name":"F\u0151v\u00e1rosi K\u00e9pt\u00e1r","description":"Kiscelli M\u00fazeum","potentialAction":[{"@type":"SearchAction","target":{"@type":"EntryPoint","urlTemplate":"https:\/\/fovarosikeptar.hu\/?s={search_term_string}"},"query-input":"required name=search_term_string"}],"inLanguage":"en-US"},{"@type":"ImageObject","@id":"https:\/\/fovarosikeptar.hu\/en\/storage-break-2\/#primaryimage","inLanguage":"en-US","url":"https:\/\/fovarosikeptar.hu\/wp-content\/uploads\/2023\/04\/Hadzsy-Olga-Kilatas-a-Svabhegyrol-51.1170.1-scaled.jpg","contentUrl":"https:\/\/fovarosikeptar.hu\/wp-content\/uploads\/2023\/04\/Hadzsy-Olga-Kilatas-a-Svabhegyrol-51.1170.1-scaled.jpg","width":2560,"height":2365},{"@type":"WebPage","@id":"https:\/\/fovarosikeptar.hu\/en\/storage-break-2\/#webpage","url":"https:\/\/fovarosikeptar.hu\/en\/storage-break-2\/","name":"Storage Break 2. - F\u0151v\u00e1rosi K\u00e9pt\u00e1r","isPartOf":{"@id":"https:\/\/fovarosikeptar.hu\/#website"},"primaryImageOfPage":{"@id":"https:\/\/fovarosikeptar.hu\/en\/storage-break-2\/#primaryimage"},"datePublished":"2023-04-13T13:24:48+00:00","dateModified":"2023-06-07T11:13:28+00:00","breadcrumb":{"@id":"https:\/\/fovarosikeptar.hu\/en\/storage-break-2\/#breadcrumb"},"inLanguage":"en-US","potentialAction":[{"@type":"ReadAction","target":["https:\/\/fovarosikeptar.hu\/en\/storage-break-2\/"]}]},{"@type":"BreadcrumbList","@id":"https:\/\/fovarosikeptar.hu\/en\/storage-break-2\/#breadcrumb","itemListElement":[{"@type":"ListItem","position":1,"name":"Home","item":"https:\/\/fovarosikeptar.hu\/en\/"},{"@type":"ListItem","position":2,"name":"Storage Break 2."}]}]}},"_links":{"self":[{"href":"https:\/\/fovarosikeptar.hu\/en\/wp-json\/wp\/v2\/pages\/23272"}],"collection":[{"href":"https:\/\/fovarosikeptar.hu\/en\/wp-json\/wp\/v2\/pages"}],"about":[{"href":"https:\/\/fovarosikeptar.hu\/en\/wp-json\/wp\/v2\/types\/page"}],"author":[{"embeddable":true,"href":"https:\/\/fovarosikeptar.hu\/en\/wp-json\/wp\/v2\/users\/7"}],"replies":[{"embeddable":true,"href":"https:\/\/fovarosikeptar.hu\/en\/wp-json\/wp\/v2\/comments?post=23272"}],"version-history":[{"count":3,"href":"https:\/\/fovarosikeptar.hu\/en\/wp-json\/wp\/v2\/pages\/23272\/revisions"}],"predecessor-version":[{"id":23295,"href":"https:\/\/fovarosikeptar.hu\/en\/wp-json\/wp\/v2\/pages\/23272\/revisions\/23295"}],"wp:featuredmedia":[{"embeddable":true,"href":"https:\/\/fovarosikeptar.hu\/en\/wp-json\/wp\/v2\/media\/23186"}],"wp:attachment":[{"href":"https:\/\/fovarosikeptar.hu\/en\/wp-json\/wp\/v2\/media?parent=23272"}],"curies":[{"name":"wp","href":"https:\/\/api.w.org\/{rel}","templated":true}]}}