{"id":23287,"date":"2023-04-21T11:08:02","date_gmt":"2023-04-21T11:08:02","guid":{"rendered":"https:\/\/fovarosikeptar.hu\/az-eroszakrol\/"},"modified":"2023-06-07T09:46:37","modified_gmt":"2023-06-07T09:46:37","slug":"on-violence","status":"publish","type":"page","link":"https:\/\/fovarosikeptar.hu\/en\/on-violence\/","title":{"rendered":"On Violence"},"content":{"rendered":"<p>[vc_row css_animation=&#8221;&#8221; row_type=&#8221;row&#8221; use_row_as_full_screen_section=&#8221;no&#8221; type=&#8221;full_width&#8221; angled_section=&#8221;no&#8221; text_align=&#8221;left&#8221; background_image_as_pattern=&#8221;without_pattern&#8221;][vc_column][vc_column_text]<\/p>\n<h2 class=\"muvesz-m\">On Violence<\/h2>\n<p class=\"datum-r\" style=\"margin-top: 15px;\">12 May 2023 \u2013 30 July 2023<\/p>\n<p class=\"datum-r\" style=\"margin-top: 15px;\">Location: BUDAPEST GALLERY, 1036 Budapest, Lajos utca 158.<\/p>\n<p class=\"curator\">Curator: L\u00edvia P\u00e1ldi<\/p>\n<p class=\"curator\">Design: Katarina \u0160evi\u0107<\/p>\n<p class=\"curator\">Exhibiting artists: Kateryna Aliinyk, Artists\u2019 Campaign to Repeal the Eighth Amendment, Rachel Fallon, Olia Fedorova, Jelena Jure\u0161a, Elektra KB, Hristina Ivanoska, L\u00f3r\u00e1nt Anik\u00f3 (1977-2020), Milica Tomi\u0107, Trapp Dominika, Selma Selman, Anna Zvyagintseva<\/p>\n<p class=\"curator\">Coordinator of social relations: Di\u00e1na Darabos<\/p>\n<p>[\/vc_column_text][vc_separator type=&#8221;transparent&#8221; up=&#8221;20&#8243; down=&#8221;25&#8243;][\/vc_column][\/vc_row][vc_row css_animation=&#8221;&#8221; row_type=&#8221;row&#8221; use_row_as_full_screen_section=&#8221;no&#8221; type=&#8221;full_width&#8221; angled_section=&#8221;no&#8221; text_align=&#8221;left&#8221; background_image_as_pattern=&#8221;without_pattern&#8221;][vc_column width=&#8221;1\/4&#8243;][\/vc_column][vc_column width=&#8221;3\/4&#8243;][vc_single_image image=&#8221;23193&#8243; img_size=&#8221;medium&#8221; qode_css_animation=&#8221;&#8221; el_class=&#8221;nagyitas&#8221;][vc_column_text]<\/p>\n<p class=\"kepalairas-1\" style=\"text-align: center;\">Jelena Jure\u0161a<\/p>\n<p class=\"kepalairas-1\" style=\"text-align: center;\">APHASIA, film still, 2019<\/p>\n<p>[\/vc_column_text][vc_separator type=&#8221;transparent&#8221; up=&#8221;20&#8243; down=&#8221;25&#8243;][vc_column_text]In January 2020, the General Assembly of Budapest passed a resolution to create a \u201cMonument to Women Raped in War,\u201d facilitating the personal and communal processing of a long-forgotten trauma story. The monument is scheduled to be inaugurated in 2024.<br \/>\nSince the project launch, the themes of war violence, public commemoration and memorials as well as their broader context have been presented in several events, a mock-up exhibition, a lecture series, and a publication, fostering social and professional dialogue and debate.<br \/>\nSince World War II, there have been numerous waves of sexual violence in global and local conflicts, and the Russian invasion of Ukraine and the ensuing military aggression have recently brought the brutality of war (sexual) crimes, traumatic losses, vulnerability and environmental destruction alarmingly close, while also demonstrating the power of broad social solidarity.<br \/>\nThe urgency of offering a nuanced examination of the complex phenomenon and operation of violence is due not only to the violence experienced in a rising number of military conflict zones, but also to the inequalities in patriarchal power structures, discrimination against LGBTQI+ people, struggles for bodily autonomy, equality and reproductive health, and the rise of domestic violence.<\/p>\n<p>Exposure to violence and aggression is systemic. The health, justice and (family) law systems of the partiarchal state, which subordinate and degrade women, fundamental deficiencies of the legal system, and male-centric national and memory politics are all responsible for the perpetuation of (often state-sponsored) bias against women, the schemata of violence in public consciousness, and practices of victim-blaming.<\/p>\n<p>The international group exhibition at the Budapest Gallery presents experiences of violence, scripts of social behavior, and visual and political themes of violence from women\u2019s and queer perspectives.<br \/>\nWorks with a more abstract approach to the complex patterns of states and trap situations of abuse, fear-mongering and anxiety are juxtaposed with diary-like works recording visceral reactions to the situation in Ukraine and to pervasive violence.<br \/>\nSeveral artists deal with the enduring traumas of the region\u2019s recent past, the Yugoslav wars.<br \/>\nThe political-ideological manipulation of collective memory, ethnically based violence, and collective responsibility are examined in this investigative, partly archive-based research within wider contexts and relations. These include artistic representations of Polish, Irish and South American social movements and body politics activism that rewrite the strategies of solidarity and agency.<\/p>\n<p>The accompanying and educational programs developed in cooperation with artists, NGOs and human rights activists, such as discussions, talks, guided tours and workshops, seek to engage different generations and people of various social backgrounds.[\/vc_column_text][vc_separator type=&#8221;normal&#8221;][vc_column_text]The title of the exhibition may recall an essay published by political philosopher Hannah Arendt on the relationship between war, politics, violence and power in 1969. Although her essay expresses several ideas that are applicable to the present, this exhibition explores the possibilities of political action and political community along different lines.[\/vc_column_text][vc_separator type=&#8221;normal&#8221;][\/vc_column][\/vc_row]<\/p>\n","protected":false},"excerpt":{"rendered":"<p>[vc_row css_animation=&#8221;&#8221; row_type=&#8221;row&#8221; use_row_as_full_screen_section=&#8221;no&#8221; type=&#8221;full_width&#8221; angled_section=&#8221;no&#8221; text_align=&#8221;left&#8221; background_image_as_pattern=&#8221;without_pattern&#8221;][vc_column][vc_column_text] On Violence 12 May 2023 \u2013 30 July 2023 Location: BUDAPEST GALLERY, 1036 Budapest, Lajos utca 158. Curator: L\u00edvia P\u00e1ldi Design: Katarina \u0160evi\u0107 Exhibiting artists: Kateryna Aliinyk, Artists\u2019 Campaign to Repeal the Eighth Amendment, Rachel Fallon, Olia&#8230;<\/p>\n","protected":false},"author":7,"featured_media":0,"parent":0,"menu_order":0,"comment_status":"closed","ping_status":"closed","template":"","meta":[],"yoast_head":"<!-- This site is optimized with the Yoast SEO plugin v16.8 - https:\/\/yoast.com\/wordpress\/plugins\/seo\/ -->\n<title>On Violence - F\u0151v\u00e1rosi K\u00e9pt\u00e1r<\/title>\n<meta name=\"robots\" content=\"index, follow, max-snippet:-1, max-image-preview:large, max-video-preview:-1\" \/>\n<link rel=\"canonical\" href=\"https:\/\/fovarosikeptar.hu\/en\/on-violence\/\" \/>\n<meta property=\"og:locale\" content=\"en_US\" \/>\n<meta property=\"og:type\" content=\"article\" \/>\n<meta property=\"og:title\" content=\"On Violence - F\u0151v\u00e1rosi K\u00e9pt\u00e1r\" \/>\n<meta property=\"og:description\" content=\"[vc_row css_animation=&#8221;&#8221; row_type=&#8221;row&#8221; use_row_as_full_screen_section=&#8221;no&#8221; type=&#8221;full_width&#8221; angled_section=&#8221;no&#8221; text_align=&#8221;left&#8221; background_image_as_pattern=&#8221;without_pattern&#8221;][vc_column][vc_column_text] On Violence 12 May 2023 \u2013 30 July 2023 Location: BUDAPEST GALLERY, 1036 Budapest, Lajos utca 158. Curator: L\u00edvia P\u00e1ldi Design: Katarina \u0160evi\u0107 Exhibiting artists: Kateryna Aliinyk, Artists\u2019 Campaign to Repeal the Eighth Amendment, Rachel Fallon, Olia...\" \/>\n<meta property=\"og:url\" content=\"https:\/\/fovarosikeptar.hu\/en\/on-violence\/\" \/>\n<meta property=\"og:site_name\" content=\"F\u0151v\u00e1rosi K\u00e9pt\u00e1r\" \/>\n<meta property=\"article:modified_time\" content=\"2023-06-07T09:46:37+00:00\" \/>\n<meta name=\"twitter:card\" content=\"summary_large_image\" \/>\n<meta name=\"twitter:label1\" content=\"Est. reading time\" \/>\n\t<meta name=\"twitter:data1\" content=\"3 minutes\" \/>\n<script type=\"application\/ld+json\" class=\"yoast-schema-graph\">{\"@context\":\"https:\/\/schema.org\",\"@graph\":[{\"@type\":\"WebSite\",\"@id\":\"https:\/\/fovarosikeptar.hu\/#website\",\"url\":\"https:\/\/fovarosikeptar.hu\/\",\"name\":\"F\\u0151v\\u00e1rosi K\\u00e9pt\\u00e1r\",\"description\":\"Kiscelli M\\u00fazeum\",\"potentialAction\":[{\"@type\":\"SearchAction\",\"target\":{\"@type\":\"EntryPoint\",\"urlTemplate\":\"https:\/\/fovarosikeptar.hu\/?s={search_term_string}\"},\"query-input\":\"required name=search_term_string\"}],\"inLanguage\":\"en-US\"},{\"@type\":\"WebPage\",\"@id\":\"https:\/\/fovarosikeptar.hu\/en\/on-violence\/#webpage\",\"url\":\"https:\/\/fovarosikeptar.hu\/en\/on-violence\/\",\"name\":\"On Violence - F\\u0151v\\u00e1rosi K\\u00e9pt\\u00e1r\",\"isPartOf\":{\"@id\":\"https:\/\/fovarosikeptar.hu\/#website\"},\"datePublished\":\"2023-04-21T11:08:02+00:00\",\"dateModified\":\"2023-06-07T09:46:37+00:00\",\"breadcrumb\":{\"@id\":\"https:\/\/fovarosikeptar.hu\/en\/on-violence\/#breadcrumb\"},\"inLanguage\":\"en-US\",\"potentialAction\":[{\"@type\":\"ReadAction\",\"target\":[\"https:\/\/fovarosikeptar.hu\/en\/on-violence\/\"]}]},{\"@type\":\"BreadcrumbList\",\"@id\":\"https:\/\/fovarosikeptar.hu\/en\/on-violence\/#breadcrumb\",\"itemListElement\":[{\"@type\":\"ListItem\",\"position\":1,\"name\":\"Home\",\"item\":\"https:\/\/fovarosikeptar.hu\/en\/\"},{\"@type\":\"ListItem\",\"position\":2,\"name\":\"On Violence\"}]}]}<\/script>\n<!-- \/ Yoast SEO plugin. -->","yoast_head_json":{"title":"On Violence - F\u0151v\u00e1rosi K\u00e9pt\u00e1r","robots":{"index":"index","follow":"follow","max-snippet":"max-snippet:-1","max-image-preview":"max-image-preview:large","max-video-preview":"max-video-preview:-1"},"canonical":"https:\/\/fovarosikeptar.hu\/en\/on-violence\/","og_locale":"en_US","og_type":"article","og_title":"On Violence - F\u0151v\u00e1rosi K\u00e9pt\u00e1r","og_description":"[vc_row css_animation=&#8221;&#8221; row_type=&#8221;row&#8221; use_row_as_full_screen_section=&#8221;no&#8221; type=&#8221;full_width&#8221; angled_section=&#8221;no&#8221; text_align=&#8221;left&#8221; background_image_as_pattern=&#8221;without_pattern&#8221;][vc_column][vc_column_text] On Violence 12 May 2023 \u2013 30 July 2023 Location: BUDAPEST GALLERY, 1036 Budapest, Lajos utca 158. Curator: L\u00edvia P\u00e1ldi Design: Katarina \u0160evi\u0107 Exhibiting artists: Kateryna Aliinyk, Artists\u2019 Campaign to Repeal the Eighth Amendment, Rachel Fallon, Olia...","og_url":"https:\/\/fovarosikeptar.hu\/en\/on-violence\/","og_site_name":"F\u0151v\u00e1rosi K\u00e9pt\u00e1r","article_modified_time":"2023-06-07T09:46:37+00:00","twitter_card":"summary_large_image","twitter_misc":{"Est. reading time":"3 minutes"},"schema":{"@context":"https:\/\/schema.org","@graph":[{"@type":"WebSite","@id":"https:\/\/fovarosikeptar.hu\/#website","url":"https:\/\/fovarosikeptar.hu\/","name":"F\u0151v\u00e1rosi K\u00e9pt\u00e1r","description":"Kiscelli M\u00fazeum","potentialAction":[{"@type":"SearchAction","target":{"@type":"EntryPoint","urlTemplate":"https:\/\/fovarosikeptar.hu\/?s={search_term_string}"},"query-input":"required name=search_term_string"}],"inLanguage":"en-US"},{"@type":"WebPage","@id":"https:\/\/fovarosikeptar.hu\/en\/on-violence\/#webpage","url":"https:\/\/fovarosikeptar.hu\/en\/on-violence\/","name":"On Violence - F\u0151v\u00e1rosi K\u00e9pt\u00e1r","isPartOf":{"@id":"https:\/\/fovarosikeptar.hu\/#website"},"datePublished":"2023-04-21T11:08:02+00:00","dateModified":"2023-06-07T09:46:37+00:00","breadcrumb":{"@id":"https:\/\/fovarosikeptar.hu\/en\/on-violence\/#breadcrumb"},"inLanguage":"en-US","potentialAction":[{"@type":"ReadAction","target":["https:\/\/fovarosikeptar.hu\/en\/on-violence\/"]}]},{"@type":"BreadcrumbList","@id":"https:\/\/fovarosikeptar.hu\/en\/on-violence\/#breadcrumb","itemListElement":[{"@type":"ListItem","position":1,"name":"Home","item":"https:\/\/fovarosikeptar.hu\/en\/"},{"@type":"ListItem","position":2,"name":"On Violence"}]}]}},"_links":{"self":[{"href":"https:\/\/fovarosikeptar.hu\/en\/wp-json\/wp\/v2\/pages\/23287"}],"collection":[{"href":"https:\/\/fovarosikeptar.hu\/en\/wp-json\/wp\/v2\/pages"}],"about":[{"href":"https:\/\/fovarosikeptar.hu\/en\/wp-json\/wp\/v2\/types\/page"}],"author":[{"embeddable":true,"href":"https:\/\/fovarosikeptar.hu\/en\/wp-json\/wp\/v2\/users\/7"}],"replies":[{"embeddable":true,"href":"https:\/\/fovarosikeptar.hu\/en\/wp-json\/wp\/v2\/comments?post=23287"}],"version-history":[{"count":2,"href":"https:\/\/fovarosikeptar.hu\/en\/wp-json\/wp\/v2\/pages\/23287\/revisions"}],"predecessor-version":[{"id":23289,"href":"https:\/\/fovarosikeptar.hu\/en\/wp-json\/wp\/v2\/pages\/23287\/revisions\/23289"}],"wp:attachment":[{"href":"https:\/\/fovarosikeptar.hu\/en\/wp-json\/wp\/v2\/media?parent=23287"}],"curies":[{"name":"wp","href":"https:\/\/api.w.org\/{rel}","templated":true}]}}