{"id":23404,"date":"2025-09-03T11:13:20","date_gmt":"2025-09-03T11:13:20","guid":{"rendered":"https:\/\/fovarosikeptar.hu\/?page_id=23404"},"modified":"2025-09-03T11:13:20","modified_gmt":"2025-09-03T11:13:20","slug":"acquisitions-donationsnow-on-display","status":"publish","type":"page","link":"https:\/\/fovarosikeptar.hu\/en\/acquisitions-donationsnow-on-display\/","title":{"rendered":"Acquisitions, donations &#8211; now on display"},"content":{"rendered":"<p>[vc_row css_animation=&#8221;&#8221; row_type=&#8221;row&#8221; use_row_as_full_screen_section=&#8221;no&#8221; type=&#8221;full_width&#8221; angled_section=&#8221;no&#8221; text_align=&#8221;left&#8221; background_image_as_pattern=&#8221;without_pattern&#8221;][vc_column][vc_column_text]<\/p>\n<h2 class=\"muvesz-m\">Acquisitions, donations &#8211; now on display<\/h2>\n<h2 class=\"muvesz-m\">A Selection of Recent Acquisitions of the Municipal Gallery<\/h2>\n<p class=\"datum-r\" style=\"margin-top: 15px;\">16 December 2023. \u2013 7 April 2024.<\/p>\n<p class=\"datum-r\" style=\"margin-top: 15px;\">The Exhibition is open to the public Tuesdays to Sundays from 10:00 a.m. to 6:00 p.m.<\/p>\n<p>[\/vc_column_text][vc_separator type=&#8221;transparent&#8221; up=&#8221;20&#8243; down=&#8221;25&#8243;][\/vc_column][\/vc_row][vc_row css_animation=&#8221;&#8221; row_type=&#8221;row&#8221; use_row_as_full_screen_section=&#8221;no&#8221; type=&#8221;full_width&#8221; angled_section=&#8221;no&#8221; text_align=&#8221;left&#8221; background_image_as_pattern=&#8221;without_pattern&#8221;][vc_column width=&#8221;1\/4&#8243;][\/vc_column][vc_column width=&#8221;3\/4&#8243;][vc_column_text]The Municipal Gallery is the art collection of the Budapest History Museum. The Gallery houses both images related to the history of Budapest and a collection of artworks of leading Hungarian artists, from the 17th century to contemporary art, irrespective of the subject matter.<br \/>\nDuring its nearly 150-year history, the collection has seen many twists and turns \u2013 both political and conceptual. Nonetheless, the acquisition of 19th and 20th century art, as well as contemporary art related to the city\u2019s history, has always been a priority for the museologists managing the collection, regardless of the changing level of accompanying support. Due to the nationalisation of the first collection of the Municipal Gallery in 1953, in 1959 our predecessors had to start from scratch. Their success was due to the fact that from the 1960s, the capital city provided financial support for the acquisition of artworks on a scale unimaginable today. Collection efforts concentrated not only on the history of the city but also on the constantly evolving art historical canon, and thus, as a result of decades of systematic work, one of the most important fine arts collections in the country and the only one in Budapest was created.<br \/>\n[\/vc_column_text][vc_separator type=&#8221;transparent&#8221; up=&#8221;20&#8243; down=&#8221;20&#8243;][vc_single_image image=&#8221;23375&#8243; img_size=&#8221;medium&#8221; alignment=&#8221;right&#8221; qode_css_animation=&#8221;&#8221; el_class=&#8221;nagyitas&#8221;][vc_column_text]<\/p>\n<p class=\"kepalairas-1\">Acquisitions, donations &#8211; now on display<\/p>\n<p class=\"kepalairas-2\"><em>A Selection of Recent Acquisitions of the Municipal Gallery<\/em><\/p>\n<p class=\"kepalairas-2\">2023.12.16. &#8211; 2024.04.07.<\/p>\n<p>[\/vc_column_text][vc_separator type=&#8221;transparent&#8221; up=&#8221;20&#8243; down=&#8221;20&#8243;][vc_column_text]The last couple of years have been characterised by a scarcity of financial resources. Art acquisitions have mostly been facilitated by successful applications to the different divisions of the National Cultural Fund of Hungary. The acquisition and collection strategies are strongly linked to and influenced by the direction of the exhibition programme but there have also been some outstanding pieces acquired as a result of donations and archaeological excavations.<br \/>\n[\/vc_column_text][vc_separator type=&#8221;transparent&#8221; up=&#8221;20&#8243; down=&#8221;20&#8243;][vc_column_text]It was more than ten years ago that the Municipal Gallery last presented the results of its collection activities: both an exhibition and a catalogue overviewed the period between 1996 and 2012. Some years later, during the pandemic, a series of virtual exhibitions was launched, featuring the works recently added to the collection.<br \/>\n[\/vc_column_text][vc_separator type=&#8221;transparent&#8221; up=&#8221;20&#8243; down=&#8221;20&#8243;][vc_column_text]This time, we are showcasing the acquisitions of the last ten years in two exhibitions. The first one features works of art from several periods, including contemporary endeavours. They are related to Budapest and to its history. The works of art have been grouped along twin concepts to encourage inspiring thoughts and ideas about the tasks of museums, about the challenges of conservation about narratives attached to certain objects and their aspects of memory politics.<br \/>\n[\/vc_column_text][vc_separator type=&#8221;transparent&#8221; up=&#8221;20&#8243; down=&#8221;20&#8243;][\/vc_column][\/vc_row][vc_row css_animation=&#8221;&#8221; row_type=&#8221;row&#8221; use_row_as_full_screen_section=&#8221;no&#8221; type=&#8221;full_width&#8221; angled_section=&#8221;no&#8221; text_align=&#8221;left&#8221; background_image_as_pattern=&#8221;without_pattern&#8221;][vc_column][vc_separator type=&#8221;normal&#8221; up=&#8221;20&#8243; down=&#8221;20&#8243;][\/vc_column][\/vc_row]<\/p>\n","protected":false},"excerpt":{"rendered":"<p>[vc_row css_animation=&#8221;&#8221; row_type=&#8221;row&#8221; use_row_as_full_screen_section=&#8221;no&#8221; type=&#8221;full_width&#8221; angled_section=&#8221;no&#8221; text_align=&#8221;left&#8221; background_image_as_pattern=&#8221;without_pattern&#8221;][vc_column][vc_column_text] Acquisitions, donations &#8211; now on display A Selection of Recent Acquisitions of the Municipal Gallery 16 December 2023. \u2013 7 April 2024. The Exhibition is open to the public Tuesdays to Sundays from 10:00 a.m. to 6:00&#8230;<\/p>\n","protected":false},"author":7,"featured_media":0,"parent":0,"menu_order":0,"comment_status":"closed","ping_status":"closed","template":"","meta":[],"yoast_head":"<!-- This site is optimized with the Yoast SEO plugin v16.8 - https:\/\/yoast.com\/wordpress\/plugins\/seo\/ -->\n<title>Acquisitions, donations - now on display - F\u0151v\u00e1rosi K\u00e9pt\u00e1r<\/title>\n<meta name=\"robots\" content=\"index, follow, max-snippet:-1, max-image-preview:large, max-video-preview:-1\" \/>\n<link rel=\"canonical\" href=\"https:\/\/fovarosikeptar.hu\/en\/acquisitions-donationsnow-on-display\/\" \/>\n<meta property=\"og:locale\" content=\"en_US\" \/>\n<meta property=\"og:type\" content=\"article\" \/>\n<meta property=\"og:title\" content=\"Acquisitions, donations - now on display - F\u0151v\u00e1rosi K\u00e9pt\u00e1r\" \/>\n<meta property=\"og:description\" content=\"[vc_row css_animation=&#8221;&#8221; row_type=&#8221;row&#8221; use_row_as_full_screen_section=&#8221;no&#8221; type=&#8221;full_width&#8221; angled_section=&#8221;no&#8221; text_align=&#8221;left&#8221; background_image_as_pattern=&#8221;without_pattern&#8221;][vc_column][vc_column_text] Acquisitions, donations &#8211; now on display A Selection of Recent Acquisitions of the Municipal Gallery 16 December 2023. \u2013 7 April 2024. The Exhibition is open to the public Tuesdays to Sundays from 10:00 a.m. to 6:00...\" \/>\n<meta property=\"og:url\" content=\"https:\/\/fovarosikeptar.hu\/en\/acquisitions-donationsnow-on-display\/\" \/>\n<meta property=\"og:site_name\" content=\"F\u0151v\u00e1rosi K\u00e9pt\u00e1r\" \/>\n<meta name=\"twitter:card\" content=\"summary_large_image\" \/>\n<meta name=\"twitter:label1\" content=\"Est. reading time\" \/>\n\t<meta name=\"twitter:data1\" content=\"3 minutes\" \/>\n<script type=\"application\/ld+json\" class=\"yoast-schema-graph\">{\"@context\":\"https:\/\/schema.org\",\"@graph\":[{\"@type\":\"WebSite\",\"@id\":\"https:\/\/fovarosikeptar.hu\/#website\",\"url\":\"https:\/\/fovarosikeptar.hu\/\",\"name\":\"F\\u0151v\\u00e1rosi K\\u00e9pt\\u00e1r\",\"description\":\"Kiscelli M\\u00fazeum\",\"potentialAction\":[{\"@type\":\"SearchAction\",\"target\":{\"@type\":\"EntryPoint\",\"urlTemplate\":\"https:\/\/fovarosikeptar.hu\/?s={search_term_string}\"},\"query-input\":\"required name=search_term_string\"}],\"inLanguage\":\"en-US\"},{\"@type\":\"WebPage\",\"@id\":\"https:\/\/fovarosikeptar.hu\/en\/acquisitions-donationsnow-on-display\/#webpage\",\"url\":\"https:\/\/fovarosikeptar.hu\/en\/acquisitions-donationsnow-on-display\/\",\"name\":\"Acquisitions, donations - now on display - F\\u0151v\\u00e1rosi K\\u00e9pt\\u00e1r\",\"isPartOf\":{\"@id\":\"https:\/\/fovarosikeptar.hu\/#website\"},\"datePublished\":\"2025-09-03T11:13:20+00:00\",\"dateModified\":\"2025-09-03T11:13:20+00:00\",\"breadcrumb\":{\"@id\":\"https:\/\/fovarosikeptar.hu\/en\/acquisitions-donationsnow-on-display\/#breadcrumb\"},\"inLanguage\":\"en-US\",\"potentialAction\":[{\"@type\":\"ReadAction\",\"target\":[\"https:\/\/fovarosikeptar.hu\/en\/acquisitions-donationsnow-on-display\/\"]}]},{\"@type\":\"BreadcrumbList\",\"@id\":\"https:\/\/fovarosikeptar.hu\/en\/acquisitions-donationsnow-on-display\/#breadcrumb\",\"itemListElement\":[{\"@type\":\"ListItem\",\"position\":1,\"name\":\"Home\",\"item\":\"https:\/\/fovarosikeptar.hu\/en\/\"},{\"@type\":\"ListItem\",\"position\":2,\"name\":\"Acquisitions, donations &#8211; now on display\"}]}]}<\/script>\n<!-- \/ Yoast SEO plugin. -->","yoast_head_json":{"title":"Acquisitions, donations - now on display - F\u0151v\u00e1rosi K\u00e9pt\u00e1r","robots":{"index":"index","follow":"follow","max-snippet":"max-snippet:-1","max-image-preview":"max-image-preview:large","max-video-preview":"max-video-preview:-1"},"canonical":"https:\/\/fovarosikeptar.hu\/en\/acquisitions-donationsnow-on-display\/","og_locale":"en_US","og_type":"article","og_title":"Acquisitions, donations - now on display - F\u0151v\u00e1rosi K\u00e9pt\u00e1r","og_description":"[vc_row css_animation=&#8221;&#8221; row_type=&#8221;row&#8221; use_row_as_full_screen_section=&#8221;no&#8221; type=&#8221;full_width&#8221; angled_section=&#8221;no&#8221; text_align=&#8221;left&#8221; background_image_as_pattern=&#8221;without_pattern&#8221;][vc_column][vc_column_text] Acquisitions, donations &#8211; now on display A Selection of Recent Acquisitions of the Municipal Gallery 16 December 2023. \u2013 7 April 2024. The Exhibition is open to the public Tuesdays to Sundays from 10:00 a.m. to 6:00...","og_url":"https:\/\/fovarosikeptar.hu\/en\/acquisitions-donationsnow-on-display\/","og_site_name":"F\u0151v\u00e1rosi K\u00e9pt\u00e1r","twitter_card":"summary_large_image","twitter_misc":{"Est. reading time":"3 minutes"},"schema":{"@context":"https:\/\/schema.org","@graph":[{"@type":"WebSite","@id":"https:\/\/fovarosikeptar.hu\/#website","url":"https:\/\/fovarosikeptar.hu\/","name":"F\u0151v\u00e1rosi K\u00e9pt\u00e1r","description":"Kiscelli M\u00fazeum","potentialAction":[{"@type":"SearchAction","target":{"@type":"EntryPoint","urlTemplate":"https:\/\/fovarosikeptar.hu\/?s={search_term_string}"},"query-input":"required name=search_term_string"}],"inLanguage":"en-US"},{"@type":"WebPage","@id":"https:\/\/fovarosikeptar.hu\/en\/acquisitions-donationsnow-on-display\/#webpage","url":"https:\/\/fovarosikeptar.hu\/en\/acquisitions-donationsnow-on-display\/","name":"Acquisitions, donations - now on display - F\u0151v\u00e1rosi K\u00e9pt\u00e1r","isPartOf":{"@id":"https:\/\/fovarosikeptar.hu\/#website"},"datePublished":"2025-09-03T11:13:20+00:00","dateModified":"2025-09-03T11:13:20+00:00","breadcrumb":{"@id":"https:\/\/fovarosikeptar.hu\/en\/acquisitions-donationsnow-on-display\/#breadcrumb"},"inLanguage":"en-US","potentialAction":[{"@type":"ReadAction","target":["https:\/\/fovarosikeptar.hu\/en\/acquisitions-donationsnow-on-display\/"]}]},{"@type":"BreadcrumbList","@id":"https:\/\/fovarosikeptar.hu\/en\/acquisitions-donationsnow-on-display\/#breadcrumb","itemListElement":[{"@type":"ListItem","position":1,"name":"Home","item":"https:\/\/fovarosikeptar.hu\/en\/"},{"@type":"ListItem","position":2,"name":"Acquisitions, donations &#8211; now on display"}]}]}},"_links":{"self":[{"href":"https:\/\/fovarosikeptar.hu\/en\/wp-json\/wp\/v2\/pages\/23404"}],"collection":[{"href":"https:\/\/fovarosikeptar.hu\/en\/wp-json\/wp\/v2\/pages"}],"about":[{"href":"https:\/\/fovarosikeptar.hu\/en\/wp-json\/wp\/v2\/types\/page"}],"author":[{"embeddable":true,"href":"https:\/\/fovarosikeptar.hu\/en\/wp-json\/wp\/v2\/users\/7"}],"replies":[{"embeddable":true,"href":"https:\/\/fovarosikeptar.hu\/en\/wp-json\/wp\/v2\/comments?post=23404"}],"version-history":[{"count":2,"href":"https:\/\/fovarosikeptar.hu\/en\/wp-json\/wp\/v2\/pages\/23404\/revisions"}],"predecessor-version":[{"id":23408,"href":"https:\/\/fovarosikeptar.hu\/en\/wp-json\/wp\/v2\/pages\/23404\/revisions\/23408"}],"wp:attachment":[{"href":"https:\/\/fovarosikeptar.hu\/en\/wp-json\/wp\/v2\/media?parent=23404"}],"curies":[{"name":"wp","href":"https:\/\/api.w.org\/{rel}","templated":true}]}}