{"id":24237,"date":"2025-01-17T11:04:36","date_gmt":"2025-01-17T11:04:36","guid":{"rendered":"https:\/\/fovarosikeptar.hu\/?page_id=24237"},"modified":"2025-01-20T12:16:06","modified_gmt":"2025-01-20T12:16:06","slug":"wanderings-lili-orszag-in-kiscell","status":"publish","type":"page","link":"https:\/\/fovarosikeptar.hu\/en\/wanderings-lili-orszag-in-kiscell\/","title":{"rendered":"Wanderings \u2013 Lili Orsz\u00e1g in Kiscell"},"content":{"rendered":"<p>[vc_row css_animation=&#8221;&#8221; row_type=&#8221;row&#8221; use_row_as_full_screen_section=&#8221;no&#8221; type=&#8221;full_width&#8221; angled_section=&#8221;no&#8221; text_align=&#8221;left&#8221; background_image_as_pattern=&#8221;without_pattern&#8221;][vc_column width=&#8221;1\/4&#8243;][vc_single_image image=&#8221;24138&#8243; img_size=&#8221;medium&#8221; alignment=&#8221;right&#8221; qode_css_animation=&#8221;&#8221; el_class=&#8221;nagyitas&#8221;][\/vc_column][vc_column width=&#8221;3\/4&#8243;][vc_column_text]<\/p>\n<h2 class=\"muvesz-m\">Wanderings \u2013 Lili Orsz\u00e1g in Kiscell<\/h2>\n<p>[\/vc_column_text][vc_separator type=&#8221;transparent&#8221; up=&#8221;20&#8243; down=&#8221;25&#8243;][vc_column_text]<\/p>\n<p class=\"datum-r\" style=\"margin-top: 15px;\">16 November 2024 \u2013 6 April 2025<\/p>\n<p>Curator: M\u00e1ria \u00c1rvai<\/p>\n<p>Scenic designer: Eszter K\u00e1lm\u00e1n<\/p>\n<p>Location: BTM Museum Kiscell, 1037 Budapest, Kiscelli utca 108.<\/p>\n<p class=\"datum-r\" style=\"margin-top: 15px;\">Opening hours: Tuesday\u2013Sunday 10 am\u20136 pm<\/p>\n<p>[\/vc_column_text][vc_separator type=&#8221;transparent&#8221; up=&#8221;20&#8243; down=&#8221;25&#8243;][vc_separator type=&#8221;transparent&#8221; up=&#8221;20&#8243; down=&#8221;25&#8243;]<a  itemprop=\"url\" href=\"https:\/\/kiscelli.jegy.hu\/\" target=\"_self\"  class=\"qbutton  default\" style=\"\">TICKETS<\/a>[vc_separator type=&#8221;transparent&#8221; up=&#8221;20&#8243; down=&#8221;25&#8243;][\/vc_column][\/vc_row][vc_row css_animation=&#8221;&#8221; row_type=&#8221;row&#8221; use_row_as_full_screen_section=&#8221;no&#8221; type=&#8221;full_width&#8221; angled_section=&#8221;no&#8221; text_align=&#8221;left&#8221; background_image_as_pattern=&#8221;without_pattern&#8221;][vc_column][vc_separator type=&#8221;transparent&#8221; up=&#8221;20&#8243; down=&#8221;20&#8243;][vc_separator type=&#8221;transparent&#8221; up=&#8221;20&#8243; down=&#8221;20&#8243;][vc_column_text]A complex view of the past\u2014this is what lies at the heart of Lili Orsz\u00e1g\u2019s art. In it, she placed special emphasis on the relationship between history and remembrance, between processes of personal and cultural memory. Jewish historicism mixed with the sacred, memory work connected to reflection, and survivor\u2019s guilt, which drove her to want to commemorate the victims, inspired masterpieces like <em>Requiem<\/em> (a series) and <em>De Profundis<\/em> (a triptych). The concluding piece in her body of work, Labyrinth, too, is about remembrance: she is looking back, referencing her own work, and bringing antiquity back to life in her motifs from cultural history.<\/p>\n<p>Memory, as a concept, can be fruitfully applied to the rich holdings of Municipal Gallery, if on a smaller scale. The present exhibition takes a decidedly partial look at Lili Orsz\u00e1g\u2019s oeuvre: almost all pieces on display come from the Kiscell Museum \u2013 Municipal Gallery collection.[\/vc_column_text][vc_separator type=&#8221;transparent&#8221; up=&#8221;20&#8243; down=&#8221;20&#8243;][vc_single_image image=&#8221;24092&#8243; img_size=&#8221;full&#8221; add_caption=&#8221;yes&#8221; qode_css_animation=&#8221;&#8221;][vc_column_text]<\/p>\n<p class=\"kepalairas-1\">Lili Orsz\u00e1g (1926\u20131978)<\/p>\n<p class=\"kepalairas-2\"><em>Waiting I. \/ Green Sparkle,<\/em> 1974<\/p>\n<p class=\"kepalairas-2\">oil on fibreboard; 62,5 \u00d7 125 cm<\/p>\n<p class=\"kepalairas-2\">BTM Museum Kiscell \u2013 Municipal Gallery<\/p>\n<p>[\/vc_column_text][vc_separator type=&#8221;transparent&#8221; up=&#8221;20&#8243; down=&#8221;20&#8243;][vc_column_text]The exhibition comes in a series of shows exploring the museum as an institution. It examines the tangled relationship between power and art, the surreal claustrophobia of the R\u00e1kosi and K\u00e1d\u00e1r eras, the difficulties of artistic orientation, and the compromises arising from a thirst for information. The best part of Lili Orsz\u00e1g\u2019s work was produced in the tiny studio flat where she lived from the time she graduated until early 1978. Its dimensions stand in stark contrast to her broad intellectual horizon, fantasy, and vast inner spaces, in which we can wander through her works. Major works are displayed in the Temple Space axis, inviting an analysis of her artistic prowess and underlining the significance of the Municipal Gallery collection; the pieces in the side rooms illuminate the creative process, with all its twists and turns.[\/vc_column_text][vc_separator type=&#8221;transparent&#8221; up=&#8221;20&#8243; down=&#8221;20&#8243;][vc_separator type=&#8221;transparent&#8221; up=&#8221;20&#8243; down=&#8221;20&#8243;][\/vc_column][\/vc_row][vc_row css_animation=&#8221;&#8221; row_type=&#8221;row&#8221; use_row_as_full_screen_section=&#8221;no&#8221; type=&#8221;full_width&#8221; angled_section=&#8221;no&#8221; text_align=&#8221;left&#8221; background_image_as_pattern=&#8221;without_pattern&#8221;][vc_column width=&#8221;1\/3&#8243;][vc_single_image image=&#8221;24041&#8243; img_size=&#8221;full&#8221; add_caption=&#8221;yes&#8221; qode_css_animation=&#8221;&#8221;][vc_column_text]<\/p>\n<p class=\"kepalairas-1\">Lili Orsz\u00e1g (1926\u20131978)<\/p>\n<p class=\"kepalairas-2\"><em>Moon \/ Hen, Moon,<\/em> between 1955\u201357<\/p>\n<p class=\"kepalairas-2\">collage, photo board mounted on cardboard; 420 \u00d7 310 mm<\/p>\n<p class=\"kepalairas-2\">BTM Museum Kiscell &#8211; Municipal Gallery<\/p>\n<p>[\/vc_column_text][\/vc_column][vc_column width=&#8221;1\/3&#8243;][vc_single_image image=&#8221;24038&#8243; img_size=&#8221;full&#8221; qode_css_animation=&#8221;&#8221;][vc_column_text]<\/p>\n<p class=\"kepalairas-1\">Lili Orsz\u00e1g (1926\u20131978)<\/p>\n<p class=\"kepalairas-2\"><em>Black Shoes,<\/em> 1955<\/p>\n<p class=\"kepalairas-2\">oil on canvas; 55,3 \u00d7 34,2 cm<\/p>\n<p class=\"kepalairas-2\">The Levendel Collection<\/p>\n<p>[\/vc_column_text][\/vc_column][vc_column width=&#8221;1\/3&#8243;][vc_single_image image=&#8221;24062&#8243; img_size=&#8221;full&#8221; qode_css_animation=&#8221;&#8221;][vc_column_text]<\/p>\n<p class=\"kepalairas-1\">Lili Orsz\u00e1g (1926\u20131978)<\/p>\n<p class=\"kepalairas-2\"><em>Portrait \/ Manikin in an Oval,<\/em> 1957<\/p>\n<p class=\"kepalairas-2\">watercolour, collage on newspaper; 425 \u00d7 305 mm<\/p>\n<p class=\"kepalairas-2\">BTM Museum Kiscell &#8211; Municipal Gallery<\/p>\n<p>[\/vc_column_text][\/vc_column][\/vc_row][vc_row css_animation=&#8221;&#8221; row_type=&#8221;row&#8221; use_row_as_full_screen_section=&#8221;no&#8221; type=&#8221;full_width&#8221; angled_section=&#8221;no&#8221; text_align=&#8221;left&#8221; background_image_as_pattern=&#8221;without_pattern&#8221;][vc_column][vc_separator type=&#8221;transparent&#8221; up=&#8221;20&#8243; down=&#8221;20&#8243;][vc_separator type=&#8221;transparent&#8221; up=&#8221;20&#8243; down=&#8221;20&#8243;][vc_column_text]Both Kiscell Museum and the Temple Space are unique venues in many respects. All her life, it was Lili Orsz\u00e1g\u2019s dream to paint the inside of a temple. In 1960, she wrote to her friends from Tihany, \u201cI\u2019ve got an immense hunger for work! I just want to have at the temple walls, you couldn\u2019t get me away from it until I\u2019ve painted the whole thing. Well, we\u2019ll build a temple!\u201d For her, the \u201ctemple\u201d was an idea more than a building. \u201cThe temple is inside, you don\u2019t need an actual building,\u201d she said in conversation with Istv\u00e1n R\u00e1cz, one of her first collectors, in 1964. The exhibition centres around this idea of an inner (memory) temple, presenting her mode of remembering and trauma processing, and asking questions about the responsibilities of museums as temples of art and science, as places for the preservation of the past. The exhibition space\u2014an 18th-century church which went through a series of transformations and was damaged in the second world war before being turned into a gallery space in 1988\u2014reflects architecturally the themes of the paintings: construction and destruction, the intermingling of the sacred and the profane, the past as layers of time and as present.[\/vc_column_text][vc_separator type=&#8221;transparent&#8221; up=&#8221;20&#8243; down=&#8221;20&#8243;][vc_separator type=&#8221;transparent&#8221; up=&#8221;20&#8243; down=&#8221;20&#8243;][\/vc_column][\/vc_row][vc_row css_animation=&#8221;&#8221; row_type=&#8221;row&#8221; use_row_as_full_screen_section=&#8221;no&#8221; type=&#8221;full_width&#8221; angled_section=&#8221;no&#8221; text_align=&#8221;left&#8221; background_image_as_pattern=&#8221;without_pattern&#8221;][vc_column width=&#8221;1\/3&#8243;][vc_single_image image=&#8221;24071&#8243; img_size=&#8221;full&#8221; add_caption=&#8221;yes&#8221; qode_css_animation=&#8221;&#8221;][vc_column_text]<\/p>\n<p class=\"kepalairas-1\">Lili Orsz\u00e1g (1926\u20131978)<\/p>\n<p class=\"kepalairas-2\"><em>Requiem on Seven Plates, in Remembrance of Destroyed Cities and People \u2013 III. Cemetery in Ur and Hiroshima,<\/em> 1963<\/p>\n<p class=\"kepalairas-2\">oil on fibreboard; 125 \u00d7 59,5 cm<\/p>\n<p class=\"kepalairas-2\">BTM Museum Kiscell &#8211; Municipal Gallery<\/p>\n<p>[\/vc_column_text][\/vc_column][vc_column width=&#8221;1\/3&#8243;][vc_single_image image=&#8221;24074&#8243; img_size=&#8221;full&#8221; qode_css_animation=&#8221;&#8221;][vc_column_text]<\/p>\n<p class=\"kepalairas-1\">Lili\u00a0 Orsz\u00e1g (1926\u20131978)<\/p>\n<p class=\"kepalairas-2\"><em>Requiem on Seven Plates, in Remembrance of Destroyed Cities and People \u2013 IV. Martyrs,<\/em> 1963<\/p>\n<p class=\"kepalairas-2\">oil on fibreboard; 125 \u00d7 59,5 cm<\/p>\n<p class=\"kepalairas-2\">BTM Museum Kiscell &#8211; Municipal Gallery<\/p>\n<p>[\/vc_column_text][\/vc_column][vc_column width=&#8221;1\/3&#8243;][vc_single_image image=&#8221;24077&#8243; img_size=&#8221;full&#8221; qode_css_animation=&#8221;&#8221;][vc_column_text]<\/p>\n<p class=\"kepalairas-1\">Lili Orsz\u00e1g (1926\u20131978)<\/p>\n<p class=\"kepalairas-2\"><em>Requiem on Seven Plates, in Remembrance of Destroyed Cities and People \u2013 V. Dead City,<\/em> 1963<\/p>\n<p class=\"kepalairas-2\">oil on fibreboard; 125 \u00d7 59,5 cm<\/p>\n<p class=\"kepalairas-2\">BTM Museum Kiscell &#8211; Municipal Gallery<\/p>\n<p>[\/vc_column_text][\/vc_column][\/vc_row][vc_row css_animation=&#8221;&#8221; row_type=&#8221;row&#8221; use_row_as_full_screen_section=&#8221;no&#8221; type=&#8221;full_width&#8221; angled_section=&#8221;no&#8221; text_align=&#8221;left&#8221; background_image_as_pattern=&#8221;without_pattern&#8221;][vc_column][vc_separator type=&#8221;transparent&#8221; up=&#8221;20&#8243; down=&#8221;20&#8243;][vc_separator type=&#8221;transparent&#8221; up=&#8221;20&#8243; down=&#8221;20&#8243;][vc_column_text]It is the ongoing discussion around memory and 20th-century history in Hungary and Europe that brings Lili Orsz\u00e1g\u2019s work close to us.[\/vc_column_text][vc_separator type=&#8221;transparent&#8221; up=&#8221;20&#8243; down=&#8221;20&#8243;][\/vc_column][\/vc_row][vc_row css_animation=&#8221;&#8221; row_type=&#8221;row&#8221; use_row_as_full_screen_section=&#8221;no&#8221; type=&#8221;full_width&#8221; angled_section=&#8221;no&#8221; text_align=&#8221;left&#8221; background_image_as_pattern=&#8221;without_pattern&#8221;][vc_column][vc_separator type=&#8221;transparent&#8221; up=&#8221;20&#8243; down=&#8221;20&#8243;][vc_single_image image=&#8221;24032&#8243; img_size=&#8221;full&#8221; add_caption=&#8221;yes&#8221; qode_css_animation=&#8221;&#8221;][vc_column_text]<\/p>\n<p class=\"kepalairas-1\">Lili Orsz\u00e1g (1926\u20131978)<\/p>\n<p class=\"kepalairas-2\"><em>De Profundis,<\/em> 1976<\/p>\n<p class=\"kepalairas-2\">oil on fibreboard; 80 \u00d7 120 cm<\/p>\n<p class=\"kepalairas-2\">BTM Museum Kiscell &#8211; Municipal Gallery<\/p>\n<p>[\/vc_column_text][vc_separator type=&#8221;transparent&#8221; up=&#8221;20&#8243; down=&#8221;20&#8243;][vc_separator type=&#8221;transparent&#8221; up=&#8221;20&#8243; down=&#8221;20&#8243;][vc_separator type=&#8221;transparent&#8221; up=&#8221;20&#8243; down=&#8221;20&#8243;][\/vc_column][\/vc_row][vc_row css_animation=&#8221;&#8221; row_type=&#8221;row&#8221; use_row_as_full_screen_section=&#8221;no&#8221; type=&#8221;full_width&#8221; angled_section=&#8221;no&#8221; text_align=&#8221;left&#8221; background_image_as_pattern=&#8221;without_pattern&#8221;][vc_column][vc_separator type=&#8221;transparent&#8221; up=&#8221;20&#8243; down=&#8221;20&#8243;][vc_text_separator title=&#8221;GALLERY&#8221; border=&#8221;no&#8221;][vc_separator type=&#8221;transparent&#8221; up=&#8221;20&#8243; down=&#8221;20&#8243;][vc_separator type=&#8221;transparent&#8221; up=&#8221;20&#8243; down=&#8221;20&#8243;][vc_gallery type=&#8221;nivo&#8221; interval=&#8221;3&#8243; images=&#8221;24198,24207,24201,24216,24213,24222,24219,24210,24204&#8243; img_size=&#8221;full&#8221; onclick=&#8221;&#8221;][vc_separator type=&#8221;transparent&#8221; up=&#8221;20&#8243; down=&#8221;20&#8243;][vc_column_text]<\/p>\n<div class=\"wpb_text_column wpb_content_element \">\n<div class=\"wpb_wrapper\">\n<p>Photos: Attila Szebell\u00e9di \/ Budapesti T\u00f6rt\u00e9neti M\u00fazeum<\/p>\n<\/div>\n<\/div>\n<p>[\/vc_column_text][vc_separator type=&#8221;transparent&#8221; up=&#8221;20&#8243; down=&#8221;20&#8243;][vc_separator type=&#8221;transparent&#8221; up=&#8221;20&#8243; down=&#8221;20&#8243;][\/vc_column][\/vc_row][vc_row css_animation=&#8221;&#8221; row_type=&#8221;row&#8221; use_row_as_full_screen_section=&#8221;no&#8221; type=&#8221;full_width&#8221; angled_section=&#8221;no&#8221; text_align=&#8221;left&#8221; background_image_as_pattern=&#8221;without_pattern&#8221;][vc_column][vc_separator type=&#8221;normal&#8221; up=&#8221;20&#8243; down=&#8221;20&#8243;][\/vc_column][\/vc_row]<\/p>\n","protected":false},"excerpt":{"rendered":"<p>[vc_row css_animation=&#8221;&#8221; row_type=&#8221;row&#8221; use_row_as_full_screen_section=&#8221;no&#8221; type=&#8221;full_width&#8221; angled_section=&#8221;no&#8221; text_align=&#8221;left&#8221; background_image_as_pattern=&#8221;without_pattern&#8221;][vc_column width=&#8221;1\/4&#8243;][vc_single_image image=&#8221;24138&#8243; img_size=&#8221;medium&#8221; alignment=&#8221;right&#8221; qode_css_animation=&#8221;&#8221; el_class=&#8221;nagyitas&#8221;][\/vc_column][vc_column width=&#8221;3\/4&#8243;][vc_column_text] Wanderings \u2013 Lili Orsz\u00e1g in Kiscell [\/vc_column_text][vc_separator type=&#8221;transparent&#8221; up=&#8221;20&#8243; down=&#8221;25&#8243;][vc_column_text] 16 November 2024 \u2013 6 April 2025 Curator: M\u00e1ria \u00c1rvai Scenic designer: Eszter K\u00e1lm\u00e1n Location: BTM Museum Kiscell, 1037 Budapest,&#8230;<\/p>\n","protected":false},"author":7,"featured_media":0,"parent":0,"menu_order":0,"comment_status":"closed","ping_status":"closed","template":"","meta":[],"yoast_head":"<!-- This site is optimized with the Yoast SEO plugin v16.8 - https:\/\/yoast.com\/wordpress\/plugins\/seo\/ -->\n<title>Wanderings \u2013 Lili Orsz\u00e1g in Kiscell - F\u0151v\u00e1rosi K\u00e9pt\u00e1r<\/title>\n<meta name=\"robots\" content=\"index, follow, max-snippet:-1, max-image-preview:large, max-video-preview:-1\" \/>\n<link rel=\"canonical\" href=\"https:\/\/fovarosikeptar.hu\/en\/wanderings-lili-orszag-in-kiscell\/\" \/>\n<meta property=\"og:locale\" content=\"en_US\" \/>\n<meta property=\"og:type\" content=\"article\" \/>\n<meta property=\"og:title\" content=\"Wanderings \u2013 Lili Orsz\u00e1g in Kiscell - F\u0151v\u00e1rosi K\u00e9pt\u00e1r\" \/>\n<meta property=\"og:description\" content=\"[vc_row css_animation=&#8221;&#8221; row_type=&#8221;row&#8221; use_row_as_full_screen_section=&#8221;no&#8221; type=&#8221;full_width&#8221; angled_section=&#8221;no&#8221; text_align=&#8221;left&#8221; background_image_as_pattern=&#8221;without_pattern&#8221;][vc_column width=&#8221;1\/4&#8243;][vc_single_image image=&#8221;24138&#8243; img_size=&#8221;medium&#8221; alignment=&#8221;right&#8221; qode_css_animation=&#8221;&#8221; el_class=&#8221;nagyitas&#8221;][\/vc_column][vc_column width=&#8221;3\/4&#8243;][vc_column_text] Wanderings \u2013 Lili Orsz\u00e1g in Kiscell [\/vc_column_text][vc_separator type=&#8221;transparent&#8221; up=&#8221;20&#8243; down=&#8221;25&#8243;][vc_column_text] 16 November 2024 \u2013 6 April 2025 Curator: M\u00e1ria \u00c1rvai Scenic designer: Eszter K\u00e1lm\u00e1n Location: BTM Museum Kiscell, 1037 Budapest,...\" \/>\n<meta property=\"og:url\" content=\"https:\/\/fovarosikeptar.hu\/en\/wanderings-lili-orszag-in-kiscell\/\" \/>\n<meta property=\"og:site_name\" content=\"F\u0151v\u00e1rosi K\u00e9pt\u00e1r\" \/>\n<meta property=\"article:modified_time\" content=\"2025-01-20T12:16:06+00:00\" \/>\n<meta name=\"twitter:card\" content=\"summary_large_image\" \/>\n<meta name=\"twitter:label1\" content=\"Est. reading time\" \/>\n\t<meta name=\"twitter:data1\" content=\"5 minutes\" \/>\n<script type=\"application\/ld+json\" class=\"yoast-schema-graph\">{\"@context\":\"https:\/\/schema.org\",\"@graph\":[{\"@type\":\"WebSite\",\"@id\":\"https:\/\/fovarosikeptar.hu\/#website\",\"url\":\"https:\/\/fovarosikeptar.hu\/\",\"name\":\"F\\u0151v\\u00e1rosi K\\u00e9pt\\u00e1r\",\"description\":\"Kiscelli M\\u00fazeum\",\"potentialAction\":[{\"@type\":\"SearchAction\",\"target\":{\"@type\":\"EntryPoint\",\"urlTemplate\":\"https:\/\/fovarosikeptar.hu\/?s={search_term_string}\"},\"query-input\":\"required name=search_term_string\"}],\"inLanguage\":\"en-US\"},{\"@type\":\"WebPage\",\"@id\":\"https:\/\/fovarosikeptar.hu\/en\/wanderings-lili-orszag-in-kiscell\/#webpage\",\"url\":\"https:\/\/fovarosikeptar.hu\/en\/wanderings-lili-orszag-in-kiscell\/\",\"name\":\"Wanderings \\u2013 Lili Orsz\\u00e1g in Kiscell - F\\u0151v\\u00e1rosi K\\u00e9pt\\u00e1r\",\"isPartOf\":{\"@id\":\"https:\/\/fovarosikeptar.hu\/#website\"},\"datePublished\":\"2025-01-17T11:04:36+00:00\",\"dateModified\":\"2025-01-20T12:16:06+00:00\",\"breadcrumb\":{\"@id\":\"https:\/\/fovarosikeptar.hu\/en\/wanderings-lili-orszag-in-kiscell\/#breadcrumb\"},\"inLanguage\":\"en-US\",\"potentialAction\":[{\"@type\":\"ReadAction\",\"target\":[\"https:\/\/fovarosikeptar.hu\/en\/wanderings-lili-orszag-in-kiscell\/\"]}]},{\"@type\":\"BreadcrumbList\",\"@id\":\"https:\/\/fovarosikeptar.hu\/en\/wanderings-lili-orszag-in-kiscell\/#breadcrumb\",\"itemListElement\":[{\"@type\":\"ListItem\",\"position\":1,\"name\":\"Home\",\"item\":\"https:\/\/fovarosikeptar.hu\/en\/\"},{\"@type\":\"ListItem\",\"position\":2,\"name\":\"Wanderings \\u2013 Lili Orsz\\u00e1g in Kiscell\"}]}]}<\/script>\n<!-- \/ Yoast SEO plugin. -->","yoast_head_json":{"title":"Wanderings \u2013 Lili Orsz\u00e1g in Kiscell - F\u0151v\u00e1rosi K\u00e9pt\u00e1r","robots":{"index":"index","follow":"follow","max-snippet":"max-snippet:-1","max-image-preview":"max-image-preview:large","max-video-preview":"max-video-preview:-1"},"canonical":"https:\/\/fovarosikeptar.hu\/en\/wanderings-lili-orszag-in-kiscell\/","og_locale":"en_US","og_type":"article","og_title":"Wanderings \u2013 Lili Orsz\u00e1g in Kiscell - F\u0151v\u00e1rosi K\u00e9pt\u00e1r","og_description":"[vc_row css_animation=&#8221;&#8221; row_type=&#8221;row&#8221; use_row_as_full_screen_section=&#8221;no&#8221; type=&#8221;full_width&#8221; angled_section=&#8221;no&#8221; text_align=&#8221;left&#8221; background_image_as_pattern=&#8221;without_pattern&#8221;][vc_column width=&#8221;1\/4&#8243;][vc_single_image image=&#8221;24138&#8243; img_size=&#8221;medium&#8221; alignment=&#8221;right&#8221; qode_css_animation=&#8221;&#8221; el_class=&#8221;nagyitas&#8221;][\/vc_column][vc_column width=&#8221;3\/4&#8243;][vc_column_text] Wanderings \u2013 Lili Orsz\u00e1g in Kiscell [\/vc_column_text][vc_separator type=&#8221;transparent&#8221; up=&#8221;20&#8243; down=&#8221;25&#8243;][vc_column_text] 16 November 2024 \u2013 6 April 2025 Curator: M\u00e1ria \u00c1rvai Scenic designer: Eszter K\u00e1lm\u00e1n Location: BTM Museum Kiscell, 1037 Budapest,...","og_url":"https:\/\/fovarosikeptar.hu\/en\/wanderings-lili-orszag-in-kiscell\/","og_site_name":"F\u0151v\u00e1rosi K\u00e9pt\u00e1r","article_modified_time":"2025-01-20T12:16:06+00:00","twitter_card":"summary_large_image","twitter_misc":{"Est. reading time":"5 minutes"},"schema":{"@context":"https:\/\/schema.org","@graph":[{"@type":"WebSite","@id":"https:\/\/fovarosikeptar.hu\/#website","url":"https:\/\/fovarosikeptar.hu\/","name":"F\u0151v\u00e1rosi K\u00e9pt\u00e1r","description":"Kiscelli M\u00fazeum","potentialAction":[{"@type":"SearchAction","target":{"@type":"EntryPoint","urlTemplate":"https:\/\/fovarosikeptar.hu\/?s={search_term_string}"},"query-input":"required name=search_term_string"}],"inLanguage":"en-US"},{"@type":"WebPage","@id":"https:\/\/fovarosikeptar.hu\/en\/wanderings-lili-orszag-in-kiscell\/#webpage","url":"https:\/\/fovarosikeptar.hu\/en\/wanderings-lili-orszag-in-kiscell\/","name":"Wanderings \u2013 Lili Orsz\u00e1g in Kiscell - F\u0151v\u00e1rosi K\u00e9pt\u00e1r","isPartOf":{"@id":"https:\/\/fovarosikeptar.hu\/#website"},"datePublished":"2025-01-17T11:04:36+00:00","dateModified":"2025-01-20T12:16:06+00:00","breadcrumb":{"@id":"https:\/\/fovarosikeptar.hu\/en\/wanderings-lili-orszag-in-kiscell\/#breadcrumb"},"inLanguage":"en-US","potentialAction":[{"@type":"ReadAction","target":["https:\/\/fovarosikeptar.hu\/en\/wanderings-lili-orszag-in-kiscell\/"]}]},{"@type":"BreadcrumbList","@id":"https:\/\/fovarosikeptar.hu\/en\/wanderings-lili-orszag-in-kiscell\/#breadcrumb","itemListElement":[{"@type":"ListItem","position":1,"name":"Home","item":"https:\/\/fovarosikeptar.hu\/en\/"},{"@type":"ListItem","position":2,"name":"Wanderings \u2013 Lili Orsz\u00e1g in Kiscell"}]}]}},"_links":{"self":[{"href":"https:\/\/fovarosikeptar.hu\/en\/wp-json\/wp\/v2\/pages\/24237"}],"collection":[{"href":"https:\/\/fovarosikeptar.hu\/en\/wp-json\/wp\/v2\/pages"}],"about":[{"href":"https:\/\/fovarosikeptar.hu\/en\/wp-json\/wp\/v2\/types\/page"}],"author":[{"embeddable":true,"href":"https:\/\/fovarosikeptar.hu\/en\/wp-json\/wp\/v2\/users\/7"}],"replies":[{"embeddable":true,"href":"https:\/\/fovarosikeptar.hu\/en\/wp-json\/wp\/v2\/comments?post=24237"}],"version-history":[{"count":5,"href":"https:\/\/fovarosikeptar.hu\/en\/wp-json\/wp\/v2\/pages\/24237\/revisions"}],"predecessor-version":[{"id":24244,"href":"https:\/\/fovarosikeptar.hu\/en\/wp-json\/wp\/v2\/pages\/24237\/revisions\/24244"}],"wp:attachment":[{"href":"https:\/\/fovarosikeptar.hu\/en\/wp-json\/wp\/v2\/media?parent=24237"}],"curies":[{"name":"wp","href":"https:\/\/api.w.org\/{rel}","templated":true}]}}