{"id":24624,"date":"2025-08-08T10:54:00","date_gmt":"2025-08-08T10:54:00","guid":{"rendered":"https:\/\/fovarosikeptar.hu\/?page_id=24624"},"modified":"2025-08-08T10:54:00","modified_gmt":"2025-08-08T10:54:00","slug":"an-italian-in-pest-giacomo-marastoni-1804-1860-and-the-first-hungarian-painting-academy","status":"publish","type":"page","link":"https:\/\/fovarosikeptar.hu\/en\/an-italian-in-pest-giacomo-marastoni-1804-1860-and-the-first-hungarian-painting-academy\/","title":{"rendered":"An Italian in Pest &#8211; Giacomo Marastoni (1804\u20131860) and the First Hungarian Painting Academy"},"content":{"rendered":"<p>[vc_row css_animation=&#8221;&#8221; row_type=&#8221;row&#8221; use_row_as_full_screen_section=&#8221;no&#8221; type=&#8221;full_width&#8221; angled_section=&#8221;no&#8221; text_align=&#8221;left&#8221; background_image_as_pattern=&#8221;without_pattern&#8221;][vc_column width=&#8221;1\/4&#8243;][vc_single_image image=&#8221;24474&#8243; img_size=&#8221;medium&#8221; qode_css_animation=&#8221;&#8221;][\/vc_column][vc_column width=&#8221;3\/4&#8243;][vc_column_text]<\/p>\n<h2 class=\"muvesz-m\">An Italian in Pest<\/h2>\n<h2 class=\"muvesz-m\">Giacomo Marastoni (1804\u20131860) and the First Hungarian Painting Academy<\/h2>\n<p>[\/vc_column_text][vc_separator type=&#8221;transparent&#8221; up=&#8221;20&#8243; down=&#8221;25&#8243;][vc_column_text]<\/p>\n<p class=\"datum-r\" style=\"margin-top: 15px;\">19 June 2025 \u2013 26 October 2025<\/p>\n<p>Curated by Dr. P\u00e9ter Farbaky and Eszter Moln\u00e1rn\u00e9 Acz\u00e9l<\/p>\n<p>Location: BHM Castle Museum, 1014 Budapest, Szent Gy\u00f6rgy t\u00e9r 2., Buda Castle Palace, Building E<\/p>\n<p class=\"datum-r\" style=\"margin-top: 15px;\">Opening hours: Tuesday\u2013Sunday 10 am\u20136 pm<\/p>\n<p>[\/vc_column_text][vc_separator type=&#8221;transparent&#8221; up=&#8221;20&#8243; down=&#8221;25&#8243;][vc_separator type=&#8221;transparent&#8221; up=&#8221;20&#8243; down=&#8221;25&#8243;]<a  itemprop=\"url\" href=\"https:\/\/varmuzeum.jegy.hu\/\" target=\"_self\"  class=\"qbutton  default\" style=\"\">ONLINE TICKET<\/a>[vc_separator type=&#8221;transparent&#8221; up=&#8221;20&#8243; down=&#8221;25&#8243;][\/vc_column][\/vc_row][vc_row css_animation=&#8221;&#8221; row_type=&#8221;row&#8221; use_row_as_full_screen_section=&#8221;no&#8221; type=&#8221;full_width&#8221; angled_section=&#8221;no&#8221; text_align=&#8221;left&#8221; background_image_as_pattern=&#8221;without_pattern&#8221;][vc_column][vc_separator type=&#8221;transparent&#8221; up=&#8221;20&#8243; down=&#8221;20&#8243;][vc_separator type=&#8221;transparent&#8221; up=&#8221;20&#8243; down=&#8221;20&#8243;][vc_column_text]Giacomo Marastoni, or Jakab Marastoni as he was known in Hungarian (1804\u20121860), was born in Venice, where he studied at the famous Academy of Fine Arts. After travelling in Austria in the early 1830s, he moved to Pozsony\/Pressburg\/Bratislava in 1833 and eventually settled down in Pest in 1836, where he lived until his death.[\/vc_column_text][vc_separator type=&#8221;transparent&#8221; up=&#8221;20&#8243; down=&#8221;20&#8243;][vc_column_text]Marastoni joined the reformist revival of Hungary. He worked as a portrait painter during the parliamentary assemblies of Pozsony\/Bratislava and Kolozsv\u00e1r\/Cluj, and he received commissions from noble and middle-class families for decades. In 1846, he spent his entire fortune on setting up his pioneering institution, the First Hungarian Academy of Painting in Pest, in Nagyh\u00edd Street, on the third floor of a building designed by J\u00f3zsef Hild. He acquired the necessary reproductions, plaster sculptures and engravings from Italy. In Pest, the opening of the Academy was a major cultural event that was met with great interest, and in the same year Marastoni was elected an honorary citizen of Pest. The private art school, which also received patronage, operated until Marastoni\u2019s death in 1860. Among the students were many important artists of the second half of the 19th century, such as Mih\u00e1ly Szeml\u00e9r and K\u00e1roly Lotz.<\/p>\n<p>[\/vc_column_text][vc_separator type=&#8221;transparent&#8221; up=&#8221;20&#8243; down=&#8221;20&#8243;][vc_single_image image=&#8221;24477&#8243; img_size=&#8221;full&#8221; add_caption=&#8221;yes&#8221; qode_css_animation=&#8221;&#8221;][vc_column_text]<\/p>\n<p class=\"kepalairas-1\">Giacomo Marastoni (1804\u20131860)<\/p>\n<p class=\"kepalairas-2\"><em>Portrait of Herman Klein \/ J\u00e1nos Kil\u00e9nyi,<\/em> 1847<\/p>\n<p class=\"kepalairas-2\">BHM Kiscell Museum \u2013 Municipal Gallery<\/p>\n<p>[\/vc_column_text][vc_separator type=&#8221;transparent&#8221; up=&#8221;20&#8243; down=&#8221;20&#8243;][vc_column_text]The exhibition presents Marastoni\u2019s family and his studies, tracing his life from Venice \u2013 through Vienna and Bratislava \u2013 to Pest. Being an artist and an artist organiser, Marastoni quickly became a major figure in the public life of Pest. His network of contacts, his Academy in Pest, as well as the early work of the group of Hungarian artists who started their career at his school and later acquired a name for themselves, all played a decisive role in the development of Pozsony (Bratislava) and Pest during the Hungarian Reform Era. The operation of his art school was based on traditional academic values, with the intention of creating domestic higher education in fine arts. During this time \u2013 like today \u2013 it was not unusual for artists to try their luck in several different parts of Europe. Marastoni\u2019s multi-national identity was only natural in an era embedded in the Central-Europeanism of the Habsburg Empire. Towards the end of the Reform Era, Mikl\u00f3s Barab\u00e1s and Marastoni were considered the country\u2019s most important portrait painters, and Marastoni also carried out early experiments in daguerreotype. His private institution was the most important forerunner of the art education established by the state in 1871.<\/p>\n<p>[\/vc_column_text][vc_separator type=&#8221;transparent&#8221; up=&#8221;20&#8243; down=&#8221;20&#8243;][vc_separator type=&#8221;transparent&#8221; up=&#8221;20&#8243; down=&#8221;20&#8243;][\/vc_column][\/vc_row][vc_row css_animation=&#8221;&#8221; row_type=&#8221;row&#8221; use_row_as_full_screen_section=&#8221;no&#8221; type=&#8221;full_width&#8221; angled_section=&#8221;no&#8221; text_align=&#8221;left&#8221; background_image_as_pattern=&#8221;without_pattern&#8221;][vc_column width=&#8221;1\/3&#8243;][vc_single_image image=&#8221;24480&#8243; img_size=&#8221;full&#8221; add_caption=&#8221;yes&#8221; qode_css_animation=&#8221;&#8221;][vc_column_text]<\/p>\n<p class=\"kepalairas-1\">Giacomo Marastoni (1804\u20131860)<\/p>\n<p class=\"kepalairas-2\"><em>Greek Woman \u2013 copy,<\/em> 1850<\/p>\n<p class=\"kepalairas-2\">Private collection<\/p>\n<p>[\/vc_column_text][\/vc_column][vc_column width=&#8221;1\/3&#8243;][vc_single_image image=&#8221;24493&#8243; img_size=&#8221;full&#8221; qode_css_animation=&#8221;&#8221;][vc_column_text]<\/p>\n<p class=\"kepalairas-1\">Giacomo Marastoni (1804\u20131860)<\/p>\n<p class=\"kepalairas-2\"><em>Franz Mayr, first captain of the Zr\u00ednyi steamship,<\/em> 1837<\/p>\n<p class=\"kepalairas-2\">BHM Kiscell Museum \u2013 Municipal Gallery<\/p>\n<p>[\/vc_column_text][\/vc_column][vc_column width=&#8221;1\/3&#8243;][vc_single_image image=&#8221;24499&#8243; img_size=&#8221;full&#8221; add_caption=&#8221;yes&#8221; qode_css_animation=&#8221;&#8221;][vc_column_text]<\/p>\n<p class=\"kepalairas-1\">Giacomo Marastoni (1804\u20131860)<\/p>\n<p class=\"kepalairas-2\"><em>Venetian Women Carrying Water<\/em>, 1845<\/p>\n<p class=\"kepalairas-2\">Museum of Fine Arts \u2012 Hungarian National Gallery<\/p>\n<p>[\/vc_column_text][\/vc_column][\/vc_row][vc_row css_animation=&#8221;&#8221; row_type=&#8221;row&#8221; use_row_as_full_screen_section=&#8221;no&#8221; type=&#8221;full_width&#8221; angled_section=&#8221;no&#8221; text_align=&#8221;left&#8221; background_image_as_pattern=&#8221;without_pattern&#8221;][vc_column][vc_separator type=&#8221;transparent&#8221; up=&#8221;20&#8243; down=&#8221;20&#8243;][vc_separator type=&#8221;transparent&#8221; up=&#8221;20&#8243; down=&#8221;20&#8243;][vc_column_text]This is the first exhibition that attempts to review the oeuvre of Giacomo\/Jakab Marastoni. In addition to starting from the Fine Arts Collection of the Budapest History Museum, the Municipal Gallery, it presents works on loan from the most significant domestic public collections, such as the Museum of Fine Arts \u2013 Hungarian National Gallery and the Hungarian National Museum. In addition, several works of art are on display in Budapest for the first time, such as the large family portrait of the Scherz family, borrowed from the Bratislava City Gallery, but the special drawings from the collection of the BHM Kiscell Museum \u2013 Municipal Gallery, nearly 60 study drawings, have never been on display before.<\/p>\n<p>[\/vc_column_text][vc_column_text]The exhibition, which opens as a result of six years of preparatory work, will display 240 works of art from 28 public and church collections in four countries, as well as on loan from private collectors.<\/p>\n<p>[\/vc_column_text][vc_separator type=&#8221;transparent&#8221; up=&#8221;20&#8243; down=&#8221;20&#8243;][vc_separator type=&#8221;transparent&#8221; up=&#8221;20&#8243; down=&#8221;20&#8243;][\/vc_column][\/vc_row][vc_row css_animation=&#8221;&#8221; row_type=&#8221;row&#8221; use_row_as_full_screen_section=&#8221;no&#8221; type=&#8221;full_width&#8221; angled_section=&#8221;no&#8221; text_align=&#8221;left&#8221; background_image_as_pattern=&#8221;without_pattern&#8221;][vc_column][vc_single_image image=&#8221;24496&#8243; img_size=&#8221;full&#8221; qode_css_animation=&#8221;&#8221;][vc_column_text]<\/p>\n<p class=\"kepalairas-1\">Giacomo Marastoni (1804\u20131860)<\/p>\n<p class=\"kepalairas-2\"><em>The family of the Bratislava merchant F\u00fcl\u00f6p Scherz,<\/em> 1835<\/p>\n<p class=\"kepalairas-2\">Bratislava, Gal\u00e9ria mesta Bratislavy<\/p>\n<p>[\/vc_column_text][\/vc_column][\/vc_row][vc_row css_animation=&#8221;&#8221; row_type=&#8221;row&#8221; use_row_as_full_screen_section=&#8221;no&#8221; type=&#8221;full_width&#8221; angled_section=&#8221;no&#8221; text_align=&#8221;left&#8221; background_image_as_pattern=&#8221;without_pattern&#8221;][vc_column][vc_separator type=&#8221;transparent&#8221; up=&#8221;20&#8243; down=&#8221;20&#8243;][vc_text_separator title=&#8221;IMAGE GALLERY&#8221; border=&#8221;no&#8221;][vc_separator type=&#8221;transparent&#8221; up=&#8221;20&#8243; down=&#8221;20&#8243;][vc_separator type=&#8221;transparent&#8221; up=&#8221;20&#8243; down=&#8221;20&#8243;][vc_gallery type=&#8221;nivo&#8221; interval=&#8221;3&#8243; images=&#8221;24521,24524,24527,24530,24533,24536,24539,24542,24545,24548,24551,24554,24557,24560,24563,24566,24569,24572,24575,24578,24581,24584,24587,24590,24593&#8243; img_size=&#8221;full&#8221; onclick=&#8221;&#8221;][vc_separator type=&#8221;transparent&#8221; up=&#8221;20&#8243; down=&#8221;20&#8243;][vc_column_text]Interior photos: \u00c1kos Keppel \/ Budapest History Museum[\/vc_column_text][vc_separator type=&#8221;transparent&#8221; up=&#8221;20&#8243; down=&#8221;20&#8243;][vc_separator type=&#8221;transparent&#8221; up=&#8221;20&#8243; down=&#8221;20&#8243;][\/vc_column][\/vc_row][vc_row css_animation=&#8221;&#8221; row_type=&#8221;row&#8221; use_row_as_full_screen_section=&#8221;no&#8221; type=&#8221;full_width&#8221; angled_section=&#8221;no&#8221; text_align=&#8221;left&#8221; background_image_as_pattern=&#8221;without_pattern&#8221;][vc_column][vc_separator type=&#8221;normal&#8221; up=&#8221;20&#8243; down=&#8221;20&#8243;][\/vc_column][\/vc_row]<\/p>\n","protected":false},"excerpt":{"rendered":"<p>[vc_row css_animation=&#8221;&#8221; row_type=&#8221;row&#8221; use_row_as_full_screen_section=&#8221;no&#8221; type=&#8221;full_width&#8221; angled_section=&#8221;no&#8221; text_align=&#8221;left&#8221; background_image_as_pattern=&#8221;without_pattern&#8221;][vc_column width=&#8221;1\/4&#8243;][vc_single_image image=&#8221;24474&#8243; img_size=&#8221;medium&#8221; qode_css_animation=&#8221;&#8221;][\/vc_column][vc_column width=&#8221;3\/4&#8243;][vc_column_text] An Italian in Pest Giacomo Marastoni (1804\u20131860) and the First Hungarian Painting Academy [\/vc_column_text][vc_separator type=&#8221;transparent&#8221; up=&#8221;20&#8243; down=&#8221;25&#8243;][vc_column_text] 19 June 2025 \u2013 26 October 2025 Curated by Dr. P\u00e9ter Farbaky and Eszter Moln\u00e1rn\u00e9&#8230;<\/p>\n","protected":false},"author":7,"featured_media":0,"parent":0,"menu_order":0,"comment_status":"closed","ping_status":"closed","template":"","meta":[],"yoast_head":"<!-- This site is optimized with the Yoast SEO plugin v16.8 - https:\/\/yoast.com\/wordpress\/plugins\/seo\/ -->\n<title>An Italian in Pest - Giacomo Marastoni (1804\u20131860) and the First Hungarian Painting Academy - F\u0151v\u00e1rosi K\u00e9pt\u00e1r<\/title>\n<meta name=\"robots\" content=\"index, follow, max-snippet:-1, max-image-preview:large, max-video-preview:-1\" \/>\n<link rel=\"canonical\" href=\"https:\/\/fovarosikeptar.hu\/en\/an-italian-in-pest-giacomo-marastoni-1804-1860-and-the-first-hungarian-painting-academy\/\" \/>\n<meta property=\"og:locale\" content=\"en_US\" \/>\n<meta property=\"og:type\" content=\"article\" \/>\n<meta property=\"og:title\" content=\"An Italian in Pest - Giacomo Marastoni (1804\u20131860) and the First Hungarian Painting Academy - F\u0151v\u00e1rosi K\u00e9pt\u00e1r\" \/>\n<meta property=\"og:description\" content=\"[vc_row css_animation=&#8221;&#8221; row_type=&#8221;row&#8221; use_row_as_full_screen_section=&#8221;no&#8221; type=&#8221;full_width&#8221; angled_section=&#8221;no&#8221; text_align=&#8221;left&#8221; background_image_as_pattern=&#8221;without_pattern&#8221;][vc_column width=&#8221;1\/4&#8243;][vc_single_image image=&#8221;24474&#8243; img_size=&#8221;medium&#8221; qode_css_animation=&#8221;&#8221;][\/vc_column][vc_column width=&#8221;3\/4&#8243;][vc_column_text] An Italian in Pest Giacomo Marastoni (1804\u20131860) and the First Hungarian Painting Academy [\/vc_column_text][vc_separator type=&#8221;transparent&#8221; up=&#8221;20&#8243; down=&#8221;25&#8243;][vc_column_text] 19 June 2025 \u2013 26 October 2025 Curated by Dr. P\u00e9ter Farbaky and Eszter Moln\u00e1rn\u00e9...\" \/>\n<meta property=\"og:url\" content=\"https:\/\/fovarosikeptar.hu\/en\/an-italian-in-pest-giacomo-marastoni-1804-1860-and-the-first-hungarian-painting-academy\/\" \/>\n<meta property=\"og:site_name\" content=\"F\u0151v\u00e1rosi K\u00e9pt\u00e1r\" \/>\n<meta name=\"twitter:card\" content=\"summary_large_image\" \/>\n<meta name=\"twitter:label1\" content=\"Est. reading time\" \/>\n\t<meta name=\"twitter:data1\" content=\"4 minutes\" \/>\n<script type=\"application\/ld+json\" class=\"yoast-schema-graph\">{\"@context\":\"https:\/\/schema.org\",\"@graph\":[{\"@type\":\"WebSite\",\"@id\":\"https:\/\/fovarosikeptar.hu\/#website\",\"url\":\"https:\/\/fovarosikeptar.hu\/\",\"name\":\"F\\u0151v\\u00e1rosi K\\u00e9pt\\u00e1r\",\"description\":\"Kiscelli M\\u00fazeum\",\"potentialAction\":[{\"@type\":\"SearchAction\",\"target\":{\"@type\":\"EntryPoint\",\"urlTemplate\":\"https:\/\/fovarosikeptar.hu\/?s={search_term_string}\"},\"query-input\":\"required name=search_term_string\"}],\"inLanguage\":\"en-US\"},{\"@type\":\"WebPage\",\"@id\":\"https:\/\/fovarosikeptar.hu\/en\/an-italian-in-pest-giacomo-marastoni-1804-1860-and-the-first-hungarian-painting-academy\/#webpage\",\"url\":\"https:\/\/fovarosikeptar.hu\/en\/an-italian-in-pest-giacomo-marastoni-1804-1860-and-the-first-hungarian-painting-academy\/\",\"name\":\"An Italian in Pest - Giacomo Marastoni (1804\\u20131860) and the First Hungarian Painting Academy - F\\u0151v\\u00e1rosi K\\u00e9pt\\u00e1r\",\"isPartOf\":{\"@id\":\"https:\/\/fovarosikeptar.hu\/#website\"},\"datePublished\":\"2025-08-08T10:54:00+00:00\",\"dateModified\":\"2025-08-08T10:54:00+00:00\",\"breadcrumb\":{\"@id\":\"https:\/\/fovarosikeptar.hu\/en\/an-italian-in-pest-giacomo-marastoni-1804-1860-and-the-first-hungarian-painting-academy\/#breadcrumb\"},\"inLanguage\":\"en-US\",\"potentialAction\":[{\"@type\":\"ReadAction\",\"target\":[\"https:\/\/fovarosikeptar.hu\/en\/an-italian-in-pest-giacomo-marastoni-1804-1860-and-the-first-hungarian-painting-academy\/\"]}]},{\"@type\":\"BreadcrumbList\",\"@id\":\"https:\/\/fovarosikeptar.hu\/en\/an-italian-in-pest-giacomo-marastoni-1804-1860-and-the-first-hungarian-painting-academy\/#breadcrumb\",\"itemListElement\":[{\"@type\":\"ListItem\",\"position\":1,\"name\":\"Home\",\"item\":\"https:\/\/fovarosikeptar.hu\/en\/\"},{\"@type\":\"ListItem\",\"position\":2,\"name\":\"An Italian in Pest &#8211; Giacomo Marastoni (1804\\u20131860) and the First Hungarian Painting Academy\"}]}]}<\/script>\n<!-- \/ Yoast SEO plugin. -->","yoast_head_json":{"title":"An Italian in Pest - Giacomo Marastoni (1804\u20131860) and the First Hungarian Painting Academy - F\u0151v\u00e1rosi K\u00e9pt\u00e1r","robots":{"index":"index","follow":"follow","max-snippet":"max-snippet:-1","max-image-preview":"max-image-preview:large","max-video-preview":"max-video-preview:-1"},"canonical":"https:\/\/fovarosikeptar.hu\/en\/an-italian-in-pest-giacomo-marastoni-1804-1860-and-the-first-hungarian-painting-academy\/","og_locale":"en_US","og_type":"article","og_title":"An Italian in Pest - Giacomo Marastoni (1804\u20131860) and the First Hungarian Painting Academy - F\u0151v\u00e1rosi K\u00e9pt\u00e1r","og_description":"[vc_row css_animation=&#8221;&#8221; row_type=&#8221;row&#8221; use_row_as_full_screen_section=&#8221;no&#8221; type=&#8221;full_width&#8221; angled_section=&#8221;no&#8221; text_align=&#8221;left&#8221; background_image_as_pattern=&#8221;without_pattern&#8221;][vc_column width=&#8221;1\/4&#8243;][vc_single_image image=&#8221;24474&#8243; img_size=&#8221;medium&#8221; qode_css_animation=&#8221;&#8221;][\/vc_column][vc_column width=&#8221;3\/4&#8243;][vc_column_text] An Italian in Pest Giacomo Marastoni (1804\u20131860) and the First Hungarian Painting Academy [\/vc_column_text][vc_separator type=&#8221;transparent&#8221; up=&#8221;20&#8243; down=&#8221;25&#8243;][vc_column_text] 19 June 2025 \u2013 26 October 2025 Curated by Dr. P\u00e9ter Farbaky and Eszter Moln\u00e1rn\u00e9...","og_url":"https:\/\/fovarosikeptar.hu\/en\/an-italian-in-pest-giacomo-marastoni-1804-1860-and-the-first-hungarian-painting-academy\/","og_site_name":"F\u0151v\u00e1rosi K\u00e9pt\u00e1r","twitter_card":"summary_large_image","twitter_misc":{"Est. reading time":"4 minutes"},"schema":{"@context":"https:\/\/schema.org","@graph":[{"@type":"WebSite","@id":"https:\/\/fovarosikeptar.hu\/#website","url":"https:\/\/fovarosikeptar.hu\/","name":"F\u0151v\u00e1rosi K\u00e9pt\u00e1r","description":"Kiscelli M\u00fazeum","potentialAction":[{"@type":"SearchAction","target":{"@type":"EntryPoint","urlTemplate":"https:\/\/fovarosikeptar.hu\/?s={search_term_string}"},"query-input":"required name=search_term_string"}],"inLanguage":"en-US"},{"@type":"WebPage","@id":"https:\/\/fovarosikeptar.hu\/en\/an-italian-in-pest-giacomo-marastoni-1804-1860-and-the-first-hungarian-painting-academy\/#webpage","url":"https:\/\/fovarosikeptar.hu\/en\/an-italian-in-pest-giacomo-marastoni-1804-1860-and-the-first-hungarian-painting-academy\/","name":"An Italian in Pest - Giacomo Marastoni (1804\u20131860) and the First Hungarian Painting Academy - F\u0151v\u00e1rosi K\u00e9pt\u00e1r","isPartOf":{"@id":"https:\/\/fovarosikeptar.hu\/#website"},"datePublished":"2025-08-08T10:54:00+00:00","dateModified":"2025-08-08T10:54:00+00:00","breadcrumb":{"@id":"https:\/\/fovarosikeptar.hu\/en\/an-italian-in-pest-giacomo-marastoni-1804-1860-and-the-first-hungarian-painting-academy\/#breadcrumb"},"inLanguage":"en-US","potentialAction":[{"@type":"ReadAction","target":["https:\/\/fovarosikeptar.hu\/en\/an-italian-in-pest-giacomo-marastoni-1804-1860-and-the-first-hungarian-painting-academy\/"]}]},{"@type":"BreadcrumbList","@id":"https:\/\/fovarosikeptar.hu\/en\/an-italian-in-pest-giacomo-marastoni-1804-1860-and-the-first-hungarian-painting-academy\/#breadcrumb","itemListElement":[{"@type":"ListItem","position":1,"name":"Home","item":"https:\/\/fovarosikeptar.hu\/en\/"},{"@type":"ListItem","position":2,"name":"An Italian in Pest &#8211; Giacomo Marastoni (1804\u20131860) and the First Hungarian Painting Academy"}]}]}},"_links":{"self":[{"href":"https:\/\/fovarosikeptar.hu\/en\/wp-json\/wp\/v2\/pages\/24624"}],"collection":[{"href":"https:\/\/fovarosikeptar.hu\/en\/wp-json\/wp\/v2\/pages"}],"about":[{"href":"https:\/\/fovarosikeptar.hu\/en\/wp-json\/wp\/v2\/types\/page"}],"author":[{"embeddable":true,"href":"https:\/\/fovarosikeptar.hu\/en\/wp-json\/wp\/v2\/users\/7"}],"replies":[{"embeddable":true,"href":"https:\/\/fovarosikeptar.hu\/en\/wp-json\/wp\/v2\/comments?post=24624"}],"version-history":[{"count":1,"href":"https:\/\/fovarosikeptar.hu\/en\/wp-json\/wp\/v2\/pages\/24624\/revisions"}],"predecessor-version":[{"id":24625,"href":"https:\/\/fovarosikeptar.hu\/en\/wp-json\/wp\/v2\/pages\/24624\/revisions\/24625"}],"wp:attachment":[{"href":"https:\/\/fovarosikeptar.hu\/en\/wp-json\/wp\/v2\/media?parent=24624"}],"curies":[{"name":"wp","href":"https:\/\/api.w.org\/{rel}","templated":true}]}}