{"id":24631,"date":"2025-08-26T11:22:22","date_gmt":"2025-08-26T11:22:22","guid":{"rendered":"https:\/\/fovarosikeptar.hu\/?page_id=24631"},"modified":"2025-08-26T11:31:51","modified_gmt":"2025-08-26T11:31:51","slug":"a-puzzle-of-777-pieces","status":"publish","type":"page","link":"https:\/\/fovarosikeptar.hu\/en\/a-puzzle-of-777-pieces\/","title":{"rendered":"A Puzzle of Seventy-Seven+7 Pieces"},"content":{"rendered":"<p>[vc_row css_animation=&#8221;&#8221; row_type=&#8221;row&#8221; use_row_as_full_screen_section=&#8221;no&#8221; type=&#8221;full_width&#8221; angled_section=&#8221;no&#8221; text_align=&#8221;left&#8221; background_image_as_pattern=&#8221;without_pattern&#8221;][vc_column width=&#8221;1\/4&#8243;][vc_single_image image=&#8221;24381&#8243; img_size=&#8221;medium&#8221; alignment=&#8221;right&#8221; qode_css_animation=&#8221;&#8221; el_class=&#8221;nagyitas&#8221;][\/vc_column][vc_column width=&#8221;3\/4&#8243;][vc_column_text]<\/p>\n<h2 class=\"muvesz-m\">A Puzzle of Seventy-Seven+7 Pieces<\/h2>\n<p>[\/vc_column_text][vc_separator type=&#8221;transparent&#8221; up=&#8221;20&#8243; down=&#8221;25&#8243;][vc_column_text]<\/p>\n<p class=\"datum-r\" style=\"margin-top: 15px;\">16 May 2025 \u2013 31 January 2026<\/p>\n<p><span style=\"font-weight: 400;\">Curators Anik\u00f3 B. Nagy and Blanka F\u00e1bi\u00e1n<\/span><\/p>\n<p>Location: BHM Museum Kiscell, H-1037 Budapest, Kiscelli utca 108.<\/p>\n<p class=\"datum-r\" style=\"margin-top: 15px;\">Opening hours: Tuesday\u2013Sunday 10 am\u20136 pm<\/p>\n<p>[\/vc_column_text][vc_separator type=&#8221;transparent&#8221; up=&#8221;20&#8243; down=&#8221;25&#8243;][vc_separator type=&#8221;transparent&#8221; up=&#8221;20&#8243; down=&#8221;25&#8243;]<a  itemprop=\"url\" href=\"https:\/\/kiscelli.jegy.hu\/\" target=\"_self\"  class=\"qbutton  default\" style=\"\">ONLIE TICKET<\/a>[vc_separator type=&#8221;transparent&#8221; up=&#8221;20&#8243; down=&#8221;25&#8243;][\/vc_column][\/vc_row][vc_row css_animation=&#8221;&#8221; row_type=&#8221;row&#8221; use_row_as_full_screen_section=&#8221;no&#8221; type=&#8221;full_width&#8221; angled_section=&#8221;no&#8221; text_align=&#8221;left&#8221; background_image_as_pattern=&#8221;without_pattern&#8221;][vc_column][vc_separator type=&#8221;transparent&#8221; up=&#8221;20&#8243; down=&#8221;20&#8243;][vc_separator type=&#8221;transparent&#8221; up=&#8221;20&#8243; down=&#8221;20&#8243;][vc_column_text]<span style=\"font-weight: 400;\">The Municipal Gallery\u2019s collection exhibition is showcased in the Baroque corridors and three smaller rooms of our museum, nestled between furniture pieces left behind from earlier interior exhibitions. Balancing the strong atmosphere of this historical setting with the autonomy of fine art, creating dialogues, counterpoints, and unexpected connections, proved an exciting curatorial challenge.<\/span><\/p>\n<p><span style=\"font-weight: 400;\">Since the 1980s, postmodern perspectives have profoundly reshaped how we think about museums. The uniform, linear perception of historical development has been questioned, value systems and hierarchies based on fixed categories have receded. Rethinking the relationship between museums and the community has become increasingly essential, while the &#8220;one true story&#8221; written from an omniscient perspective has been gradually replaced by parallel narratives offering diverse interpretations. Consequently, the concept of the permanent exhibition has also gained a new meaning: today, the expectation is not &#8220;permanence&#8221; but openness to social and historical contexts and presentation that adapts to continually changing perspectives.<\/span><\/p>\n<p><span style=\"font-weight: 400;\">The Municipal Gallery does not have a permanent exhibition, and if it ever had, it would rather take on a continually evolving, renewing form. This exhibition, born from the desire to present our collection, was created in the spirit of this transformed thinking about museums. Some works have been shown before; others are new selections, reflecting on themes such as war and peace, chosen and forced identities, and the dynamics of enemy-making in contemporary discourse.<\/span><\/p>\n<p><span style=\"font-weight: 400;\">At the entrance, a mini textile collage commemorates our late colleague, P\u00e9ter Fitz\u2014Director of the Municipal Gallery between 1994 and 2014\u2014who passed away at Christmas 2024. The collage came from his personal collection.<\/span><\/p>\n<p><span style=\"font-weight: 400;\">As visitors step into the sequence of winding, gradually opening spaces, they encounter works from various periods, movements, and attitudes in unusual juxtapositions, framed by powerful social-historical contexts. The exhibition&#8217;s title refers to the way the material is organized: various historical and contemporary artworks are linked through thematic threads, forming finely woven networks and a complex structure reminiscent of a puzzle&#8217;s logic.<\/span><\/p>\n<p><span style=\"font-weight: 400;\">Interpreting the concept of art broadly, we also included many objects in the exhibition that were created outside the traditional boundaries of fine art, yet convey profound emotional or social content: popular graphic prints, tableaus of social campaigns, badges, pins, and various accessories. Although these works may appear modest and small in scale at first glance, their layered relation to identities and political content makes them extremely rich; they serve as suggestive mirrors of everyday experience.<\/span>[\/vc_column_text][vc_separator type=&#8221;transparent&#8221; up=&#8221;20&#8243; down=&#8221;20&#8243;][vc_separator type=&#8221;transparent&#8221; up=&#8221;20&#8243; down=&#8221;20&#8243;][\/vc_column][\/vc_row][vc_row css_animation=&#8221;&#8221; row_type=&#8221;row&#8221; use_row_as_full_screen_section=&#8221;no&#8221; type=&#8221;full_width&#8221; angled_section=&#8221;no&#8221; text_align=&#8221;left&#8221; background_image_as_pattern=&#8221;without_pattern&#8221;][vc_column][vc_separator type=&#8221;transparent&#8221; up=&#8221;20&#8243; down=&#8221;20&#8243;][vc_text_separator title=&#8221;FEATURED ARTWORKS&#8221; border=&#8221;no&#8221;][vc_separator type=&#8221;transparent&#8221; up=&#8221;20&#8243; down=&#8221;20&#8243;][vc_separator type=&#8221;transparent&#8221; up=&#8221;20&#8243; down=&#8221;20&#8243;][vc_gallery type=&#8221;image_grid&#8221; images=&#8221;24392,24389,24416,24404,24386,24410,24413,24428,24401,24407,24395,24398&#8243; column_number=&#8221;4&#8243; grayscale=&#8221;no&#8221; images_space=&#8221;gallery_without_space&#8221;][vc_separator type=&#8221;transparent&#8221; up=&#8221;20&#8243; down=&#8221;20&#8243;][vc_separator type=&#8221;transparent&#8221; up=&#8221;20&#8243; down=&#8221;20&#8243;][vc_column_text]<span style=\"font-weight: 400;\">The exhibition unfolds in five thematic sections. Since a few important viewpoints were missing from the emerging narrative, alongside the 77 works from our collections, we also included 7\u00a0 artworks as guests.\u00a0<\/span><\/p>\n<p><span style=\"font-weight: 400;\">The main axis of the exhibition is the unit titled <\/span><i><span style=\"font-weight: 400;\">Hard Times<\/span><\/i><span style=\"font-weight: 400;\">, focusing on the artistic imprints of 20<\/span><span style=\"font-weight: 400;\">th<\/span><span style=\"font-weight: 400;\">&#8211; and 21<\/span><span style=\"font-weight: 400;\">st<\/span><span style=\"font-weight: 400;\">-century wars, authoritarian regimes, and historical upheavals. Works loyal to, and critical of, these systems fill the space with tension and dynamism, raising urgent questions about artistic responsibility, collaboration, resistance, and the relationship between morality and aesthetics.<\/span><\/p>\n<p><span style=\"font-weight: 400;\">The rooms opening from this area showcase <\/span><i><span style=\"font-weight: 400;\">Montage<\/span><\/i><span style=\"font-weight: 400;\">, a collection of objects that condenses the exhibition\u2019s methodology, and <\/span><i><span style=\"font-weight: 400;\">Labelled<\/span><\/i><span style=\"font-weight: 400;\">, a selection presenting works by artists who suffered marginalization, rejection, or exclusion due to their ethnic, religious, or sexual identity.<\/span><\/p>\n<p><span style=\"font-weight: 400;\">The third room, called <\/span><i><span style=\"font-weight: 400;\">Women\u2019s Hands<\/span><\/i><span style=\"font-weight: 400;\">, presents artistic reflections on activities traditionally associated with women, often invisible and unpaid. Among the artworks, idealizing, critical, and feminist approaches are also represented.<\/span><\/p>\n<p><span style=\"font-weight: 400;\">At the end of the exhibition, visitors\u2019 attention is once again drawn back to the place where we started: in the rooms <\/span><i><span style=\"font-weight: 400;\">\u00d3buda, Kiscell,<\/span><\/i><span style=\"font-weight: 400;\"> a selection capturing the scenery and atmosphere of the museum and its immediate surroundings in the past century and today is featured.<\/span><\/p>\n<p><span style=\"font-weight: 400;\">The exhibition explores all kinds of stories, tragedies, dead ends, and hardships, approaching them in multiple registers\u2014sometimes with irony, sometimes with candour. Through the dialogue and occasional confrontation between the artworks, an intellectual and emotional space unfolds where, alongside compassion, the possibilities of resolution also open up.<\/span>[\/vc_column_text][vc_separator type=&#8221;transparent&#8221; up=&#8221;20&#8243; down=&#8221;20&#8243;][\/vc_column][\/vc_row][vc_row css_animation=&#8221;&#8221; row_type=&#8221;row&#8221; use_row_as_full_screen_section=&#8221;no&#8221; type=&#8221;full_width&#8221; angled_section=&#8221;no&#8221; text_align=&#8221;left&#8221; background_image_as_pattern=&#8221;without_pattern&#8221;][vc_column][vc_separator type=&#8221;normal&#8221; up=&#8221;20&#8243; down=&#8221;20&#8243;][\/vc_column][\/vc_row]<\/p>\n","protected":false},"excerpt":{"rendered":"<p>[vc_row css_animation=&#8221;&#8221; row_type=&#8221;row&#8221; use_row_as_full_screen_section=&#8221;no&#8221; type=&#8221;full_width&#8221; angled_section=&#8221;no&#8221; text_align=&#8221;left&#8221; background_image_as_pattern=&#8221;without_pattern&#8221;][vc_column width=&#8221;1\/4&#8243;][vc_single_image image=&#8221;24381&#8243; img_size=&#8221;medium&#8221; alignment=&#8221;right&#8221; qode_css_animation=&#8221;&#8221; el_class=&#8221;nagyitas&#8221;][\/vc_column][vc_column width=&#8221;3\/4&#8243;][vc_column_text] A Puzzle of Seventy-Seven+7 Pieces [\/vc_column_text][vc_separator type=&#8221;transparent&#8221; up=&#8221;20&#8243; down=&#8221;25&#8243;][vc_column_text] 16 May 2025 \u2013 31 January 2026 Curators Anik\u00f3 B. Nagy and Blanka F\u00e1bi\u00e1n Location: BHM Museum Kiscell, H-1037 Budapest, Kiscelli&#8230;<\/p>\n","protected":false},"author":7,"featured_media":0,"parent":0,"menu_order":0,"comment_status":"closed","ping_status":"closed","template":"","meta":[],"yoast_head":"<!-- This site is optimized with the Yoast SEO plugin v16.8 - https:\/\/yoast.com\/wordpress\/plugins\/seo\/ -->\n<title>A Puzzle of Seventy-Seven+7 Pieces - F\u0151v\u00e1rosi K\u00e9pt\u00e1r<\/title>\n<meta name=\"robots\" content=\"index, follow, max-snippet:-1, max-image-preview:large, max-video-preview:-1\" \/>\n<link rel=\"canonical\" href=\"https:\/\/fovarosikeptar.hu\/en\/a-puzzle-of-777-pieces\/\" \/>\n<meta property=\"og:locale\" content=\"en_US\" \/>\n<meta property=\"og:type\" content=\"article\" \/>\n<meta property=\"og:title\" content=\"A Puzzle of Seventy-Seven+7 Pieces - F\u0151v\u00e1rosi K\u00e9pt\u00e1r\" \/>\n<meta property=\"og:description\" content=\"[vc_row css_animation=&#8221;&#8221; row_type=&#8221;row&#8221; use_row_as_full_screen_section=&#8221;no&#8221; type=&#8221;full_width&#8221; angled_section=&#8221;no&#8221; text_align=&#8221;left&#8221; background_image_as_pattern=&#8221;without_pattern&#8221;][vc_column width=&#8221;1\/4&#8243;][vc_single_image image=&#8221;24381&#8243; img_size=&#8221;medium&#8221; alignment=&#8221;right&#8221; qode_css_animation=&#8221;&#8221; el_class=&#8221;nagyitas&#8221;][\/vc_column][vc_column width=&#8221;3\/4&#8243;][vc_column_text] A Puzzle of Seventy-Seven+7 Pieces [\/vc_column_text][vc_separator type=&#8221;transparent&#8221; up=&#8221;20&#8243; down=&#8221;25&#8243;][vc_column_text] 16 May 2025 \u2013 31 January 2026 Curators Anik\u00f3 B. Nagy and Blanka F\u00e1bi\u00e1n Location: BHM Museum Kiscell, H-1037 Budapest, Kiscelli...\" \/>\n<meta property=\"og:url\" content=\"https:\/\/fovarosikeptar.hu\/en\/a-puzzle-of-777-pieces\/\" \/>\n<meta property=\"og:site_name\" content=\"F\u0151v\u00e1rosi K\u00e9pt\u00e1r\" \/>\n<meta property=\"article:modified_time\" content=\"2025-08-26T11:31:51+00:00\" \/>\n<meta name=\"twitter:card\" content=\"summary_large_image\" \/>\n<meta name=\"twitter:label1\" content=\"Est. reading time\" \/>\n\t<meta name=\"twitter:data1\" content=\"4 minutes\" \/>\n<script type=\"application\/ld+json\" class=\"yoast-schema-graph\">{\"@context\":\"https:\/\/schema.org\",\"@graph\":[{\"@type\":\"WebSite\",\"@id\":\"https:\/\/fovarosikeptar.hu\/#website\",\"url\":\"https:\/\/fovarosikeptar.hu\/\",\"name\":\"F\\u0151v\\u00e1rosi K\\u00e9pt\\u00e1r\",\"description\":\"Kiscelli M\\u00fazeum\",\"potentialAction\":[{\"@type\":\"SearchAction\",\"target\":{\"@type\":\"EntryPoint\",\"urlTemplate\":\"https:\/\/fovarosikeptar.hu\/?s={search_term_string}\"},\"query-input\":\"required name=search_term_string\"}],\"inLanguage\":\"en-US\"},{\"@type\":\"WebPage\",\"@id\":\"https:\/\/fovarosikeptar.hu\/en\/a-puzzle-of-777-pieces\/#webpage\",\"url\":\"https:\/\/fovarosikeptar.hu\/en\/a-puzzle-of-777-pieces\/\",\"name\":\"A Puzzle of Seventy-Seven+7 Pieces - F\\u0151v\\u00e1rosi K\\u00e9pt\\u00e1r\",\"isPartOf\":{\"@id\":\"https:\/\/fovarosikeptar.hu\/#website\"},\"datePublished\":\"2025-08-26T11:22:22+00:00\",\"dateModified\":\"2025-08-26T11:31:51+00:00\",\"breadcrumb\":{\"@id\":\"https:\/\/fovarosikeptar.hu\/en\/a-puzzle-of-777-pieces\/#breadcrumb\"},\"inLanguage\":\"en-US\",\"potentialAction\":[{\"@type\":\"ReadAction\",\"target\":[\"https:\/\/fovarosikeptar.hu\/en\/a-puzzle-of-777-pieces\/\"]}]},{\"@type\":\"BreadcrumbList\",\"@id\":\"https:\/\/fovarosikeptar.hu\/en\/a-puzzle-of-777-pieces\/#breadcrumb\",\"itemListElement\":[{\"@type\":\"ListItem\",\"position\":1,\"name\":\"Home\",\"item\":\"https:\/\/fovarosikeptar.hu\/en\/\"},{\"@type\":\"ListItem\",\"position\":2,\"name\":\"A Puzzle of Seventy-Seven+7 Pieces\"}]}]}<\/script>\n<!-- \/ Yoast SEO plugin. -->","yoast_head_json":{"title":"A Puzzle of Seventy-Seven+7 Pieces - F\u0151v\u00e1rosi K\u00e9pt\u00e1r","robots":{"index":"index","follow":"follow","max-snippet":"max-snippet:-1","max-image-preview":"max-image-preview:large","max-video-preview":"max-video-preview:-1"},"canonical":"https:\/\/fovarosikeptar.hu\/en\/a-puzzle-of-777-pieces\/","og_locale":"en_US","og_type":"article","og_title":"A Puzzle of Seventy-Seven+7 Pieces - F\u0151v\u00e1rosi K\u00e9pt\u00e1r","og_description":"[vc_row css_animation=&#8221;&#8221; row_type=&#8221;row&#8221; use_row_as_full_screen_section=&#8221;no&#8221; type=&#8221;full_width&#8221; angled_section=&#8221;no&#8221; text_align=&#8221;left&#8221; background_image_as_pattern=&#8221;without_pattern&#8221;][vc_column width=&#8221;1\/4&#8243;][vc_single_image image=&#8221;24381&#8243; img_size=&#8221;medium&#8221; alignment=&#8221;right&#8221; qode_css_animation=&#8221;&#8221; el_class=&#8221;nagyitas&#8221;][\/vc_column][vc_column width=&#8221;3\/4&#8243;][vc_column_text] A Puzzle of Seventy-Seven+7 Pieces [\/vc_column_text][vc_separator type=&#8221;transparent&#8221; up=&#8221;20&#8243; down=&#8221;25&#8243;][vc_column_text] 16 May 2025 \u2013 31 January 2026 Curators Anik\u00f3 B. Nagy and Blanka F\u00e1bi\u00e1n Location: BHM Museum Kiscell, H-1037 Budapest, Kiscelli...","og_url":"https:\/\/fovarosikeptar.hu\/en\/a-puzzle-of-777-pieces\/","og_site_name":"F\u0151v\u00e1rosi K\u00e9pt\u00e1r","article_modified_time":"2025-08-26T11:31:51+00:00","twitter_card":"summary_large_image","twitter_misc":{"Est. reading time":"4 minutes"},"schema":{"@context":"https:\/\/schema.org","@graph":[{"@type":"WebSite","@id":"https:\/\/fovarosikeptar.hu\/#website","url":"https:\/\/fovarosikeptar.hu\/","name":"F\u0151v\u00e1rosi K\u00e9pt\u00e1r","description":"Kiscelli M\u00fazeum","potentialAction":[{"@type":"SearchAction","target":{"@type":"EntryPoint","urlTemplate":"https:\/\/fovarosikeptar.hu\/?s={search_term_string}"},"query-input":"required name=search_term_string"}],"inLanguage":"en-US"},{"@type":"WebPage","@id":"https:\/\/fovarosikeptar.hu\/en\/a-puzzle-of-777-pieces\/#webpage","url":"https:\/\/fovarosikeptar.hu\/en\/a-puzzle-of-777-pieces\/","name":"A Puzzle of Seventy-Seven+7 Pieces - F\u0151v\u00e1rosi K\u00e9pt\u00e1r","isPartOf":{"@id":"https:\/\/fovarosikeptar.hu\/#website"},"datePublished":"2025-08-26T11:22:22+00:00","dateModified":"2025-08-26T11:31:51+00:00","breadcrumb":{"@id":"https:\/\/fovarosikeptar.hu\/en\/a-puzzle-of-777-pieces\/#breadcrumb"},"inLanguage":"en-US","potentialAction":[{"@type":"ReadAction","target":["https:\/\/fovarosikeptar.hu\/en\/a-puzzle-of-777-pieces\/"]}]},{"@type":"BreadcrumbList","@id":"https:\/\/fovarosikeptar.hu\/en\/a-puzzle-of-777-pieces\/#breadcrumb","itemListElement":[{"@type":"ListItem","position":1,"name":"Home","item":"https:\/\/fovarosikeptar.hu\/en\/"},{"@type":"ListItem","position":2,"name":"A Puzzle of Seventy-Seven+7 Pieces"}]}]}},"_links":{"self":[{"href":"https:\/\/fovarosikeptar.hu\/en\/wp-json\/wp\/v2\/pages\/24631"}],"collection":[{"href":"https:\/\/fovarosikeptar.hu\/en\/wp-json\/wp\/v2\/pages"}],"about":[{"href":"https:\/\/fovarosikeptar.hu\/en\/wp-json\/wp\/v2\/types\/page"}],"author":[{"embeddable":true,"href":"https:\/\/fovarosikeptar.hu\/en\/wp-json\/wp\/v2\/users\/7"}],"replies":[{"embeddable":true,"href":"https:\/\/fovarosikeptar.hu\/en\/wp-json\/wp\/v2\/comments?post=24631"}],"version-history":[{"count":3,"href":"https:\/\/fovarosikeptar.hu\/en\/wp-json\/wp\/v2\/pages\/24631\/revisions"}],"predecessor-version":[{"id":24634,"href":"https:\/\/fovarosikeptar.hu\/en\/wp-json\/wp\/v2\/pages\/24631\/revisions\/24634"}],"wp:attachment":[{"href":"https:\/\/fovarosikeptar.hu\/en\/wp-json\/wp\/v2\/media?parent=24631"}],"curies":[{"name":"wp","href":"https:\/\/api.w.org\/{rel}","templated":true}]}}