{"id":24708,"date":"2025-09-05T10:52:58","date_gmt":"2025-09-05T10:52:58","guid":{"rendered":"https:\/\/fovarosikeptar.hu\/?page_id=24708"},"modified":"2025-09-05T11:00:44","modified_gmt":"2025-09-05T11:00:44","slug":"academia-an-exploratory-journey","status":"publish","type":"page","link":"https:\/\/fovarosikeptar.hu\/en\/academia-an-exploratory-journey\/","title":{"rendered":"academia (an exploratory journey)"},"content":{"rendered":"<p>[vc_row css_animation=&#8221;&#8221; row_type=&#8221;row&#8221; use_row_as_full_screen_section=&#8221;no&#8221; type=&#8221;grid&#8221; angled_section=&#8221;no&#8221; text_align=&#8221;left&#8221; background_image_as_pattern=&#8221;without_pattern&#8221; padding_top=&#8221;25&#8243; padding_bottom=&#8221;25&#8243; css=&#8221;.vc_custom_1414057161418{margin-top: 0px !important;}&#8221;][vc_column css=&#8221;.vc_custom_1413446275149{margin-top: 0px !important;margin-bottom: 0px !important;padding-top: 0px !important;padding-bottom: 0px !important;}&#8221;][vc_column_text]<\/p>\n<p class=\"datum-r\" style=\"margin-top: 15px;\">1st June \u20131st August 2021 | Museum Kiscell | Oratory<\/p>\n<p>Cooperation between the BHM Museum Kiscell and tranzit.hu[\/vc_column_text][vc_separator type=&#8221;transparent&#8221; up=&#8221;20&#8243;][vc_column_text]<\/p>\n<h2 class=\"kiallitas-m\">academia (an exploratory journey)<\/h2>\n<p>[\/vc_column_text][vc_separator type=&#8221;transparent&#8221; up=&#8221;10&#8243;][vc_column_text]<\/p>\n<p class=\"curator\">Concept, image, video and text: \u00c9va Bicskei, B\u00f6lcs\u00e9szettudom\u00e1nyi Kutat\u00f3k\u00f6zpont, M\u0171v\u00e9szett\u00f6rt\u00e9neti Int\u00e9zet, ELKH \u2013 Art Collection of the Hungarian Academy of Sciences<br \/>\nCurator: D\u00f3ra Hegyi, tranzit.hu<\/p>\n<p>[\/vc_column_text][vc_separator type=&#8221;transparent&#8221; up=&#8221;20&#8243;][vc_column_text]<\/p>\n<h2 class=\"kiallitas-m\">excursus Kiscell Museum (an exploratory journey)<\/h2>\n<p>[\/vc_column_text][vc_separator type=&#8221;transparent&#8221; up=&#8221;10&#8243;][vc_column_text]<\/p>\n<p class=\"curator\">Concept: Roland Per\u00e9nyi, Enik\u0151 R\u00f3ka<br \/>\nTexts: Anik\u00f3 B. Nagy, Vikt\u00f3ria Oth, Roland Per\u00e9nyi, Enik\u0151 R\u00f3ka<br \/>\nPhotographs: Csaba Vill\u00e1nyi, Zal\u00e1n P\u00e9ter Sal\u00e1t<br \/>\nInstallation: Tam\u00e1s Kasz\u00e1s<br \/>\nGraphic Design: Vir\u00e1g Bogy\u00f3<br \/>\nExhibition organization, communication: D\u00f3ra Vincze<\/p>\n<p>[\/vc_column_text][\/vc_column][\/vc_row][vc_row css_animation=&#8221;&#8221; row_type=&#8221;row&#8221; use_row_as_full_screen_section=&#8221;no&#8221; type=&#8221;grid&#8221; angled_section=&#8221;no&#8221; text_align=&#8221;left&#8221; background_image_as_pattern=&#8221;without_pattern&#8221; padding_top=&#8221;10&#8243;][vc_column css=&#8221;.vc_custom_1413446334543{margin-top: 0px !important;margin-bottom: 20px !important;padding-top: 0px !important;padding-bottom: 0px !important;}&#8221;][vc_column_text css=&#8221;.vc_custom_1757069331127{margin-top: 25px !important;}&#8221;]The <em>Rendszerv\u00e1lt\u00e1sok (Regime Changes)<\/em> program series by tranzit.hu explores, through lectures, exhibitions, research presentations, and thematic journal issues, how political shifts bring about real and\/or symbolic changes in a given era. It examines how ideologies, power structures, symbols, and narratives can persist beneath the surface, only to re-emerge in another system, reinterpreted as defining narratives.<\/p>\n<p>The case studies created or adapted for this project present the changing uses, appropriations, and interpretations\u2014often burdened with contradictions\u2014of political, social, and cultural events over the past hundred years, as claimed by different ideologies.[\/vc_column_text][\/vc_column][\/vc_row][vc_row css_animation=&#8221;&#8221; row_type=&#8221;row&#8221; use_row_as_full_screen_section=&#8221;no&#8221; type=&#8221;grid&#8221; angled_section=&#8221;no&#8221; text_align=&#8221;left&#8221; background_image_as_pattern=&#8221;without_pattern&#8221; padding_top=&#8221;10&#8243;][vc_column width=&#8221;1\/4&#8243; css=&#8221;.vc_custom_1413446334543{margin-top: 0px !important;margin-bottom: 20px !important;padding-top: 0px !important;padding-bottom: 0px !important;}&#8221;][\/vc_column][vc_column width=&#8221;3\/4&#8243;][vc_column_text css=&#8221;.vc_custom_1757068166126{margin-top: 25px !important;}&#8221;]<\/p>\n<h2 class=\"kiallitas-m\">academia<br \/>\n(an exploratory journey)<\/h2>\n<p>[\/vc_column_text][vc_column_text css=&#8221;.vc_custom_1757068557330{margin-top: 25px !important;}&#8221;]The Hungarian Academy of Sciences (HAS) owns numerous collections that have been built for many years, decades or, in some cases, even for as long as 100 or 150 years, and have been the basis of academic research. Their institutionalization has never been free of complications; over the time, there have occurred radical changes in their allocation, maintenance, and organization. Due to their scope\u2014ranging from local, regional, national, international, global or even universal\u2014the functioning of these collections has been influenced by the shifts in national boundaries, and international relations. In the meantime, their classification, interpretation and usage have undergone changes emerging in the wake of ruptures in national and international scientific policies and modes of financing, not to mention the ones in the academic paradigms that shaped the framework for processing data.<\/p>\n<p>The project academia (an exploratory journey) is conceived as a subjective documentation of the scientific collections of the Hungarian Academy of Sciences, in the form of images, videos, sound recordings and texts. They were created between the end of 2016 and the end of 2019 by \u00c9va Bicskei, the curator-in-chief of the Art Collection of the HAS, when visiting 46 research institutes of the HAS in order to draw up an inventory of their artefacts. During this series of trips, she gained comprehensive insight into the various scientific collections, as well. At first, she recorded them incidentally which turned later into a systematic effort of documentation. Bicskei began to research the history of these collections and to interview the scientific staff and researchers.<\/p>\n<p>These documentation trips took place at a time of an intense public debate concerning the Hungarian Academy of Sciences (its research network, its competitiveness) and academic research in Hungary in general. Finally, in September 2019, the research institutes were detached from the Hungarian Academy of Sciences, despite protests, and transferred to a new, state-owned institution called E\u00f6tv\u00f6s Lor\u00e1nd Research Network (E\u00f6tv\u00f6s Lor\u00e1nd Kutat\u00f3 H\u00e1l\u00f3zat, ELKH). The project is thus part of the wider public debate about scientific research that had gathered momentum recently; at the same time, it is also a personal coping with the radical changes of the recent period.<\/p>\n<p>The exhibition documents these collections exploring their functioning, their institutional history, and their place in the world of academia, and highlighting the structural continuities at administrative, institutional, technological, ideological, methodological, or epistemological levels, through which collections are built and knowledge is constructed.<\/p>\n<p>The installation (made of recycled exhibition materials) invites the viewer to join this exploratory\/peripatetic journey at the Academy\/academia by embarking at any of the images, videos or soundtracks and accompanying texts. However, the pictures, videos, sound recordings and texts explore systematically the different ways of data collecting, ranging from monitoring and screening up to recording entries in different data banks or \u201cclassic\u201d archives. The \u201cobjective\u201d inventory of the collections nevertheless turns into a docu-fiction, in which the faithful rendering of the collections become a metaphor of our society, politics, history and the world of academia.<br \/>\nMoreover, together, these testimonies turn into a holistic rediscovery of the world of science seen from the prism of the Hungarian Academy of Sciences\u2019s collections: they offer an exploration of the interrelation of the human, social and natural sciences, enabling a more complex understanding of our world.[\/vc_column_text][vc_separator type=&#8221;transparent&#8221; up=&#8221;50&#8243;][\/vc_column][\/vc_row][vc_row css_animation=&#8221;&#8221; row_type=&#8221;row&#8221; use_row_as_full_screen_section=&#8221;no&#8221; type=&#8221;grid&#8221; angled_section=&#8221;no&#8221; text_align=&#8221;left&#8221; background_image_as_pattern=&#8221;without_pattern&#8221; padding_top=&#8221;10&#8243;][vc_column css=&#8221;.vc_custom_1413446334543{margin-top: 0px !important;margin-bottom: 20px !important;padding-top: 0px !important;padding-bottom: 0px !important;}&#8221;][vc_single_image image=&#8221;19687&#8243; img_size=&#8221;full&#8221; alignment=&#8221;center&#8221; qode_css_animation=&#8221;element_from_fade&#8221;][vc_column_text css=&#8221;.vc_custom_1757069452109{margin-top: 5px !important;}&#8221;]<\/p>\n<p class=\"kepalairas-2\">Baby Lab<br \/>\nELKH Research Centre for Natural Sciences<br \/>\nInstitute of Cognitive Neuroscience and Psychology<br \/>\nPhoto: \u00c9va Bicskei<\/p>\n<p>[\/vc_column_text][vc_separator type=&#8221;transparent&#8221; up=&#8221;30&#8243;][vc_single_image image=&#8221;19690&#8243; img_size=&#8221;full&#8221; alignment=&#8221;center&#8221; qode_css_animation=&#8221;element_from_fade&#8221;][vc_column_text css=&#8221;.vc_custom_1757069494755{margin-top: 5px !important;}&#8221;]<\/p>\n<p class=\"kepalairas-2\">academia (an exploratory journey)<br \/>\nPhoto: Zsuzsanna Simon<\/p>\n<p>[\/vc_column_text][\/vc_column][\/vc_row][vc_row css_animation=&#8221;&#8221; row_type=&#8221;row&#8221; use_row_as_full_screen_section=&#8221;no&#8221; type=&#8221;grid&#8221; angled_section=&#8221;no&#8221; text_align=&#8221;left&#8221; background_image_as_pattern=&#8221;without_pattern&#8221; padding_top=&#8221;10&#8243;][vc_column width=&#8221;1\/4&#8243; css=&#8221;.vc_custom_1413446334543{margin-top: 0px !important;margin-bottom: 20px !important;padding-top: 0px !important;padding-bottom: 0px !important;}&#8221;][\/vc_column][vc_column width=&#8221;3\/4&#8243;][vc_column_text css=&#8221;.vc_custom_1757068785940{margin-top: 25px !important;}&#8221;]<\/p>\n<h2 class=\"kiallitas-m\">excursus<br \/>\nKiscell Museum<br \/>\n(an exploratory journey)<\/h2>\n<p>[\/vc_column_text][vc_column_text css=&#8221;.vc_custom_1757068806642{margin-top: 25px !important;}&#8221;]The history of museum collections, similarly to academic institutions, has been shaped by changes in political, cultural, and scientific paradigms, and by relocations, ruptures, and new beginnings in the life of host institutions. Curatorial decisions, financial considerations, and the state of the buildings curtail opportunities for further augmenting the collections or improving the operation of the museum.<\/p>\n<p>The documentary photographs exhibited at the Excursus unveil the long-lasting problem of storage facilities at two of the major collections of the Kiscell Museum, functioning as part of the Budapest History Museum, comprising two separate collections: The Department of Modern Urban History, which holds artefacts relating to the city\u2019s history, and the Municipal Gallery, an art collection. The photographs and the accompanying texts aim to focus attention on the history of warehouses as the not-so-visible spaces of a museum. The present, crammed condition of the magazines is the result of a long process; the stored material, and even the storage systems themselves, reflect the work of several generations of museologists and document major turning points in the history of the museum. Whilst our way of thinking about museums has changed significantly over the past decades, and considerable modernization have taken place in the presentation and mediation of the collections, their condition and the storage facilities have not improved \u2013 in fact some have deteriorated dramatically.[\/vc_column_text][vc_separator type=&#8221;transparent&#8221; up=&#8221;50&#8243;][\/vc_column][\/vc_row][vc_row css_animation=&#8221;&#8221; row_type=&#8221;row&#8221; use_row_as_full_screen_section=&#8221;no&#8221; type=&#8221;grid&#8221; angled_section=&#8221;no&#8221; text_align=&#8221;left&#8221; background_image_as_pattern=&#8221;without_pattern&#8221; padding_top=&#8221;10&#8243;][vc_column css=&#8221;.vc_custom_1413446334543{margin-top: 0px !important;margin-bottom: 20px !important;padding-top: 0px !important;padding-bottom: 0px !important;}&#8221;][vc_single_image image=&#8221;19694&#8243; img_size=&#8221;full&#8221; alignment=&#8221;center&#8221; qode_css_animation=&#8221;element_from_fade&#8221;][vc_column_text css=&#8221;.vc_custom_1757069571886{margin-top: 5px !important;}&#8221;]<\/p>\n<p class=\"kepalairas-2\">Outdoor Sculpture Storage<br \/>\nPhoto: Zal\u00e1n P\u00e9ter Sal\u00e1t and Csaba Vill\u00e1nyi<\/p>\n<p>[\/vc_column_text][vc_separator type=&#8221;transparent&#8221; up=&#8221;30&#8243;][vc_single_image image=&#8221;19697&#8243; img_size=&#8221;full&#8221; alignment=&#8221;center&#8221; qode_css_animation=&#8221;element_from_fade&#8221;][vc_column_text css=&#8221;.vc_custom_1757069543047{margin-top: 5px !important;}&#8221;]<\/p>\n<p class=\"kepalairas-2\">excursus Kiscell Museum (an exploratory journey)<br \/>\nPhoto: Zsuzsanna Simon<\/p>\n<p>[\/vc_column_text][\/vc_column][\/vc_row][vc_row css_animation=&#8221;&#8221; row_type=&#8221;row&#8221; use_row_as_full_screen_section=&#8221;no&#8221; type=&#8221;grid&#8221; angled_section=&#8221;no&#8221; text_align=&#8221;left&#8221; background_image_as_pattern=&#8221;without_pattern&#8221; z_index=&#8221;&#8221;][vc_column]<a  itemprop=\"url\" href=\"https:\/\/fovarosikeptar.hu\/kiallitasok-2021-ben-oratorium\/exkurzus-kiscelli-muzeum-korbejaras\/\" target=\"_self\"  class=\"qbutton  default\" style=\"\">More information<\/a>[\/vc_column][\/vc_row][vc_row css_animation=&#8221;&#8221; row_type=&#8221;row&#8221; use_row_as_full_screen_section=&#8221;no&#8221; type=&#8221;grid&#8221; angled_section=&#8221;no&#8221; text_align=&#8221;left&#8221; background_image_as_pattern=&#8221;without_pattern&#8221; padding_top=&#8221;0&#8243; padding_bottom=&#8221;25&#8243;][vc_column][vc_separator type=&#8221;transparent&#8221; up=&#8221;25&#8243;]<div class=\"us_shortcode \"><div class=\"us_wrapper us_share_buttons us_tar us_skin_default\" data-text=\"F\u0151v\u00e1rosi K\u00e9pt\u00e1r\" data-url=\"http:\/\/fovarosikeptar.hu\/en\/wp-json\/wp\/v2\/pages\/24708\" data-ajaxnetworks=\"facebook,pinterest\"><div class=\"us_facebook us_first us_button\"><a class=\"us_box\" href=\"#\"><div class=\"us_share\"><i class=\"us-icon-facebook\"><\/i><\/div><div class=\"us_count\"><\/div><\/a><\/div><div class=\"us_wrapper us_modal mfp-hide\" id=\"us-modal-43GW9\" data-url=\"http:\/\/fovarosikeptar.hu\/en\/wp-json\/wp\/v2\/pages\/24708\" data-text=\"F\u0151v\u00e1rosi K\u00e9pt\u00e1r\"><div class=\"us_heading\">Share on Pinterest<\/div><div class=\"us_pinterest_images\"><div class=\"us_pinterest_image_holder\"><a href=\"#\"><img data-full=\"https:\/\/fovarosikeptar.hu\/wp-content\/uploads\/2021\/05\/bicskei-eva-1200x630-2.jpg\" src=\"https:\/\/fovarosikeptar.hu\/wp-content\/uploads\/2021\/05\/bicskei-eva-1200x630-2-300x300.jpg\"\/><\/a><\/div><\/div><\/div><div class=\"us_pinterest us_last us_button\"><a class=\"us_box\" href=\"#\" data-href=\"#us-modal-43GW9\"><div class=\"us_share\"><i class=\"us-icon-pinterest\"><\/i><\/div><div class=\"us_count\"><\/div><\/a><\/div><\/div><\/div>[vc_separator type=&#8221;transparent&#8221; up=&#8221;35&#8243;][vc_separator type=&#8221;transparent&#8221; up=&#8221;25&#8243;][\/vc_column][\/vc_row]<\/p>\n","protected":false},"excerpt":{"rendered":"<p>[vc_row css_animation=&#8221;&#8221; row_type=&#8221;row&#8221; use_row_as_full_screen_section=&#8221;no&#8221; type=&#8221;grid&#8221; angled_section=&#8221;no&#8221; text_align=&#8221;left&#8221; background_image_as_pattern=&#8221;without_pattern&#8221; padding_top=&#8221;25&#8243; padding_bottom=&#8221;25&#8243; css=&#8221;.vc_custom_1414057161418{margin-top: 0px !important;}&#8221;][vc_column css=&#8221;.vc_custom_1413446275149{margin-top: 0px !important;margin-bottom: 0px !important;padding-top: 0px !important;padding-bottom: 0px !important;}&#8221;][vc_column_text] 1st June \u20131st August 2021 | Museum Kiscell | Oratory Cooperation between the BHM Museum Kiscell and tranzit.hu[\/vc_column_text][vc_separator type=&#8221;transparent&#8221; up=&#8221;20&#8243;][vc_column_text] academia (an exploratory&#8230;<\/p>\n","protected":false},"author":7,"featured_media":19705,"parent":0,"menu_order":0,"comment_status":"closed","ping_status":"closed","template":"full_width.php","meta":[],"yoast_head":"<!-- This site is optimized with the Yoast SEO plugin v16.8 - https:\/\/yoast.com\/wordpress\/plugins\/seo\/ -->\n<title>academia (an exploratory journey) - F\u0151v\u00e1rosi K\u00e9pt\u00e1r<\/title>\n<meta name=\"robots\" content=\"index, follow, max-snippet:-1, max-image-preview:large, max-video-preview:-1\" \/>\n<link rel=\"canonical\" href=\"https:\/\/fovarosikeptar.hu\/en\/academia-an-exploratory-journey\/\" \/>\n<meta property=\"og:locale\" content=\"en_US\" \/>\n<meta property=\"og:type\" content=\"article\" \/>\n<meta property=\"og:title\" content=\"academia (an exploratory journey) - F\u0151v\u00e1rosi K\u00e9pt\u00e1r\" \/>\n<meta property=\"og:description\" content=\"[vc_row css_animation=&#8221;&#8221; row_type=&#8221;row&#8221; use_row_as_full_screen_section=&#8221;no&#8221; type=&#8221;grid&#8221; angled_section=&#8221;no&#8221; text_align=&#8221;left&#8221; background_image_as_pattern=&#8221;without_pattern&#8221; padding_top=&#8221;25&#8243; padding_bottom=&#8221;25&#8243; css=&#8221;.vc_custom_1414057161418{margin-top: 0px !important;}&#8221;][vc_column css=&#8221;.vc_custom_1413446275149{margin-top: 0px !important;margin-bottom: 0px !important;padding-top: 0px !important;padding-bottom: 0px !important;}&#8221;][vc_column_text] 1st June \u20131st August 2021 | Museum Kiscell | Oratory Cooperation between the BHM Museum Kiscell and tranzit.hu[\/vc_column_text][vc_separator type=&#8221;transparent&#8221; up=&#8221;20&#8243;][vc_column_text] academia (an exploratory...\" \/>\n<meta property=\"og:url\" content=\"https:\/\/fovarosikeptar.hu\/en\/academia-an-exploratory-journey\/\" \/>\n<meta property=\"og:site_name\" content=\"F\u0151v\u00e1rosi K\u00e9pt\u00e1r\" \/>\n<meta property=\"article:modified_time\" content=\"2025-09-05T11:00:44+00:00\" \/>\n<meta property=\"og:image\" content=\"https:\/\/fovarosikeptar.hu\/wp-content\/uploads\/2021\/05\/bicskei-eva-1200x630-2.jpg?_t=1757070044\" \/>\n\t<meta property=\"og:image:width\" content=\"1200\" \/>\n\t<meta property=\"og:image:height\" content=\"630\" \/>\n<meta name=\"twitter:card\" content=\"summary_large_image\" \/>\n<meta name=\"twitter:label1\" content=\"Est. reading time\" \/>\n\t<meta name=\"twitter:data1\" content=\"6 minutes\" \/>\n<script type=\"application\/ld+json\" class=\"yoast-schema-graph\">{\"@context\":\"https:\/\/schema.org\",\"@graph\":[{\"@type\":\"WebSite\",\"@id\":\"https:\/\/fovarosikeptar.hu\/#website\",\"url\":\"https:\/\/fovarosikeptar.hu\/\",\"name\":\"F\\u0151v\\u00e1rosi K\\u00e9pt\\u00e1r\",\"description\":\"Kiscelli M\\u00fazeum\",\"potentialAction\":[{\"@type\":\"SearchAction\",\"target\":{\"@type\":\"EntryPoint\",\"urlTemplate\":\"https:\/\/fovarosikeptar.hu\/?s={search_term_string}\"},\"query-input\":\"required name=search_term_string\"}],\"inLanguage\":\"en-US\"},{\"@type\":\"ImageObject\",\"@id\":\"https:\/\/fovarosikeptar.hu\/en\/academia-an-exploratory-journey\/#primaryimage\",\"inLanguage\":\"en-US\",\"url\":\"https:\/\/fovarosikeptar.hu\/wp-content\/uploads\/2021\/05\/bicskei-eva-1200x630-2.jpg\",\"contentUrl\":\"https:\/\/fovarosikeptar.hu\/wp-content\/uploads\/2021\/05\/bicskei-eva-1200x630-2.jpg\",\"width\":1200,\"height\":630},{\"@type\":\"WebPage\",\"@id\":\"https:\/\/fovarosikeptar.hu\/en\/academia-an-exploratory-journey\/#webpage\",\"url\":\"https:\/\/fovarosikeptar.hu\/en\/academia-an-exploratory-journey\/\",\"name\":\"academia (an exploratory journey) - F\\u0151v\\u00e1rosi K\\u00e9pt\\u00e1r\",\"isPartOf\":{\"@id\":\"https:\/\/fovarosikeptar.hu\/#website\"},\"primaryImageOfPage\":{\"@id\":\"https:\/\/fovarosikeptar.hu\/en\/academia-an-exploratory-journey\/#primaryimage\"},\"datePublished\":\"2025-09-05T10:52:58+00:00\",\"dateModified\":\"2025-09-05T11:00:44+00:00\",\"breadcrumb\":{\"@id\":\"https:\/\/fovarosikeptar.hu\/en\/academia-an-exploratory-journey\/#breadcrumb\"},\"inLanguage\":\"en-US\",\"potentialAction\":[{\"@type\":\"ReadAction\",\"target\":[\"https:\/\/fovarosikeptar.hu\/en\/academia-an-exploratory-journey\/\"]}]},{\"@type\":\"BreadcrumbList\",\"@id\":\"https:\/\/fovarosikeptar.hu\/en\/academia-an-exploratory-journey\/#breadcrumb\",\"itemListElement\":[{\"@type\":\"ListItem\",\"position\":1,\"name\":\"Home\",\"item\":\"https:\/\/fovarosikeptar.hu\/en\/\"},{\"@type\":\"ListItem\",\"position\":2,\"name\":\"academia (an exploratory journey)\"}]}]}<\/script>\n<!-- \/ Yoast SEO plugin. -->","yoast_head_json":{"title":"academia (an exploratory journey) - F\u0151v\u00e1rosi K\u00e9pt\u00e1r","robots":{"index":"index","follow":"follow","max-snippet":"max-snippet:-1","max-image-preview":"max-image-preview:large","max-video-preview":"max-video-preview:-1"},"canonical":"https:\/\/fovarosikeptar.hu\/en\/academia-an-exploratory-journey\/","og_locale":"en_US","og_type":"article","og_title":"academia (an exploratory journey) - F\u0151v\u00e1rosi K\u00e9pt\u00e1r","og_description":"[vc_row css_animation=&#8221;&#8221; row_type=&#8221;row&#8221; use_row_as_full_screen_section=&#8221;no&#8221; type=&#8221;grid&#8221; angled_section=&#8221;no&#8221; text_align=&#8221;left&#8221; background_image_as_pattern=&#8221;without_pattern&#8221; padding_top=&#8221;25&#8243; padding_bottom=&#8221;25&#8243; css=&#8221;.vc_custom_1414057161418{margin-top: 0px !important;}&#8221;][vc_column css=&#8221;.vc_custom_1413446275149{margin-top: 0px !important;margin-bottom: 0px !important;padding-top: 0px !important;padding-bottom: 0px !important;}&#8221;][vc_column_text] 1st June \u20131st August 2021 | Museum Kiscell | Oratory Cooperation between the BHM Museum Kiscell and tranzit.hu[\/vc_column_text][vc_separator type=&#8221;transparent&#8221; up=&#8221;20&#8243;][vc_column_text] academia (an exploratory...","og_url":"https:\/\/fovarosikeptar.hu\/en\/academia-an-exploratory-journey\/","og_site_name":"F\u0151v\u00e1rosi K\u00e9pt\u00e1r","article_modified_time":"2025-09-05T11:00:44+00:00","og_image":[{"width":1200,"height":630,"url":"https:\/\/fovarosikeptar.hu\/wp-content\/uploads\/2021\/05\/bicskei-eva-1200x630-2.jpg?_t=1757070044","path":"\/home\/fovarosi\/public_html\/wp-content\/uploads\/2021\/05\/bicskei-eva-1200x630-2.jpg","size":"full","id":19705,"alt":"","pixels":756000,"type":"image\/jpeg"}],"twitter_card":"summary_large_image","twitter_misc":{"Est. reading time":"6 minutes"},"schema":{"@context":"https:\/\/schema.org","@graph":[{"@type":"WebSite","@id":"https:\/\/fovarosikeptar.hu\/#website","url":"https:\/\/fovarosikeptar.hu\/","name":"F\u0151v\u00e1rosi K\u00e9pt\u00e1r","description":"Kiscelli M\u00fazeum","potentialAction":[{"@type":"SearchAction","target":{"@type":"EntryPoint","urlTemplate":"https:\/\/fovarosikeptar.hu\/?s={search_term_string}"},"query-input":"required name=search_term_string"}],"inLanguage":"en-US"},{"@type":"ImageObject","@id":"https:\/\/fovarosikeptar.hu\/en\/academia-an-exploratory-journey\/#primaryimage","inLanguage":"en-US","url":"https:\/\/fovarosikeptar.hu\/wp-content\/uploads\/2021\/05\/bicskei-eva-1200x630-2.jpg","contentUrl":"https:\/\/fovarosikeptar.hu\/wp-content\/uploads\/2021\/05\/bicskei-eva-1200x630-2.jpg","width":1200,"height":630},{"@type":"WebPage","@id":"https:\/\/fovarosikeptar.hu\/en\/academia-an-exploratory-journey\/#webpage","url":"https:\/\/fovarosikeptar.hu\/en\/academia-an-exploratory-journey\/","name":"academia (an exploratory journey) - F\u0151v\u00e1rosi K\u00e9pt\u00e1r","isPartOf":{"@id":"https:\/\/fovarosikeptar.hu\/#website"},"primaryImageOfPage":{"@id":"https:\/\/fovarosikeptar.hu\/en\/academia-an-exploratory-journey\/#primaryimage"},"datePublished":"2025-09-05T10:52:58+00:00","dateModified":"2025-09-05T11:00:44+00:00","breadcrumb":{"@id":"https:\/\/fovarosikeptar.hu\/en\/academia-an-exploratory-journey\/#breadcrumb"},"inLanguage":"en-US","potentialAction":[{"@type":"ReadAction","target":["https:\/\/fovarosikeptar.hu\/en\/academia-an-exploratory-journey\/"]}]},{"@type":"BreadcrumbList","@id":"https:\/\/fovarosikeptar.hu\/en\/academia-an-exploratory-journey\/#breadcrumb","itemListElement":[{"@type":"ListItem","position":1,"name":"Home","item":"https:\/\/fovarosikeptar.hu\/en\/"},{"@type":"ListItem","position":2,"name":"academia (an exploratory journey)"}]}]}},"_links":{"self":[{"href":"https:\/\/fovarosikeptar.hu\/en\/wp-json\/wp\/v2\/pages\/24708"}],"collection":[{"href":"https:\/\/fovarosikeptar.hu\/en\/wp-json\/wp\/v2\/pages"}],"about":[{"href":"https:\/\/fovarosikeptar.hu\/en\/wp-json\/wp\/v2\/types\/page"}],"author":[{"embeddable":true,"href":"https:\/\/fovarosikeptar.hu\/en\/wp-json\/wp\/v2\/users\/7"}],"replies":[{"embeddable":true,"href":"https:\/\/fovarosikeptar.hu\/en\/wp-json\/wp\/v2\/comments?post=24708"}],"version-history":[{"count":5,"href":"https:\/\/fovarosikeptar.hu\/en\/wp-json\/wp\/v2\/pages\/24708\/revisions"}],"predecessor-version":[{"id":24713,"href":"https:\/\/fovarosikeptar.hu\/en\/wp-json\/wp\/v2\/pages\/24708\/revisions\/24713"}],"wp:featuredmedia":[{"embeddable":true,"href":"https:\/\/fovarosikeptar.hu\/en\/wp-json\/wp\/v2\/media\/19705"}],"wp:attachment":[{"href":"https:\/\/fovarosikeptar.hu\/en\/wp-json\/wp\/v2\/media?parent=24708"}],"curies":[{"name":"wp","href":"https:\/\/api.w.org\/{rel}","templated":true}]}}