{"id":24715,"date":"2025-09-05T11:28:44","date_gmt":"2025-09-05T11:28:44","guid":{"rendered":"https:\/\/fovarosikeptar.hu\/?page_id=24715"},"modified":"2025-09-05T12:03:12","modified_gmt":"2025-09-05T12:03:12","slug":"szarnyalas-vol-flight-judit-reigl-figurative-painting","status":"publish","type":"page","link":"https:\/\/fovarosikeptar.hu\/en\/szarnyalas-vol-flight-judit-reigl-figurative-painting\/","title":{"rendered":"Sz\u00e1rnyal\u00e1s-Vol-Flight. Judit Reigl&#8217;s Figurative Painting"},"content":{"rendered":"<p>[vc_row css_animation=&#8221;&#8221; row_type=&#8221;row&#8221; use_row_as_full_screen_section=&#8221;no&#8221; type=&#8221;full_width&#8221; angled_section=&#8221;no&#8221; text_align=&#8221;left&#8221; background_image_as_pattern=&#8221;without_pattern&#8221;][vc_column][vc_column_text]<\/p>\n<h2 class=\"muvesz-m\">Sz\u00e1rnyal\u00e1s\u2013Vol\u2013Flight<\/h2>\n<h2 class=\"muvesz-m\">Judit Reigl&#8217;s Figurative Painting<\/h2>\n<p class=\"datum-r\" style=\"margin-top: 15px;\">23 August 2023 \u2013 27 October 2023<\/p>\n<p class=\"curator\">Curators: J\u00falia Cserba, J\u00e1nos G\u00e1t, Enik\u0151 R\u00f3ka<\/p>\n<p>[\/vc_column_text][vc_separator type=&#8221;transparent&#8221; up=&#8221;20&#8243; down=&#8221;25&#8243;][\/vc_column][\/vc_row][vc_row css_animation=&#8221;&#8221; row_type=&#8221;row&#8221; use_row_as_full_screen_section=&#8221;no&#8221; type=&#8221;full_width&#8221; angled_section=&#8221;no&#8221; text_align=&#8221;left&#8221; background_image_as_pattern=&#8221;without_pattern&#8221;][vc_column width=&#8221;1\/4&#8243;][\/vc_column][vc_column width=&#8221;3\/4&#8243;][vc_column_text]Several European and Hungarian museums are organizing exhibitions to mark the hundredth anniversary of Judit Reigl\u2019s birth. The showcase at the Kiscelli Museum\u2014Municipal Gallery acts as a bridge between the exhibitions at the Neue Nationalgalerie in Berlin and the Museum of Fine Arts in Budapest. While the Berlin exhibition highlights the artist\u2019s most renowned period, surveying her paintings from the 1950s to the 1980s, the Budapest exhibition presents works from the early and final years of Reigl\u2019s career.<\/p>\n<p>The Kiscelli Museum exhibition focuses on the period in between, emphasizing for the first time the significance of human representation across Reigl\u2019s entire oeuvre. Reigl regarded the successive\u2014or overlapping, as she often continued adding to her works\u2014phases of her artistic development as a single, organic process, making no distinction between abstraction and figuration. For a long time, however, critics were puzzled by the occasional appearance of figurative paintings, and her abstract works still attract considerably more attention.<\/p>\n<p>This exhibition draws attention to Reigl\u2019s series that have often been considered peripheral and little known, showing that her oeuvre can only be fully understood by including these works and exploring the artist\u2019s consistent approach to thinking and creating.[\/vc_column_text][vc_separator type=&#8221;transparent&#8221; up=&#8221;20&#8243; down=&#8221;20&#8243;][vc_single_image image=&#8221;23313&#8243; img_size=&#8221;medium&#8221; alignment=&#8221;right&#8221; qode_css_animation=&#8221;&#8221; el_class=&#8221;nagyitas&#8221;][vc_column_text]<\/p>\n<p class=\"kepalairas-1\">Judit Reigl (1923-2020)<\/p>\n<p class=\"kepalairas-2\"><em>New York, 11 September 2001 (Suite de New York, 11 septembre 2001)<\/em>, 2006<\/p>\n<p class=\"kepalairas-2\">mixed media on canvas, 203 x 140 cm<\/p>\n<p>[\/vc_column_text][vc_separator type=&#8221;transparent&#8221; up=&#8221;20&#8243; down=&#8221;20&#8243;][vc_column_text]<\/p>\n<p data-start=\"105\" data-end=\"800\">The art she encountered on her first trip to Italy left a lifelong impression, and she continued to visit museums and collect reproductions of works she considered important. A catacomb painting of the Resurrection of Lazarus in Rome, frescoes by Michelangelo, the works of C\u00e9zanne, Matisse, Malevich, Rothko, Egyptian sculpture, and the cave paintings in Lascaux\u2014all these visual experiences are clearly reflected in her series <em data-start=\"534\" data-end=\"539\">Man<\/em> (1966\u20131972), <em data-start=\"553\" data-end=\"569\">Drape\u2014Decoding<\/em> (1973), <em data-start=\"578\" data-end=\"593\">Entrance\u2014Exit<\/em> (1986\u20131988), <em data-start=\"607\" data-end=\"616\">Facing\u2026<\/em> (1988\u20131990), <em data-start=\"630\" data-end=\"648\">A Body in Plural<\/em> (1990\u20131992), <em data-start=\"662\" data-end=\"667\">Out<\/em> (1993\u20131999), <em data-start=\"681\" data-end=\"697\">Priceless Body<\/em> (1999\u20132001), and <em data-start=\"715\" data-end=\"736\">A Body in Plural II<\/em> (2008\u20132009), several of which are included in the exhibition.<\/p>\n<p data-start=\"802\" data-end=\"1382\">\u201cThese bodies in heaven are not independent of the iconography of the ascension or resurrection. For me, the fundamental question is emergence and disappearance,\u201d said the elderly artist reflecting on her career. Throughout her life, she explored space, the world of atoms, nothingness, the infinite, and the human being exposed to the forces of the universe\u2014both as an existential concern and as a pictorial challenge. The atom, the photon, the planet\u2014all these are as much bodies as humans or the creator: \u201cA particle of the universe \/ The universe itself,\u201d she wrote in 1985.<\/p>\n<p data-start=\"1384\" data-end=\"1854\">The intersection of the largest and the smallest, the individual and the cosmic, or\u2014when it comes to painting\u2014between abstraction and figuration, is always possible, as they are different, often simultaneous approaches to the same reality. Highlighting her figurative works in this exhibition does not imply they are separate from her oeuvre. On the contrary, by emphasizing their importance, the exhibition aims to place these pieces back into their original context.<\/p>\n<p>[\/vc_column_text][vc_separator type=&#8221;transparent&#8221; up=&#8221;20&#8243; down=&#8221;20&#8243;][vc_column_text]The exhibition is organised in collaboration with the Fonds de dotation Judit Reigl,<br \/>\nthe Paris-based foundation that preserves the artist\u2019s legacy and holds the copyright.[\/vc_column_text][vc_separator type=&#8221;transparent&#8221; up=&#8221;20&#8243; down=&#8221;20&#8243;][\/vc_column][\/vc_row][vc_row css_animation=&#8221;&#8221; row_type=&#8221;row&#8221; use_row_as_full_screen_section=&#8221;no&#8221; type=&#8221;full_width&#8221; angled_section=&#8221;no&#8221; text_align=&#8221;left&#8221; background_image_as_pattern=&#8221;without_pattern&#8221;][vc_column][vc_separator type=&#8221;normal&#8221; up=&#8221;20&#8243; down=&#8221;20&#8243;][\/vc_column][\/vc_row]<\/p>\n","protected":false},"excerpt":{"rendered":"<p>[vc_row css_animation=&#8221;&#8221; row_type=&#8221;row&#8221; use_row_as_full_screen_section=&#8221;no&#8221; type=&#8221;full_width&#8221; angled_section=&#8221;no&#8221; text_align=&#8221;left&#8221; background_image_as_pattern=&#8221;without_pattern&#8221;][vc_column][vc_column_text] Sz\u00e1rnyal\u00e1s\u2013Vol\u2013Flight Judit Reigl&#8217;s Figurative Painting 23 August 2023 \u2013 27 October 2023 Curators: J\u00falia Cserba, J\u00e1nos G\u00e1t, Enik\u0151 R\u00f3ka [\/vc_column_text][vc_separator type=&#8221;transparent&#8221; up=&#8221;20&#8243; down=&#8221;25&#8243;][\/vc_column][\/vc_row][vc_row css_animation=&#8221;&#8221; row_type=&#8221;row&#8221; use_row_as_full_screen_section=&#8221;no&#8221; type=&#8221;full_width&#8221; angled_section=&#8221;no&#8221; text_align=&#8221;left&#8221; background_image_as_pattern=&#8221;without_pattern&#8221;][vc_column width=&#8221;1\/4&#8243;][\/vc_column][vc_column width=&#8221;3\/4&#8243;][vc_column_text]Several European and Hungarian museums are&#8230;<\/p>\n","protected":false},"author":7,"featured_media":0,"parent":0,"menu_order":0,"comment_status":"closed","ping_status":"closed","template":"","meta":[],"yoast_head":"<!-- This site is optimized with the Yoast SEO plugin v16.8 - https:\/\/yoast.com\/wordpress\/plugins\/seo\/ -->\n<title>Sz\u00e1rnyal\u00e1s-Vol-Flight. Judit Reigl&#039;s Figurative Painting - F\u0151v\u00e1rosi K\u00e9pt\u00e1r<\/title>\n<meta name=\"robots\" content=\"index, follow, max-snippet:-1, max-image-preview:large, max-video-preview:-1\" \/>\n<link rel=\"canonical\" href=\"https:\/\/fovarosikeptar.hu\/en\/szarnyalas-vol-flight-judit-reigl-figurative-painting\/\" \/>\n<meta property=\"og:locale\" content=\"en_US\" \/>\n<meta property=\"og:type\" content=\"article\" \/>\n<meta property=\"og:title\" content=\"Sz\u00e1rnyal\u00e1s-Vol-Flight. Judit Reigl&#039;s Figurative Painting - F\u0151v\u00e1rosi K\u00e9pt\u00e1r\" \/>\n<meta property=\"og:description\" content=\"[vc_row css_animation=&#8221;&#8221; row_type=&#8221;row&#8221; use_row_as_full_screen_section=&#8221;no&#8221; type=&#8221;full_width&#8221; angled_section=&#8221;no&#8221; text_align=&#8221;left&#8221; background_image_as_pattern=&#8221;without_pattern&#8221;][vc_column][vc_column_text] Sz\u00e1rnyal\u00e1s\u2013Vol\u2013Flight Judit Reigl&#8217;s Figurative Painting 23 August 2023 \u2013 27 October 2023 Curators: J\u00falia Cserba, J\u00e1nos G\u00e1t, Enik\u0151 R\u00f3ka [\/vc_column_text][vc_separator type=&#8221;transparent&#8221; up=&#8221;20&#8243; down=&#8221;25&#8243;][\/vc_column][\/vc_row][vc_row css_animation=&#8221;&#8221; row_type=&#8221;row&#8221; use_row_as_full_screen_section=&#8221;no&#8221; type=&#8221;full_width&#8221; angled_section=&#8221;no&#8221; text_align=&#8221;left&#8221; background_image_as_pattern=&#8221;without_pattern&#8221;][vc_column width=&#8221;1\/4&#8243;][\/vc_column][vc_column width=&#8221;3\/4&#8243;][vc_column_text]Several European and Hungarian museums are...\" \/>\n<meta property=\"og:url\" content=\"https:\/\/fovarosikeptar.hu\/en\/szarnyalas-vol-flight-judit-reigl-figurative-painting\/\" \/>\n<meta property=\"og:site_name\" content=\"F\u0151v\u00e1rosi K\u00e9pt\u00e1r\" \/>\n<meta property=\"article:modified_time\" content=\"2025-09-05T12:03:12+00:00\" \/>\n<meta name=\"twitter:card\" content=\"summary_large_image\" \/>\n<meta name=\"twitter:label1\" content=\"Est. reading time\" \/>\n\t<meta name=\"twitter:data1\" content=\"3 minutes\" \/>\n<script type=\"application\/ld+json\" class=\"yoast-schema-graph\">{\"@context\":\"https:\/\/schema.org\",\"@graph\":[{\"@type\":\"WebSite\",\"@id\":\"https:\/\/fovarosikeptar.hu\/#website\",\"url\":\"https:\/\/fovarosikeptar.hu\/\",\"name\":\"F\\u0151v\\u00e1rosi K\\u00e9pt\\u00e1r\",\"description\":\"Kiscelli M\\u00fazeum\",\"potentialAction\":[{\"@type\":\"SearchAction\",\"target\":{\"@type\":\"EntryPoint\",\"urlTemplate\":\"https:\/\/fovarosikeptar.hu\/?s={search_term_string}\"},\"query-input\":\"required name=search_term_string\"}],\"inLanguage\":\"en-US\"},{\"@type\":\"WebPage\",\"@id\":\"https:\/\/fovarosikeptar.hu\/en\/szarnyalas-vol-flight-judit-reigl-figurative-painting\/#webpage\",\"url\":\"https:\/\/fovarosikeptar.hu\/en\/szarnyalas-vol-flight-judit-reigl-figurative-painting\/\",\"name\":\"Sz\\u00e1rnyal\\u00e1s-Vol-Flight. Judit Reigl's Figurative Painting - F\\u0151v\\u00e1rosi K\\u00e9pt\\u00e1r\",\"isPartOf\":{\"@id\":\"https:\/\/fovarosikeptar.hu\/#website\"},\"datePublished\":\"2025-09-05T11:28:44+00:00\",\"dateModified\":\"2025-09-05T12:03:12+00:00\",\"breadcrumb\":{\"@id\":\"https:\/\/fovarosikeptar.hu\/en\/szarnyalas-vol-flight-judit-reigl-figurative-painting\/#breadcrumb\"},\"inLanguage\":\"en-US\",\"potentialAction\":[{\"@type\":\"ReadAction\",\"target\":[\"https:\/\/fovarosikeptar.hu\/en\/szarnyalas-vol-flight-judit-reigl-figurative-painting\/\"]}]},{\"@type\":\"BreadcrumbList\",\"@id\":\"https:\/\/fovarosikeptar.hu\/en\/szarnyalas-vol-flight-judit-reigl-figurative-painting\/#breadcrumb\",\"itemListElement\":[{\"@type\":\"ListItem\",\"position\":1,\"name\":\"Home\",\"item\":\"https:\/\/fovarosikeptar.hu\/en\/\"},{\"@type\":\"ListItem\",\"position\":2,\"name\":\"Sz\\u00e1rnyal\\u00e1s-Vol-Flight. Judit Reigl&#8217;s Figurative Painting\"}]}]}<\/script>\n<!-- \/ Yoast SEO plugin. -->","yoast_head_json":{"title":"Sz\u00e1rnyal\u00e1s-Vol-Flight. Judit Reigl's Figurative Painting - F\u0151v\u00e1rosi K\u00e9pt\u00e1r","robots":{"index":"index","follow":"follow","max-snippet":"max-snippet:-1","max-image-preview":"max-image-preview:large","max-video-preview":"max-video-preview:-1"},"canonical":"https:\/\/fovarosikeptar.hu\/en\/szarnyalas-vol-flight-judit-reigl-figurative-painting\/","og_locale":"en_US","og_type":"article","og_title":"Sz\u00e1rnyal\u00e1s-Vol-Flight. Judit Reigl's Figurative Painting - F\u0151v\u00e1rosi K\u00e9pt\u00e1r","og_description":"[vc_row css_animation=&#8221;&#8221; row_type=&#8221;row&#8221; use_row_as_full_screen_section=&#8221;no&#8221; type=&#8221;full_width&#8221; angled_section=&#8221;no&#8221; text_align=&#8221;left&#8221; background_image_as_pattern=&#8221;without_pattern&#8221;][vc_column][vc_column_text] Sz\u00e1rnyal\u00e1s\u2013Vol\u2013Flight Judit Reigl&#8217;s Figurative Painting 23 August 2023 \u2013 27 October 2023 Curators: J\u00falia Cserba, J\u00e1nos G\u00e1t, Enik\u0151 R\u00f3ka [\/vc_column_text][vc_separator type=&#8221;transparent&#8221; up=&#8221;20&#8243; down=&#8221;25&#8243;][\/vc_column][\/vc_row][vc_row css_animation=&#8221;&#8221; row_type=&#8221;row&#8221; use_row_as_full_screen_section=&#8221;no&#8221; type=&#8221;full_width&#8221; angled_section=&#8221;no&#8221; text_align=&#8221;left&#8221; background_image_as_pattern=&#8221;without_pattern&#8221;][vc_column width=&#8221;1\/4&#8243;][\/vc_column][vc_column width=&#8221;3\/4&#8243;][vc_column_text]Several European and Hungarian museums are...","og_url":"https:\/\/fovarosikeptar.hu\/en\/szarnyalas-vol-flight-judit-reigl-figurative-painting\/","og_site_name":"F\u0151v\u00e1rosi K\u00e9pt\u00e1r","article_modified_time":"2025-09-05T12:03:12+00:00","twitter_card":"summary_large_image","twitter_misc":{"Est. reading time":"3 minutes"},"schema":{"@context":"https:\/\/schema.org","@graph":[{"@type":"WebSite","@id":"https:\/\/fovarosikeptar.hu\/#website","url":"https:\/\/fovarosikeptar.hu\/","name":"F\u0151v\u00e1rosi K\u00e9pt\u00e1r","description":"Kiscelli M\u00fazeum","potentialAction":[{"@type":"SearchAction","target":{"@type":"EntryPoint","urlTemplate":"https:\/\/fovarosikeptar.hu\/?s={search_term_string}"},"query-input":"required name=search_term_string"}],"inLanguage":"en-US"},{"@type":"WebPage","@id":"https:\/\/fovarosikeptar.hu\/en\/szarnyalas-vol-flight-judit-reigl-figurative-painting\/#webpage","url":"https:\/\/fovarosikeptar.hu\/en\/szarnyalas-vol-flight-judit-reigl-figurative-painting\/","name":"Sz\u00e1rnyal\u00e1s-Vol-Flight. Judit Reigl's Figurative Painting - F\u0151v\u00e1rosi K\u00e9pt\u00e1r","isPartOf":{"@id":"https:\/\/fovarosikeptar.hu\/#website"},"datePublished":"2025-09-05T11:28:44+00:00","dateModified":"2025-09-05T12:03:12+00:00","breadcrumb":{"@id":"https:\/\/fovarosikeptar.hu\/en\/szarnyalas-vol-flight-judit-reigl-figurative-painting\/#breadcrumb"},"inLanguage":"en-US","potentialAction":[{"@type":"ReadAction","target":["https:\/\/fovarosikeptar.hu\/en\/szarnyalas-vol-flight-judit-reigl-figurative-painting\/"]}]},{"@type":"BreadcrumbList","@id":"https:\/\/fovarosikeptar.hu\/en\/szarnyalas-vol-flight-judit-reigl-figurative-painting\/#breadcrumb","itemListElement":[{"@type":"ListItem","position":1,"name":"Home","item":"https:\/\/fovarosikeptar.hu\/en\/"},{"@type":"ListItem","position":2,"name":"Sz\u00e1rnyal\u00e1s-Vol-Flight. Judit Reigl&#8217;s Figurative Painting"}]}]}},"_links":{"self":[{"href":"https:\/\/fovarosikeptar.hu\/en\/wp-json\/wp\/v2\/pages\/24715"}],"collection":[{"href":"https:\/\/fovarosikeptar.hu\/en\/wp-json\/wp\/v2\/pages"}],"about":[{"href":"https:\/\/fovarosikeptar.hu\/en\/wp-json\/wp\/v2\/types\/page"}],"author":[{"embeddable":true,"href":"https:\/\/fovarosikeptar.hu\/en\/wp-json\/wp\/v2\/users\/7"}],"replies":[{"embeddable":true,"href":"https:\/\/fovarosikeptar.hu\/en\/wp-json\/wp\/v2\/comments?post=24715"}],"version-history":[{"count":2,"href":"https:\/\/fovarosikeptar.hu\/en\/wp-json\/wp\/v2\/pages\/24715\/revisions"}],"predecessor-version":[{"id":24718,"href":"https:\/\/fovarosikeptar.hu\/en\/wp-json\/wp\/v2\/pages\/24715\/revisions\/24718"}],"wp:attachment":[{"href":"https:\/\/fovarosikeptar.hu\/en\/wp-json\/wp\/v2\/media?parent=24715"}],"curies":[{"name":"wp","href":"https:\/\/api.w.org\/{rel}","templated":true}]}}