{"id":24719,"date":"2025-09-06T10:59:01","date_gmt":"2025-09-06T10:59:01","guid":{"rendered":"https:\/\/fovarosikeptar.hu\/?page_id=24719"},"modified":"2025-09-06T11:12:26","modified_gmt":"2025-09-06T11:12:26","slug":"zsolt-asztalos-memory-models","status":"publish","type":"page","link":"https:\/\/fovarosikeptar.hu\/en\/zsolt-asztalos-memory-models\/","title":{"rendered":"Zsolt Asztalos | Memory Models"},"content":{"rendered":"<p>[vc_row css_animation=&#8221;&#8221; row_type=&#8221;row&#8221; use_row_as_full_screen_section=&#8221;no&#8221; type=&#8221;grid&#8221; angled_section=&#8221;no&#8221; text_align=&#8221;left&#8221; background_image_as_pattern=&#8221;without_pattern&#8221; padding_top=&#8221;25&#8243; padding_bottom=&#8221;25&#8243; css=&#8221;.vc_custom_1414057161418{margin-top: 0px !important;}&#8221;][vc_column css=&#8221;.vc_custom_1413446275149{margin-top: 0px !important;margin-bottom: 0px !important;padding-top: 0px !important;padding-bottom: 0px !important;}&#8221;][vc_column_text]<\/p>\n<h2 class=\"muvesz-m\">Zsolt Asztalos<\/h2>\n<p class=\"kiallitascim-r\">Memory Models<\/p>\n<p class=\"datum-r\" style=\"margin-top: 15px;\">1 July 2021 &#8211; 1 August 2021 | Temple Square<\/p>\n<p class=\"curator\">Curator:<br \/>\nLili Boros<\/p>\n<p>[\/vc_column_text][vc_separator type=&#8221;transparent&#8221; up=&#8221;20&#8243; down=&#8221;25&#8243;][vc_single_image image=&#8221;19414&#8243; img_size=&#8221;full&#8221; alignment=&#8221;center&#8221; qode_css_animation=&#8221;element_from_fade&#8221;][vc_column_text]<\/p>\n<p class=\"kepalairas-1\">Zsolt Asztalos<br data-start=\"81\" data-end=\"84\" \/><em data-start=\"84\" data-end=\"94\">Remembering 2<\/em>, 2016\u20132020, video installation, 10 min each<\/p>\n<p>[\/vc_column_text][\/vc_column][\/vc_row][vc_row css_animation=&#8221;&#8221; row_type=&#8221;row&#8221; use_row_as_full_screen_section=&#8221;no&#8221; type=&#8221;grid&#8221; angled_section=&#8221;no&#8221; text_align=&#8221;left&#8221; background_image_as_pattern=&#8221;without_pattern&#8221; padding_top=&#8221;10&#8243;][vc_column width=&#8221;1\/4&#8243; css=&#8221;.vc_custom_1413446334543{margin-top: 0px !important;margin-bottom: 20px !important;padding-top: 0px !important;padding-bottom: 0px !important;}&#8221;][\/vc_column][vc_column width=&#8221;3\/4&#8243;][vc_column_text css=&#8221;.vc_custom_1757155911374{margin-top: 25px !important;}&#8221;]<strong>MEMORY AND THE MUSEUM<\/strong><\/p>\n<p>The exhibition Memory Models, presented in the nave of the Museum Kiscell \u2013 Municipal Gallery, places individual memory in the spotlight. Zsolt Asztalos\u2019 art project, drawing on the findings of cognitive psychological research, explores questions of the past, memory, personal history, and constructed mnemonic narratives. Since the second half of the 20th century, research and discourse on personal and collective memory have played an increasingly important role in museum practices.<\/p>\n<p>If we consider the museum as a lieu de m\u00e9moire (site of memory) in Pierre Nora\u2019s sense\u2014an institutionally framed space ensuring continuity between past and present\u2014then reflections on both former and current artistic, social, and political relations are of equal importance to the museum\u2019s mission. In recent years, the Municipal Gallery\u2019s exhibition program has often sought to create critical dialogue between past and present. The curators and art historians involved in exhibition-making did not only present pieces from the collection based on (art-)historical considerations; in collaboration with contemporary artists, they recontextualized works, raised questions, and created new interpretive frameworks.[\/vc_column_text][vc_column_text css=&#8221;.vc_custom_1757155953102{margin-top: 25px !important;}&#8221;]This exhibition continues that line of inquiry and, we hope, connects to projects in the coming years, as the museum\u2019s presentation of memory and the past will remain closely linked to contemporary art. However, this concept approaches the subject from a different angle: its points of reference are the latest findings in memory research. The essentially numerical results of cognitive psychology, transformed into images through data visualization techniques (such as MRI scans) or rendered into text in scientific summaries, become\u2014through another interpretive process\u2014the raw material for artistic creation, resulting in tangible and evocative objects and images. From the interplay between science and artistic interpretation emerge visual models that both reveal the constructed nature of private memory and, by incorporating them into the museum\u2019s mnemonic space, point to questions of collective memory.<\/p>\n<p>In the coming years, the Museum Kiscell \u2013 Municipal Gallery will continue working along this trajectory, planning in 2022 a major exhibition on the history and present of public sculpture, monuments, forgetting, silence, and communal memory as part of the project The Memory of Women Raped in War.[\/vc_column_text][vc_separator type=&#8221;transparent&#8221; up=&#8221;50&#8243;][\/vc_column][\/vc_row][vc_row css_animation=&#8221;&#8221; row_type=&#8221;row&#8221; use_row_as_full_screen_section=&#8221;no&#8221; type=&#8221;grid&#8221; angled_section=&#8221;no&#8221; text_align=&#8221;left&#8221; background_image_as_pattern=&#8221;without_pattern&#8221; padding_top=&#8221;25&#8243; padding_bottom=&#8221;25&#8243; css=&#8221;.vc_custom_1414057161418{margin-top: 0px !important;}&#8221;][vc_column css=&#8221;.vc_custom_1413446275149{margin-top: 0px !important;margin-bottom: 0px !important;padding-top: 0px !important;padding-bottom: 0px !important;}&#8221;][vc_single_image image=&#8221;19426&#8243; img_size=&#8221;full&#8221; alignment=&#8221;center&#8221; qode_css_animation=&#8221;element_from_fade&#8221;][vc_column_text]<\/p>\n<p class=\"kepalairas-1\">Zsolt Asztalos<br data-start=\"81\" data-end=\"84\" \/><em data-start=\"84\" data-end=\"94\">Remembering 3<\/em>, 2016\u20132020, video installation, 10 min each<\/p>\n<p>[\/vc_column_text][\/vc_column][\/vc_row][vc_row css_animation=&#8221;&#8221; row_type=&#8221;row&#8221; use_row_as_full_screen_section=&#8221;no&#8221; type=&#8221;grid&#8221; angled_section=&#8221;no&#8221; text_align=&#8221;left&#8221; background_image_as_pattern=&#8221;without_pattern&#8221; padding_top=&#8221;10&#8243;][vc_column width=&#8221;1\/4&#8243; css=&#8221;.vc_custom_1413446334543{margin-top: 0px !important;margin-bottom: 20px !important;padding-top: 0px !important;padding-bottom: 0px !important;}&#8221;][\/vc_column][vc_column width=&#8221;3\/4&#8243;][vc_column_text css=&#8221;.vc_custom_1757155993493{margin-top: 25px !important;}&#8221;]MEMORY MODELS \u2013 EXHIBITION BY ZSOLT ASZTALOS<\/p>\n<p>In recent years, Zsolt Asztalos\u2019 artistic practice has been defined by the themes of history, the past, memory, and forgetting. His works reflect a postmodern conception of history and past experience that emphasizes the relativity of historical narratives and confronts us with the limits of capturing personal memory. Rather than examining history as institutionalized memory, Asztalos focuses on local or partial narratives\u2014yet he does not identify or clearly define them. Instead, he uses visual means to draw attention to the ineffable nature of memories and the question of their visual representation.<\/p>\n<p>While many disciplines\u2014including the now independent field of memory studies\u2014address collective memory and the historical formation of narratives, cognitive psychology has achieved significant results in studying individual memory and uncovering the processes that take place in the brain. Western visual art and philosophical thought have been profoundly influenced by Henri Bergson\u2019s Matter and Memory (1896). His ideas\u2014alongside those of Freud and Jung\u2014also inspired literature (Proust) and visual art (informel, T\u00e0pies), attributing a formative role to memory and emphasizing that no perception exists that is not shaped by our memories. Although Bergson\u2019s view that memory is purely mental and cannot be traced in matter appears to be contradicted by contemporary scientific findings, his thesis\u2014distinguishing free memory from material mechanisms\u2014stimulated the humanities. Bergson\u2019s key concept later became duration (dur\u00e9e), which is heterogeneous, subjective, and immeasurable (as opposed to physical, homogeneous, measurable time) and can only be grasped through intuition.<\/p>\n<p>In his video series Memory, Asztalos conducted \u201csilent interviews,\u201d asking participants to recall significant events from their lives. These memories are never verbalized: viewers see only the participants\u2019 faces and surroundings, while ambient sounds and noises hint at the passing of time. In Bergsonian terms, what becomes perceptible is subjective, heterogeneous time\u2014the duration in which the past flows into the present. Because of this unique temporal experience inherent in remembering, the \u201crepresentation\u201d of time is unavoidable in Asztalos\u2019 project. Beyond that, the artist explores what kind of visuality memory possesses: can a hidden story be captured through external human features? The absence of storytelling and verbalization activates situations of experiencing and silencing, living through and repression, in these short, still moments recorded in intimate settings.[\/vc_column_text][vc_separator type=&#8221;transparent&#8221; up=&#8221;50&#8243;][vc_single_image image=&#8221;19429&#8243; img_size=&#8221;full&#8221; alignment=&#8221;center&#8221; onclick=&#8221;zoom&#8221; qode_css_animation=&#8221;element_from_fade&#8221;][vc_column_text]<\/p>\n<p class=\"kepalairas-1\">Zsolt Asztalos<br data-start=\"239\" data-end=\"242\" \/><em data-start=\"242\" data-end=\"260\">Memory Models 35<\/em>, 2019\u20132020, installation, mixed media<\/p>\n<p>[\/vc_column_text][vc_separator type=&#8221;transparent&#8221; up=&#8221;30&#8243;][vc_column_text css=&#8221;.vc_custom_1757156005228{margin-top: 25px !important;}&#8221;]The other part of the exhibition, located in the nave, is the installation Memory Models, consisting of 45 objects, photographs, object ensembles, and models placed on small tables of varying heights. Alongside these models are excerpts of scientific texts explaining how human memory functions. In this installation, Asztalos emphasizes the alienating and distancing character of the scientific language of memory research as opposed to lived emotions, rendering abstract concepts and scientific models through constructions reminiscent of architectural maquettes. The problem of the relationship between individual memory and scientific modeling thus leads\u2014more broadly\u2014to the question of verbal and visual expressibility.<\/p>\n<p>The exhibition concludes with an interview with psychologist Anett Rag\u00f3, offering insight into the history and present state of scientific research on memory.[\/vc_column_text][vc_separator type=&#8221;transparent&#8221; up=&#8221;50&#8243;][vc_single_image image=&#8221;19432&#8243; img_size=&#8221;full&#8221; alignment=&#8221;center&#8221; onclick=&#8221;zoom&#8221; qode_css_animation=&#8221;element_from_fade&#8221;][vc_column_text]<\/p>\n<p data-start=\"302\" data-end=\"381\">Zsolt Asztalos<br data-start=\"320\" data-end=\"323\" \/><em data-start=\"323\" data-end=\"341\">Memory Models 38<\/em>, 2019\u20132020, installation, mixed media<\/p>\n<p>[\/vc_column_text][\/vc_column][\/vc_row][vc_row css_animation=&#8221;&#8221; row_type=&#8221;row&#8221; use_row_as_full_screen_section=&#8221;no&#8221; type=&#8221;grid&#8221; angled_section=&#8221;no&#8221; text_align=&#8221;left&#8221; background_image_as_pattern=&#8221;without_pattern&#8221; padding_top=&#8221;10&#8243;][vc_column width=&#8221;1\/4&#8243; css=&#8221;.vc_custom_1413446334543{margin-top: 0px !important;margin-bottom: 20px !important;padding-top: 0px !important;padding-bottom: 0px !important;}&#8221;][\/vc_column][vc_column width=&#8221;3\/4&#8243;][vc_separator type=&#8221;normal&#8221; color=&#8221;#999999&#8243; up=&#8221;50&#8243; down=&#8221;30&#8243;][vc_single_image image=&#8221;18670&#8243; img_size=&#8221;200&#215;70&#8243; onclick=&#8221;custom_link&#8221; img_link_target=&#8221;_blank&#8221; qode_css_animation=&#8221;element_from_fade&#8221; link=&#8221;http:\/\/www.nka.hu&#8221;][vc_separator type=&#8221;transparent&#8221; up=&#8221;30&#8243;][\/vc_column][\/vc_row][vc_row css_animation=&#8221;&#8221; row_type=&#8221;row&#8221; use_row_as_full_screen_section=&#8221;no&#8221; type=&#8221;grid&#8221; angled_section=&#8221;no&#8221; text_align=&#8221;left&#8221; background_image_as_pattern=&#8221;without_pattern&#8221; padding_top=&#8221;0&#8243; padding_bottom=&#8221;25&#8243;][vc_column][vc_separator type=&#8221;transparent&#8221; up=&#8221;25&#8243;]<div class=\"us_shortcode \"><div class=\"us_wrapper us_share_buttons us_tar us_skin_default\" data-text=\"F\u0151v\u00e1rosi K\u00e9pt\u00e1r\" data-url=\"http:\/\/fovarosikeptar.hu\/en\/wp-json\/wp\/v2\/pages\/24719\" data-ajaxnetworks=\"facebook,pinterest\"><div class=\"us_facebook us_first us_button\"><a class=\"us_box\" href=\"#\"><div class=\"us_share\"><i class=\"us-icon-facebook\"><\/i><\/div><div class=\"us_count\"><\/div><\/a><\/div><div class=\"us_wrapper us_modal mfp-hide\" id=\"us-modal-WaM0I\" data-url=\"http:\/\/fovarosikeptar.hu\/en\/wp-json\/wp\/v2\/pages\/24719\" data-text=\"F\u0151v\u00e1rosi K\u00e9pt\u00e1r\"><div class=\"us_heading\">Share on Pinterest<\/div><div class=\"us_pinterest_images\"><div class=\"us_pinterest_image_holder\"><a href=\"#\"><img data-full=\"https:\/\/fovarosikeptar.hu\/wp-content\/uploads\/2020\/10\/asztalos-zsolt-1200x630-1.jpg\" src=\"https:\/\/fovarosikeptar.hu\/wp-content\/uploads\/2020\/10\/asztalos-zsolt-1200x630-1-300x300.jpg\"\/><\/a><\/div><\/div><\/div><div class=\"us_pinterest us_last us_button\"><a class=\"us_box\" href=\"#\" data-href=\"#us-modal-WaM0I\"><div class=\"us_share\"><i class=\"us-icon-pinterest\"><\/i><\/div><div class=\"us_count\"><\/div><\/a><\/div><\/div><\/div>[vc_separator type=&#8221;transparent&#8221; up=&#8221;35&#8243;][vc_separator type=&#8221;transparent&#8221; up=&#8221;25&#8243;][\/vc_column][\/vc_row]<\/p>\n","protected":false},"excerpt":{"rendered":"<p>[vc_row css_animation=&#8221;&#8221; row_type=&#8221;row&#8221; use_row_as_full_screen_section=&#8221;no&#8221; type=&#8221;grid&#8221; angled_section=&#8221;no&#8221; text_align=&#8221;left&#8221; background_image_as_pattern=&#8221;without_pattern&#8221; padding_top=&#8221;25&#8243; padding_bottom=&#8221;25&#8243; css=&#8221;.vc_custom_1414057161418{margin-top: 0px !important;}&#8221;][vc_column css=&#8221;.vc_custom_1413446275149{margin-top: 0px !important;margin-bottom: 0px !important;padding-top: 0px !important;padding-bottom: 0px !important;}&#8221;][vc_column_text] Zsolt Asztalos Memory Models 1 July 2021 &#8211; 1 August 2021 | Temple Square Curator: Lili Boros [\/vc_column_text][vc_separator type=&#8221;transparent&#8221; up=&#8221;20&#8243; down=&#8221;25&#8243;][vc_single_image image=&#8221;19414&#8243; img_size=&#8221;full&#8221;&#8230;<\/p>\n","protected":false},"author":7,"featured_media":19445,"parent":0,"menu_order":0,"comment_status":"closed","ping_status":"closed","template":"full_width.php","meta":[],"yoast_head":"<!-- This site is optimized with the Yoast SEO plugin v16.8 - https:\/\/yoast.com\/wordpress\/plugins\/seo\/ -->\n<title>Zsolt Asztalos | Memory Models - F\u0151v\u00e1rosi K\u00e9pt\u00e1r<\/title>\n<meta name=\"robots\" content=\"index, follow, max-snippet:-1, max-image-preview:large, max-video-preview:-1\" \/>\n<link rel=\"canonical\" href=\"https:\/\/fovarosikeptar.hu\/en\/zsolt-asztalos-memory-models\/\" \/>\n<meta property=\"og:locale\" content=\"en_US\" \/>\n<meta property=\"og:type\" content=\"article\" \/>\n<meta property=\"og:title\" content=\"Zsolt Asztalos | Memory Models - F\u0151v\u00e1rosi K\u00e9pt\u00e1r\" \/>\n<meta property=\"og:description\" content=\"[vc_row css_animation=&#8221;&#8221; row_type=&#8221;row&#8221; use_row_as_full_screen_section=&#8221;no&#8221; type=&#8221;grid&#8221; angled_section=&#8221;no&#8221; text_align=&#8221;left&#8221; background_image_as_pattern=&#8221;without_pattern&#8221; padding_top=&#8221;25&#8243; padding_bottom=&#8221;25&#8243; css=&#8221;.vc_custom_1414057161418{margin-top: 0px !important;}&#8221;][vc_column css=&#8221;.vc_custom_1413446275149{margin-top: 0px !important;margin-bottom: 0px !important;padding-top: 0px !important;padding-bottom: 0px !important;}&#8221;][vc_column_text] Zsolt Asztalos Memory Models 1 July 2021 &#8211; 1 August 2021 | Temple Square Curator: Lili Boros [\/vc_column_text][vc_separator type=&#8221;transparent&#8221; up=&#8221;20&#8243; down=&#8221;25&#8243;][vc_single_image image=&#8221;19414&#8243; img_size=&#8221;full&#8221;...\" \/>\n<meta property=\"og:url\" content=\"https:\/\/fovarosikeptar.hu\/en\/zsolt-asztalos-memory-models\/\" \/>\n<meta property=\"og:site_name\" content=\"F\u0151v\u00e1rosi K\u00e9pt\u00e1r\" \/>\n<meta property=\"article:modified_time\" content=\"2025-09-06T11:12:26+00:00\" \/>\n<meta property=\"og:image\" content=\"https:\/\/fovarosikeptar.hu\/wp-content\/uploads\/2020\/10\/asztalos-zsolt-1200x630-1.jpg?_t=1757157147\" \/>\n\t<meta property=\"og:image:width\" content=\"1200\" \/>\n\t<meta property=\"og:image:height\" content=\"630\" \/>\n<meta name=\"twitter:card\" content=\"summary_large_image\" \/>\n<meta name=\"twitter:label1\" content=\"Est. reading time\" \/>\n\t<meta name=\"twitter:data1\" content=\"5 minutes\" \/>\n<script type=\"application\/ld+json\" class=\"yoast-schema-graph\">{\"@context\":\"https:\/\/schema.org\",\"@graph\":[{\"@type\":\"WebSite\",\"@id\":\"https:\/\/fovarosikeptar.hu\/#website\",\"url\":\"https:\/\/fovarosikeptar.hu\/\",\"name\":\"F\\u0151v\\u00e1rosi K\\u00e9pt\\u00e1r\",\"description\":\"Kiscelli M\\u00fazeum\",\"potentialAction\":[{\"@type\":\"SearchAction\",\"target\":{\"@type\":\"EntryPoint\",\"urlTemplate\":\"https:\/\/fovarosikeptar.hu\/?s={search_term_string}\"},\"query-input\":\"required name=search_term_string\"}],\"inLanguage\":\"en-US\"},{\"@type\":\"ImageObject\",\"@id\":\"https:\/\/fovarosikeptar.hu\/en\/zsolt-asztalos-memory-models\/#primaryimage\",\"inLanguage\":\"en-US\",\"url\":\"https:\/\/fovarosikeptar.hu\/wp-content\/uploads\/2020\/10\/asztalos-zsolt-1200x630-1.jpg\",\"contentUrl\":\"https:\/\/fovarosikeptar.hu\/wp-content\/uploads\/2020\/10\/asztalos-zsolt-1200x630-1.jpg\",\"width\":1200,\"height\":630},{\"@type\":\"WebPage\",\"@id\":\"https:\/\/fovarosikeptar.hu\/en\/zsolt-asztalos-memory-models\/#webpage\",\"url\":\"https:\/\/fovarosikeptar.hu\/en\/zsolt-asztalos-memory-models\/\",\"name\":\"Zsolt Asztalos | Memory Models - F\\u0151v\\u00e1rosi K\\u00e9pt\\u00e1r\",\"isPartOf\":{\"@id\":\"https:\/\/fovarosikeptar.hu\/#website\"},\"primaryImageOfPage\":{\"@id\":\"https:\/\/fovarosikeptar.hu\/en\/zsolt-asztalos-memory-models\/#primaryimage\"},\"datePublished\":\"2025-09-06T10:59:01+00:00\",\"dateModified\":\"2025-09-06T11:12:26+00:00\",\"breadcrumb\":{\"@id\":\"https:\/\/fovarosikeptar.hu\/en\/zsolt-asztalos-memory-models\/#breadcrumb\"},\"inLanguage\":\"en-US\",\"potentialAction\":[{\"@type\":\"ReadAction\",\"target\":[\"https:\/\/fovarosikeptar.hu\/en\/zsolt-asztalos-memory-models\/\"]}]},{\"@type\":\"BreadcrumbList\",\"@id\":\"https:\/\/fovarosikeptar.hu\/en\/zsolt-asztalos-memory-models\/#breadcrumb\",\"itemListElement\":[{\"@type\":\"ListItem\",\"position\":1,\"name\":\"Home\",\"item\":\"https:\/\/fovarosikeptar.hu\/en\/\"},{\"@type\":\"ListItem\",\"position\":2,\"name\":\"Zsolt Asztalos | Memory Models\"}]}]}<\/script>\n<!-- \/ Yoast SEO plugin. -->","yoast_head_json":{"title":"Zsolt Asztalos | Memory Models - F\u0151v\u00e1rosi K\u00e9pt\u00e1r","robots":{"index":"index","follow":"follow","max-snippet":"max-snippet:-1","max-image-preview":"max-image-preview:large","max-video-preview":"max-video-preview:-1"},"canonical":"https:\/\/fovarosikeptar.hu\/en\/zsolt-asztalos-memory-models\/","og_locale":"en_US","og_type":"article","og_title":"Zsolt Asztalos | Memory Models - F\u0151v\u00e1rosi K\u00e9pt\u00e1r","og_description":"[vc_row css_animation=&#8221;&#8221; row_type=&#8221;row&#8221; use_row_as_full_screen_section=&#8221;no&#8221; type=&#8221;grid&#8221; angled_section=&#8221;no&#8221; text_align=&#8221;left&#8221; background_image_as_pattern=&#8221;without_pattern&#8221; padding_top=&#8221;25&#8243; padding_bottom=&#8221;25&#8243; css=&#8221;.vc_custom_1414057161418{margin-top: 0px !important;}&#8221;][vc_column css=&#8221;.vc_custom_1413446275149{margin-top: 0px !important;margin-bottom: 0px !important;padding-top: 0px !important;padding-bottom: 0px !important;}&#8221;][vc_column_text] Zsolt Asztalos Memory Models 1 July 2021 &#8211; 1 August 2021 | Temple Square Curator: Lili Boros [\/vc_column_text][vc_separator type=&#8221;transparent&#8221; up=&#8221;20&#8243; down=&#8221;25&#8243;][vc_single_image image=&#8221;19414&#8243; img_size=&#8221;full&#8221;...","og_url":"https:\/\/fovarosikeptar.hu\/en\/zsolt-asztalos-memory-models\/","og_site_name":"F\u0151v\u00e1rosi K\u00e9pt\u00e1r","article_modified_time":"2025-09-06T11:12:26+00:00","og_image":[{"width":1200,"height":630,"url":"https:\/\/fovarosikeptar.hu\/wp-content\/uploads\/2020\/10\/asztalos-zsolt-1200x630-1.jpg?_t=1757157147","path":"\/home\/fovarosi\/public_html\/wp-content\/uploads\/2020\/10\/asztalos-zsolt-1200x630-1.jpg","size":"full","id":19445,"alt":"","pixels":756000,"type":"image\/jpeg"}],"twitter_card":"summary_large_image","twitter_misc":{"Est. reading time":"5 minutes"},"schema":{"@context":"https:\/\/schema.org","@graph":[{"@type":"WebSite","@id":"https:\/\/fovarosikeptar.hu\/#website","url":"https:\/\/fovarosikeptar.hu\/","name":"F\u0151v\u00e1rosi K\u00e9pt\u00e1r","description":"Kiscelli M\u00fazeum","potentialAction":[{"@type":"SearchAction","target":{"@type":"EntryPoint","urlTemplate":"https:\/\/fovarosikeptar.hu\/?s={search_term_string}"},"query-input":"required name=search_term_string"}],"inLanguage":"en-US"},{"@type":"ImageObject","@id":"https:\/\/fovarosikeptar.hu\/en\/zsolt-asztalos-memory-models\/#primaryimage","inLanguage":"en-US","url":"https:\/\/fovarosikeptar.hu\/wp-content\/uploads\/2020\/10\/asztalos-zsolt-1200x630-1.jpg","contentUrl":"https:\/\/fovarosikeptar.hu\/wp-content\/uploads\/2020\/10\/asztalos-zsolt-1200x630-1.jpg","width":1200,"height":630},{"@type":"WebPage","@id":"https:\/\/fovarosikeptar.hu\/en\/zsolt-asztalos-memory-models\/#webpage","url":"https:\/\/fovarosikeptar.hu\/en\/zsolt-asztalos-memory-models\/","name":"Zsolt Asztalos | Memory Models - F\u0151v\u00e1rosi K\u00e9pt\u00e1r","isPartOf":{"@id":"https:\/\/fovarosikeptar.hu\/#website"},"primaryImageOfPage":{"@id":"https:\/\/fovarosikeptar.hu\/en\/zsolt-asztalos-memory-models\/#primaryimage"},"datePublished":"2025-09-06T10:59:01+00:00","dateModified":"2025-09-06T11:12:26+00:00","breadcrumb":{"@id":"https:\/\/fovarosikeptar.hu\/en\/zsolt-asztalos-memory-models\/#breadcrumb"},"inLanguage":"en-US","potentialAction":[{"@type":"ReadAction","target":["https:\/\/fovarosikeptar.hu\/en\/zsolt-asztalos-memory-models\/"]}]},{"@type":"BreadcrumbList","@id":"https:\/\/fovarosikeptar.hu\/en\/zsolt-asztalos-memory-models\/#breadcrumb","itemListElement":[{"@type":"ListItem","position":1,"name":"Home","item":"https:\/\/fovarosikeptar.hu\/en\/"},{"@type":"ListItem","position":2,"name":"Zsolt Asztalos | Memory Models"}]}]}},"_links":{"self":[{"href":"https:\/\/fovarosikeptar.hu\/en\/wp-json\/wp\/v2\/pages\/24719"}],"collection":[{"href":"https:\/\/fovarosikeptar.hu\/en\/wp-json\/wp\/v2\/pages"}],"about":[{"href":"https:\/\/fovarosikeptar.hu\/en\/wp-json\/wp\/v2\/types\/page"}],"author":[{"embeddable":true,"href":"https:\/\/fovarosikeptar.hu\/en\/wp-json\/wp\/v2\/users\/7"}],"replies":[{"embeddable":true,"href":"https:\/\/fovarosikeptar.hu\/en\/wp-json\/wp\/v2\/comments?post=24719"}],"version-history":[{"count":1,"href":"https:\/\/fovarosikeptar.hu\/en\/wp-json\/wp\/v2\/pages\/24719\/revisions"}],"predecessor-version":[{"id":24720,"href":"https:\/\/fovarosikeptar.hu\/en\/wp-json\/wp\/v2\/pages\/24719\/revisions\/24720"}],"wp:featuredmedia":[{"embeddable":true,"href":"https:\/\/fovarosikeptar.hu\/en\/wp-json\/wp\/v2\/media\/19445"}],"wp:attachment":[{"href":"https:\/\/fovarosikeptar.hu\/en\/wp-json\/wp\/v2\/media?parent=24719"}],"curies":[{"name":"wp","href":"https:\/\/api.w.org\/{rel}","templated":true}]}}