{"id":24949,"date":"2025-12-20T15:23:57","date_gmt":"2025-12-20T15:23:57","guid":{"rendered":"https:\/\/fovarosikeptar.hu\/?page_id=24949"},"modified":"2026-02-25T11:45:23","modified_gmt":"2026-02-25T11:45:23","slug":"the-gallery-of-the-capital-works-and-stories-exhibition-catalogue","status":"publish","type":"page","link":"https:\/\/fovarosikeptar.hu\/en\/the-gallery-of-the-capital-works-and-stories-exhibition-catalogue\/","title":{"rendered":"The Gallery of the Capital &#8211; Works and Stories exhibition catalogue"},"content":{"rendered":"<p>[vc_row css_animation=&#8221;&#8221; row_type=&#8221;row&#8221; use_row_as_full_screen_section=&#8221;no&#8221; type=&#8221;full_width&#8221; angled_section=&#8221;no&#8221; text_align=&#8221;left&#8221; background_image_as_pattern=&#8221;without_pattern&#8221;][vc_column][vc_column_text]<\/p>\n<h2 class=\"muvesz-m\">The Gallery of the Capital &#8211; Works and Stories<\/h2>\n<h2 class=\"muvesz-m\">exhibition catalogue (online)<\/h2>\n<h2>Temporary exhibition of the Municipal Gallery at the BHM Castle Museum<\/h2>\n<p>[\/vc_column_text][vc_separator type=&#8221;transparent&#8221; up=&#8221;20&#8243; down=&#8221;25&#8243;][vc_column_text]<\/p>\n<p class=\"datum-r\">June 7, 2024 \u2013 February 2, 2025<\/p>\n<p>Location: Budapest History Museum \u2013 Castle Museum (1014 Budapest, Szent Gy\u00f6rgy t\u00e9r 2., Buda Castle Palace, Building E)[\/vc_column_text][vc_separator type=&#8221;transparent&#8221; up=&#8221;20&#8243; down=&#8221;25&#8243;]<a  itemprop=\"url\" href=\"\" target=\"_self\"  class=\"qbutton  default\" style=\"\">DOWNLOAD PDF<\/a>[vc_separator type=&#8221;transparent&#8221; up=&#8221;20&#8243; down=&#8221;25&#8243;][vc_separator type=&#8221;transparent&#8221; up=&#8221;20&#8243; down=&#8221;25&#8243;][\/vc_column][\/vc_row][vc_row css_animation=&#8221;&#8221; row_type=&#8221;row&#8221; use_row_as_full_screen_section=&#8221;no&#8221; type=&#8221;full_width&#8221; angled_section=&#8221;no&#8221; text_align=&#8221;left&#8221; background_image_as_pattern=&#8221;without_pattern&#8221;][vc_column width=&#8221;1\/4&#8243;][vc_single_image image=&#8221;24290&#8243; img_size=&#8221;medium&#8221; alignment=&#8221;right&#8221; qode_css_animation=&#8221;&#8221; el_class=&#8221;nagyitas&#8221;][vc_empty_space][vc_single_image image=&#8221;24299&#8243; img_size=&#8221;medium&#8221; alignment=&#8221;right&#8221; qode_css_animation=&#8221;&#8221; el_class=&#8221;nagyitas&#8221;][vc_empty_space][vc_single_image image=&#8221;24296&#8243; img_size=&#8221;medium&#8221; alignment=&#8221;right&#8221; qode_css_animation=&#8221;&#8221; el_class=&#8221;nagyitas&#8221;][\/vc_column][vc_column width=&#8221;3\/4&#8243;][vc_column_text]<\/p>\n<div class=\"wpb_text_column wpb_content_element \">\n<div class=\"wpb_wrapper\">\n<p>The Municipal Gallery operates as part of the Budapest History Museum, in the building of the Kiscelli Museum. While its 40-thousand-piece fine arts collection is of national importance, the works can only be seen occasionally due to the lack of a permanent exhibition. The temporary showcase Municipal Gallery \u2013 Works and Stories aims to make up for this shortfall by putting a nearly 150 pieces strong collection on display, presenting works from the birth of Hungarian modernism to the present day and providing a comprehensive account of the history of Hungarian art from the end of the 19th century to contemporary artists. However, this is only one of the narratives the exhibit offers. Among the more than 100 exhibiting artists \u2013 about a third of whom are women \u2013 are such well-known names as K\u00e1roly Ferenczy, J\u00f3zsef Rippl-R\u00f3nai, Anna Lesznai, J\u00e1nos Vaszary, S\u00e1ndor Bortnyik, No\u00e9mi Ferenczy, Judit Reigl, Vera Molnar, Lili Orsz\u00e1g, Katalin Ladik, L\u00e1szl\u00f3 Lakner, D\u00f3ra Maurer, Orshi Drozdik, M\u00e1ria Chilf, \u00c1gnes Eperjesi and Kamilla Sz\u00edj.<\/p>\n<\/div>\n<\/div>\n<div class=\"wpb_text_column wpb_content_element \">\n<div class=\"wpb_wrapper\">\n<p>The exhibition is made up of 10 thematic sections, with an emphasis on the different roles fulfilled by women artists, on raptures caused by war, on dilemmas surrounding the question of emigration versus staying home and on the positions of those who, having refused social norms, were excluded from the art historical canon. The arrangement of the pieces does not follow a strict chronological order. The curatorial team of the Municipal Gallery set in motion a diversity of viewpoints, which resulted in unique accents and surprising ensembles. That is how pieces created in the 90s or in the 2010s ended up in the company of works from the early 20th century. The exciting combinations and the questions, some of which were deliberately left open, leave room to different interpretations and invite visitors to think together with the curators. The wall labels and the longer, narrative label \u201cchats\u201d touch upon various themes, too: Not only do they give information about a particular piece but also explore the background of how and when it was added to the collection, providing a critical insight into the institution\u2019s past.<\/p>\n<\/div>\n<\/div>\n<div class=\"wpb_text_column wpb_content_element \">\n<div class=\"wpb_wrapper\">\n<p>The collection cannot be considered separately from the institution, in itself. Its origin, its history and its continuing evolution and growth are intertwined with the history of the gallery. The installation of the exhibition consciously evokes images of the showcase organised by the Budapest History Museum in the same space about 50 years ago, in 1977, introducing the public for the first time to this exceptional and modern collection being assembled in the capital.<\/p>\n<\/div>\n<\/div>\n<p>[\/vc_column_text][vc_separator type=&#8221;transparent&#8221; up=&#8221;20&#8243; down=&#8221;20&#8243;][\/vc_column][\/vc_row][vc_row css_animation=&#8221;&#8221; row_type=&#8221;row&#8221; use_row_as_full_screen_section=&#8221;no&#8221; type=&#8221;full_width&#8221; angled_section=&#8221;no&#8221; text_align=&#8221;left&#8221; background_image_as_pattern=&#8221;without_pattern&#8221;][vc_column][vc_separator type=&#8221;normal&#8221; up=&#8221;20&#8243; down=&#8221;20&#8243;][vc_column_text]<\/p>\n<h2 class=\"muvesz-m\">Imprint:<\/h2>\n<p>[\/vc_column_text][vc_separator type=&#8221;normal&#8221; up=&#8221;20&#8243; down=&#8221;20&#8243;][\/vc_column][\/vc_row][vc_row css_animation=&#8221;&#8221; row_type=&#8221;row&#8221; use_row_as_full_screen_section=&#8221;no&#8221; type=&#8221;full_width&#8221; angled_section=&#8221;no&#8221; text_align=&#8221;left&#8221; background_image_as_pattern=&#8221;without_pattern&#8221;][vc_column][vc_separator type=&#8221;normal&#8221; up=&#8221;20&#8243; down=&#8221;20&#8243;][vc_column_text]<\/p>\n<h2 class=\"muvesz-m\">Curators:<\/h2>\n<p>[\/vc_column_text][vc_separator type=&#8221;normal&#8221; up=&#8221;20&#8243; down=&#8221;20&#8243;][vc_column_text]M\u00e1ria \u00c1rvai<br \/>\nAnik\u00f3 B. Nagy<br \/>\nEszter Moln\u00e1rn\u00e9 Acz\u00e9l<br \/>\n[Vikt\u00f3ria Oth]<br \/>\nL\u00edvia P\u00e1ldi<br \/>\nEnik\u0151 R\u00f3ka<br \/>\nOrsolya Veress[\/vc_column_text][\/vc_column][\/vc_row][vc_row css_animation=&#8221;&#8221; row_type=&#8221;row&#8221; use_row_as_full_screen_section=&#8221;no&#8221; type=&#8221;full_width&#8221; angled_section=&#8221;no&#8221; text_align=&#8221;left&#8221; background_image_as_pattern=&#8221;without_pattern&#8221;][vc_column][vc_separator type=&#8221;normal&#8221; up=&#8221;20&#8243; down=&#8221;20&#8243;][\/vc_column][\/vc_row]<\/p>\n","protected":false},"excerpt":{"rendered":"<p>[vc_row css_animation=&#8221;&#8221; row_type=&#8221;row&#8221; use_row_as_full_screen_section=&#8221;no&#8221; type=&#8221;full_width&#8221; angled_section=&#8221;no&#8221; text_align=&#8221;left&#8221; background_image_as_pattern=&#8221;without_pattern&#8221;][vc_column][vc_column_text] The Gallery of the Capital &#8211; Works and Stories exhibition catalogue (online) Temporary exhibition of the Municipal Gallery at the BHM Castle Museum [\/vc_column_text][vc_separator type=&#8221;transparent&#8221; up=&#8221;20&#8243; down=&#8221;25&#8243;][vc_column_text] June 7, 2024 \u2013 February 2, 2025 Location: Budapest History&#8230;<\/p>\n","protected":false},"author":7,"featured_media":24284,"parent":0,"menu_order":0,"comment_status":"closed","ping_status":"closed","template":"","meta":[],"yoast_head":"<!-- This site is optimized with the Yoast SEO plugin v16.8 - https:\/\/yoast.com\/wordpress\/plugins\/seo\/ -->\n<title>The Gallery of the Capital - Works and Stories exhibition catalogue - F\u0151v\u00e1rosi K\u00e9pt\u00e1r<\/title>\n<meta name=\"robots\" content=\"index, follow, max-snippet:-1, max-image-preview:large, max-video-preview:-1\" \/>\n<link rel=\"canonical\" href=\"https:\/\/fovarosikeptar.hu\/en\/the-gallery-of-the-capital-works-and-stories-exhibition-catalogue\/\" \/>\n<meta property=\"og:locale\" content=\"en_US\" \/>\n<meta property=\"og:type\" content=\"article\" \/>\n<meta property=\"og:title\" content=\"The Gallery of the Capital - Works and Stories exhibition catalogue - F\u0151v\u00e1rosi K\u00e9pt\u00e1r\" \/>\n<meta property=\"og:description\" content=\"[vc_row css_animation=&#8221;&#8221; row_type=&#8221;row&#8221; use_row_as_full_screen_section=&#8221;no&#8221; type=&#8221;full_width&#8221; angled_section=&#8221;no&#8221; text_align=&#8221;left&#8221; background_image_as_pattern=&#8221;without_pattern&#8221;][vc_column][vc_column_text] The Gallery of the Capital &#8211; Works and Stories exhibition catalogue (online) Temporary exhibition of the Municipal Gallery at the BHM Castle Museum [\/vc_column_text][vc_separator type=&#8221;transparent&#8221; up=&#8221;20&#8243; down=&#8221;25&#8243;][vc_column_text] June 7, 2024 \u2013 February 2, 2025 Location: Budapest History...\" \/>\n<meta property=\"og:url\" content=\"https:\/\/fovarosikeptar.hu\/en\/the-gallery-of-the-capital-works-and-stories-exhibition-catalogue\/\" \/>\n<meta property=\"og:site_name\" content=\"F\u0151v\u00e1rosi K\u00e9pt\u00e1r\" \/>\n<meta property=\"article:modified_time\" content=\"2026-02-25T11:45:23+00:00\" \/>\n<meta property=\"og:image\" content=\"https:\/\/fovarosikeptar.hu\/wp-content\/uploads\/2025\/02\/btm_afk_4.jpg?_t=1772019923\" \/>\n\t<meta property=\"og:image:width\" content=\"1500\" \/>\n\t<meta property=\"og:image:height\" content=\"1100\" \/>\n<meta name=\"twitter:card\" content=\"summary_large_image\" \/>\n<meta name=\"twitter:label1\" content=\"Est. reading time\" \/>\n\t<meta name=\"twitter:data1\" content=\"3 minutes\" \/>\n<script type=\"application\/ld+json\" class=\"yoast-schema-graph\">{\"@context\":\"https:\/\/schema.org\",\"@graph\":[{\"@type\":\"WebSite\",\"@id\":\"https:\/\/fovarosikeptar.hu\/#website\",\"url\":\"https:\/\/fovarosikeptar.hu\/\",\"name\":\"F\\u0151v\\u00e1rosi K\\u00e9pt\\u00e1r\",\"description\":\"Kiscelli M\\u00fazeum\",\"potentialAction\":[{\"@type\":\"SearchAction\",\"target\":{\"@type\":\"EntryPoint\",\"urlTemplate\":\"https:\/\/fovarosikeptar.hu\/?s={search_term_string}\"},\"query-input\":\"required name=search_term_string\"}],\"inLanguage\":\"en-US\"},{\"@type\":\"ImageObject\",\"@id\":\"https:\/\/fovarosikeptar.hu\/en\/the-gallery-of-the-capital-works-and-stories-exhibition-catalogue\/#primaryimage\",\"inLanguage\":\"en-US\",\"url\":\"https:\/\/fovarosikeptar.hu\/wp-content\/uploads\/2025\/02\/btm_afk_4.jpg\",\"contentUrl\":\"https:\/\/fovarosikeptar.hu\/wp-content\/uploads\/2025\/02\/btm_afk_4.jpg\",\"width\":1500,\"height\":1100},{\"@type\":\"WebPage\",\"@id\":\"https:\/\/fovarosikeptar.hu\/en\/the-gallery-of-the-capital-works-and-stories-exhibition-catalogue\/#webpage\",\"url\":\"https:\/\/fovarosikeptar.hu\/en\/the-gallery-of-the-capital-works-and-stories-exhibition-catalogue\/\",\"name\":\"The Gallery of the Capital - Works and Stories exhibition catalogue - F\\u0151v\\u00e1rosi K\\u00e9pt\\u00e1r\",\"isPartOf\":{\"@id\":\"https:\/\/fovarosikeptar.hu\/#website\"},\"primaryImageOfPage\":{\"@id\":\"https:\/\/fovarosikeptar.hu\/en\/the-gallery-of-the-capital-works-and-stories-exhibition-catalogue\/#primaryimage\"},\"datePublished\":\"2025-12-20T15:23:57+00:00\",\"dateModified\":\"2026-02-25T11:45:23+00:00\",\"breadcrumb\":{\"@id\":\"https:\/\/fovarosikeptar.hu\/en\/the-gallery-of-the-capital-works-and-stories-exhibition-catalogue\/#breadcrumb\"},\"inLanguage\":\"en-US\",\"potentialAction\":[{\"@type\":\"ReadAction\",\"target\":[\"https:\/\/fovarosikeptar.hu\/en\/the-gallery-of-the-capital-works-and-stories-exhibition-catalogue\/\"]}]},{\"@type\":\"BreadcrumbList\",\"@id\":\"https:\/\/fovarosikeptar.hu\/en\/the-gallery-of-the-capital-works-and-stories-exhibition-catalogue\/#breadcrumb\",\"itemListElement\":[{\"@type\":\"ListItem\",\"position\":1,\"name\":\"Home\",\"item\":\"https:\/\/fovarosikeptar.hu\/en\/\"},{\"@type\":\"ListItem\",\"position\":2,\"name\":\"The Gallery of the Capital &#8211; Works and Stories exhibition catalogue\"}]}]}<\/script>\n<!-- \/ Yoast SEO plugin. -->","yoast_head_json":{"title":"The Gallery of the Capital - Works and Stories exhibition catalogue - F\u0151v\u00e1rosi K\u00e9pt\u00e1r","robots":{"index":"index","follow":"follow","max-snippet":"max-snippet:-1","max-image-preview":"max-image-preview:large","max-video-preview":"max-video-preview:-1"},"canonical":"https:\/\/fovarosikeptar.hu\/en\/the-gallery-of-the-capital-works-and-stories-exhibition-catalogue\/","og_locale":"en_US","og_type":"article","og_title":"The Gallery of the Capital - Works and Stories exhibition catalogue - F\u0151v\u00e1rosi K\u00e9pt\u00e1r","og_description":"[vc_row css_animation=&#8221;&#8221; row_type=&#8221;row&#8221; use_row_as_full_screen_section=&#8221;no&#8221; type=&#8221;full_width&#8221; angled_section=&#8221;no&#8221; text_align=&#8221;left&#8221; background_image_as_pattern=&#8221;without_pattern&#8221;][vc_column][vc_column_text] The Gallery of the Capital &#8211; Works and Stories exhibition catalogue (online) Temporary exhibition of the Municipal Gallery at the BHM Castle Museum [\/vc_column_text][vc_separator type=&#8221;transparent&#8221; up=&#8221;20&#8243; down=&#8221;25&#8243;][vc_column_text] June 7, 2024 \u2013 February 2, 2025 Location: Budapest History...","og_url":"https:\/\/fovarosikeptar.hu\/en\/the-gallery-of-the-capital-works-and-stories-exhibition-catalogue\/","og_site_name":"F\u0151v\u00e1rosi K\u00e9pt\u00e1r","article_modified_time":"2026-02-25T11:45:23+00:00","og_image":[{"width":1500,"height":1100,"url":"https:\/\/fovarosikeptar.hu\/wp-content\/uploads\/2025\/02\/btm_afk_4.jpg?_t=1772019923","path":"\/home\/fovarosi\/public_html\/wp-content\/uploads\/2025\/02\/btm_afk_4.jpg","size":"full","id":24284,"alt":"","pixels":1650000,"type":"image\/jpeg"}],"twitter_card":"summary_large_image","twitter_misc":{"Est. reading time":"3 minutes"},"schema":{"@context":"https:\/\/schema.org","@graph":[{"@type":"WebSite","@id":"https:\/\/fovarosikeptar.hu\/#website","url":"https:\/\/fovarosikeptar.hu\/","name":"F\u0151v\u00e1rosi K\u00e9pt\u00e1r","description":"Kiscelli M\u00fazeum","potentialAction":[{"@type":"SearchAction","target":{"@type":"EntryPoint","urlTemplate":"https:\/\/fovarosikeptar.hu\/?s={search_term_string}"},"query-input":"required name=search_term_string"}],"inLanguage":"en-US"},{"@type":"ImageObject","@id":"https:\/\/fovarosikeptar.hu\/en\/the-gallery-of-the-capital-works-and-stories-exhibition-catalogue\/#primaryimage","inLanguage":"en-US","url":"https:\/\/fovarosikeptar.hu\/wp-content\/uploads\/2025\/02\/btm_afk_4.jpg","contentUrl":"https:\/\/fovarosikeptar.hu\/wp-content\/uploads\/2025\/02\/btm_afk_4.jpg","width":1500,"height":1100},{"@type":"WebPage","@id":"https:\/\/fovarosikeptar.hu\/en\/the-gallery-of-the-capital-works-and-stories-exhibition-catalogue\/#webpage","url":"https:\/\/fovarosikeptar.hu\/en\/the-gallery-of-the-capital-works-and-stories-exhibition-catalogue\/","name":"The Gallery of the Capital - Works and Stories exhibition catalogue - F\u0151v\u00e1rosi K\u00e9pt\u00e1r","isPartOf":{"@id":"https:\/\/fovarosikeptar.hu\/#website"},"primaryImageOfPage":{"@id":"https:\/\/fovarosikeptar.hu\/en\/the-gallery-of-the-capital-works-and-stories-exhibition-catalogue\/#primaryimage"},"datePublished":"2025-12-20T15:23:57+00:00","dateModified":"2026-02-25T11:45:23+00:00","breadcrumb":{"@id":"https:\/\/fovarosikeptar.hu\/en\/the-gallery-of-the-capital-works-and-stories-exhibition-catalogue\/#breadcrumb"},"inLanguage":"en-US","potentialAction":[{"@type":"ReadAction","target":["https:\/\/fovarosikeptar.hu\/en\/the-gallery-of-the-capital-works-and-stories-exhibition-catalogue\/"]}]},{"@type":"BreadcrumbList","@id":"https:\/\/fovarosikeptar.hu\/en\/the-gallery-of-the-capital-works-and-stories-exhibition-catalogue\/#breadcrumb","itemListElement":[{"@type":"ListItem","position":1,"name":"Home","item":"https:\/\/fovarosikeptar.hu\/en\/"},{"@type":"ListItem","position":2,"name":"The Gallery of the Capital &#8211; Works and Stories exhibition catalogue"}]}]}},"_links":{"self":[{"href":"https:\/\/fovarosikeptar.hu\/en\/wp-json\/wp\/v2\/pages\/24949"}],"collection":[{"href":"https:\/\/fovarosikeptar.hu\/en\/wp-json\/wp\/v2\/pages"}],"about":[{"href":"https:\/\/fovarosikeptar.hu\/en\/wp-json\/wp\/v2\/types\/page"}],"author":[{"embeddable":true,"href":"https:\/\/fovarosikeptar.hu\/en\/wp-json\/wp\/v2\/users\/7"}],"replies":[{"embeddable":true,"href":"https:\/\/fovarosikeptar.hu\/en\/wp-json\/wp\/v2\/comments?post=24949"}],"version-history":[{"count":6,"href":"https:\/\/fovarosikeptar.hu\/en\/wp-json\/wp\/v2\/pages\/24949\/revisions"}],"predecessor-version":[{"id":24985,"href":"https:\/\/fovarosikeptar.hu\/en\/wp-json\/wp\/v2\/pages\/24949\/revisions\/24985"}],"wp:featuredmedia":[{"embeddable":true,"href":"https:\/\/fovarosikeptar.hu\/en\/wp-json\/wp\/v2\/media\/24284"}],"wp:attachment":[{"href":"https:\/\/fovarosikeptar.hu\/en\/wp-json\/wp\/v2\/media?parent=24949"}],"curies":[{"name":"wp","href":"https:\/\/api.w.org\/{rel}","templated":true}]}}